{"id":11,"date":"2019-03-26T11:46:39","date_gmt":"2019-03-26T10:46:39","guid":{"rendered":"http:\/\/emtel.pl\/?page_id=11"},"modified":"2025-12-08T14:24:12","modified_gmt":"2025-12-08T13:24:12","slug":"rozwiazania","status":"publish","type":"page","link":"https:\/\/emtel.pl\/index.php\/rozwiazania\/","title":{"rendered":"Rozwi\u0105zania"},"content":{"rendered":"<section class=\"l-section wpb_row height_small\"><div class=\"l-section-h i-cf\"><div class=\"g-cols vc_row via_flex valign_top type_default stacking_default\"><div class=\"vc_col-sm-4 wpb_column vc_column_container service-box has-link\"><div class=\"vc_column-inner\"><div class=\"wpb_wrapper\"><div class=\"wpb_text_column\"><div class=\"wpb_wrapper\"><h3>Anestezjologia, OIOM, OIOK, OIT<\/h3>\n<p>Typowym i najcz\u0119\u015bciej wybieranym rozwi\u0105zaniem na potrzeby anestezjologii s\u0105 kardiomonitory modu\u0142owe serii <strong>FX 3000MD<\/strong> o przek\u0105tnej ekranu 19&#8243; wraz z central\u0105 monitoruj\u0105c\u0105 <strong>FX 3000C<\/strong>. Opr\u00f3cz podstawowych parametr\u00f3w monitorowania (EKG, oddechu, saturacji oraz ci\u015bnienia t\u0119tniczego)&#8230;<\/p>\n<\/div><\/div><\/div><\/div><a title=\"Anestezjologia, OIOM, OIOK, OIT\" href=\"http:\/\/emtel.pl\/index.php\/rozwiazania\/anestezjologia-oiom-oiok-oit\/\" class=\"vc_column-link smooth-scroll\"><\/a><\/div><div class=\"vc_col-sm-4 wpb_column vc_column_container has-link\"><div class=\"vc_column-inner\"><div class=\"wpb_wrapper\"><div class=\"wpb_text_column\"><div class=\"wpb_wrapper\"><h3>Blok operacyjny<\/h3>\n<p>Typowym i najcz\u0119\u015bciej wybieranym rozwi\u0105zaniem na potrzeby bloku operacyjnego s\u0105 kardiomonitory kompaktowe serii <strong>FX 3000<\/strong> o przek\u0105tnej ekranu 17&#8243; lub 15&#8243;. Opr\u00f3cz podstawowych parametr\u00f3w monitorowania (EKG, oddechu, saturacji oraz ci\u015bnienia t\u0119tniczego), kardiomonitory zapewniaj\u0105 r\u00f3wnie\u017c monitorowanie&#8230;<\/p>\n<\/div><\/div><\/div><\/div><a title=\"Blok operacyjny\" href=\"http:\/\/emtel.pl\/index.php\/rozwiazania\/blok-operacyjny\/\" class=\"vc_column-link smooth-scroll\"><\/a><\/div><div class=\"vc_col-sm-4 wpb_column vc_column_container has-link\"><div class=\"vc_column-inner\"><div class=\"wpb_wrapper\"><div class=\"wpb_text_column\"><div class=\"wpb_wrapper\"><h3>Chirurgia jednego dnia<\/h3>\n<p>Typowym i najcz\u0119\u015bciej wybieranym rozwi\u0105zaniem na potrzeby plac\u00f3wek chirurgii jednego dnia s\u0105 kardiomonitory kompaktowe serii <strong>FX 3000<\/strong> o przek\u0105tnej ekranu 19&#8243; lub 17&#8243;. Opr\u00f3cz podstawowych parametr\u00f3w monitorowania (EKG, oddechu, saturacji oraz ci\u015bnienia t\u0119tniczego), kardiomonitory zapewniaj\u0105 r\u00f3wnie\u017c monitorowanie&#8230;<\/p>\n<\/div><\/div><\/div><\/div><a title=\"Chirurgia jednego dnia\" href=\"http:\/\/emtel.pl\/index.php\/rozwiazania\/chirurgia-jednego-dnia\/\" class=\"vc_column-link smooth-scroll\"><\/a><\/div><\/div><\/div><\/section><section class=\"l-section wpb_row height_small\"><div class=\"l-section-h i-cf\"><div class=\"g-cols vc_row via_flex valign_top type_default stacking_default\"><div class=\"vc_col-sm-6 wpb_column vc_column_container\"><div class=\"vc_column-inner\"><div class=\"wpb_wrapper\"><div class=\"w-image us_custom_821ea863 align_none\"><div class=\"w-image-h\"><img decoding=\"async\" width=\"1024\" height=\"677\" src=\"https:\/\/emtel.pl\/wp-content\/uploads\/2025\/12\/EMTEL-03-1024x677.jpg\" class=\"attachment-large size-large\" alt=\"EMTEL\" loading=\"lazy\" srcset=\"https:\/\/emtel.pl\/wp-content\/uploads\/2025\/12\/EMTEL-03-1024x677.jpg 1024w, https:\/\/emtel.pl\/wp-content\/uploads\/2025\/12\/EMTEL-03-300x198.jpg 300w, https:\/\/emtel.pl\/wp-content\/uploads\/2025\/12\/EMTEL-03-605x400.jpg 605w, https:\/\/emtel.pl\/wp-content\/uploads\/2025\/12\/EMTEL-03.jpg 1500w\" sizes=\"auto, (max-width: 1024px) 100vw, 1024px\" \/><\/div><\/div><\/div><\/div><\/div><div class=\"vc_col-sm-6 wpb_column vc_column_container\"><div class=\"vc_column-inner\"><div class=\"wpb_wrapper\"><div class=\"w-image align_none\"><div class=\"w-image-h\"><img decoding=\"async\" width=\"1024\" height=\"677\" src=\"https:\/\/emtel.pl\/wp-content\/uploads\/2025\/12\/EMTEL-02-1024x677.jpg\" class=\"attachment-large size-large\" alt=\"EMTEL\" loading=\"lazy\" srcset=\"https:\/\/emtel.pl\/wp-content\/uploads\/2025\/12\/EMTEL-02-1024x677.jpg 1024w, https:\/\/emtel.pl\/wp-content\/uploads\/2025\/12\/EMTEL-02-300x198.jpg 300w, https:\/\/emtel.pl\/wp-content\/uploads\/2025\/12\/EMTEL-02-605x400.jpg 605w, https:\/\/emtel.pl\/wp-content\/uploads\/2025\/12\/EMTEL-02.jpg 1500w\" sizes=\"auto, (max-width: 1024px) 100vw, 1024px\" \/><\/div><\/div><\/div><\/div><\/div><\/div><\/div><\/section><section class=\"l-section wpb_row height_small\"><div class=\"l-section-h i-cf\"><div class=\"g-cols vc_row via_flex valign_top type_default stacking_default\"><div class=\"vc_col-sm-4 wpb_column vc_column_container service-box has-link\"><div class=\"vc_column-inner\"><div class=\"wpb_wrapper\"><div class=\"wpb_text_column\"><div class=\"wpb_wrapper\"><h3>Dzieci\u0119cy, noworodkowy<\/h3>\n<p>Z racji szczeg\u00f3lnych wymaga\u0144 najmniejszych pacjent\u00f3w, sprz\u0119t u\u017cywany na oddzia\u0142ach dzieci\u0119cych i noworodkowych musi by\u0107 specjalnie do tego przystosowany. Na te potrzeby najcz\u0119\u015bciej wybieranym rozwi\u0105zaniem s\u0105 kardiomonitory modu\u0142owe serii <strong>FX 3000MD<\/strong> o przek\u0105tnej ekran\u00f3w 15&#8243; lub 17&#8243; wraz ze stojakiem jezdnym umo\u017cliwiaj\u0105cym szybki i \u0142atwy transport kardiomonitora&#8230;<\/p>\n<\/div><\/div><\/div><\/div><a title=\"Dzieci\u0119cy, noworodkowy\" href=\"http:\/\/emtel.pl\/index.php\/rozwiazania\/dzieciecy-noworodkowy\/\" class=\"vc_column-link smooth-scroll\"><\/a><\/div><div class=\"vc_col-sm-4 wpb_column vc_column_container has-link\"><div class=\"vc_column-inner\"><div class=\"wpb_wrapper\"><div class=\"wpb_text_column\"><div class=\"wpb_wrapper\"><h3>Kardiologia<\/h3>\n<p>Typowym i najcz\u0119\u015bciej wybieranym rozwi\u0105zaniem na oddzia\u0142ach kardiologii s\u0105 kardiomonitory modu\u0142owe serii <strong>FX 3000MD<\/strong> o przek\u0105tnej ekranu 19&#8243; wraz z central\u0105 monitoruj\u0105c\u0105 <strong>FX 3000C<\/strong>. Opr\u00f3cz podstawowych parametr\u00f3w monitorowania (EKG, oddechu, saturacji oraz ci\u015bnienia t\u0119tniczego), kardiomonitory zapewniaj\u0105 r\u00f3wnie\u017c monitorowanie&#8230;<\/p>\n<\/div><\/div><\/div><\/div><a title=\"Kardiologia\" href=\"http:\/\/emtel.pl\/index.php\/rozwiazania\/kardiologia\/\" class=\"vc_column-link smooth-scroll\"><\/a><\/div><div class=\"vc_col-sm-4 wpb_column vc_column_container has-link\"><div class=\"vc_column-inner\"><div class=\"wpb_wrapper\"><div class=\"wpb_text_column\"><div class=\"wpb_wrapper\"><h3>Neurologia, wewn\u0119trzny<\/h3>\n<p>Typowym i najcz\u0119\u015bciej wybieranym rozwi\u0105zaniem na potrzeby oddzia\u0142u neurologicznego i wewn\u0119trznego s\u0105 kardiomonitory kompaktowe serii <strong>FX 3000<\/strong> o przek\u0105tnej ekranu 19&#8243;. Opr\u00f3cz podstawowych parametr\u00f3w monitorowania (EKG, oddechu, saturacji oraz ci\u015bnienia t\u0119tniczego), kardiomonitory zapewniaj\u0105 r\u00f3wnie\u017c monitorowanie i nadz\u00f3r&#8230;<\/p>\n<\/div><\/div><\/div><\/div><a title=\"Neurologia, wewn\u0119trzny\" href=\"http:\/\/emtel.pl\/index.php\/rozwiazania\/neurologia-wewnetrzny\/\" class=\"vc_column-link smooth-scroll\"><\/a><\/div><\/div><\/div><\/section><section class=\"l-section wpb_row height_small\"><div class=\"l-section-h i-cf\"><div class=\"g-cols vc_row via_flex valign_top type_default stacking_default\"><div class=\"vc_col-sm-6 wpb_column vc_column_container\"><div class=\"vc_column-inner\"><div class=\"wpb_wrapper\"><div class=\"w-image align_none\"><div class=\"w-image-h\"><img decoding=\"async\" width=\"1024\" height=\"677\" src=\"https:\/\/emtel.pl\/wp-content\/uploads\/2025\/12\/EMTEL-01-1024x677.jpg\" class=\"attachment-large size-large\" alt=\"EMTEL\" loading=\"lazy\" srcset=\"https:\/\/emtel.pl\/wp-content\/uploads\/2025\/12\/EMTEL-01-1024x677.jpg 1024w, https:\/\/emtel.pl\/wp-content\/uploads\/2025\/12\/EMTEL-01-300x198.jpg 300w, https:\/\/emtel.pl\/wp-content\/uploads\/2025\/12\/EMTEL-01-605x400.jpg 605w, https:\/\/emtel.pl\/wp-content\/uploads\/2025\/12\/EMTEL-01.jpg 1500w\" sizes=\"auto, (max-width: 1024px) 100vw, 1024px\" \/><\/div><\/div><\/div><\/div><\/div><div class=\"vc_col-sm-6 wpb_column vc_column_container\"><div class=\"vc_column-inner\"><div class=\"wpb_wrapper\"><div class=\"w-image us_custom_821ea863 align_none\"><div class=\"w-image-h\"><img decoding=\"async\" width=\"1024\" height=\"677\" src=\"https:\/\/emtel.pl\/wp-content\/uploads\/2025\/12\/EMTEL-04-1024x677.jpg\" class=\"attachment-large size-large\" alt=\"EMTEL\" loading=\"lazy\" srcset=\"https:\/\/emtel.pl\/wp-content\/uploads\/2025\/12\/EMTEL-04-1024x677.jpg 1024w, https:\/\/emtel.pl\/wp-content\/uploads\/2025\/12\/EMTEL-04-300x198.jpg 300w, https:\/\/emtel.pl\/wp-content\/uploads\/2025\/12\/EMTEL-04-605x400.jpg 605w, https:\/\/emtel.pl\/wp-content\/uploads\/2025\/12\/EMTEL-04.jpg 1500w\" sizes=\"auto, (max-width: 1024px) 100vw, 1024px\" \/><\/div><\/div><\/div><\/div><\/div><\/div><\/div><\/section><section class=\"l-section wpb_row height_small\"><div class=\"l-section-h i-cf\"><div class=\"g-cols vc_row via_flex valign_top type_default stacking_default\"><div class=\"vc_col-sm-4 wpb_column vc_column_container service-box has-link\"><div class=\"vc_column-inner\"><div class=\"wpb_wrapper\"><div class=\"wpb_text_column\"><div class=\"wpb_wrapper\"><h3>Szpitalny Oddzia\u0142 Ratownictwa (SOR)<\/h3>\n<p>Typowym i najcz\u0119\u015bciej wybieranym rozwi\u0105zaniem na potrzeby Szpitalnych Oddzia\u0142\u00f3w Ratownictwa (SOR) s\u0105 kardiomonitory kompaktowe serii <strong>FX 3000<\/strong> o przek\u0105tnej ekranu 19&#8243; wraz ze stojakiem jezdnym umo\u017cliwiaj\u0105cym szybki i \u0142atwy transport kardiomonitora. Opr\u00f3cz podstawowych parametr\u00f3w monitorowania (EKG, oddechu, saturacji oraz ci\u015bnienia t\u0119tniczego), kardiomonitory zapewniaj\u0105 r\u00f3wnie\u017c monitorowanie i nadz\u00f3r&#8230;<\/p>\n<\/div><\/div><\/div><\/div><a title=\"Szpitalny Oddzia\u0142 Ratownictwa (SOR)\" href=\"http:\/\/emtel.pl\/index.php\/rozwiazania\/szpitalny-oddzial-ratownictwa-sor\/\" class=\"vc_column-link smooth-scroll\"><\/a><\/div><div class=\"vc_col-sm-8 wpb_column vc_column_container has-link\"><div class=\"vc_column-inner\"><div class=\"wpb_wrapper\"><\/div><\/div><a title=\"Kardiologia\" href=\"http:\/\/emtel.pl\/index.php\/rozwiazania\/kardiologia\/\" class=\"vc_column-link smooth-scroll\"><\/a><\/div><\/div><\/div><\/section>\n","protected":false},"excerpt":{"rendered":"Anestezjologia, OIOM, OIOK, OIT Typowym i najcz\u0119\u015bciej wybieranym rozwi\u0105zaniem na potrzeby anestezjologii s\u0105 kardiomonitory modu\u0142owe serii FX 3000MD o przek\u0105tnej ekranu 19&#8243; wraz z central\u0105 monitoruj\u0105c\u0105 FX 3000C. Opr\u00f3cz podstawowych parametr\u00f3w monitorowania (EKG, oddechu, saturacji oraz ci\u015bnienia t\u0119tniczego)&#8230; Blok operacyjny Typowym i najcz\u0119\u015bciej wybieranym rozwi\u0105zaniem na potrzeby bloku operacyjnego s\u0105 kardiomonitory kompaktowe serii FX 3000...","protected":false},"author":1,"featured_media":0,"parent":0,"menu_order":2,"comment_status":"closed","ping_status":"closed","template":"","meta":{"_jet_sm_ready_style":"","_jet_sm_style":"","_jet_sm_controls_values":"","_jet_sm_fonts_collection":"","_jet_sm_fonts_links":"","footnotes":"","_links_to":"","_links_to_target":""},"class_list":["post-11","page","type-page","status-publish","hentry"],"yoast_head":"<!-- This site is optimized with the Yoast SEO plugin v26.6 - https:\/\/yoast.com\/wordpress\/plugins\/seo\/ -->\n<title>Rozwi\u0105zania - EMTEL - kardiomonitory, defibrylatory, profesjonalny serwis producenta<\/title>\n<meta name=\"robots\" content=\"index, follow, max-snippet:-1, max-image-preview:large, max-video-preview:-1\" \/>\n<link rel=\"canonical\" href=\"https:\/\/emtel.pl\/index.php\/rozwiazania\/\" \/>\n<meta property=\"og:locale\" content=\"pl_PL\" \/>\n<meta property=\"og:type\" content=\"article\" \/>\n<meta property=\"og:title\" content=\"Rozwi\u0105zania - EMTEL - kardiomonitory, defibrylatory, profesjonalny serwis producenta\" \/>\n<meta property=\"og:url\" content=\"https:\/\/emtel.pl\/index.php\/rozwiazania\/\" \/>\n<meta property=\"og:site_name\" content=\"EMTEL - kardiomonitory, defibrylatory, profesjonalny serwis producenta\" \/>\n<meta property=\"article:modified_time\" content=\"2025-12-08T13:24:12+00:00\" \/>\n<meta name=\"twitter:card\" content=\"summary_large_image\" \/>\n<meta name=\"twitter:label1\" content=\"Szacowany czas czytania\" \/>\n\t<meta name=\"twitter:data1\" content=\"2 minuty\" \/>\n<script type=\"application\/ld+json\" class=\"yoast-schema-graph\">{\"@context\":\"https:\/\/schema.org\",\"@graph\":[{\"@type\":\"WebPage\",\"@id\":\"https:\/\/emtel.pl\/index.php\/rozwiazania\/\",\"url\":\"https:\/\/emtel.pl\/index.php\/rozwiazania\/\",\"name\":\"Rozwi\u0105zania - EMTEL - kardiomonitory, defibrylatory, profesjonalny serwis producenta\",\"isPartOf\":{\"@id\":\"https:\/\/emtel.pl\/#website\"},\"datePublished\":\"2019-03-26T10:46:39+00:00\",\"dateModified\":\"2025-12-08T13:24:12+00:00\",\"breadcrumb\":{\"@id\":\"https:\/\/emtel.pl\/index.php\/rozwiazania\/#breadcrumb\"},\"inLanguage\":\"pl-PL\",\"potentialAction\":[{\"@type\":\"ReadAction\",\"target\":[\"https:\/\/emtel.pl\/index.php\/rozwiazania\/\"]}]},{\"@type\":\"BreadcrumbList\",\"@id\":\"https:\/\/emtel.pl\/index.php\/rozwiazania\/#breadcrumb\",\"itemListElement\":[{\"@type\":\"ListItem\",\"position\":1,\"name\":\"Strona g\u0142\u00f3wna\",\"item\":\"https:\/\/emtel.pl\/\"},{\"@type\":\"ListItem\",\"position\":2,\"name\":\"Rozwi\u0105zania\"}]},{\"@type\":\"WebSite\",\"@id\":\"https:\/\/emtel.pl\/#website\",\"url\":\"https:\/\/emtel.pl\/\",\"name\":\"EMTEL - kardiomonitory, defibrylatory, profesjonalny serwis producenta\",\"description\":\"Technologia od serca\",\"potentialAction\":[{\"@type\":\"SearchAction\",\"target\":{\"@type\":\"EntryPoint\",\"urlTemplate\":\"https:\/\/emtel.pl\/?s={search_term_string}\"},\"query-input\":{\"@type\":\"PropertyValueSpecification\",\"valueRequired\":true,\"valueName\":\"search_term_string\"}}],\"inLanguage\":\"pl-PL\"}]}<\/script>\n<!-- \/ Yoast SEO plugin. -->","yoast_head_json":{"title":"Rozwi\u0105zania - EMTEL - kardiomonitory, defibrylatory, profesjonalny serwis producenta","robots":{"index":"index","follow":"follow","max-snippet":"max-snippet:-1","max-image-preview":"max-image-preview:large","max-video-preview":"max-video-preview:-1"},"canonical":"https:\/\/emtel.pl\/index.php\/rozwiazania\/","og_locale":"pl_PL","og_type":"article","og_title":"Rozwi\u0105zania - EMTEL - kardiomonitory, defibrylatory, profesjonalny serwis producenta","og_url":"https:\/\/emtel.pl\/index.php\/rozwiazania\/","og_site_name":"EMTEL - kardiomonitory, defibrylatory, profesjonalny serwis producenta","article_modified_time":"2025-12-08T13:24:12+00:00","twitter_card":"summary_large_image","twitter_misc":{"Szacowany czas czytania":"2 minuty"},"schema":{"@context":"https:\/\/schema.org","@graph":[{"@type":"WebPage","@id":"https:\/\/emtel.pl\/index.php\/rozwiazania\/","url":"https:\/\/emtel.pl\/index.php\/rozwiazania\/","name":"Rozwi\u0105zania - EMTEL - kardiomonitory, defibrylatory, profesjonalny serwis producenta","isPartOf":{"@id":"https:\/\/emtel.pl\/#website"},"datePublished":"2019-03-26T10:46:39+00:00","dateModified":"2025-12-08T13:24:12+00:00","breadcrumb":{"@id":"https:\/\/emtel.pl\/index.php\/rozwiazania\/#breadcrumb"},"inLanguage":"pl-PL","potentialAction":[{"@type":"ReadAction","target":["https:\/\/emtel.pl\/index.php\/rozwiazania\/"]}]},{"@type":"BreadcrumbList","@id":"https:\/\/emtel.pl\/index.php\/rozwiazania\/#breadcrumb","itemListElement":[{"@type":"ListItem","position":1,"name":"Strona g\u0142\u00f3wna","item":"https:\/\/emtel.pl\/"},{"@type":"ListItem","position":2,"name":"Rozwi\u0105zania"}]},{"@type":"WebSite","@id":"https:\/\/emtel.pl\/#website","url":"https:\/\/emtel.pl\/","name":"EMTEL - kardiomonitory, defibrylatory, profesjonalny serwis producenta","description":"Technologia od serca","potentialAction":[{"@type":"SearchAction","target":{"@type":"EntryPoint","urlTemplate":"https:\/\/emtel.pl\/?s={search_term_string}"},"query-input":{"@type":"PropertyValueSpecification","valueRequired":true,"valueName":"search_term_string"}}],"inLanguage":"pl-PL"}]}},"_links":{"self":[{"href":"https:\/\/emtel.pl\/index.php\/wp-json\/wp\/v2\/pages\/11","targetHints":{"allow":["GET"]}}],"collection":[{"href":"https:\/\/emtel.pl\/index.php\/wp-json\/wp\/v2\/pages"}],"about":[{"href":"https:\/\/emtel.pl\/index.php\/wp-json\/wp\/v2\/types\/page"}],"author":[{"embeddable":true,"href":"https:\/\/emtel.pl\/index.php\/wp-json\/wp\/v2\/users\/1"}],"replies":[{"embeddable":true,"href":"https:\/\/emtel.pl\/index.php\/wp-json\/wp\/v2\/comments?post=11"}],"version-history":[{"count":26,"href":"https:\/\/emtel.pl\/index.php\/wp-json\/wp\/v2\/pages\/11\/revisions"}],"predecessor-version":[{"id":3315,"href":"https:\/\/emtel.pl\/index.php\/wp-json\/wp\/v2\/pages\/11\/revisions\/3315"}],"wp:attachment":[{"href":"https:\/\/emtel.pl\/index.php\/wp-json\/wp\/v2\/media?parent=11"}],"curies":[{"name":"wp","href":"https:\/\/api.w.org\/{rel}","templated":true}]}}