{"id":1132,"date":"2019-06-12T16:59:43","date_gmt":"2019-06-12T14:59:43","guid":{"rendered":"http:\/\/emtel.pl\/?page_id=1132"},"modified":"2020-12-01T12:26:45","modified_gmt":"2020-12-01T11:26:45","slug":"emetteur-ecg-em-01","status":"publish","type":"page","link":"https:\/\/emtel.pl\/index.php\/produits\/emetteur-ecg-em-01\/?lang=fr","title":{"rendered":"\u00c9metteur ECG EM-01"},"content":{"rendered":"<section class=\"l-section wpb_row height_small\"><div class=\"l-section-h i-cf\"><div class=\"g-cols vc_row via_flex valign_top type_default stacking_default\"><div class=\"vc_col-sm-12 wpb_column vc_column_container\"><div class=\"vc_column-inner\"><div class=\"wpb_wrapper\"><div class=\"wpb_text_column\"><div class=\"wpb_wrapper\"><p><strong>Un module de t\u00e9l\u00e9m\u00e9trie con\u00e7u pour la surveillance de l&#8217;ECG du patient.<\/strong><\/p>\n<p>EM-01, l&#8217;\u00e9metteur ECG, analyse et transmet le signal ECG en temps r\u00e9el. Il a \u00e9t\u00e9 con\u00e7u pour le syst\u00e8me de moniteurs patient FX 3000.<\/p>\n<\/div><\/div><\/div><\/div><\/div><\/div><\/div><\/section><section class=\"l-section wpb_row us_custom_84975378 height_small\"><div class=\"l-section-h i-cf\"><div class=\"g-cols vc_row via_flex valign_top type_default stacking_default\"><div class=\"vc_col-sm-12 wpb_column vc_column_container\"><div class=\"vc_column-inner\"><div class=\"wpb_wrapper\"><div class=\"w-image align_center\"><div class=\"w-image-h\"><img decoding=\"async\" width=\"732\" height=\"600\" src=\"https:\/\/emtel.pl\/wp-content\/uploads\/2019\/04\/EM-01.jpg\" class=\"attachment-large size-large\" alt=\"System telemetryczny EM-01\" loading=\"lazy\" srcset=\"https:\/\/emtel.pl\/wp-content\/uploads\/2019\/04\/EM-01.jpg 732w, https:\/\/emtel.pl\/wp-content\/uploads\/2019\/04\/EM-01-300x246.jpg 300w\" sizes=\"auto, (max-width: 732px) 100vw, 732px\" \/><\/div><\/div><\/div><\/div><\/div><\/div><\/div><\/section><section class=\"l-section wpb_row height_small\"><div class=\"l-section-h i-cf\"><div class=\"g-cols vc_row via_flex valign_top type_default stacking_default\"><div class=\"vc_col-sm-12 wpb_column vc_column_container\"><div class=\"vc_column-inner\"><div class=\"wpb_wrapper\"><div class=\"wpb_text_column\"><div class=\"wpb_wrapper\"><p>Il est dedi\u00e9 aux patients qui ne doivent pas constamment rester au lit dans la salle de soins intensifs, mais qui n\u00e9cessitent la supervision de soins m\u00e9dicaux.<\/p>\n<p>L&#8217;\u00e9metteur EM-01 peut \u00eatre utilis\u00e9 pour surveiller les adultes et les enfants, principalement dans les services cardiaques, mais aussi dans d&#8217;autres services hospitaliers.<\/p>\n<\/div><\/div><\/div><\/div><\/div><\/div><\/div><\/section><section class=\"l-section wpb_row us_custom_de943033 height_auto\"><div class=\"l-section-h i-cf\"><div class=\"g-cols vc_row via_flex valign_top type_default stacking_default\"><div class=\"vc_col-sm-12 wpb_column vc_column_container\"><div class=\"vc_column-inner\"><div class=\"wpb_wrapper\"><div class=\"wpb_text_column us_custom_a106749e\"><div class=\"wpb_wrapper\"><h3>\u00c0 t\u00e9l\u00e9charger<\/h3>\n<\/div><\/div><div class=\"uavc-list-icon uavc-list-icon-wrapper ult-adjust-bottom-margin   vc_custom_1560498657262  vc_custom_1560498657262\"><ul class=\"uavc-list\"><li><div class=\"uavc-list-content\" id=\"list-icon-wrap-2743\">\n<div class=\"uavc-list-icon margin-bottom:0; \" data-animation=\"\" data-animation-delay=\"03\" style=\"margin-right:10px;\"><div class=\"ult-just-icon-wrapper  \"><div class=\"align-icon\" style=\"text-align:center;\">\n<div class=\"aio-icon-img \" style=\"font-size:35px;display:inline-block;\" >\n\t<img decoding=\"async\" class=\"img-icon\" alt=\"null\" src=\"https:\/\/emtel.pl\/wp-content\/uploads\/2019\/06\/icon-pdf.png\"\/>\n<\/div><\/div><\/div>\n<\/div><span  data-ultimate-target='#list-icon-wrap-2743 .uavc-list-desc'  data-responsive-json-new='{\"font-size\":\"\",\"line-height\":\"\"}'  class=\"uavc-list-desc ult-responsive\" style=\"\"><a href=\"\/download\/FR\/FR EM-01.pdf\" target=\"_blank\" rel=\"noopener noreferrer\">\u00c9metteur ECG EM-01 &#8211; fiche produit<\/a><\/p>\n<p>&nbsp;<\/span><\/div><\/li><\/ul><\/div><\/div><\/div><\/div><\/div><\/div><\/section><!-- Row Backgrounds --><div class=\"upb_color\" data-bg-override=\"0\" data-bg-color=\"#f7f7f7\" data-fadeout=\"\" data-fadeout-percentage=\"30\" data-parallax-content=\"\" data-parallax-content-sense=\"30\" data-row-effect-mobile-disable=\"true\" data-img-parallax-mobile-disable=\"true\" data-rtl=\"false\"  data-custom-vc-row=\"\"  data-vc=\"8.7.2\"  data-is_old_vc=\"\"  data-theme-support=\"\"   data-overlay=\"false\" data-overlay-color=\"\" data-overlay-pattern=\"\" data-overlay-pattern-opacity=\"\" data-overlay-pattern-size=\"\"    ><\/div><section class=\"l-section wpb_row us_custom_5b1892f8 height_small\"><div class=\"l-section-h i-cf\"><div class=\"g-cols vc_row via_flex valign_top type_default stacking_default\"><div class=\"vc_col-sm-12 wpb_column vc_column_container\"><div class=\"vc_column-inner\"><div class=\"wpb_wrapper\"><div class=\"wpb_text_column\"><div class=\"wpb_wrapper\"><h3 style=\"text-align: center;\">Le produit est marqu\u00e9 \u00ab CE \u00bb<\/h3>\n<\/div><\/div><\/div><\/div><\/div><\/div><\/div><\/section><!-- Row Backgrounds --><div class=\"upb_color\" data-bg-override=\"0\" data-bg-color=\"#f5f5f5\" data-fadeout=\"\" data-fadeout-percentage=\"30\" data-parallax-content=\"\" data-parallax-content-sense=\"30\" data-row-effect-mobile-disable=\"true\" data-img-parallax-mobile-disable=\"true\" data-rtl=\"false\"  data-custom-vc-row=\"\"  data-vc=\"8.7.2\"  data-is_old_vc=\"\"  data-theme-support=\"\"   data-overlay=\"false\" data-overlay-color=\"\" data-overlay-pattern=\"\" data-overlay-pattern-opacity=\"\" data-overlay-pattern-size=\"\"    ><\/div>\n","protected":false},"excerpt":{"rendered":"Un module de t\u00e9l\u00e9m\u00e9trie con\u00e7u pour la surveillance de l&#8217;ECG du patient. EM-01, l&#8217;\u00e9metteur ECG, analyse et transmet le signal ECG en temps r\u00e9el. Il a \u00e9t\u00e9 con\u00e7u pour le syst\u00e8me de moniteurs patient FX 3000. Il est dedi\u00e9 aux patients qui ne doivent pas constamment rester au lit dans la salle de soins intensifs,...","protected":false},"author":1,"featured_media":609,"parent":855,"menu_order":5,"comment_status":"closed","ping_status":"closed","template":"","meta":{"_jet_sm_ready_style":"","_jet_sm_style":"","_jet_sm_controls_values":"","_jet_sm_fonts_collection":"","_jet_sm_fonts_links":"","footnotes":"","_links_to":"","_links_to_target":""},"class_list":["post-1132","page","type-page","status-publish","has-post-thumbnail","hentry"],"yoast_head":"<!-- This site is optimized with the Yoast SEO plugin v26.6 - https:\/\/yoast.com\/wordpress\/plugins\/seo\/ -->\n<title>\u00c9metteur ECG EM-01 - EMTEL - kardiomonitory, defibrylatory, profesjonalny serwis producenta<\/title>\n<meta name=\"description\" content=\"Un module de t\u00e9l\u00e9m\u00e9trie con\u00e7u pour la surveillance de l&#039;ECG du patient.EM-01, l&#039;\u00e9metteur ECG, analyse et transmet le signal ECG en temps r\u00e9el. Il a \u00e9t\u00e9 con\u00e7u pour le syst\u00e8me de moniteurs patient FX 3000.\" \/>\n<meta name=\"robots\" content=\"index, follow, max-snippet:-1, max-image-preview:large, max-video-preview:-1\" \/>\n<link rel=\"canonical\" href=\"https:\/\/emtel.pl\/index.php\/produits\/emetteur-ecg-em-01\/\" \/>\n<meta property=\"og:locale\" content=\"pl_PL\" \/>\n<meta property=\"og:type\" content=\"article\" \/>\n<meta property=\"og:title\" content=\"\u00c9metteur ECG EM-01 - EMTEL - kardiomonitory, defibrylatory, profesjonalny serwis producenta\" \/>\n<meta property=\"og:description\" content=\"Un module de t\u00e9l\u00e9m\u00e9trie con\u00e7u pour la surveillance de l&#039;ECG du patient.EM-01, l&#039;\u00e9metteur ECG, analyse et transmet le signal ECG en temps r\u00e9el. Il a \u00e9t\u00e9 con\u00e7u pour le syst\u00e8me de moniteurs patient FX 3000.\" \/>\n<meta property=\"og:url\" content=\"https:\/\/emtel.pl\/index.php\/produits\/emetteur-ecg-em-01\/?lang=fr\" \/>\n<meta property=\"og:site_name\" content=\"EMTEL - kardiomonitory, defibrylatory, profesjonalny serwis producenta\" \/>\n<meta property=\"article:modified_time\" content=\"2020-12-01T11:26:45+00:00\" \/>\n<meta property=\"og:image\" content=\"https:\/\/emtel.pl\/wp-content\/uploads\/2019\/04\/EM-01.jpg\" \/>\n\t<meta property=\"og:image:width\" content=\"732\" \/>\n\t<meta property=\"og:image:height\" content=\"600\" \/>\n\t<meta property=\"og:image:type\" content=\"image\/jpeg\" \/>\n<meta name=\"twitter:card\" content=\"summary_large_image\" \/>\n<meta name=\"twitter:label1\" content=\"Szacowany czas czytania\" \/>\n\t<meta name=\"twitter:data1\" content=\"2 minuty\" \/>\n<script type=\"application\/ld+json\" class=\"yoast-schema-graph\">{\"@context\":\"https:\/\/schema.org\",\"@graph\":[{\"@type\":\"WebPage\",\"@id\":\"https:\/\/emtel.pl\/index.php\/produits\/emetteur-ecg-em-01\/?lang=fr\",\"url\":\"https:\/\/emtel.pl\/index.php\/produits\/emetteur-ecg-em-01\/?lang=fr\",\"name\":\"\u00c9metteur ECG EM-01 - EMTEL - kardiomonitory, defibrylatory, profesjonalny serwis producenta\",\"isPartOf\":{\"@id\":\"https:\/\/emtel.pl\/#website\"},\"primaryImageOfPage\":{\"@id\":\"https:\/\/emtel.pl\/index.php\/produits\/emetteur-ecg-em-01\/?lang=fr#primaryimage\"},\"image\":{\"@id\":\"https:\/\/emtel.pl\/index.php\/produits\/emetteur-ecg-em-01\/?lang=fr#primaryimage\"},\"thumbnailUrl\":\"https:\/\/emtel.pl\/wp-content\/uploads\/2019\/04\/EM-01.jpg\",\"datePublished\":\"2019-06-12T14:59:43+00:00\",\"dateModified\":\"2020-12-01T11:26:45+00:00\",\"description\":\"Un module de t\u00e9l\u00e9m\u00e9trie con\u00e7u pour la surveillance de l'ECG du patient.EM-01, l'\u00e9metteur ECG, analyse et transmet le signal ECG en temps r\u00e9el. Il a \u00e9t\u00e9 con\u00e7u pour le syst\u00e8me de moniteurs patient FX 3000.\",\"breadcrumb\":{\"@id\":\"https:\/\/emtel.pl\/index.php\/produits\/emetteur-ecg-em-01\/?lang=fr#breadcrumb\"},\"inLanguage\":\"pl-PL\",\"potentialAction\":[{\"@type\":\"ReadAction\",\"target\":[\"https:\/\/emtel.pl\/index.php\/produits\/emetteur-ecg-em-01\/?lang=fr\"]}]},{\"@type\":\"ImageObject\",\"inLanguage\":\"pl-PL\",\"@id\":\"https:\/\/emtel.pl\/index.php\/produits\/emetteur-ecg-em-01\/?lang=fr#primaryimage\",\"url\":\"https:\/\/emtel.pl\/wp-content\/uploads\/2019\/04\/EM-01.jpg\",\"contentUrl\":\"https:\/\/emtel.pl\/wp-content\/uploads\/2019\/04\/EM-01.jpg\",\"width\":732,\"height\":600},{\"@type\":\"BreadcrumbList\",\"@id\":\"https:\/\/emtel.pl\/index.php\/produits\/emetteur-ecg-em-01\/?lang=fr#breadcrumb\",\"itemListElement\":[{\"@type\":\"ListItem\",\"position\":1,\"name\":\"Strona g\u0142\u00f3wna\",\"item\":\"https:\/\/emtel.pl\/\"},{\"@type\":\"ListItem\",\"position\":2,\"name\":\"Produits\",\"item\":\"https:\/\/emtel.pl\/index.php\/produits\/\"},{\"@type\":\"ListItem\",\"position\":3,\"name\":\"\u00c9metteur ECG EM-01\"}]},{\"@type\":\"WebSite\",\"@id\":\"https:\/\/emtel.pl\/#website\",\"url\":\"https:\/\/emtel.pl\/\",\"name\":\"EMTEL - kardiomonitory, defibrylatory, profesjonalny serwis producenta\",\"description\":\"Technologia od serca\",\"potentialAction\":[{\"@type\":\"SearchAction\",\"target\":{\"@type\":\"EntryPoint\",\"urlTemplate\":\"https:\/\/emtel.pl\/?s={search_term_string}\"},\"query-input\":{\"@type\":\"PropertyValueSpecification\",\"valueRequired\":true,\"valueName\":\"search_term_string\"}}],\"inLanguage\":\"pl-PL\"}]}<\/script>\n<!-- \/ Yoast SEO plugin. -->","yoast_head_json":{"title":"\u00c9metteur ECG EM-01 - EMTEL - kardiomonitory, defibrylatory, profesjonalny serwis producenta","description":"Un module de t\u00e9l\u00e9m\u00e9trie con\u00e7u pour la surveillance de l'ECG du patient.EM-01, l'\u00e9metteur ECG, analyse et transmet le signal ECG en temps r\u00e9el. Il a \u00e9t\u00e9 con\u00e7u pour le syst\u00e8me de moniteurs patient FX 3000.","robots":{"index":"index","follow":"follow","max-snippet":"max-snippet:-1","max-image-preview":"max-image-preview:large","max-video-preview":"max-video-preview:-1"},"canonical":"https:\/\/emtel.pl\/index.php\/produits\/emetteur-ecg-em-01\/","og_locale":"pl_PL","og_type":"article","og_title":"\u00c9metteur ECG EM-01 - EMTEL - kardiomonitory, defibrylatory, profesjonalny serwis producenta","og_description":"Un module de t\u00e9l\u00e9m\u00e9trie con\u00e7u pour la surveillance de l'ECG du patient.EM-01, l'\u00e9metteur ECG, analyse et transmet le signal ECG en temps r\u00e9el. Il a \u00e9t\u00e9 con\u00e7u pour le syst\u00e8me de moniteurs patient FX 3000.","og_url":"https:\/\/emtel.pl\/index.php\/produits\/emetteur-ecg-em-01\/?lang=fr","og_site_name":"EMTEL - kardiomonitory, defibrylatory, profesjonalny serwis producenta","article_modified_time":"2020-12-01T11:26:45+00:00","og_image":[{"width":732,"height":600,"url":"https:\/\/emtel.pl\/wp-content\/uploads\/2019\/04\/EM-01.jpg","type":"image\/jpeg"}],"twitter_card":"summary_large_image","twitter_misc":{"Szacowany czas czytania":"2 minuty"},"schema":{"@context":"https:\/\/schema.org","@graph":[{"@type":"WebPage","@id":"https:\/\/emtel.pl\/index.php\/produits\/emetteur-ecg-em-01\/?lang=fr","url":"https:\/\/emtel.pl\/index.php\/produits\/emetteur-ecg-em-01\/?lang=fr","name":"\u00c9metteur ECG EM-01 - EMTEL - kardiomonitory, defibrylatory, profesjonalny serwis producenta","isPartOf":{"@id":"https:\/\/emtel.pl\/#website"},"primaryImageOfPage":{"@id":"https:\/\/emtel.pl\/index.php\/produits\/emetteur-ecg-em-01\/?lang=fr#primaryimage"},"image":{"@id":"https:\/\/emtel.pl\/index.php\/produits\/emetteur-ecg-em-01\/?lang=fr#primaryimage"},"thumbnailUrl":"https:\/\/emtel.pl\/wp-content\/uploads\/2019\/04\/EM-01.jpg","datePublished":"2019-06-12T14:59:43+00:00","dateModified":"2020-12-01T11:26:45+00:00","description":"Un module de t\u00e9l\u00e9m\u00e9trie con\u00e7u pour la surveillance de l'ECG du patient.EM-01, l'\u00e9metteur ECG, analyse et transmet le signal ECG en temps r\u00e9el. Il a \u00e9t\u00e9 con\u00e7u pour le syst\u00e8me de moniteurs patient FX 3000.","breadcrumb":{"@id":"https:\/\/emtel.pl\/index.php\/produits\/emetteur-ecg-em-01\/?lang=fr#breadcrumb"},"inLanguage":"pl-PL","potentialAction":[{"@type":"ReadAction","target":["https:\/\/emtel.pl\/index.php\/produits\/emetteur-ecg-em-01\/?lang=fr"]}]},{"@type":"ImageObject","inLanguage":"pl-PL","@id":"https:\/\/emtel.pl\/index.php\/produits\/emetteur-ecg-em-01\/?lang=fr#primaryimage","url":"https:\/\/emtel.pl\/wp-content\/uploads\/2019\/04\/EM-01.jpg","contentUrl":"https:\/\/emtel.pl\/wp-content\/uploads\/2019\/04\/EM-01.jpg","width":732,"height":600},{"@type":"BreadcrumbList","@id":"https:\/\/emtel.pl\/index.php\/produits\/emetteur-ecg-em-01\/?lang=fr#breadcrumb","itemListElement":[{"@type":"ListItem","position":1,"name":"Strona g\u0142\u00f3wna","item":"https:\/\/emtel.pl\/"},{"@type":"ListItem","position":2,"name":"Produits","item":"https:\/\/emtel.pl\/index.php\/produits\/"},{"@type":"ListItem","position":3,"name":"\u00c9metteur ECG EM-01"}]},{"@type":"WebSite","@id":"https:\/\/emtel.pl\/#website","url":"https:\/\/emtel.pl\/","name":"EMTEL - kardiomonitory, defibrylatory, profesjonalny serwis producenta","description":"Technologia od serca","potentialAction":[{"@type":"SearchAction","target":{"@type":"EntryPoint","urlTemplate":"https:\/\/emtel.pl\/?s={search_term_string}"},"query-input":{"@type":"PropertyValueSpecification","valueRequired":true,"valueName":"search_term_string"}}],"inLanguage":"pl-PL"}]}},"_links":{"self":[{"href":"https:\/\/emtel.pl\/index.php\/wp-json\/wp\/v2\/pages\/1132","targetHints":{"allow":["GET"]}}],"collection":[{"href":"https:\/\/emtel.pl\/index.php\/wp-json\/wp\/v2\/pages"}],"about":[{"href":"https:\/\/emtel.pl\/index.php\/wp-json\/wp\/v2\/types\/page"}],"author":[{"embeddable":true,"href":"https:\/\/emtel.pl\/index.php\/wp-json\/wp\/v2\/users\/1"}],"replies":[{"embeddable":true,"href":"https:\/\/emtel.pl\/index.php\/wp-json\/wp\/v2\/comments?post=1132"}],"version-history":[{"count":11,"href":"https:\/\/emtel.pl\/index.php\/wp-json\/wp\/v2\/pages\/1132\/revisions"}],"predecessor-version":[{"id":2143,"href":"https:\/\/emtel.pl\/index.php\/wp-json\/wp\/v2\/pages\/1132\/revisions\/2143"}],"up":[{"embeddable":true,"href":"https:\/\/emtel.pl\/index.php\/wp-json\/wp\/v2\/pages\/855"}],"wp:featuredmedia":[{"embeddable":true,"href":"https:\/\/emtel.pl\/index.php\/wp-json\/wp\/v2\/media\/609"}],"wp:attachment":[{"href":"https:\/\/emtel.pl\/index.php\/wp-json\/wp\/v2\/media?parent=1132"}],"curies":[{"name":"wp","href":"https:\/\/api.w.org\/{rel}","templated":true}]}}