{"id":13,"date":"2019-03-26T11:47:27","date_gmt":"2019-03-26T10:47:27","guid":{"rendered":"http:\/\/emtel.pl\/?page_id=13"},"modified":"2023-02-20T15:15:10","modified_gmt":"2023-02-20T14:15:10","slug":"o-firmie","status":"publish","type":"page","link":"https:\/\/emtel.pl\/index.php\/o-firmie\/","title":{"rendered":"O firmie"},"content":{"rendered":"<section class=\"l-section wpb_row height_small\"><div class=\"l-section-h i-cf\"><div class=\"g-cols vc_row via_flex valign_top type_default stacking_default\"><div class=\"vc_col-sm-12 wpb_column vc_column_container\"><div class=\"vc_column-inner\"><div class=\"wpb_wrapper\"><div class=\"wpb_text_column\"><div class=\"wpb_wrapper\"><p><strong>Firma Emtel jest czo\u0142owym producentem aparatury monitoruj\u0105cej parametry biologiczne pacjenta oraz sprz\u0119tu reanimacyjnego w Polsce. Podstawowym obszarem dzia\u0142alno\u015bci firmy, rozpocz\u0119tej w 1992 roku, jest produkcja kardiomonitor\u00f3w (ang. patient monitor) i defibrylator\u00f3w. Pierwszymi wprowadzonymi na rynek produktami by\u0142y: kardiomonitor FX 862 stworzony na bazie autorskiego projektu za\u0142o\u017cyciela firmy &#8211; Waldemara \u015aliwy oraz defibrylator DEFI CARD COMBI II.<\/strong><\/p>\n<p>Ponad 30 lat na rynku pozwoli\u0142o firmie Emtel zdoby\u0107 zaufanie krajowych szpitali klinicznych, wojew\u00f3dzkich i miejskich oraz plac\u00f3wek pogotowia ratunkowego. Aparatura medyczna firmy jest z powodzeniem wykorzystywana w Polsce, w innych krajach Europy oraz w Azji, Ameryce Po\u0142udniowej i Australii.<\/p>\n<p>Produkty Emtel znalaz\u0142y uznanie podczas najwi\u0119kszych globalnych targ\u00f3w bran\u017cowych Medica w Dusseldorfie oraz Arab Health w Dubaju<\/p>\n<\/div><\/div><\/div><\/div><\/div><\/div><\/div><\/section><section class=\"l-section wpb_row height_small\"><div class=\"l-section-h i-cf\"><div class=\"g-cols vc_row via_flex valign_top type_default stacking_default\"><div class=\"vc_col-sm-12 wpb_column vc_column_container\"><div class=\"vc_column-inner\"><div class=\"wpb_wrapper\"><div class=\"wpb_text_column\"><div class=\"wpb_wrapper\"><h2>Technologie<\/h2>\n<p><strong>Kardiomonitory <\/strong>modu\u0142owe, kompaktowe i przeno\u015bne oraz systemy centralnego nadzoru, umo\u017cliwiaj\u0105ce transmisj\u0119 danych mi\u0119dzy kardiomonitorami oraz kardiomonitorami i central\u0105. Wyr\u00f3\u017cniaj\u0105cymi w\u015br\u00f3d \u015bwiatowych konkurent\u00f3w cechami produkt\u00f3w Emtel s\u0105 du\u017ce dotykowe ekrany LCD (19&#8243;) oraz czytelny i przyjazny u\u017cytkownikowi interfejs, kt\u00f3ry zosta\u0142 stworzony na bazie wieloletniej wsp\u00f3\u0142pracy z personelem szpitalnym.<\/p>\n<p><strong>Defibrylatory kliniczne<\/strong> z kardiowersj\u0105 pe\u0142ni\u0105ce jednocze\u015bnie funkcj\u0119 kardiomonitora zapewniaj\u0105cego monitorowanie pracy EKG, arytmii, ci\u015bnienia t\u0119tniczego i saturacji SpO<sub>2<\/sub>. Urz\u0105dzenie by\u0142o konsultowane przez Polsk\u0105 Rad\u0119 Resuscytacji.<\/p>\n<p>Aparatura przeznaczona jest do monitorowania zar\u00f3wno doros\u0142ych, dzieci, jak i noworodk\u00f3w.<\/p>\n<p>Emtel wsp\u00f3\u0142pracuje ze znanymi na \u015bwiecie podwykonawcami: CAS Medical Systems (CASMED), Nellcor\/Covidien, Respironics, czy PhaseIn.<\/p>\n<\/div><\/div><\/div><\/div><\/div><\/div><\/div><\/section><section class=\"l-section wpb_row height_small\"><div class=\"l-section-h i-cf\"><div class=\"g-cols vc_row via_flex valign_top type_default stacking_default\"><div class=\"vc_col-sm-12 wpb_column vc_column_container\"><div class=\"vc_column-inner\"><div class=\"wpb_wrapper\"><div class=\"wpb_text_column\"><div class=\"wpb_wrapper\"><h2>Zaanga\u017cowanie spo\u0142eczne<\/h2>\n<p>Firma aktywnie anga\u017cuje si\u0119 w akcje spo\u0142eczne, wsp\u00f3\u0142pracuj\u0105c z r\u00f3\u017cnymi fundacjami na terenie kraju.<\/p>\n<\/div><\/div><\/div><\/div><\/div><\/div><\/div><\/section>\n","protected":false},"excerpt":{"rendered":"Firma Emtel jest czo\u0142owym producentem aparatury monitoruj\u0105cej parametry biologiczne pacjenta oraz sprz\u0119tu reanimacyjnego w Polsce. Podstawowym obszarem dzia\u0142alno\u015bci firmy, rozpocz\u0119tej w 1992 roku, jest produkcja kardiomonitor\u00f3w (ang. patient monitor) i defibrylator\u00f3w. Pierwszymi wprowadzonymi na rynek produktami by\u0142y: kardiomonitor FX 862 stworzony na bazie autorskiego projektu za\u0142o\u017cyciela firmy &#8211; Waldemara \u015aliwy oraz defibrylator DEFI CARD COMBI...","protected":false},"author":1,"featured_media":0,"parent":0,"menu_order":3,"comment_status":"closed","ping_status":"closed","template":"","meta":{"_jet_sm_ready_style":"","_jet_sm_style":"","_jet_sm_controls_values":"","_jet_sm_fonts_collection":"","_jet_sm_fonts_links":"","footnotes":"","_links_to":"","_links_to_target":""},"class_list":["post-13","page","type-page","status-publish","hentry"],"yoast_head":"<!-- This site is optimized with the Yoast SEO plugin v26.6 - https:\/\/yoast.com\/wordpress\/plugins\/seo\/ -->\n<title>O firmie - EMTEL - kardiomonitory, defibrylatory, profesjonalny serwis producenta<\/title>\n<meta name=\"description\" content=\"Firma Emtel jest czo\u0142owym producentem aparatury monitoruj\u0105cej parametry biologiczne pacjenta oraz sprz\u0119tu reanimacyjnego w Polsce. Podstawowym obszarem dzia\u0142alno\u015bci firmy, rozpocz\u0119tej w 1992 roku, jest produkcja kardiomonitor\u00f3w (ang. patient monitor) i defibrylator\u00f3w.\" \/>\n<meta name=\"robots\" content=\"index, follow, max-snippet:-1, max-image-preview:large, max-video-preview:-1\" \/>\n<link rel=\"canonical\" href=\"https:\/\/emtel.pl\/index.php\/o-firmie\/\" \/>\n<meta property=\"og:locale\" content=\"pl_PL\" \/>\n<meta property=\"og:type\" content=\"article\" \/>\n<meta property=\"og:title\" content=\"O firmie - EMTEL - kardiomonitory, defibrylatory, profesjonalny serwis producenta\" \/>\n<meta property=\"og:description\" content=\"Firma Emtel jest czo\u0142owym producentem aparatury monitoruj\u0105cej parametry biologiczne pacjenta oraz sprz\u0119tu reanimacyjnego w Polsce. Podstawowym obszarem dzia\u0142alno\u015bci firmy, rozpocz\u0119tej w 1992 roku, jest produkcja kardiomonitor\u00f3w (ang. patient monitor) i defibrylator\u00f3w.\" \/>\n<meta property=\"og:url\" content=\"https:\/\/emtel.pl\/index.php\/o-firmie\/\" \/>\n<meta property=\"og:site_name\" content=\"EMTEL - kardiomonitory, defibrylatory, profesjonalny serwis producenta\" \/>\n<meta property=\"article:modified_time\" content=\"2023-02-20T14:15:10+00:00\" \/>\n<meta name=\"twitter:card\" content=\"summary_large_image\" \/>\n<meta name=\"twitter:label1\" content=\"Szacowany czas czytania\" \/>\n\t<meta name=\"twitter:data1\" content=\"2 minuty\" \/>\n<script type=\"application\/ld+json\" class=\"yoast-schema-graph\">{\"@context\":\"https:\/\/schema.org\",\"@graph\":[{\"@type\":\"WebPage\",\"@id\":\"https:\/\/emtel.pl\/index.php\/o-firmie\/\",\"url\":\"https:\/\/emtel.pl\/index.php\/o-firmie\/\",\"name\":\"O firmie - EMTEL - kardiomonitory, defibrylatory, profesjonalny serwis producenta\",\"isPartOf\":{\"@id\":\"https:\/\/emtel.pl\/#website\"},\"datePublished\":\"2019-03-26T10:47:27+00:00\",\"dateModified\":\"2023-02-20T14:15:10+00:00\",\"description\":\"Firma Emtel jest czo\u0142owym producentem aparatury monitoruj\u0105cej parametry biologiczne pacjenta oraz sprz\u0119tu reanimacyjnego w Polsce. Podstawowym obszarem dzia\u0142alno\u015bci firmy, rozpocz\u0119tej w 1992 roku, jest produkcja kardiomonitor\u00f3w (ang. patient monitor) i defibrylator\u00f3w.\",\"breadcrumb\":{\"@id\":\"https:\/\/emtel.pl\/index.php\/o-firmie\/#breadcrumb\"},\"inLanguage\":\"pl-PL\",\"potentialAction\":[{\"@type\":\"ReadAction\",\"target\":[\"https:\/\/emtel.pl\/index.php\/o-firmie\/\"]}]},{\"@type\":\"BreadcrumbList\",\"@id\":\"https:\/\/emtel.pl\/index.php\/o-firmie\/#breadcrumb\",\"itemListElement\":[{\"@type\":\"ListItem\",\"position\":1,\"name\":\"Strona g\u0142\u00f3wna\",\"item\":\"https:\/\/emtel.pl\/\"},{\"@type\":\"ListItem\",\"position\":2,\"name\":\"O firmie\"}]},{\"@type\":\"WebSite\",\"@id\":\"https:\/\/emtel.pl\/#website\",\"url\":\"https:\/\/emtel.pl\/\",\"name\":\"EMTEL - kardiomonitory, defibrylatory, profesjonalny serwis producenta\",\"description\":\"Technologia od serca\",\"potentialAction\":[{\"@type\":\"SearchAction\",\"target\":{\"@type\":\"EntryPoint\",\"urlTemplate\":\"https:\/\/emtel.pl\/?s={search_term_string}\"},\"query-input\":{\"@type\":\"PropertyValueSpecification\",\"valueRequired\":true,\"valueName\":\"search_term_string\"}}],\"inLanguage\":\"pl-PL\"}]}<\/script>\n<!-- \/ Yoast SEO plugin. -->","yoast_head_json":{"title":"O firmie - EMTEL - kardiomonitory, defibrylatory, profesjonalny serwis producenta","description":"Firma Emtel jest czo\u0142owym producentem aparatury monitoruj\u0105cej parametry biologiczne pacjenta oraz sprz\u0119tu reanimacyjnego w Polsce. Podstawowym obszarem dzia\u0142alno\u015bci firmy, rozpocz\u0119tej w 1992 roku, jest produkcja kardiomonitor\u00f3w (ang. patient monitor) i defibrylator\u00f3w.","robots":{"index":"index","follow":"follow","max-snippet":"max-snippet:-1","max-image-preview":"max-image-preview:large","max-video-preview":"max-video-preview:-1"},"canonical":"https:\/\/emtel.pl\/index.php\/o-firmie\/","og_locale":"pl_PL","og_type":"article","og_title":"O firmie - EMTEL - kardiomonitory, defibrylatory, profesjonalny serwis producenta","og_description":"Firma Emtel jest czo\u0142owym producentem aparatury monitoruj\u0105cej parametry biologiczne pacjenta oraz sprz\u0119tu reanimacyjnego w Polsce. Podstawowym obszarem dzia\u0142alno\u015bci firmy, rozpocz\u0119tej w 1992 roku, jest produkcja kardiomonitor\u00f3w (ang. patient monitor) i defibrylator\u00f3w.","og_url":"https:\/\/emtel.pl\/index.php\/o-firmie\/","og_site_name":"EMTEL - kardiomonitory, defibrylatory, profesjonalny serwis producenta","article_modified_time":"2023-02-20T14:15:10+00:00","twitter_card":"summary_large_image","twitter_misc":{"Szacowany czas czytania":"2 minuty"},"schema":{"@context":"https:\/\/schema.org","@graph":[{"@type":"WebPage","@id":"https:\/\/emtel.pl\/index.php\/o-firmie\/","url":"https:\/\/emtel.pl\/index.php\/o-firmie\/","name":"O firmie - EMTEL - kardiomonitory, defibrylatory, profesjonalny serwis producenta","isPartOf":{"@id":"https:\/\/emtel.pl\/#website"},"datePublished":"2019-03-26T10:47:27+00:00","dateModified":"2023-02-20T14:15:10+00:00","description":"Firma Emtel jest czo\u0142owym producentem aparatury monitoruj\u0105cej parametry biologiczne pacjenta oraz sprz\u0119tu reanimacyjnego w Polsce. Podstawowym obszarem dzia\u0142alno\u015bci firmy, rozpocz\u0119tej w 1992 roku, jest produkcja kardiomonitor\u00f3w (ang. patient monitor) i defibrylator\u00f3w.","breadcrumb":{"@id":"https:\/\/emtel.pl\/index.php\/o-firmie\/#breadcrumb"},"inLanguage":"pl-PL","potentialAction":[{"@type":"ReadAction","target":["https:\/\/emtel.pl\/index.php\/o-firmie\/"]}]},{"@type":"BreadcrumbList","@id":"https:\/\/emtel.pl\/index.php\/o-firmie\/#breadcrumb","itemListElement":[{"@type":"ListItem","position":1,"name":"Strona g\u0142\u00f3wna","item":"https:\/\/emtel.pl\/"},{"@type":"ListItem","position":2,"name":"O firmie"}]},{"@type":"WebSite","@id":"https:\/\/emtel.pl\/#website","url":"https:\/\/emtel.pl\/","name":"EMTEL - kardiomonitory, defibrylatory, profesjonalny serwis producenta","description":"Technologia od serca","potentialAction":[{"@type":"SearchAction","target":{"@type":"EntryPoint","urlTemplate":"https:\/\/emtel.pl\/?s={search_term_string}"},"query-input":{"@type":"PropertyValueSpecification","valueRequired":true,"valueName":"search_term_string"}}],"inLanguage":"pl-PL"}]}},"_links":{"self":[{"href":"https:\/\/emtel.pl\/index.php\/wp-json\/wp\/v2\/pages\/13","targetHints":{"allow":["GET"]}}],"collection":[{"href":"https:\/\/emtel.pl\/index.php\/wp-json\/wp\/v2\/pages"}],"about":[{"href":"https:\/\/emtel.pl\/index.php\/wp-json\/wp\/v2\/types\/page"}],"author":[{"embeddable":true,"href":"https:\/\/emtel.pl\/index.php\/wp-json\/wp\/v2\/users\/1"}],"replies":[{"embeddable":true,"href":"https:\/\/emtel.pl\/index.php\/wp-json\/wp\/v2\/comments?post=13"}],"version-history":[{"count":8,"href":"https:\/\/emtel.pl\/index.php\/wp-json\/wp\/v2\/pages\/13\/revisions"}],"predecessor-version":[{"id":2629,"href":"https:\/\/emtel.pl\/index.php\/wp-json\/wp\/v2\/pages\/13\/revisions\/2629"}],"wp:attachment":[{"href":"https:\/\/emtel.pl\/index.php\/wp-json\/wp\/v2\/media?parent=13"}],"curies":[{"name":"wp","href":"https:\/\/api.w.org\/{rel}","templated":true}]}}