{"id":131,"date":"2019-03-27T20:53:38","date_gmt":"2019-03-27T19:53:38","guid":{"rendered":"http:\/\/emtel.pl\/?page_id=131"},"modified":"2025-11-17T16:39:56","modified_gmt":"2025-11-17T15:39:56","slug":"defibrylator-defimax-biphasic-z-monitorem","status":"publish","type":"page","link":"https:\/\/emtel.pl\/index.php\/produkty\/defibrylator-defimax-biphasic-z-monitorem\/","title":{"rendered":"Defibrylator DefiMax biphasic&nbsp;z&nbsp;monitorem"},"content":{"rendered":"<section class=\"l-section wpb_row height_small\"><div class=\"l-section-h i-cf\"><div class=\"g-cols vc_row via_flex valign_top type_default stacking_default\"><div class=\"vc_col-sm-12 wpb_column vc_column_container\"><div class=\"vc_column-inner\"><div class=\"wpb_wrapper\"><div class=\"wpb_text_column\"><div class=\"wpb_wrapper\"><p><strong>DefiMax biphasic jest nowoczesnym, profesjonalnym defibrylatorem klinicznym z du\u017cym kolorowym ekranem. Urz\u0105dzenie pe\u0142ni zar\u00f3wno funkcj\u0119 defibrylatora, jak i kardiomonitora zapewniaj\u0105cego monitorowanie EKG, ci\u015bnienia t\u0119tniczego (NIBP) i saturacji (SpO2).\u00a0 Przebieg EKG mo\u017ce by\u0107 drukowany na wbudowanej drukarce termicznej. <\/strong><\/p>\n<p>Dzi\u0119ki szerokiemu zakresowi mo\u017cliwej energii defibrylacji (od 1 do 300 J) oraz zintegrowanym akcesoriom defibrylator przeznaczony jest do pracy zar\u00f3wno z doros\u0142ymi, jak i z dzie\u0107mi.<\/p>\n<\/div><\/div><\/div><\/div><\/div><\/div><\/div><\/section><section class=\"l-section wpb_row us_custom_84975378 height_small\"><div class=\"l-section-h i-cf\"><div class=\"g-cols vc_row via_flex valign_top type_default stacking_default\"><div class=\"vc_col-sm-12 wpb_column vc_column_container\"><div class=\"vc_column-inner\"><div class=\"wpb_wrapper\">\n\t\t\t<!-- START DefiMax biphasic REVOLUTION SLIDER 6.7.40 --><p class=\"rs-p-wp-fix\"><\/p>\n\t\t\t<rs-module-wrap id=\"rev_slider_5_1_wrapper\" data-source=\"gallery\" style=\"visibility:hidden;background:transparent;padding:0;margin:0px auto;margin-top:0;margin-bottom:0;\">\n\t\t\t\t<rs-module id=\"rev_slider_5_1\" class=\" rs-ov-hidden\" style=\"\" data-version=\"6.7.40\">\n\t\t\t\t\t<rs-slides style=\"overflow: hidden; position: absolute;\">\n\t\t\t\t\t\t<rs-slide style=\"position: absolute;\" data-key=\"rs-26\" data-title=\"Slide\" data-thumb=\"\/\/emtel.pl\/wp-content\/uploads\/2025\/11\/DSC02431-PL-125x125.jpg\" data-anim=\"ms:600;\" data-in=\"o:0;\" data-out=\"a:false;\">\n\t\t\t\t\t\t\t<img decoding=\"async\" src=\"\/\/emtel.pl\/wp-content\/plugins\/revslider\/sr6\/assets\/assets\/dummy.png\" alt=\"DefiMax biphasic\" title=\"DefiMax biphasic\" width=\"2000\" height=\"1333\" class=\"rev-slidebg tp-rs-img rs-lazyload\" data-lazyload=\"\/\/emtel.pl\/wp-content\/uploads\/2025\/11\/DSC02431-PL.jpg\" data-bg=\"f:contain;\" data-no-retina>\n<!---->\t\t\t\t\t<\/rs-slide>\n\t\t\t\t\t\t<rs-slide style=\"position: absolute;\" data-key=\"rs-27\" data-title=\"Slide\" data-thumb=\"\/\/emtel.pl\/wp-content\/uploads\/2025\/11\/DSC02432-PL-125x125.jpg\" data-anim=\"ms:600;\" data-in=\"o:0;\" data-out=\"a:false;\">\n\t\t\t\t\t\t\t<img decoding=\"async\" src=\"\/\/emtel.pl\/wp-content\/plugins\/revslider\/sr6\/assets\/assets\/dummy.png\" alt=\"DefiMax biphasic\" title=\"DefiMax biphasic\" width=\"2000\" height=\"1333\" class=\"rev-slidebg tp-rs-img rs-lazyload\" data-lazyload=\"\/\/emtel.pl\/wp-content\/uploads\/2025\/11\/DSC02432-PL.jpg\" data-bg=\"f:contain;\" data-no-retina>\n<!---->\t\t\t\t\t<\/rs-slide>\n\t\t\t\t\t\t<rs-slide style=\"position: absolute;\" data-key=\"rs-73\" data-title=\"Slide\" data-thumb=\"\/\/emtel.pl\/wp-content\/uploads\/2025\/11\/DSC02441-PL-125x125.jpg\" data-anim=\"ms:600;\" data-in=\"o:0;\" data-out=\"a:false;\">\n\t\t\t\t\t\t\t<img decoding=\"async\" src=\"\/\/emtel.pl\/wp-content\/plugins\/revslider\/sr6\/assets\/assets\/dummy.png\" alt=\"DefiMax biphasic\" title=\"DefiMax biphasic\" width=\"2000\" height=\"1333\" class=\"rev-slidebg tp-rs-img rs-lazyload\" data-lazyload=\"\/\/emtel.pl\/wp-content\/uploads\/2025\/11\/DSC02441-PL.jpg\" data-bg=\"f:contain;\" data-no-retina>\n<!---->\t\t\t\t\t<\/rs-slide>\n\t\t\t\t\t\t<rs-slide style=\"position: absolute;\" data-key=\"rs-74\" data-title=\"Slide\" data-thumb=\"\/\/emtel.pl\/wp-content\/uploads\/2025\/11\/DSC02442-PL-125x125.jpg\" data-anim=\"ms:600;\" data-in=\"o:0;\" data-out=\"a:false;\">\n\t\t\t\t\t\t\t<img decoding=\"async\" src=\"\/\/emtel.pl\/wp-content\/plugins\/revslider\/sr6\/assets\/assets\/dummy.png\" alt=\"DefiMax biphasic\" title=\"DefiMax biphasic\" width=\"2000\" height=\"1333\" class=\"rev-slidebg tp-rs-img rs-lazyload\" data-lazyload=\"\/\/emtel.pl\/wp-content\/uploads\/2025\/11\/DSC02442-PL.jpg\" data-bg=\"f:contain;\" data-no-retina>\n<!---->\t\t\t\t\t<\/rs-slide>\n\t\t\t\t\t\t<rs-slide style=\"position: absolute;\" data-key=\"rs-75\" data-title=\"Slide\" data-thumb=\"\/\/emtel.pl\/wp-content\/uploads\/2025\/11\/DSC02475-PL-125x125.jpg\" data-anim=\"ms:600;\" data-in=\"o:0;\" data-out=\"a:false;\">\n\t\t\t\t\t\t\t<img decoding=\"async\" src=\"\/\/emtel.pl\/wp-content\/plugins\/revslider\/sr6\/assets\/assets\/dummy.png\" alt=\"\" title=\"DefiMax biphasic\" width=\"2000\" height=\"1333\" class=\"rev-slidebg tp-rs-img rs-lazyload\" data-lazyload=\"\/\/emtel.pl\/wp-content\/uploads\/2025\/11\/DSC02475-PL.jpg\" data-bg=\"f:contain;\" data-no-retina>\n<!---->\t\t\t\t\t<\/rs-slide>\n\t\t\t\t\t<\/rs-slides>\n\t\t\t\t<\/rs-module>\n\t\t\t\t<script>\n\t\t\t\t\tsetREVStartSize({c: 'rev_slider_5_1',rl:[1240,1024,768,480],el:[800],gw:[1240],gh:[800],type:'standard',justify:'',layout:'fullwidth',thumbh:\"125\",mh:\"0\"});if (window.RS_MODULES!==undefined && window.RS_MODULES.modules!==undefined && window.RS_MODULES.modules[\"revslider51\"]!==undefined) {window.RS_MODULES.modules[\"revslider51\"].once = false;window.revapi5 = undefined;if (window.RS_MODULES.checkMinimal!==undefined) window.RS_MODULES.checkMinimal()}\n\t\t\t\t<\/script>\n\t\t\t<\/rs-module-wrap>\n\t\t\t<!-- END REVOLUTION SLIDER -->\n<\/div><\/div><\/div><\/div><\/div><\/section><section class=\"l-section wpb_row height_small\"><div class=\"l-section-h i-cf\"><div class=\"g-cols vc_row via_flex valign_top type_default stacking_default\"><div class=\"vc_col-sm-12 wpb_column vc_column_container\"><div class=\"vc_column-inner\"><div class=\"wpb_wrapper\"><div class=\"wpb_text_column\"><div class=\"wpb_wrapper\"><p>DefiMax biphasic pracuje w nast\u0119puj\u0105cych trybach:<\/p>\n<ul>\n<li>r\u0119czny &#8211; warto\u015b\u0107 energii u\u017cywana do defibrylacji dobierana jest przez u\u017cytkownika,<\/li>\n<li>AED &#8211; defibrylacja p\u00f3\u0142automatyczna po wykryciu rytmu VF\/FT,<\/li>\n<li>kardiowersja &#8211; defibrylacja synchroniczna,<\/li>\n<li>monitorowanie &#8211; d\u0142ugotrwa\u0142e monitorowanie EKG, SpO2\u00a0oraz NIBP,<\/li>\n<li>stymulator pracuj\u0105cy w trybie asynchronicznym (sztywnym) lub synchronicznym (na \u017c\u0105danie).<\/li>\n<\/ul>\n<\/div><\/div><\/div><\/div><\/div><\/div><\/div><\/section><section class=\"l-section wpb_row us_custom_74af54a7 height_auto\"><div class=\"l-section-h i-cf\"><div class=\"g-cols vc_row via_flex valign_top type_default stacking_default\"><div class=\"vc_col-sm-12 wpb_column vc_column_container\"><div class=\"vc_column-inner\"><div class=\"wpb_wrapper\"><div class=\"wpb_text_column us_custom_a106749e\"><div class=\"wpb_wrapper\"><h3>Do pobrania:<\/h3>\n<\/div><\/div><div class=\"uavc-list-icon uavc-list-icon-wrapper ult-adjust-bottom-margin   vc_custom_1560498657262  vc_custom_1560498657262\"><ul class=\"uavc-list\"><li><div class=\"uavc-list-content\" id=\"list-icon-wrap-1993\">\n<div class=\"uavc-list-icon margin-bottom:0; \" data-animation=\"\" data-animation-delay=\"03\" style=\"margin-right:10px;\"><div class=\"ult-just-icon-wrapper  \"><div class=\"align-icon\" style=\"text-align:center;\">\n<div class=\"aio-icon-img \" style=\"font-size:35px;display:inline-block;\" >\n\t<img decoding=\"async\" class=\"img-icon\" alt=\"null\" src=\"https:\/\/emtel.pl\/wp-content\/uploads\/2019\/06\/icon-pdf.png\"\/>\n<\/div><\/div><\/div>\n<\/div><span  data-ultimate-target='#list-icon-wrap-1993 .uavc-list-desc'  data-responsive-json-new='{\"font-size\":\"\",\"line-height\":\"\"}'  class=\"uavc-list-desc ult-responsive\" style=\"\"><a href=\"\/wp-content\/uploads\/2021\/11\/DefiMax-biphasic.pdf\" target=\"_blank\" rel=\"noopener noreferrer\">Defibrylator DefiMax biphasic&nbsp;z&nbsp;monitorem &#8211; katalog<\/a><\/p>\n<\/span><\/div><\/li><\/ul><\/div><\/div><\/div><\/div><\/div><\/div><\/section><!-- Row Backgrounds --><div class=\"upb_color\" data-bg-override=\"0\" data-bg-color=\"#f7f7f7\" data-fadeout=\"\" data-fadeout-percentage=\"30\" data-parallax-content=\"\" data-parallax-content-sense=\"30\" data-row-effect-mobile-disable=\"true\" data-img-parallax-mobile-disable=\"true\" data-rtl=\"false\"  data-custom-vc-row=\"\"  data-vc=\"8.7.2\"  data-is_old_vc=\"\"  data-theme-support=\"\"   data-overlay=\"false\" data-overlay-color=\"\" data-overlay-pattern=\"\" data-overlay-pattern-opacity=\"\" data-overlay-pattern-size=\"\"    ><\/div><section class=\"l-section wpb_row height_small\"><div class=\"l-section-h i-cf\"><div class=\"g-cols vc_row via_flex valign_top type_default stacking_default\"><div class=\"vc_col-sm-12 wpb_column vc_column_container\"><div class=\"vc_column-inner\"><div class=\"wpb_wrapper\"><div class=\"wpb_text_column\"><div class=\"wpb_wrapper\"><p>Defibrylacja doros\u0142ych oraz dzieci wykonywana jest przy u\u017cyciu elektrod sta\u0142ych lub jednorazowych. Defibrylator mo\u017ce zosta\u0107 zakupiony wraz z dedykowanym w\u00f3zkiem jezdnym lub specjaln\u0105 torb\u0105 u\u0142atwiaj\u0105ca jego transport.<\/p>\n<\/div><\/div><\/div><\/div><\/div><\/div><\/div><\/section><!-- Row Backgrounds --><div class=\"upb_color\" data-bg-override=\"0\" data-bg-color=\"#ffffff\" data-fadeout=\"\" data-fadeout-percentage=\"30\" data-parallax-content=\"\" data-parallax-content-sense=\"30\" data-row-effect-mobile-disable=\"true\" data-img-parallax-mobile-disable=\"true\" data-rtl=\"false\"  data-custom-vc-row=\"\"  data-vc=\"8.7.2\"  data-is_old_vc=\"\"  data-theme-support=\"\"   data-overlay=\"false\" data-overlay-color=\"\" data-overlay-pattern=\"\" data-overlay-pattern-opacity=\"\" data-overlay-pattern-size=\"\"    ><\/div><section class=\"l-section wpb_row us_custom_5b1892f8 height_small\"><div class=\"l-section-h i-cf\"><div class=\"g-cols vc_row via_flex valign_top type_default stacking_default\"><div class=\"vc_col-sm-12 wpb_column vc_column_container\"><div class=\"vc_column-inner\"><div class=\"wpb_wrapper\"><div class=\"wpb_text_column\"><div class=\"wpb_wrapper\"><h3 style=\"text-align: center;\">Aparat posiada certyfikat CE i zarejestrowany jest w Urz\u0119dzie Rejestracji Wyrob\u00f3w Medycznych.<\/h3>\n<\/div><\/div><\/div><\/div><\/div><\/div><\/div><\/section><!-- Row Backgrounds --><div class=\"upb_color\" data-bg-override=\"0\" data-bg-color=\"#f5f5f5\" data-fadeout=\"\" data-fadeout-percentage=\"30\" data-parallax-content=\"\" data-parallax-content-sense=\"30\" data-row-effect-mobile-disable=\"true\" data-img-parallax-mobile-disable=\"true\" data-rtl=\"false\"  data-custom-vc-row=\"\"  data-vc=\"8.7.2\"  data-is_old_vc=\"\"  data-theme-support=\"\"   data-overlay=\"false\" data-overlay-color=\"\" data-overlay-pattern=\"\" data-overlay-pattern-opacity=\"\" data-overlay-pattern-size=\"\"    ><\/div>\n","protected":false},"excerpt":{"rendered":"DefiMax biphasic jest nowoczesnym, profesjonalnym defibrylatorem klinicznym z du\u017cym kolorowym ekranem. Urz\u0105dzenie pe\u0142ni zar\u00f3wno funkcj\u0119 defibrylatora, jak i kardiomonitora zapewniaj\u0105cego monitorowanie EKG, ci\u015bnienia t\u0119tniczego (NIBP) i saturacji (SpO2).\u00a0 Przebieg EKG mo\u017ce by\u0107 drukowany na wbudowanej drukarce termicznej. Dzi\u0119ki szerokiemu zakresowi mo\u017cliwej energii defibrylacji (od 1 do 300 J) oraz zintegrowanym akcesoriom defibrylator przeznaczony jest do...","protected":false},"author":1,"featured_media":3256,"parent":9,"menu_order":6,"comment_status":"closed","ping_status":"closed","template":"","meta":{"_jet_sm_ready_style":"","_jet_sm_style":"","_jet_sm_controls_values":"","_jet_sm_fonts_collection":"","_jet_sm_fonts_links":"","footnotes":"","_links_to":"","_links_to_target":""},"class_list":["post-131","page","type-page","status-publish","has-post-thumbnail","hentry"],"yoast_head":"<!-- This site is optimized with the Yoast SEO plugin v26.6 - https:\/\/yoast.com\/wordpress\/plugins\/seo\/ -->\n<title>Defibrylator DefiMax biphasic&nbsp;z&nbsp;monitorem - EMTEL - kardiomonitory, defibrylatory, profesjonalny serwis producenta<\/title>\n<meta name=\"description\" content=\"DefiMax biphasic jest nowoczesnym, profesjonalnym defibrylatorem klinicznym z du\u017cym kolorowym ekranem. Urz\u0105dzenie pe\u0142ni zar\u00f3wno funkcj\u0119 defibrylatora, jak i kardiomonitora zapewniaj\u0105cego monitorowanie EKG, ci\u015bnienia t\u0119tniczego (NIBP) i saturacji (SpO2). Przebieg EKG mo\u017ce by\u0107 drukowany na wbudowanej drukarce termicznej.\" \/>\n<meta name=\"robots\" content=\"index, follow, max-snippet:-1, max-image-preview:large, max-video-preview:-1\" \/>\n<link rel=\"canonical\" href=\"https:\/\/emtel.pl\/index.php\/produkty\/defibrylator-defimax-biphasic-z-monitorem\/\" \/>\n<meta property=\"og:locale\" content=\"pl_PL\" \/>\n<meta property=\"og:type\" content=\"article\" \/>\n<meta property=\"og:title\" content=\"Defibrylator DefiMax biphasic&nbsp;z&nbsp;monitorem - EMTEL - kardiomonitory, defibrylatory, profesjonalny serwis producenta\" \/>\n<meta property=\"og:description\" content=\"DefiMax biphasic jest nowoczesnym, profesjonalnym defibrylatorem klinicznym z du\u017cym kolorowym ekranem. Urz\u0105dzenie pe\u0142ni zar\u00f3wno funkcj\u0119 defibrylatora, jak i kardiomonitora zapewniaj\u0105cego monitorowanie EKG, ci\u015bnienia t\u0119tniczego (NIBP) i saturacji (SpO2). Przebieg EKG mo\u017ce by\u0107 drukowany na wbudowanej drukarce termicznej.\" \/>\n<meta property=\"og:url\" content=\"https:\/\/emtel.pl\/index.php\/produkty\/defibrylator-defimax-biphasic-z-monitorem\/\" \/>\n<meta property=\"og:site_name\" content=\"EMTEL - kardiomonitory, defibrylatory, profesjonalny serwis producenta\" \/>\n<meta property=\"article:modified_time\" content=\"2025-11-17T15:39:56+00:00\" \/>\n<meta property=\"og:image\" content=\"http:\/\/emtel.pl\/wp-content\/uploads\/2025\/11\/DSC02442-PL.jpg\" \/>\n\t<meta property=\"og:image:width\" content=\"2000\" \/>\n\t<meta property=\"og:image:height\" content=\"1333\" \/>\n\t<meta property=\"og:image:type\" content=\"image\/jpeg\" \/>\n<meta name=\"twitter:card\" content=\"summary_large_image\" \/>\n<meta name=\"twitter:label1\" content=\"Szacowany czas czytania\" \/>\n\t<meta name=\"twitter:data1\" content=\"2 minuty\" \/>\n<script type=\"application\/ld+json\" class=\"yoast-schema-graph\">{\"@context\":\"https:\/\/schema.org\",\"@graph\":[{\"@type\":\"WebPage\",\"@id\":\"https:\/\/emtel.pl\/index.php\/produkty\/defibrylator-defimax-biphasic-z-monitorem\/\",\"url\":\"https:\/\/emtel.pl\/index.php\/produkty\/defibrylator-defimax-biphasic-z-monitorem\/\",\"name\":\"Defibrylator DefiMax biphasic&nbsp;z&nbsp;monitorem - EMTEL - kardiomonitory, defibrylatory, profesjonalny serwis producenta\",\"isPartOf\":{\"@id\":\"https:\/\/emtel.pl\/#website\"},\"primaryImageOfPage\":{\"@id\":\"https:\/\/emtel.pl\/index.php\/produkty\/defibrylator-defimax-biphasic-z-monitorem\/#primaryimage\"},\"image\":{\"@id\":\"https:\/\/emtel.pl\/index.php\/produkty\/defibrylator-defimax-biphasic-z-monitorem\/#primaryimage\"},\"thumbnailUrl\":\"https:\/\/emtel.pl\/wp-content\/uploads\/2025\/11\/DSC02442-PL.jpg\",\"datePublished\":\"2019-03-27T19:53:38+00:00\",\"dateModified\":\"2025-11-17T15:39:56+00:00\",\"description\":\"DefiMax biphasic jest nowoczesnym, profesjonalnym defibrylatorem klinicznym z du\u017cym kolorowym ekranem. Urz\u0105dzenie pe\u0142ni zar\u00f3wno funkcj\u0119 defibrylatora, jak i kardiomonitora zapewniaj\u0105cego monitorowanie EKG, ci\u015bnienia t\u0119tniczego (NIBP) i saturacji (SpO2). Przebieg EKG mo\u017ce by\u0107 drukowany na wbudowanej drukarce termicznej.\",\"breadcrumb\":{\"@id\":\"https:\/\/emtel.pl\/index.php\/produkty\/defibrylator-defimax-biphasic-z-monitorem\/#breadcrumb\"},\"inLanguage\":\"pl-PL\",\"potentialAction\":[{\"@type\":\"ReadAction\",\"target\":[\"https:\/\/emtel.pl\/index.php\/produkty\/defibrylator-defimax-biphasic-z-monitorem\/\"]}]},{\"@type\":\"ImageObject\",\"inLanguage\":\"pl-PL\",\"@id\":\"https:\/\/emtel.pl\/index.php\/produkty\/defibrylator-defimax-biphasic-z-monitorem\/#primaryimage\",\"url\":\"https:\/\/emtel.pl\/wp-content\/uploads\/2025\/11\/DSC02442-PL.jpg\",\"contentUrl\":\"https:\/\/emtel.pl\/wp-content\/uploads\/2025\/11\/DSC02442-PL.jpg\",\"width\":2000,\"height\":1333,\"caption\":\"DefiMax biphasic\"},{\"@type\":\"BreadcrumbList\",\"@id\":\"https:\/\/emtel.pl\/index.php\/produkty\/defibrylator-defimax-biphasic-z-monitorem\/#breadcrumb\",\"itemListElement\":[{\"@type\":\"ListItem\",\"position\":1,\"name\":\"Strona g\u0142\u00f3wna\",\"item\":\"https:\/\/emtel.pl\/\"},{\"@type\":\"ListItem\",\"position\":2,\"name\":\"Produkty\",\"item\":\"https:\/\/emtel.pl\/index.php\/produkty\/\"},{\"@type\":\"ListItem\",\"position\":3,\"name\":\"Defibrylator DefiMax biphasic&nbsp;z&nbsp;monitorem\"}]},{\"@type\":\"WebSite\",\"@id\":\"https:\/\/emtel.pl\/#website\",\"url\":\"https:\/\/emtel.pl\/\",\"name\":\"EMTEL - kardiomonitory, defibrylatory, profesjonalny serwis producenta\",\"description\":\"Technologia od serca\",\"potentialAction\":[{\"@type\":\"SearchAction\",\"target\":{\"@type\":\"EntryPoint\",\"urlTemplate\":\"https:\/\/emtel.pl\/?s={search_term_string}\"},\"query-input\":{\"@type\":\"PropertyValueSpecification\",\"valueRequired\":true,\"valueName\":\"search_term_string\"}}],\"inLanguage\":\"pl-PL\"}]}<\/script>\n<!-- \/ Yoast SEO plugin. -->","yoast_head_json":{"title":"Defibrylator DefiMax biphasic&nbsp;z&nbsp;monitorem - EMTEL - kardiomonitory, defibrylatory, profesjonalny serwis producenta","description":"DefiMax biphasic jest nowoczesnym, profesjonalnym defibrylatorem klinicznym z du\u017cym kolorowym ekranem. Urz\u0105dzenie pe\u0142ni zar\u00f3wno funkcj\u0119 defibrylatora, jak i kardiomonitora zapewniaj\u0105cego monitorowanie EKG, ci\u015bnienia t\u0119tniczego (NIBP) i saturacji (SpO2). Przebieg EKG mo\u017ce by\u0107 drukowany na wbudowanej drukarce termicznej.","robots":{"index":"index","follow":"follow","max-snippet":"max-snippet:-1","max-image-preview":"max-image-preview:large","max-video-preview":"max-video-preview:-1"},"canonical":"https:\/\/emtel.pl\/index.php\/produkty\/defibrylator-defimax-biphasic-z-monitorem\/","og_locale":"pl_PL","og_type":"article","og_title":"Defibrylator DefiMax biphasic&nbsp;z&nbsp;monitorem - EMTEL - kardiomonitory, defibrylatory, profesjonalny serwis producenta","og_description":"DefiMax biphasic jest nowoczesnym, profesjonalnym defibrylatorem klinicznym z du\u017cym kolorowym ekranem. Urz\u0105dzenie pe\u0142ni zar\u00f3wno funkcj\u0119 defibrylatora, jak i kardiomonitora zapewniaj\u0105cego monitorowanie EKG, ci\u015bnienia t\u0119tniczego (NIBP) i saturacji (SpO2). Przebieg EKG mo\u017ce by\u0107 drukowany na wbudowanej drukarce termicznej.","og_url":"https:\/\/emtel.pl\/index.php\/produkty\/defibrylator-defimax-biphasic-z-monitorem\/","og_site_name":"EMTEL - kardiomonitory, defibrylatory, profesjonalny serwis producenta","article_modified_time":"2025-11-17T15:39:56+00:00","og_image":[{"width":2000,"height":1333,"url":"http:\/\/emtel.pl\/wp-content\/uploads\/2025\/11\/DSC02442-PL.jpg","type":"image\/jpeg"}],"twitter_card":"summary_large_image","twitter_misc":{"Szacowany czas czytania":"2 minuty"},"schema":{"@context":"https:\/\/schema.org","@graph":[{"@type":"WebPage","@id":"https:\/\/emtel.pl\/index.php\/produkty\/defibrylator-defimax-biphasic-z-monitorem\/","url":"https:\/\/emtel.pl\/index.php\/produkty\/defibrylator-defimax-biphasic-z-monitorem\/","name":"Defibrylator DefiMax biphasic&nbsp;z&nbsp;monitorem - EMTEL - kardiomonitory, defibrylatory, profesjonalny serwis producenta","isPartOf":{"@id":"https:\/\/emtel.pl\/#website"},"primaryImageOfPage":{"@id":"https:\/\/emtel.pl\/index.php\/produkty\/defibrylator-defimax-biphasic-z-monitorem\/#primaryimage"},"image":{"@id":"https:\/\/emtel.pl\/index.php\/produkty\/defibrylator-defimax-biphasic-z-monitorem\/#primaryimage"},"thumbnailUrl":"https:\/\/emtel.pl\/wp-content\/uploads\/2025\/11\/DSC02442-PL.jpg","datePublished":"2019-03-27T19:53:38+00:00","dateModified":"2025-11-17T15:39:56+00:00","description":"DefiMax biphasic jest nowoczesnym, profesjonalnym defibrylatorem klinicznym z du\u017cym kolorowym ekranem. Urz\u0105dzenie pe\u0142ni zar\u00f3wno funkcj\u0119 defibrylatora, jak i kardiomonitora zapewniaj\u0105cego monitorowanie EKG, ci\u015bnienia t\u0119tniczego (NIBP) i saturacji (SpO2). Przebieg EKG mo\u017ce by\u0107 drukowany na wbudowanej drukarce termicznej.","breadcrumb":{"@id":"https:\/\/emtel.pl\/index.php\/produkty\/defibrylator-defimax-biphasic-z-monitorem\/#breadcrumb"},"inLanguage":"pl-PL","potentialAction":[{"@type":"ReadAction","target":["https:\/\/emtel.pl\/index.php\/produkty\/defibrylator-defimax-biphasic-z-monitorem\/"]}]},{"@type":"ImageObject","inLanguage":"pl-PL","@id":"https:\/\/emtel.pl\/index.php\/produkty\/defibrylator-defimax-biphasic-z-monitorem\/#primaryimage","url":"https:\/\/emtel.pl\/wp-content\/uploads\/2025\/11\/DSC02442-PL.jpg","contentUrl":"https:\/\/emtel.pl\/wp-content\/uploads\/2025\/11\/DSC02442-PL.jpg","width":2000,"height":1333,"caption":"DefiMax biphasic"},{"@type":"BreadcrumbList","@id":"https:\/\/emtel.pl\/index.php\/produkty\/defibrylator-defimax-biphasic-z-monitorem\/#breadcrumb","itemListElement":[{"@type":"ListItem","position":1,"name":"Strona g\u0142\u00f3wna","item":"https:\/\/emtel.pl\/"},{"@type":"ListItem","position":2,"name":"Produkty","item":"https:\/\/emtel.pl\/index.php\/produkty\/"},{"@type":"ListItem","position":3,"name":"Defibrylator DefiMax biphasic&nbsp;z&nbsp;monitorem"}]},{"@type":"WebSite","@id":"https:\/\/emtel.pl\/#website","url":"https:\/\/emtel.pl\/","name":"EMTEL - kardiomonitory, defibrylatory, profesjonalny serwis producenta","description":"Technologia od serca","potentialAction":[{"@type":"SearchAction","target":{"@type":"EntryPoint","urlTemplate":"https:\/\/emtel.pl\/?s={search_term_string}"},"query-input":{"@type":"PropertyValueSpecification","valueRequired":true,"valueName":"search_term_string"}}],"inLanguage":"pl-PL"}]}},"_links":{"self":[{"href":"https:\/\/emtel.pl\/index.php\/wp-json\/wp\/v2\/pages\/131","targetHints":{"allow":["GET"]}}],"collection":[{"href":"https:\/\/emtel.pl\/index.php\/wp-json\/wp\/v2\/pages"}],"about":[{"href":"https:\/\/emtel.pl\/index.php\/wp-json\/wp\/v2\/types\/page"}],"author":[{"embeddable":true,"href":"https:\/\/emtel.pl\/index.php\/wp-json\/wp\/v2\/users\/1"}],"replies":[{"embeddable":true,"href":"https:\/\/emtel.pl\/index.php\/wp-json\/wp\/v2\/comments?post=131"}],"version-history":[{"count":25,"href":"https:\/\/emtel.pl\/index.php\/wp-json\/wp\/v2\/pages\/131\/revisions"}],"predecessor-version":[{"id":333,"href":"https:\/\/emtel.pl\/index.php\/wp-json\/wp\/v2\/pages\/131\/revisions\/333"}],"up":[{"embeddable":true,"href":"https:\/\/emtel.pl\/index.php\/wp-json\/wp\/v2\/pages\/9"}],"wp:featuredmedia":[{"embeddable":true,"href":"https:\/\/emtel.pl\/index.php\/wp-json\/wp\/v2\/media\/3256"}],"wp:attachment":[{"href":"https:\/\/emtel.pl\/index.php\/wp-json\/wp\/v2\/media?parent=131"}],"curies":[{"name":"wp","href":"https:\/\/api.w.org\/{rel}","templated":true}]}}