{"id":140,"date":"2019-03-27T21:01:00","date_gmt":"2019-03-27T20:01:00","guid":{"rendered":"http:\/\/emtel.pl\/?page_id=140"},"modified":"2019-10-22T15:36:25","modified_gmt":"2019-10-22T13:36:25","slug":"anestezjologia-oiom-oiok-oit","status":"publish","type":"page","link":"https:\/\/emtel.pl\/index.php\/rozwiazania\/anestezjologia-oiom-oiok-oit\/","title":{"rendered":"Anestezjologia, OIOM, OIOK, OIT"},"content":{"rendered":"<section class=\"l-section wpb_row height_small\"><div class=\"l-section-h i-cf\"><div class=\"g-cols vc_row via_flex valign_top type_default stacking_default\"><div class=\"vc_col-sm-12 wpb_column vc_column_container\"><div class=\"vc_column-inner\"><div class=\"wpb_wrapper\"><div class=\"wpb_text_column\"><div class=\"wpb_wrapper\"><p title=\"FX 3000C \">Typowym i najcz\u0119\u015bciej wybieranym rozwi\u0105zaniem na potrzeby anestezjologii s\u0105 kardiomonitory modu\u0142owe serii <a href=\"http:\/\/emtel.pl\/index.php\/produkty\/kardiomonitor-modulowy-fx-3000md\/\">FX 3000MD<\/a> o przek\u0105tnej ekranu 19&#8243; wraz z central\u0105 monitoruj\u0105c\u0105 <a href=\"http:\/\/emtel.pl\/index.php\/produkty\/system-centralnego-nadzoru-fx-3000c\/\">FX 3000C<\/a>. Opr\u00f3cz podstawowych parametr\u00f3w monitorowania (EKG, oddechu, saturacji oraz ci\u015bnienia t\u0119tniczego), kardiomonitory zapewniaj\u0105 r\u00f3wnie\u017c monitorowanie:<\/p>\n<ul>\n<li>zawarto\u015bci dwutlenku w\u0119gla w powietrzu wydychanym (etCO<sub>2<\/sub>)\u00a0pacjenta,<\/li>\n<li>temperatury mierzonej w dw\u00f3ch punktach cia\u0142a,<\/li>\n<li>ci\u015bnienia krwawego (IBP) mierzonego w dw\u00f3ch punktach np. o\u015brodkowe ci\u015bnienie \u017cylne (OC\u017b) i ci\u015bnienie t\u0119tnicze,<\/li>\n<li>rzutu minutowego serca metod\u0105 termodylucji z u\u017cyciem cewnika Swana Ganza wraz z obliczeniami hemodynamicznymi,<\/li>\n<li>rzutu minutowego serca metod\u0105 nieinwazyjn\u0105 (ICG).<\/li>\n<\/ul>\n<p>Centrala monitoruj\u0105ca <a href=\"http:\/\/emtel.pl\/index.php\/produkty\/system-centralnego-nadzoru-fx-3000c\/\">FX 3000C<\/a>, zbieraj\u0105ca informacje z po\u0142\u0105czonych z ni\u0105 kardiomonitor\u00f3w, zapewnia m.in.:<\/p>\n<ul>\n<li>obserwacj\u0119 z jednego miejsca (np. dy\u017curki piel\u0119gniarek) wszystkich monitorowanych parametr\u00f3w z po\u0142\u0105czonych kardiomonitor\u00f3w,<\/li>\n<li>transmisj\u0119 interaktywn\u0105 pozwalaj\u0105c\u0105 na zdalny podgl\u0105d wszystkich lub wybranych kardiomonitor\u00f3w oraz zmian\u0119 ich ustawie\u0144,<\/li>\n<li>pe\u0142n\u0105 archiwizacj\u0119 danych,<\/li>\n<li>wydruk danych bie\u017c\u0105cych lub archiwalnych.<\/li>\n<\/ul>\n<p>Dodatkowo, oddzia\u0142y anestezjologii s\u0105 wyposa\u017cane w defibrylatory dwufazowe DefiMax biphasic z opcj\u0105 kardiowersji.\u00a0 Defibrylator mo\u017ce zosta\u0107 r\u00f3wnie\u017c wyposa\u017cony w pulsoksymetri\u0119, stymulacj\u0119 przezsk\u00f3rn\u0105, tryb p\u00f3\u0142automatyczny AED oraz w nieinwazyjny pomiar ci\u015bnienia.<\/p>\n<\/div><\/div><\/div><\/div><\/div><\/div><\/div><\/section>\n","protected":false},"excerpt":{"rendered":"Typowym i najcz\u0119\u015bciej wybieranym rozwi\u0105zaniem na potrzeby anestezjologii s\u0105 kardiomonitory modu\u0142owe serii FX 3000MD o przek\u0105tnej ekranu 19&#8243; wraz z central\u0105 monitoruj\u0105c\u0105 FX 3000C. Opr\u00f3cz podstawowych parametr\u00f3w monitorowania (EKG, oddechu, saturacji oraz ci\u015bnienia t\u0119tniczego), kardiomonitory zapewniaj\u0105 r\u00f3wnie\u017c monitorowanie: zawarto\u015bci dwutlenku w\u0119gla w powietrzu wydychanym (etCO2)\u00a0pacjenta, temperatury mierzonej w dw\u00f3ch punktach cia\u0142a, ci\u015bnienia krwawego (IBP) mierzonego...","protected":false},"author":1,"featured_media":0,"parent":11,"menu_order":1,"comment_status":"closed","ping_status":"closed","template":"","meta":{"_jet_sm_ready_style":"","_jet_sm_style":"","_jet_sm_controls_values":"","_jet_sm_fonts_collection":"","_jet_sm_fonts_links":"","footnotes":"","_links_to":"","_links_to_target":""},"class_list":["post-140","page","type-page","status-publish","hentry"],"yoast_head":"<!-- This site is optimized with the Yoast SEO plugin v26.6 - https:\/\/yoast.com\/wordpress\/plugins\/seo\/ -->\n<title>Anestezjologia, OIOM, OIOK, OIT - EMTEL - kardiomonitory, defibrylatory, profesjonalny serwis producenta<\/title>\n<meta name=\"description\" content=\"Typowym i najcz\u0119\u015bciej wybieranym rozwi\u0105zaniem na potrzeby anestezjologii s\u0105 kardiomonitory modu\u0142owe serii FX 3000MD o przek\u0105tnej ekranu 19&quot; wraz z central\u0105 monitoruj\u0105c\u0105 FX 3000C. Opr\u00f3cz podstawowych parametr\u00f3w monitorowania (EKG, oddechu, saturacji oraz ci\u015bnienia t\u0119tniczego), kardiomonitory zapewniaj\u0105 r\u00f3wnie\u017c monitorowanie:\" \/>\n<meta name=\"robots\" content=\"index, follow, max-snippet:-1, max-image-preview:large, max-video-preview:-1\" \/>\n<link rel=\"canonical\" href=\"https:\/\/emtel.pl\/index.php\/rozwiazania\/anestezjologia-oiom-oiok-oit\/\" \/>\n<meta property=\"og:locale\" content=\"pl_PL\" \/>\n<meta property=\"og:type\" content=\"article\" \/>\n<meta property=\"og:title\" content=\"Anestezjologia, OIOM, OIOK, OIT - EMTEL - kardiomonitory, defibrylatory, profesjonalny serwis producenta\" \/>\n<meta property=\"og:description\" content=\"Typowym i najcz\u0119\u015bciej wybieranym rozwi\u0105zaniem na potrzeby anestezjologii s\u0105 kardiomonitory modu\u0142owe serii FX 3000MD o przek\u0105tnej ekranu 19&quot; wraz z central\u0105 monitoruj\u0105c\u0105 FX 3000C. Opr\u00f3cz podstawowych parametr\u00f3w monitorowania (EKG, oddechu, saturacji oraz ci\u015bnienia t\u0119tniczego), kardiomonitory zapewniaj\u0105 r\u00f3wnie\u017c monitorowanie:\" \/>\n<meta property=\"og:url\" content=\"https:\/\/emtel.pl\/index.php\/rozwiazania\/anestezjologia-oiom-oiok-oit\/\" \/>\n<meta property=\"og:site_name\" content=\"EMTEL - kardiomonitory, defibrylatory, profesjonalny serwis producenta\" \/>\n<meta property=\"article:modified_time\" content=\"2019-10-22T13:36:25+00:00\" \/>\n<meta name=\"twitter:card\" content=\"summary_large_image\" \/>\n<meta name=\"twitter:label1\" content=\"Szacowany czas czytania\" \/>\n\t<meta name=\"twitter:data1\" content=\"1 minuta\" \/>\n<script type=\"application\/ld+json\" class=\"yoast-schema-graph\">{\"@context\":\"https:\/\/schema.org\",\"@graph\":[{\"@type\":\"WebPage\",\"@id\":\"https:\/\/emtel.pl\/index.php\/rozwiazania\/anestezjologia-oiom-oiok-oit\/\",\"url\":\"https:\/\/emtel.pl\/index.php\/rozwiazania\/anestezjologia-oiom-oiok-oit\/\",\"name\":\"Anestezjologia, OIOM, OIOK, OIT - EMTEL - kardiomonitory, defibrylatory, profesjonalny serwis producenta\",\"isPartOf\":{\"@id\":\"https:\/\/emtel.pl\/#website\"},\"datePublished\":\"2019-03-27T20:01:00+00:00\",\"dateModified\":\"2019-10-22T13:36:25+00:00\",\"description\":\"Typowym i najcz\u0119\u015bciej wybieranym rozwi\u0105zaniem na potrzeby anestezjologii s\u0105 kardiomonitory modu\u0142owe serii FX 3000MD o przek\u0105tnej ekranu 19\\\" wraz z central\u0105 monitoruj\u0105c\u0105 FX 3000C. Opr\u00f3cz podstawowych parametr\u00f3w monitorowania (EKG, oddechu, saturacji oraz ci\u015bnienia t\u0119tniczego), kardiomonitory zapewniaj\u0105 r\u00f3wnie\u017c monitorowanie:\",\"breadcrumb\":{\"@id\":\"https:\/\/emtel.pl\/index.php\/rozwiazania\/anestezjologia-oiom-oiok-oit\/#breadcrumb\"},\"inLanguage\":\"pl-PL\",\"potentialAction\":[{\"@type\":\"ReadAction\",\"target\":[\"https:\/\/emtel.pl\/index.php\/rozwiazania\/anestezjologia-oiom-oiok-oit\/\"]}]},{\"@type\":\"BreadcrumbList\",\"@id\":\"https:\/\/emtel.pl\/index.php\/rozwiazania\/anestezjologia-oiom-oiok-oit\/#breadcrumb\",\"itemListElement\":[{\"@type\":\"ListItem\",\"position\":1,\"name\":\"Strona g\u0142\u00f3wna\",\"item\":\"https:\/\/emtel.pl\/\"},{\"@type\":\"ListItem\",\"position\":2,\"name\":\"Rozwi\u0105zania\",\"item\":\"https:\/\/emtel.pl\/index.php\/rozwiazania\/\"},{\"@type\":\"ListItem\",\"position\":3,\"name\":\"Anestezjologia, OIOM, OIOK, OIT\"}]},{\"@type\":\"WebSite\",\"@id\":\"https:\/\/emtel.pl\/#website\",\"url\":\"https:\/\/emtel.pl\/\",\"name\":\"EMTEL - kardiomonitory, defibrylatory, profesjonalny serwis producenta\",\"description\":\"Technologia od serca\",\"potentialAction\":[{\"@type\":\"SearchAction\",\"target\":{\"@type\":\"EntryPoint\",\"urlTemplate\":\"https:\/\/emtel.pl\/?s={search_term_string}\"},\"query-input\":{\"@type\":\"PropertyValueSpecification\",\"valueRequired\":true,\"valueName\":\"search_term_string\"}}],\"inLanguage\":\"pl-PL\"}]}<\/script>\n<!-- \/ Yoast SEO plugin. -->","yoast_head_json":{"title":"Anestezjologia, OIOM, OIOK, OIT - EMTEL - kardiomonitory, defibrylatory, profesjonalny serwis producenta","description":"Typowym i najcz\u0119\u015bciej wybieranym rozwi\u0105zaniem na potrzeby anestezjologii s\u0105 kardiomonitory modu\u0142owe serii FX 3000MD o przek\u0105tnej ekranu 19\" wraz z central\u0105 monitoruj\u0105c\u0105 FX 3000C. Opr\u00f3cz podstawowych parametr\u00f3w monitorowania (EKG, oddechu, saturacji oraz ci\u015bnienia t\u0119tniczego), kardiomonitory zapewniaj\u0105 r\u00f3wnie\u017c monitorowanie:","robots":{"index":"index","follow":"follow","max-snippet":"max-snippet:-1","max-image-preview":"max-image-preview:large","max-video-preview":"max-video-preview:-1"},"canonical":"https:\/\/emtel.pl\/index.php\/rozwiazania\/anestezjologia-oiom-oiok-oit\/","og_locale":"pl_PL","og_type":"article","og_title":"Anestezjologia, OIOM, OIOK, OIT - EMTEL - kardiomonitory, defibrylatory, profesjonalny serwis producenta","og_description":"Typowym i najcz\u0119\u015bciej wybieranym rozwi\u0105zaniem na potrzeby anestezjologii s\u0105 kardiomonitory modu\u0142owe serii FX 3000MD o przek\u0105tnej ekranu 19\" wraz z central\u0105 monitoruj\u0105c\u0105 FX 3000C. Opr\u00f3cz podstawowych parametr\u00f3w monitorowania (EKG, oddechu, saturacji oraz ci\u015bnienia t\u0119tniczego), kardiomonitory zapewniaj\u0105 r\u00f3wnie\u017c monitorowanie:","og_url":"https:\/\/emtel.pl\/index.php\/rozwiazania\/anestezjologia-oiom-oiok-oit\/","og_site_name":"EMTEL - kardiomonitory, defibrylatory, profesjonalny serwis producenta","article_modified_time":"2019-10-22T13:36:25+00:00","twitter_card":"summary_large_image","twitter_misc":{"Szacowany czas czytania":"1 minuta"},"schema":{"@context":"https:\/\/schema.org","@graph":[{"@type":"WebPage","@id":"https:\/\/emtel.pl\/index.php\/rozwiazania\/anestezjologia-oiom-oiok-oit\/","url":"https:\/\/emtel.pl\/index.php\/rozwiazania\/anestezjologia-oiom-oiok-oit\/","name":"Anestezjologia, OIOM, OIOK, OIT - EMTEL - kardiomonitory, defibrylatory, profesjonalny serwis producenta","isPartOf":{"@id":"https:\/\/emtel.pl\/#website"},"datePublished":"2019-03-27T20:01:00+00:00","dateModified":"2019-10-22T13:36:25+00:00","description":"Typowym i najcz\u0119\u015bciej wybieranym rozwi\u0105zaniem na potrzeby anestezjologii s\u0105 kardiomonitory modu\u0142owe serii FX 3000MD o przek\u0105tnej ekranu 19\" wraz z central\u0105 monitoruj\u0105c\u0105 FX 3000C. Opr\u00f3cz podstawowych parametr\u00f3w monitorowania (EKG, oddechu, saturacji oraz ci\u015bnienia t\u0119tniczego), kardiomonitory zapewniaj\u0105 r\u00f3wnie\u017c monitorowanie:","breadcrumb":{"@id":"https:\/\/emtel.pl\/index.php\/rozwiazania\/anestezjologia-oiom-oiok-oit\/#breadcrumb"},"inLanguage":"pl-PL","potentialAction":[{"@type":"ReadAction","target":["https:\/\/emtel.pl\/index.php\/rozwiazania\/anestezjologia-oiom-oiok-oit\/"]}]},{"@type":"BreadcrumbList","@id":"https:\/\/emtel.pl\/index.php\/rozwiazania\/anestezjologia-oiom-oiok-oit\/#breadcrumb","itemListElement":[{"@type":"ListItem","position":1,"name":"Strona g\u0142\u00f3wna","item":"https:\/\/emtel.pl\/"},{"@type":"ListItem","position":2,"name":"Rozwi\u0105zania","item":"https:\/\/emtel.pl\/index.php\/rozwiazania\/"},{"@type":"ListItem","position":3,"name":"Anestezjologia, OIOM, OIOK, OIT"}]},{"@type":"WebSite","@id":"https:\/\/emtel.pl\/#website","url":"https:\/\/emtel.pl\/","name":"EMTEL - kardiomonitory, defibrylatory, profesjonalny serwis producenta","description":"Technologia od serca","potentialAction":[{"@type":"SearchAction","target":{"@type":"EntryPoint","urlTemplate":"https:\/\/emtel.pl\/?s={search_term_string}"},"query-input":{"@type":"PropertyValueSpecification","valueRequired":true,"valueName":"search_term_string"}}],"inLanguage":"pl-PL"}]}},"_links":{"self":[{"href":"https:\/\/emtel.pl\/index.php\/wp-json\/wp\/v2\/pages\/140","targetHints":{"allow":["GET"]}}],"collection":[{"href":"https:\/\/emtel.pl\/index.php\/wp-json\/wp\/v2\/pages"}],"about":[{"href":"https:\/\/emtel.pl\/index.php\/wp-json\/wp\/v2\/types\/page"}],"author":[{"embeddable":true,"href":"https:\/\/emtel.pl\/index.php\/wp-json\/wp\/v2\/users\/1"}],"replies":[{"embeddable":true,"href":"https:\/\/emtel.pl\/index.php\/wp-json\/wp\/v2\/comments?post=140"}],"version-history":[{"count":26,"href":"https:\/\/emtel.pl\/index.php\/wp-json\/wp\/v2\/pages\/140\/revisions"}],"predecessor-version":[{"id":1959,"href":"https:\/\/emtel.pl\/index.php\/wp-json\/wp\/v2\/pages\/140\/revisions\/1959"}],"up":[{"embeddable":true,"href":"https:\/\/emtel.pl\/index.php\/wp-json\/wp\/v2\/pages\/11"}],"wp:attachment":[{"href":"https:\/\/emtel.pl\/index.php\/wp-json\/wp\/v2\/media?parent=140"}],"curies":[{"name":"wp","href":"https:\/\/api.w.org\/{rel}","templated":true}]}}