{"id":146,"date":"2019-03-27T21:16:17","date_gmt":"2019-03-27T20:16:17","guid":{"rendered":"http:\/\/emtel.pl\/?page_id=146"},"modified":"2019-10-22T15:43:28","modified_gmt":"2019-10-22T13:43:28","slug":"dzieciecy-noworodkowy","status":"publish","type":"page","link":"https:\/\/emtel.pl\/index.php\/rozwiazania\/dzieciecy-noworodkowy\/","title":{"rendered":"Dzieci\u0119cy, noworodkowy"},"content":{"rendered":"<section class=\"l-section wpb_row height_small\"><div class=\"l-section-h i-cf\"><div class=\"g-cols vc_row via_flex valign_top type_default stacking_default\"><div class=\"vc_col-sm-12 wpb_column vc_column_container\"><div class=\"vc_column-inner\"><div class=\"wpb_wrapper\"><div class=\"wpb_text_column\"><div class=\"wpb_wrapper\"><p>Z racji szczeg\u00f3lnych wymaga\u0144 najmniejszych pacjent\u00f3w, sprz\u0119t u\u017cywany na oddzia\u0142ach dzieci\u0119cych i noworodkowych musi by\u0107 specjalnie do tego przystosowany.\u00a0 W oddzia\u0142ach tych najcz\u0119\u015bciej wybieranym rozwi\u0105zaniem s\u0105 kardiomonitory modu\u0142owe serii <a href=\"http:\/\/emtel.pl\/index.php\/produkty\/kardiomonitor-modulowy-fx-3000md\/\">FX 3000MD<\/a> o przek\u0105tnych ekran\u00f3w 15&#8243; lub 17&#8243; wraz ze stojakiem jezdnym umo\u017cliwiaj\u0105cym szybki i \u0142atwy transport kardiomonitora.\u00a0 Opr\u00f3cz podstawowych parametr\u00f3w monitorowania (EKG, saturacji oraz ci\u015bnienia t\u0119tniczego), kardiomonitory zapewniaj\u0105 r\u00f3wnie\u017c monitorowanie i nadz\u00f3r:<\/p>\n<ul>\n<li>oddechu wraz z nadzorem bezdechu,<\/li>\n<li>prezentacj\u0119 OxyCardioRespirogramu,<\/li>\n<li>jedno- i dwu-kana\u0142owego ci\u015bnienia metod\u0105 inwazyjn\u0105,<\/li>\n<li>temperatury cia\u0142a,<\/li>\n<li>zawarto\u015bci dwutlenku w\u0119gla w powietrzu wydychanym (etCO<sub>2<\/sub>) pacjenta.<\/li>\n<\/ul>\n<p>Kardiomonitory wyposa\u017cane s\u0105 w specjalistyczne zestawy akcesori\u00f3w dla noworodk\u00f3w i dzieci.<\/p>\n<p>Dodatkowo, oddzia\u0142y dzieci\u0119ce i noworodkowe s\u0105 wyposa\u017cane w defibrylatory dwufazowe <a href=\"http:\/\/emtel.pl\/index.php\/produkty\/defibrylator-defimax-biphasic-z-monitorem\/\">DefiMax biphasic<\/a> wyposa\u017cone w ma\u0142e \u0142y\u017cki twarde oraz elektrody jednorazowe.<\/p>\n<\/div><\/div><\/div><\/div><\/div><\/div><\/div><\/section>\n","protected":false},"excerpt":{"rendered":"Z racji szczeg\u00f3lnych wymaga\u0144 najmniejszych pacjent\u00f3w, sprz\u0119t u\u017cywany na oddzia\u0142ach dzieci\u0119cych i noworodkowych musi by\u0107 specjalnie do tego przystosowany.\u00a0 W oddzia\u0142ach tych najcz\u0119\u015bciej wybieranym rozwi\u0105zaniem s\u0105 kardiomonitory modu\u0142owe serii FX 3000MD o przek\u0105tnych ekran\u00f3w 15&#8243; lub 17&#8243; wraz ze stojakiem jezdnym umo\u017cliwiaj\u0105cym szybki i \u0142atwy transport kardiomonitora.\u00a0 Opr\u00f3cz podstawowych parametr\u00f3w monitorowania (EKG, saturacji oraz ci\u015bnienia...","protected":false},"author":1,"featured_media":0,"parent":11,"menu_order":4,"comment_status":"closed","ping_status":"closed","template":"","meta":{"_jet_sm_ready_style":"","_jet_sm_style":"","_jet_sm_controls_values":"","_jet_sm_fonts_collection":"","_jet_sm_fonts_links":"","footnotes":"","_links_to":"","_links_to_target":""},"class_list":["post-146","page","type-page","status-publish","hentry"],"yoast_head":"<!-- This site is optimized with the Yoast SEO plugin v26.6 - https:\/\/yoast.com\/wordpress\/plugins\/seo\/ -->\n<title>Dzieci\u0119cy, noworodkowy - EMTEL - kardiomonitory, defibrylatory, profesjonalny serwis producenta<\/title>\n<meta name=\"description\" content=\"Z racji szczeg\u00f3lnych wymaga\u0144 najmniejszych pacjent\u00f3w, sprz\u0119t u\u017cywany na oddzia\u0142ach dzieci\u0119cych i noworodkowych musi by\u0107 specjalnie do tego przystosowany.\" \/>\n<meta name=\"robots\" content=\"index, follow, max-snippet:-1, max-image-preview:large, max-video-preview:-1\" \/>\n<link rel=\"canonical\" href=\"https:\/\/emtel.pl\/index.php\/rozwiazania\/dzieciecy-noworodkowy\/\" \/>\n<meta property=\"og:locale\" content=\"pl_PL\" \/>\n<meta property=\"og:type\" content=\"article\" \/>\n<meta property=\"og:title\" content=\"Dzieci\u0119cy, noworodkowy - EMTEL - kardiomonitory, defibrylatory, profesjonalny serwis producenta\" \/>\n<meta property=\"og:description\" content=\"Z racji szczeg\u00f3lnych wymaga\u0144 najmniejszych pacjent\u00f3w, sprz\u0119t u\u017cywany na oddzia\u0142ach dzieci\u0119cych i noworodkowych musi by\u0107 specjalnie do tego przystosowany.\" \/>\n<meta property=\"og:url\" content=\"https:\/\/emtel.pl\/index.php\/rozwiazania\/dzieciecy-noworodkowy\/\" \/>\n<meta property=\"og:site_name\" content=\"EMTEL - kardiomonitory, defibrylatory, profesjonalny serwis producenta\" \/>\n<meta property=\"article:modified_time\" content=\"2019-10-22T13:43:28+00:00\" \/>\n<meta name=\"twitter:card\" content=\"summary_large_image\" \/>\n<meta name=\"twitter:label1\" content=\"Szacowany czas czytania\" \/>\n\t<meta name=\"twitter:data1\" content=\"1 minuta\" \/>\n<script type=\"application\/ld+json\" class=\"yoast-schema-graph\">{\"@context\":\"https:\/\/schema.org\",\"@graph\":[{\"@type\":\"WebPage\",\"@id\":\"https:\/\/emtel.pl\/index.php\/rozwiazania\/dzieciecy-noworodkowy\/\",\"url\":\"https:\/\/emtel.pl\/index.php\/rozwiazania\/dzieciecy-noworodkowy\/\",\"name\":\"Dzieci\u0119cy, noworodkowy - EMTEL - kardiomonitory, defibrylatory, profesjonalny serwis producenta\",\"isPartOf\":{\"@id\":\"https:\/\/emtel.pl\/#website\"},\"datePublished\":\"2019-03-27T20:16:17+00:00\",\"dateModified\":\"2019-10-22T13:43:28+00:00\",\"description\":\"Z racji szczeg\u00f3lnych wymaga\u0144 najmniejszych pacjent\u00f3w, sprz\u0119t u\u017cywany na oddzia\u0142ach dzieci\u0119cych i noworodkowych musi by\u0107 specjalnie do tego przystosowany.\",\"breadcrumb\":{\"@id\":\"https:\/\/emtel.pl\/index.php\/rozwiazania\/dzieciecy-noworodkowy\/#breadcrumb\"},\"inLanguage\":\"pl-PL\",\"potentialAction\":[{\"@type\":\"ReadAction\",\"target\":[\"https:\/\/emtel.pl\/index.php\/rozwiazania\/dzieciecy-noworodkowy\/\"]}]},{\"@type\":\"BreadcrumbList\",\"@id\":\"https:\/\/emtel.pl\/index.php\/rozwiazania\/dzieciecy-noworodkowy\/#breadcrumb\",\"itemListElement\":[{\"@type\":\"ListItem\",\"position\":1,\"name\":\"Strona g\u0142\u00f3wna\",\"item\":\"https:\/\/emtel.pl\/\"},{\"@type\":\"ListItem\",\"position\":2,\"name\":\"Rozwi\u0105zania\",\"item\":\"https:\/\/emtel.pl\/index.php\/rozwiazania\/\"},{\"@type\":\"ListItem\",\"position\":3,\"name\":\"Dzieci\u0119cy, noworodkowy\"}]},{\"@type\":\"WebSite\",\"@id\":\"https:\/\/emtel.pl\/#website\",\"url\":\"https:\/\/emtel.pl\/\",\"name\":\"EMTEL - kardiomonitory, defibrylatory, profesjonalny serwis producenta\",\"description\":\"Technologia od serca\",\"potentialAction\":[{\"@type\":\"SearchAction\",\"target\":{\"@type\":\"EntryPoint\",\"urlTemplate\":\"https:\/\/emtel.pl\/?s={search_term_string}\"},\"query-input\":{\"@type\":\"PropertyValueSpecification\",\"valueRequired\":true,\"valueName\":\"search_term_string\"}}],\"inLanguage\":\"pl-PL\"}]}<\/script>\n<!-- \/ Yoast SEO plugin. -->","yoast_head_json":{"title":"Dzieci\u0119cy, noworodkowy - EMTEL - kardiomonitory, defibrylatory, profesjonalny serwis producenta","description":"Z racji szczeg\u00f3lnych wymaga\u0144 najmniejszych pacjent\u00f3w, sprz\u0119t u\u017cywany na oddzia\u0142ach dzieci\u0119cych i noworodkowych musi by\u0107 specjalnie do tego przystosowany.","robots":{"index":"index","follow":"follow","max-snippet":"max-snippet:-1","max-image-preview":"max-image-preview:large","max-video-preview":"max-video-preview:-1"},"canonical":"https:\/\/emtel.pl\/index.php\/rozwiazania\/dzieciecy-noworodkowy\/","og_locale":"pl_PL","og_type":"article","og_title":"Dzieci\u0119cy, noworodkowy - EMTEL - kardiomonitory, defibrylatory, profesjonalny serwis producenta","og_description":"Z racji szczeg\u00f3lnych wymaga\u0144 najmniejszych pacjent\u00f3w, sprz\u0119t u\u017cywany na oddzia\u0142ach dzieci\u0119cych i noworodkowych musi by\u0107 specjalnie do tego przystosowany.","og_url":"https:\/\/emtel.pl\/index.php\/rozwiazania\/dzieciecy-noworodkowy\/","og_site_name":"EMTEL - kardiomonitory, defibrylatory, profesjonalny serwis producenta","article_modified_time":"2019-10-22T13:43:28+00:00","twitter_card":"summary_large_image","twitter_misc":{"Szacowany czas czytania":"1 minuta"},"schema":{"@context":"https:\/\/schema.org","@graph":[{"@type":"WebPage","@id":"https:\/\/emtel.pl\/index.php\/rozwiazania\/dzieciecy-noworodkowy\/","url":"https:\/\/emtel.pl\/index.php\/rozwiazania\/dzieciecy-noworodkowy\/","name":"Dzieci\u0119cy, noworodkowy - EMTEL - kardiomonitory, defibrylatory, profesjonalny serwis producenta","isPartOf":{"@id":"https:\/\/emtel.pl\/#website"},"datePublished":"2019-03-27T20:16:17+00:00","dateModified":"2019-10-22T13:43:28+00:00","description":"Z racji szczeg\u00f3lnych wymaga\u0144 najmniejszych pacjent\u00f3w, sprz\u0119t u\u017cywany na oddzia\u0142ach dzieci\u0119cych i noworodkowych musi by\u0107 specjalnie do tego przystosowany.","breadcrumb":{"@id":"https:\/\/emtel.pl\/index.php\/rozwiazania\/dzieciecy-noworodkowy\/#breadcrumb"},"inLanguage":"pl-PL","potentialAction":[{"@type":"ReadAction","target":["https:\/\/emtel.pl\/index.php\/rozwiazania\/dzieciecy-noworodkowy\/"]}]},{"@type":"BreadcrumbList","@id":"https:\/\/emtel.pl\/index.php\/rozwiazania\/dzieciecy-noworodkowy\/#breadcrumb","itemListElement":[{"@type":"ListItem","position":1,"name":"Strona g\u0142\u00f3wna","item":"https:\/\/emtel.pl\/"},{"@type":"ListItem","position":2,"name":"Rozwi\u0105zania","item":"https:\/\/emtel.pl\/index.php\/rozwiazania\/"},{"@type":"ListItem","position":3,"name":"Dzieci\u0119cy, noworodkowy"}]},{"@type":"WebSite","@id":"https:\/\/emtel.pl\/#website","url":"https:\/\/emtel.pl\/","name":"EMTEL - kardiomonitory, defibrylatory, profesjonalny serwis producenta","description":"Technologia od serca","potentialAction":[{"@type":"SearchAction","target":{"@type":"EntryPoint","urlTemplate":"https:\/\/emtel.pl\/?s={search_term_string}"},"query-input":{"@type":"PropertyValueSpecification","valueRequired":true,"valueName":"search_term_string"}}],"inLanguage":"pl-PL"}]}},"_links":{"self":[{"href":"https:\/\/emtel.pl\/index.php\/wp-json\/wp\/v2\/pages\/146","targetHints":{"allow":["GET"]}}],"collection":[{"href":"https:\/\/emtel.pl\/index.php\/wp-json\/wp\/v2\/pages"}],"about":[{"href":"https:\/\/emtel.pl\/index.php\/wp-json\/wp\/v2\/types\/page"}],"author":[{"embeddable":true,"href":"https:\/\/emtel.pl\/index.php\/wp-json\/wp\/v2\/users\/1"}],"replies":[{"embeddable":true,"href":"https:\/\/emtel.pl\/index.php\/wp-json\/wp\/v2\/comments?post=146"}],"version-history":[{"count":5,"href":"https:\/\/emtel.pl\/index.php\/wp-json\/wp\/v2\/pages\/146\/revisions"}],"predecessor-version":[{"id":1962,"href":"https:\/\/emtel.pl\/index.php\/wp-json\/wp\/v2\/pages\/146\/revisions\/1962"}],"up":[{"embeddable":true,"href":"https:\/\/emtel.pl\/index.php\/wp-json\/wp\/v2\/pages\/11"}],"wp:attachment":[{"href":"https:\/\/emtel.pl\/index.php\/wp-json\/wp\/v2\/media?parent=146"}],"curies":[{"name":"wp","href":"https:\/\/api.w.org\/{rel}","templated":true}]}}