{"id":150,"date":"2019-03-27T21:17:43","date_gmt":"2019-03-27T20:17:43","guid":{"rendered":"http:\/\/emtel.pl\/?page_id=150"},"modified":"2019-10-22T15:48:14","modified_gmt":"2019-10-22T13:48:14","slug":"neurologia-wewnetrzny","status":"publish","type":"page","link":"https:\/\/emtel.pl\/index.php\/rozwiazania\/neurologia-wewnetrzny\/","title":{"rendered":"Neurologia, wewn\u0119trzny"},"content":{"rendered":"<section class=\"l-section wpb_row height_small\"><div class=\"l-section-h i-cf\"><div class=\"g-cols vc_row via_flex valign_top type_default stacking_default\"><div class=\"vc_col-sm-12 wpb_column vc_column_container\"><div class=\"vc_column-inner\"><div class=\"wpb_wrapper\"><div class=\"wpb_text_column\"><div class=\"wpb_wrapper\"><p>Typowym i najcz\u0119\u015bciej wybieranym rozwi\u0105zaniem na potrzeby oddzia\u0142u neurologicznego i wewn\u0119trznego s\u0105 kardiomonitory kompaktowe serii <a href=\"http:\/\/emtel.pl\/index.php\/produkty\/kardiomonitor-kompaktowy-fx-3000\/\">FX 3000<\/a> o przek\u0105tnej ekranu 19&#8243;.\u00a0 Opr\u00f3cz podstawowych parametr\u00f3w monitorowania (EKG, oddechu, saturacji oraz ci\u015bnienia t\u0119tniczego), kardiomonitory zapewniaj\u0105 r\u00f3wnie\u017c monitorowanie i nadz\u00f3r:<\/p>\n<ul>\n<li>temperatury mierzonej w dowolnym punkcie cia\u0142a,<\/li>\n<li>ci\u015bnienia mierzonego metod\u0105 inwazyjn\u0105 (IBP),<\/li>\n<li>ci\u015bnienia \u015br\u00f3dczaszkowego przy u\u017cyciu specjalistycznego modu\u0142u pomiarowego.<\/li>\n<\/ul>\n<p>Dodatkowo, oddzia\u0142y neurologiczne i wewn\u0119trzne wyposa\u017cane s\u0105 w defibrylatory dwufazowe <a href=\"http:\/\/emtel.pl\/index.php\/produkty\/defibrylator-defimax-biphasic-z-monitorem\/\">DefiMax biphasic<\/a> z opcj\u0105:<\/p>\n<ul>\n<li>stymulatora pracuj\u0105cego w trybie asynchronicznym (sztywnym) lub synchronicznym (na \u017c\u0105danie),<\/li>\n<li>monitorowania saturacji (SpO<sub>2<\/sub>).<\/li>\n<\/ul>\n<\/div><\/div><\/div><\/div><\/div><\/div><\/div><\/section>\n","protected":false},"excerpt":{"rendered":"Typowym i najcz\u0119\u015bciej wybieranym rozwi\u0105zaniem na potrzeby oddzia\u0142u neurologicznego i wewn\u0119trznego s\u0105 kardiomonitory kompaktowe serii FX 3000 o przek\u0105tnej ekranu 19&#8243;.\u00a0 Opr\u00f3cz podstawowych parametr\u00f3w monitorowania (EKG, oddechu, saturacji oraz ci\u015bnienia t\u0119tniczego), kardiomonitory zapewniaj\u0105 r\u00f3wnie\u017c monitorowanie i nadz\u00f3r: temperatury mierzonej w dowolnym punkcie cia\u0142a, ci\u015bnienia mierzonego metod\u0105 inwazyjn\u0105 (IBP), ci\u015bnienia \u015br\u00f3dczaszkowego przy u\u017cyciu specjalistycznego modu\u0142u pomiarowego....","protected":false},"author":1,"featured_media":0,"parent":11,"menu_order":6,"comment_status":"closed","ping_status":"closed","template":"","meta":{"_jet_sm_ready_style":"","_jet_sm_style":"","_jet_sm_controls_values":"","_jet_sm_fonts_collection":"","_jet_sm_fonts_links":"","footnotes":"","_links_to":"","_links_to_target":""},"class_list":["post-150","page","type-page","status-publish","hentry"],"yoast_head":"<!-- This site is optimized with the Yoast SEO plugin v26.6 - https:\/\/yoast.com\/wordpress\/plugins\/seo\/ -->\n<title>Neurologia, wewn\u0119trzny - EMTEL - kardiomonitory, defibrylatory, profesjonalny serwis producenta<\/title>\n<meta name=\"description\" content=\"Typowym i najcz\u0119\u015bciej wybieranym rozwi\u0105zaniem na potrzeby oddzia\u0142u neurologicznego i wewn\u0119trznego s\u0105 kardiomonitory kompaktowe serii FX 3000 o przek\u0105tnej ekranu 19&quot;. Opr\u00f3cz podstawowych parametr\u00f3w monitorowania (EKG, oddechu, saturacji oraz ci\u015bnienia t\u0119tniczego)\" \/>\n<meta name=\"robots\" content=\"index, follow, max-snippet:-1, max-image-preview:large, max-video-preview:-1\" \/>\n<link rel=\"canonical\" href=\"https:\/\/emtel.pl\/index.php\/rozwiazania\/neurologia-wewnetrzny\/\" \/>\n<meta property=\"og:locale\" content=\"pl_PL\" \/>\n<meta property=\"og:type\" content=\"article\" \/>\n<meta property=\"og:title\" content=\"Neurologia, wewn\u0119trzny - EMTEL - kardiomonitory, defibrylatory, profesjonalny serwis producenta\" \/>\n<meta property=\"og:description\" content=\"Typowym i najcz\u0119\u015bciej wybieranym rozwi\u0105zaniem na potrzeby oddzia\u0142u neurologicznego i wewn\u0119trznego s\u0105 kardiomonitory kompaktowe serii FX 3000 o przek\u0105tnej ekranu 19&quot;. Opr\u00f3cz podstawowych parametr\u00f3w monitorowania (EKG, oddechu, saturacji oraz ci\u015bnienia t\u0119tniczego)\" \/>\n<meta property=\"og:url\" content=\"https:\/\/emtel.pl\/index.php\/rozwiazania\/neurologia-wewnetrzny\/\" \/>\n<meta property=\"og:site_name\" content=\"EMTEL - kardiomonitory, defibrylatory, profesjonalny serwis producenta\" \/>\n<meta property=\"article:modified_time\" content=\"2019-10-22T13:48:14+00:00\" \/>\n<meta name=\"twitter:card\" content=\"summary_large_image\" \/>\n<meta name=\"twitter:label1\" content=\"Szacowany czas czytania\" \/>\n\t<meta name=\"twitter:data1\" content=\"1 minuta\" \/>\n<script type=\"application\/ld+json\" class=\"yoast-schema-graph\">{\"@context\":\"https:\/\/schema.org\",\"@graph\":[{\"@type\":\"WebPage\",\"@id\":\"https:\/\/emtel.pl\/index.php\/rozwiazania\/neurologia-wewnetrzny\/\",\"url\":\"https:\/\/emtel.pl\/index.php\/rozwiazania\/neurologia-wewnetrzny\/\",\"name\":\"Neurologia, wewn\u0119trzny - EMTEL - kardiomonitory, defibrylatory, profesjonalny serwis producenta\",\"isPartOf\":{\"@id\":\"https:\/\/emtel.pl\/#website\"},\"datePublished\":\"2019-03-27T20:17:43+00:00\",\"dateModified\":\"2019-10-22T13:48:14+00:00\",\"description\":\"Typowym i najcz\u0119\u015bciej wybieranym rozwi\u0105zaniem na potrzeby oddzia\u0142u neurologicznego i wewn\u0119trznego s\u0105 kardiomonitory kompaktowe serii FX 3000 o przek\u0105tnej ekranu 19\\\". Opr\u00f3cz podstawowych parametr\u00f3w monitorowania (EKG, oddechu, saturacji oraz ci\u015bnienia t\u0119tniczego)\",\"breadcrumb\":{\"@id\":\"https:\/\/emtel.pl\/index.php\/rozwiazania\/neurologia-wewnetrzny\/#breadcrumb\"},\"inLanguage\":\"pl-PL\",\"potentialAction\":[{\"@type\":\"ReadAction\",\"target\":[\"https:\/\/emtel.pl\/index.php\/rozwiazania\/neurologia-wewnetrzny\/\"]}]},{\"@type\":\"BreadcrumbList\",\"@id\":\"https:\/\/emtel.pl\/index.php\/rozwiazania\/neurologia-wewnetrzny\/#breadcrumb\",\"itemListElement\":[{\"@type\":\"ListItem\",\"position\":1,\"name\":\"Strona g\u0142\u00f3wna\",\"item\":\"https:\/\/emtel.pl\/\"},{\"@type\":\"ListItem\",\"position\":2,\"name\":\"Rozwi\u0105zania\",\"item\":\"https:\/\/emtel.pl\/index.php\/rozwiazania\/\"},{\"@type\":\"ListItem\",\"position\":3,\"name\":\"Neurologia, wewn\u0119trzny\"}]},{\"@type\":\"WebSite\",\"@id\":\"https:\/\/emtel.pl\/#website\",\"url\":\"https:\/\/emtel.pl\/\",\"name\":\"EMTEL - kardiomonitory, defibrylatory, profesjonalny serwis producenta\",\"description\":\"Technologia od serca\",\"potentialAction\":[{\"@type\":\"SearchAction\",\"target\":{\"@type\":\"EntryPoint\",\"urlTemplate\":\"https:\/\/emtel.pl\/?s={search_term_string}\"},\"query-input\":{\"@type\":\"PropertyValueSpecification\",\"valueRequired\":true,\"valueName\":\"search_term_string\"}}],\"inLanguage\":\"pl-PL\"}]}<\/script>\n<!-- \/ Yoast SEO plugin. -->","yoast_head_json":{"title":"Neurologia, wewn\u0119trzny - EMTEL - kardiomonitory, defibrylatory, profesjonalny serwis producenta","description":"Typowym i najcz\u0119\u015bciej wybieranym rozwi\u0105zaniem na potrzeby oddzia\u0142u neurologicznego i wewn\u0119trznego s\u0105 kardiomonitory kompaktowe serii FX 3000 o przek\u0105tnej ekranu 19\". Opr\u00f3cz podstawowych parametr\u00f3w monitorowania (EKG, oddechu, saturacji oraz ci\u015bnienia t\u0119tniczego)","robots":{"index":"index","follow":"follow","max-snippet":"max-snippet:-1","max-image-preview":"max-image-preview:large","max-video-preview":"max-video-preview:-1"},"canonical":"https:\/\/emtel.pl\/index.php\/rozwiazania\/neurologia-wewnetrzny\/","og_locale":"pl_PL","og_type":"article","og_title":"Neurologia, wewn\u0119trzny - EMTEL - kardiomonitory, defibrylatory, profesjonalny serwis producenta","og_description":"Typowym i najcz\u0119\u015bciej wybieranym rozwi\u0105zaniem na potrzeby oddzia\u0142u neurologicznego i wewn\u0119trznego s\u0105 kardiomonitory kompaktowe serii FX 3000 o przek\u0105tnej ekranu 19\". Opr\u00f3cz podstawowych parametr\u00f3w monitorowania (EKG, oddechu, saturacji oraz ci\u015bnienia t\u0119tniczego)","og_url":"https:\/\/emtel.pl\/index.php\/rozwiazania\/neurologia-wewnetrzny\/","og_site_name":"EMTEL - kardiomonitory, defibrylatory, profesjonalny serwis producenta","article_modified_time":"2019-10-22T13:48:14+00:00","twitter_card":"summary_large_image","twitter_misc":{"Szacowany czas czytania":"1 minuta"},"schema":{"@context":"https:\/\/schema.org","@graph":[{"@type":"WebPage","@id":"https:\/\/emtel.pl\/index.php\/rozwiazania\/neurologia-wewnetrzny\/","url":"https:\/\/emtel.pl\/index.php\/rozwiazania\/neurologia-wewnetrzny\/","name":"Neurologia, wewn\u0119trzny - EMTEL - kardiomonitory, defibrylatory, profesjonalny serwis producenta","isPartOf":{"@id":"https:\/\/emtel.pl\/#website"},"datePublished":"2019-03-27T20:17:43+00:00","dateModified":"2019-10-22T13:48:14+00:00","description":"Typowym i najcz\u0119\u015bciej wybieranym rozwi\u0105zaniem na potrzeby oddzia\u0142u neurologicznego i wewn\u0119trznego s\u0105 kardiomonitory kompaktowe serii FX 3000 o przek\u0105tnej ekranu 19\". Opr\u00f3cz podstawowych parametr\u00f3w monitorowania (EKG, oddechu, saturacji oraz ci\u015bnienia t\u0119tniczego)","breadcrumb":{"@id":"https:\/\/emtel.pl\/index.php\/rozwiazania\/neurologia-wewnetrzny\/#breadcrumb"},"inLanguage":"pl-PL","potentialAction":[{"@type":"ReadAction","target":["https:\/\/emtel.pl\/index.php\/rozwiazania\/neurologia-wewnetrzny\/"]}]},{"@type":"BreadcrumbList","@id":"https:\/\/emtel.pl\/index.php\/rozwiazania\/neurologia-wewnetrzny\/#breadcrumb","itemListElement":[{"@type":"ListItem","position":1,"name":"Strona g\u0142\u00f3wna","item":"https:\/\/emtel.pl\/"},{"@type":"ListItem","position":2,"name":"Rozwi\u0105zania","item":"https:\/\/emtel.pl\/index.php\/rozwiazania\/"},{"@type":"ListItem","position":3,"name":"Neurologia, wewn\u0119trzny"}]},{"@type":"WebSite","@id":"https:\/\/emtel.pl\/#website","url":"https:\/\/emtel.pl\/","name":"EMTEL - kardiomonitory, defibrylatory, profesjonalny serwis producenta","description":"Technologia od serca","potentialAction":[{"@type":"SearchAction","target":{"@type":"EntryPoint","urlTemplate":"https:\/\/emtel.pl\/?s={search_term_string}"},"query-input":{"@type":"PropertyValueSpecification","valueRequired":true,"valueName":"search_term_string"}}],"inLanguage":"pl-PL"}]}},"_links":{"self":[{"href":"https:\/\/emtel.pl\/index.php\/wp-json\/wp\/v2\/pages\/150","targetHints":{"allow":["GET"]}}],"collection":[{"href":"https:\/\/emtel.pl\/index.php\/wp-json\/wp\/v2\/pages"}],"about":[{"href":"https:\/\/emtel.pl\/index.php\/wp-json\/wp\/v2\/types\/page"}],"author":[{"embeddable":true,"href":"https:\/\/emtel.pl\/index.php\/wp-json\/wp\/v2\/users\/1"}],"replies":[{"embeddable":true,"href":"https:\/\/emtel.pl\/index.php\/wp-json\/wp\/v2\/comments?post=150"}],"version-history":[{"count":6,"href":"https:\/\/emtel.pl\/index.php\/wp-json\/wp\/v2\/pages\/150\/revisions"}],"predecessor-version":[{"id":1965,"href":"https:\/\/emtel.pl\/index.php\/wp-json\/wp\/v2\/pages\/150\/revisions\/1965"}],"up":[{"embeddable":true,"href":"https:\/\/emtel.pl\/index.php\/wp-json\/wp\/v2\/pages\/11"}],"wp:attachment":[{"href":"https:\/\/emtel.pl\/index.php\/wp-json\/wp\/v2\/media?parent=150"}],"curies":[{"name":"wp","href":"https:\/\/api.w.org\/{rel}","templated":true}]}}