{"id":1507,"date":"2019-07-16T13:42:12","date_gmt":"2019-07-16T11:42:12","guid":{"rendered":"http:\/\/emtel.pl\/?page_id=1507"},"modified":"2025-11-17T16:37:20","modified_gmt":"2025-11-17T15:37:20","slug":"kardiomonitor-transportowy-fx-3000t","status":"publish","type":"page","link":"https:\/\/emtel.pl\/index.php\/produkty\/kardiomonitor-transportowy-fx-3000t\/","title":{"rendered":"Kardiomonitor transportowy FX&nbsp;3000T"},"content":{"rendered":"<section class=\"l-section wpb_row height_small\"><div class=\"l-section-h i-cf\"><div class=\"g-cols vc_row via_flex valign_top type_default stacking_default\"><div class=\"vc_col-sm-12 wpb_column vc_column_container\"><div class=\"vc_column-inner\"><div class=\"wpb_wrapper\"><div class=\"wpb_text_column\"><div class=\"wpb_wrapper\"><p><strong>Niewielkich rozmiar\u00f3w kardiomonitor zapewniaj\u0105cy nadz\u00f3r parametr\u00f3w \u017cyciowych podczas transportu pacjenta.<\/strong><\/p>\n<\/div><\/div><\/div><\/div><\/div><\/div><\/div><\/section><section class=\"l-section wpb_row us_custom_84975378 height_auto\"><div class=\"l-section-h i-cf\"><div class=\"g-cols vc_row via_flex valign_top type_default stacking_default\"><div class=\"vc_col-sm-12 wpb_column vc_column_container\"><div class=\"vc_column-inner\"><div class=\"wpb_wrapper\"><div class=\"wpb_text_column\"><div class=\"wpb_wrapper\">\n\t\t\t<!-- START FX 3000T REVOLUTION SLIDER 6.7.40 --><p class=\"rs-p-wp-fix\"><\/p>\n\t\t\t<rs-module-wrap id=\"rev_slider_20_1_wrapper\" data-source=\"gallery\" style=\"visibility:hidden;background:transparent;padding:0;margin:0px auto;margin-top:0;margin-bottom:0;\">\n\t\t\t\t<rs-module id=\"rev_slider_20_1\" class=\" rs-ov-hidden\" style=\"\" data-version=\"6.7.40\">\n\t\t\t\t\t<rs-slides style=\"overflow: hidden; position: absolute;\">\n\t\t\t\t\t\t<rs-slide style=\"position: absolute;\" data-key=\"rs-62\" data-title=\"Slide\" data-thumb=\"\/\/emtel.pl\/wp-content\/uploads\/2025\/11\/DSC02419-PL-125x125.jpg\" data-anim=\"ms:600;\" data-in=\"o:0;\" data-out=\"a:false;\">\n\t\t\t\t\t\t\t<img decoding=\"async\" src=\"\/\/emtel.pl\/wp-content\/plugins\/revslider\/sr6\/assets\/assets\/dummy.png\" alt=\"FX 3000T\" title=\"FX 3000T\" width=\"2000\" height=\"1333\" class=\"rev-slidebg tp-rs-img rs-lazyload\" data-lazyload=\"\/\/emtel.pl\/wp-content\/uploads\/2025\/11\/DSC02419-PL.jpg\" data-bg=\"f:contain;\" data-no-retina>\n<!---->\t\t\t\t\t<\/rs-slide>\n\t\t\t\t\t\t<rs-slide style=\"position: absolute;\" data-key=\"rs-63\" data-title=\"Slide\" data-thumb=\"\/\/emtel.pl\/wp-content\/uploads\/2025\/11\/DSC02508-PL-125x125.jpg\" data-anim=\"ms:600;\" data-in=\"o:0;\" data-out=\"a:false;\">\n\t\t\t\t\t\t\t<img decoding=\"async\" src=\"\/\/emtel.pl\/wp-content\/plugins\/revslider\/sr6\/assets\/assets\/dummy.png\" alt=\"FX 3000T\" title=\"FX 3000T\" width=\"2000\" height=\"1333\" class=\"rev-slidebg tp-rs-img rs-lazyload\" data-lazyload=\"\/\/emtel.pl\/wp-content\/uploads\/2025\/11\/DSC02508-PL.jpg\" data-bg=\"f:contain;\" data-no-retina>\n<!---->\t\t\t\t\t<\/rs-slide>\n\t\t\t\t\t\t<rs-slide style=\"position: absolute;\" data-key=\"rs-64\" data-title=\"Slide\" data-thumb=\"\/\/emtel.pl\/wp-content\/uploads\/2025\/11\/DSC02511-PL-125x125.jpg\" data-anim=\"ms:600;\" data-in=\"o:0;\" data-out=\"a:false;\">\n\t\t\t\t\t\t\t<img decoding=\"async\" src=\"\/\/emtel.pl\/wp-content\/plugins\/revslider\/sr6\/assets\/assets\/dummy.png\" alt=\"FX 3000T\" title=\"FX 3000T\" width=\"2000\" height=\"1333\" class=\"rev-slidebg tp-rs-img rs-lazyload\" data-lazyload=\"\/\/emtel.pl\/wp-content\/uploads\/2025\/11\/DSC02511-PL.jpg\" data-bg=\"f:contain;\" data-no-retina>\n<!---->\t\t\t\t\t<\/rs-slide>\n\t\t\t\t\t\t<rs-slide style=\"position: absolute;\" data-key=\"rs-65\" data-title=\"Slide\" data-thumb=\"\/\/emtel.pl\/wp-content\/uploads\/2025\/11\/FX-3000MD-19-DSC02366-PL-1-125x125.jpg\" data-anim=\"ms:600;\" data-in=\"o:0;\" data-out=\"a:false;\">\n\t\t\t\t\t\t\t<img decoding=\"async\" src=\"\/\/emtel.pl\/wp-content\/plugins\/revslider\/sr6\/assets\/assets\/dummy.png\" alt=\"FX 3000MD 19\" title=\"FX 3000MD 19\" width=\"2000\" height=\"1333\" class=\"rev-slidebg tp-rs-img rs-lazyload\" data-lazyload=\"\/\/emtel.pl\/wp-content\/uploads\/2025\/11\/FX-3000MD-19-DSC02366-PL-1.jpg\" data-bg=\"f:contain;\" data-no-retina>\n<!---->\t\t\t\t\t<\/rs-slide>\n\t\t\t\t\t<\/rs-slides>\n\t\t\t\t<\/rs-module>\n\t\t\t\t<script>\n\t\t\t\t\tsetREVStartSize({c: 'rev_slider_20_1',rl:[1240,1024,768,480],el:[800],gw:[1240],gh:[800],type:'standard',justify:'',layout:'fullwidth',thumbh:\"125\",mh:\"0\"});if (window.RS_MODULES!==undefined && window.RS_MODULES.modules!==undefined && window.RS_MODULES.modules[\"revslider201\"]!==undefined) {window.RS_MODULES.modules[\"revslider201\"].once = false;window.revapi20 = undefined;if (window.RS_MODULES.checkMinimal!==undefined) window.RS_MODULES.checkMinimal()}\n\t\t\t\t<\/script>\n\t\t\t<\/rs-module-wrap>\n\t\t\t<!-- END REVOLUTION SLIDER -->\n\n<\/div><\/div><\/div><\/div><\/div><\/div><\/div><\/section><section class=\"l-section wpb_row height_small\"><div class=\"l-section-h i-cf\"><div class=\"g-cols vc_row via_flex valign_top type_default stacking_default\"><div class=\"vc_col-sm-12 wpb_column vc_column_container\"><div class=\"vc_column-inner\"><div class=\"wpb_wrapper\"><div class=\"wpb_text_column\"><div class=\"wpb_wrapper\"><p>Kardiomonitor FX 3000T jest urz\u0105dzeniem transportowym, kt\u00f3re mo\u017ce pracowa\u0107 samodzielnie jako niezale\u017cny kardiomonitor, a tak\u017ce jako wymienny modu\u0142 transportowy kardiomonitora FX 3000MD.<\/p>\n<p>Jest on wyposa\u017cony w kolorowy ekran o przek\u0105tnej 5,7 cali. Pozwala na monitorowanie takich parametr\u00f3w jak: EKG, respiracja, natlenowanie krwi SpO<sub>2<\/sub>, ci\u015bnienie krwi NIBP, temperatura oraz inne.<\/p>\n<p>Urz\u0105dzenie mo\u017ce zosta\u0107 zainstalowane w kardiomonitorze modu\u0142owym, a tak\u017ce na p\u00f3\u0142ce \u015bciennej, szynie medycznej lub stojaku jezdnym.<\/p>\n<\/div><\/div><\/div><\/div><\/div><\/div><\/div><\/section><section class=\"l-section wpb_row us_custom_74af54a7 height_auto\"><div class=\"l-section-h i-cf\"><div class=\"g-cols vc_row via_flex valign_top type_default stacking_default\"><div class=\"vc_col-sm-12 wpb_column vc_column_container\"><div class=\"vc_column-inner\"><div class=\"wpb_wrapper\"><div class=\"wpb_text_column us_custom_a106749e\"><div class=\"wpb_wrapper\"><h3>Do pobrania:<\/h3>\n<\/div><\/div><div class=\"uavc-list-icon uavc-list-icon-wrapper ult-adjust-bottom-margin   vc_custom_1560498657262  vc_custom_1560498657262\"><ul class=\"uavc-list\"><li><div class=\"uavc-list-content\" id=\"list-icon-wrap-4692\">\n<div class=\"uavc-list-icon margin-bottom:0; \" data-animation=\"\" data-animation-delay=\"03\" style=\"margin-right:10px;\"><div class=\"ult-just-icon-wrapper  \"><div class=\"align-icon\" style=\"text-align:center;\">\n<div class=\"aio-icon-img \" style=\"font-size:35px;display:inline-block;\" >\n\t<img decoding=\"async\" class=\"img-icon\" alt=\"null\" src=\"https:\/\/emtel.pl\/wp-content\/uploads\/2019\/06\/icon-pdf.png\"\/>\n<\/div><\/div><\/div>\n<\/div><span  data-ultimate-target='#list-icon-wrap-4692 .uavc-list-desc'  data-responsive-json-new='{\"font-size\":\"\",\"line-height\":\"\"}'  class=\"uavc-list-desc ult-responsive\" style=\"\"><a href=\"\/wp-content\/uploads\/2021\/11\/FX-3000T.pdf\" target=\"_blank\" rel=\"noopener noreferrer\">Kardiomonitor transportowy FX&nbsp;3000T &#8211; katalog<\/a><\/p>\n<\/span><\/div><\/li><\/ul><\/div><\/div><\/div><\/div><\/div><\/div><\/section><!-- Row Backgrounds --><div class=\"upb_color\" data-bg-override=\"0\" data-bg-color=\"#f7f7f7\" data-fadeout=\"\" data-fadeout-percentage=\"30\" data-parallax-content=\"\" data-parallax-content-sense=\"30\" data-row-effect-mobile-disable=\"true\" data-img-parallax-mobile-disable=\"true\" data-rtl=\"false\"  data-custom-vc-row=\"\"  data-vc=\"8.7.2\"  data-is_old_vc=\"\"  data-theme-support=\"\"   data-overlay=\"false\" data-overlay-color=\"\" data-overlay-pattern=\"\" data-overlay-pattern-opacity=\"\" data-overlay-pattern-size=\"\"    ><\/div><section class=\"l-section wpb_row us_custom_1e0f1a18 height_small\"><div class=\"l-section-h i-cf\"><div class=\"g-cols vc_row via_flex valign_top type_default stacking_default\"><div class=\"vc_col-sm-12 wpb_column vc_column_container\"><div class=\"vc_column-inner\"><div class=\"wpb_wrapper\"><div class=\"wpb_text_column\"><div class=\"wpb_wrapper\"><h3 style=\"text-align: center;\">Aparat posiada certyfikat CE i zarejestrowany jest w Urz\u0119dzie Rejestracji Wyrob\u00f3w Medycznych.<\/h3>\n<\/div><\/div><\/div><\/div><\/div><\/div><\/div><\/section><!-- Row Backgrounds --><div class=\"upb_color\" data-bg-override=\"0\" data-bg-color=\"#f5f5f5\" data-fadeout=\"\" data-fadeout-percentage=\"30\" data-parallax-content=\"\" data-parallax-content-sense=\"30\" data-row-effect-mobile-disable=\"true\" data-img-parallax-mobile-disable=\"true\" data-rtl=\"false\"  data-custom-vc-row=\"\"  data-vc=\"8.7.2\"  data-is_old_vc=\"\"  data-theme-support=\"\"   data-overlay=\"false\" data-overlay-color=\"\" data-overlay-pattern=\"\" data-overlay-pattern-opacity=\"\" data-overlay-pattern-size=\"\"    ><\/div>\n","protected":false},"excerpt":{"rendered":"Niewielkich rozmiar\u00f3w kardiomonitor zapewniaj\u0105cy nadz\u00f3r parametr\u00f3w \u017cyciowych podczas transportu pacjenta. Kardiomonitor FX 3000T jest urz\u0105dzeniem transportowym, kt\u00f3re mo\u017ce pracowa\u0107 samodzielnie jako niezale\u017cny kardiomonitor, a tak\u017ce jako wymienny modu\u0142 transportowy kardiomonitora FX 3000MD. Jest on wyposa\u017cony w kolorowy ekran o przek\u0105tnej 5,7 cali. Pozwala na monitorowanie takich parametr\u00f3w jak: EKG, respiracja, natlenowanie krwi SpO2, ci\u015bnienie krwi...","protected":false},"author":1,"featured_media":3231,"parent":9,"menu_order":4,"comment_status":"closed","ping_status":"closed","template":"","meta":{"_jet_sm_ready_style":"","_jet_sm_style":"","_jet_sm_controls_values":"","_jet_sm_fonts_collection":"","_jet_sm_fonts_links":"","footnotes":"","_links_to":"","_links_to_target":""},"class_list":["post-1507","page","type-page","status-publish","has-post-thumbnail","hentry"],"yoast_head":"<!-- This site is optimized with the Yoast SEO plugin v26.6 - https:\/\/yoast.com\/wordpress\/plugins\/seo\/ -->\n<title>Kardiomonitor transportowy FX&nbsp;3000T - EMTEL - kardiomonitory, defibrylatory, profesjonalny serwis producenta<\/title>\n<meta name=\"description\" content=\"FX 3000MD jest wielofunkcyjnym kardiomonitorem umo\u017cliwiaj\u0105cym monitorowanie oraz nadz\u00f3r istotnych dla \u017cycia parametr\u00f3w biologicznych pacjenta na sali intensywnej terapii, w trakcie zabiegu na sali operacyjnej i oddziale wybudze\u0144, jak r\u00f3wnie\u017c na oddziale intensywnej opieki internistycznej. Przeznaczony jest tak\u017ce do monitorowania noworodk\u00f3w.\" \/>\n<meta name=\"robots\" content=\"index, follow, max-snippet:-1, max-image-preview:large, max-video-preview:-1\" \/>\n<link rel=\"canonical\" href=\"https:\/\/emtel.pl\/index.php\/produkty\/kardiomonitor-transportowy-fx-3000t\/\" \/>\n<meta property=\"og:locale\" content=\"pl_PL\" \/>\n<meta property=\"og:type\" content=\"article\" \/>\n<meta property=\"og:title\" content=\"Kardiomonitor transportowy FX&nbsp;3000T - EMTEL - kardiomonitory, defibrylatory, profesjonalny serwis producenta\" \/>\n<meta property=\"og:description\" content=\"FX 3000MD jest wielofunkcyjnym kardiomonitorem umo\u017cliwiaj\u0105cym monitorowanie oraz nadz\u00f3r istotnych dla \u017cycia parametr\u00f3w biologicznych pacjenta na sali intensywnej terapii, w trakcie zabiegu na sali operacyjnej i oddziale wybudze\u0144, jak r\u00f3wnie\u017c na oddziale intensywnej opieki internistycznej. Przeznaczony jest tak\u017ce do monitorowania noworodk\u00f3w.\" \/>\n<meta property=\"og:url\" content=\"https:\/\/emtel.pl\/index.php\/produkty\/kardiomonitor-transportowy-fx-3000t\/\" \/>\n<meta property=\"og:site_name\" content=\"EMTEL - kardiomonitory, defibrylatory, profesjonalny serwis producenta\" \/>\n<meta property=\"article:modified_time\" content=\"2025-11-17T15:37:20+00:00\" \/>\n<meta property=\"og:image\" content=\"http:\/\/emtel.pl\/wp-content\/uploads\/2025\/11\/DSC02419-PL.jpg\" \/>\n\t<meta property=\"og:image:width\" content=\"2000\" \/>\n\t<meta property=\"og:image:height\" content=\"1333\" \/>\n\t<meta property=\"og:image:type\" content=\"image\/jpeg\" \/>\n<meta name=\"twitter:card\" content=\"summary_large_image\" \/>\n<meta name=\"twitter:label1\" content=\"Szacowany czas czytania\" \/>\n\t<meta name=\"twitter:data1\" content=\"2 minuty\" \/>\n<script type=\"application\/ld+json\" class=\"yoast-schema-graph\">{\"@context\":\"https:\/\/schema.org\",\"@graph\":[{\"@type\":\"WebPage\",\"@id\":\"https:\/\/emtel.pl\/index.php\/produkty\/kardiomonitor-transportowy-fx-3000t\/\",\"url\":\"https:\/\/emtel.pl\/index.php\/produkty\/kardiomonitor-transportowy-fx-3000t\/\",\"name\":\"Kardiomonitor transportowy FX&nbsp;3000T - EMTEL - kardiomonitory, defibrylatory, profesjonalny serwis producenta\",\"isPartOf\":{\"@id\":\"https:\/\/emtel.pl\/#website\"},\"primaryImageOfPage\":{\"@id\":\"https:\/\/emtel.pl\/index.php\/produkty\/kardiomonitor-transportowy-fx-3000t\/#primaryimage\"},\"image\":{\"@id\":\"https:\/\/emtel.pl\/index.php\/produkty\/kardiomonitor-transportowy-fx-3000t\/#primaryimage\"},\"thumbnailUrl\":\"https:\/\/emtel.pl\/wp-content\/uploads\/2025\/11\/DSC02419-PL.jpg\",\"datePublished\":\"2019-07-16T11:42:12+00:00\",\"dateModified\":\"2025-11-17T15:37:20+00:00\",\"description\":\"FX 3000MD jest wielofunkcyjnym kardiomonitorem umo\u017cliwiaj\u0105cym monitorowanie oraz nadz\u00f3r istotnych dla \u017cycia parametr\u00f3w biologicznych pacjenta na sali intensywnej terapii, w trakcie zabiegu na sali operacyjnej i oddziale wybudze\u0144, jak r\u00f3wnie\u017c na oddziale intensywnej opieki internistycznej. Przeznaczony jest tak\u017ce do monitorowania noworodk\u00f3w.\",\"breadcrumb\":{\"@id\":\"https:\/\/emtel.pl\/index.php\/produkty\/kardiomonitor-transportowy-fx-3000t\/#breadcrumb\"},\"inLanguage\":\"pl-PL\",\"potentialAction\":[{\"@type\":\"ReadAction\",\"target\":[\"https:\/\/emtel.pl\/index.php\/produkty\/kardiomonitor-transportowy-fx-3000t\/\"]}]},{\"@type\":\"ImageObject\",\"inLanguage\":\"pl-PL\",\"@id\":\"https:\/\/emtel.pl\/index.php\/produkty\/kardiomonitor-transportowy-fx-3000t\/#primaryimage\",\"url\":\"https:\/\/emtel.pl\/wp-content\/uploads\/2025\/11\/DSC02419-PL.jpg\",\"contentUrl\":\"https:\/\/emtel.pl\/wp-content\/uploads\/2025\/11\/DSC02419-PL.jpg\",\"width\":2000,\"height\":1333,\"caption\":\"FX 3000T\"},{\"@type\":\"BreadcrumbList\",\"@id\":\"https:\/\/emtel.pl\/index.php\/produkty\/kardiomonitor-transportowy-fx-3000t\/#breadcrumb\",\"itemListElement\":[{\"@type\":\"ListItem\",\"position\":1,\"name\":\"Strona g\u0142\u00f3wna\",\"item\":\"https:\/\/emtel.pl\/\"},{\"@type\":\"ListItem\",\"position\":2,\"name\":\"Produkty\",\"item\":\"https:\/\/emtel.pl\/index.php\/produkty\/\"},{\"@type\":\"ListItem\",\"position\":3,\"name\":\"Kardiomonitor transportowy FX&nbsp;3000T\"}]},{\"@type\":\"WebSite\",\"@id\":\"https:\/\/emtel.pl\/#website\",\"url\":\"https:\/\/emtel.pl\/\",\"name\":\"EMTEL - kardiomonitory, defibrylatory, profesjonalny serwis producenta\",\"description\":\"Technologia od serca\",\"potentialAction\":[{\"@type\":\"SearchAction\",\"target\":{\"@type\":\"EntryPoint\",\"urlTemplate\":\"https:\/\/emtel.pl\/?s={search_term_string}\"},\"query-input\":{\"@type\":\"PropertyValueSpecification\",\"valueRequired\":true,\"valueName\":\"search_term_string\"}}],\"inLanguage\":\"pl-PL\"}]}<\/script>\n<!-- \/ Yoast SEO plugin. -->","yoast_head_json":{"title":"Kardiomonitor transportowy FX&nbsp;3000T - EMTEL - kardiomonitory, defibrylatory, profesjonalny serwis producenta","description":"FX 3000MD jest wielofunkcyjnym kardiomonitorem umo\u017cliwiaj\u0105cym monitorowanie oraz nadz\u00f3r istotnych dla \u017cycia parametr\u00f3w biologicznych pacjenta na sali intensywnej terapii, w trakcie zabiegu na sali operacyjnej i oddziale wybudze\u0144, jak r\u00f3wnie\u017c na oddziale intensywnej opieki internistycznej. Przeznaczony jest tak\u017ce do monitorowania noworodk\u00f3w.","robots":{"index":"index","follow":"follow","max-snippet":"max-snippet:-1","max-image-preview":"max-image-preview:large","max-video-preview":"max-video-preview:-1"},"canonical":"https:\/\/emtel.pl\/index.php\/produkty\/kardiomonitor-transportowy-fx-3000t\/","og_locale":"pl_PL","og_type":"article","og_title":"Kardiomonitor transportowy FX&nbsp;3000T - EMTEL - kardiomonitory, defibrylatory, profesjonalny serwis producenta","og_description":"FX 3000MD jest wielofunkcyjnym kardiomonitorem umo\u017cliwiaj\u0105cym monitorowanie oraz nadz\u00f3r istotnych dla \u017cycia parametr\u00f3w biologicznych pacjenta na sali intensywnej terapii, w trakcie zabiegu na sali operacyjnej i oddziale wybudze\u0144, jak r\u00f3wnie\u017c na oddziale intensywnej opieki internistycznej. Przeznaczony jest tak\u017ce do monitorowania noworodk\u00f3w.","og_url":"https:\/\/emtel.pl\/index.php\/produkty\/kardiomonitor-transportowy-fx-3000t\/","og_site_name":"EMTEL - kardiomonitory, defibrylatory, profesjonalny serwis producenta","article_modified_time":"2025-11-17T15:37:20+00:00","og_image":[{"width":2000,"height":1333,"url":"http:\/\/emtel.pl\/wp-content\/uploads\/2025\/11\/DSC02419-PL.jpg","type":"image\/jpeg"}],"twitter_card":"summary_large_image","twitter_misc":{"Szacowany czas czytania":"2 minuty"},"schema":{"@context":"https:\/\/schema.org","@graph":[{"@type":"WebPage","@id":"https:\/\/emtel.pl\/index.php\/produkty\/kardiomonitor-transportowy-fx-3000t\/","url":"https:\/\/emtel.pl\/index.php\/produkty\/kardiomonitor-transportowy-fx-3000t\/","name":"Kardiomonitor transportowy FX&nbsp;3000T - EMTEL - kardiomonitory, defibrylatory, profesjonalny serwis producenta","isPartOf":{"@id":"https:\/\/emtel.pl\/#website"},"primaryImageOfPage":{"@id":"https:\/\/emtel.pl\/index.php\/produkty\/kardiomonitor-transportowy-fx-3000t\/#primaryimage"},"image":{"@id":"https:\/\/emtel.pl\/index.php\/produkty\/kardiomonitor-transportowy-fx-3000t\/#primaryimage"},"thumbnailUrl":"https:\/\/emtel.pl\/wp-content\/uploads\/2025\/11\/DSC02419-PL.jpg","datePublished":"2019-07-16T11:42:12+00:00","dateModified":"2025-11-17T15:37:20+00:00","description":"FX 3000MD jest wielofunkcyjnym kardiomonitorem umo\u017cliwiaj\u0105cym monitorowanie oraz nadz\u00f3r istotnych dla \u017cycia parametr\u00f3w biologicznych pacjenta na sali intensywnej terapii, w trakcie zabiegu na sali operacyjnej i oddziale wybudze\u0144, jak r\u00f3wnie\u017c na oddziale intensywnej opieki internistycznej. Przeznaczony jest tak\u017ce do monitorowania noworodk\u00f3w.","breadcrumb":{"@id":"https:\/\/emtel.pl\/index.php\/produkty\/kardiomonitor-transportowy-fx-3000t\/#breadcrumb"},"inLanguage":"pl-PL","potentialAction":[{"@type":"ReadAction","target":["https:\/\/emtel.pl\/index.php\/produkty\/kardiomonitor-transportowy-fx-3000t\/"]}]},{"@type":"ImageObject","inLanguage":"pl-PL","@id":"https:\/\/emtel.pl\/index.php\/produkty\/kardiomonitor-transportowy-fx-3000t\/#primaryimage","url":"https:\/\/emtel.pl\/wp-content\/uploads\/2025\/11\/DSC02419-PL.jpg","contentUrl":"https:\/\/emtel.pl\/wp-content\/uploads\/2025\/11\/DSC02419-PL.jpg","width":2000,"height":1333,"caption":"FX 3000T"},{"@type":"BreadcrumbList","@id":"https:\/\/emtel.pl\/index.php\/produkty\/kardiomonitor-transportowy-fx-3000t\/#breadcrumb","itemListElement":[{"@type":"ListItem","position":1,"name":"Strona g\u0142\u00f3wna","item":"https:\/\/emtel.pl\/"},{"@type":"ListItem","position":2,"name":"Produkty","item":"https:\/\/emtel.pl\/index.php\/produkty\/"},{"@type":"ListItem","position":3,"name":"Kardiomonitor transportowy FX&nbsp;3000T"}]},{"@type":"WebSite","@id":"https:\/\/emtel.pl\/#website","url":"https:\/\/emtel.pl\/","name":"EMTEL - kardiomonitory, defibrylatory, profesjonalny serwis producenta","description":"Technologia od serca","potentialAction":[{"@type":"SearchAction","target":{"@type":"EntryPoint","urlTemplate":"https:\/\/emtel.pl\/?s={search_term_string}"},"query-input":{"@type":"PropertyValueSpecification","valueRequired":true,"valueName":"search_term_string"}}],"inLanguage":"pl-PL"}]}},"_links":{"self":[{"href":"https:\/\/emtel.pl\/index.php\/wp-json\/wp\/v2\/pages\/1507","targetHints":{"allow":["GET"]}}],"collection":[{"href":"https:\/\/emtel.pl\/index.php\/wp-json\/wp\/v2\/pages"}],"about":[{"href":"https:\/\/emtel.pl\/index.php\/wp-json\/wp\/v2\/types\/page"}],"author":[{"embeddable":true,"href":"https:\/\/emtel.pl\/index.php\/wp-json\/wp\/v2\/users\/1"}],"replies":[{"embeddable":true,"href":"https:\/\/emtel.pl\/index.php\/wp-json\/wp\/v2\/comments?post=1507"}],"version-history":[{"count":14,"href":"https:\/\/emtel.pl\/index.php\/wp-json\/wp\/v2\/pages\/1507\/revisions"}],"predecessor-version":[{"id":3243,"href":"https:\/\/emtel.pl\/index.php\/wp-json\/wp\/v2\/pages\/1507\/revisions\/3243"}],"up":[{"embeddable":true,"href":"https:\/\/emtel.pl\/index.php\/wp-json\/wp\/v2\/pages\/9"}],"wp:featuredmedia":[{"embeddable":true,"href":"https:\/\/emtel.pl\/index.php\/wp-json\/wp\/v2\/media\/3231"}],"wp:attachment":[{"href":"https:\/\/emtel.pl\/index.php\/wp-json\/wp\/v2\/media?parent=1507"}],"curies":[{"name":"wp","href":"https:\/\/api.w.org\/{rel}","templated":true}]}}