{"id":163,"date":"2019-03-27T21:20:42","date_gmt":"2019-03-27T20:20:42","guid":{"rendered":"http:\/\/emtel.pl\/?page_id=163"},"modified":"2024-03-15T09:01:39","modified_gmt":"2024-03-15T08:01:39","slug":"certyfikaty","status":"publish","type":"page","link":"https:\/\/emtel.pl\/index.php\/o-firmie\/certyfikaty\/","title":{"rendered":"Certyfikaty"},"content":{"rendered":"<section class=\"l-section wpb_row height_small\"><div class=\"l-section-h i-cf\"><div class=\"g-cols vc_row via_flex valign_top type_default stacking_default\"><div class=\"vc_col-sm-12 wpb_column vc_column_container\"><div class=\"vc_column-inner\"><div class=\"wpb_wrapper\"><div class=\"wpb_text_column\"><div class=\"wpb_wrapper\"><p>Chc\u0105c zapewni\u0107 naszym klientom najwi\u0119ksz\u0105 wiarygodno\u015b\u0107, w roku 1997 nasza firma, jako pierwsza w Polsce produkuj\u0105ca aparatur\u0119 medyczn\u0105, uzyska\u0142a certyfikat ISO 9002.<\/p>\n<p>Po trzech latach utrzymywania i doskonalenia Systemu Zarz\u0105dzania Jako\u015bci\u0105 zgodnie z ISO 9002, w maju 2001 roku uzyskali\u015bmy certyfikat ISO 9001 potwierdzaj\u0105cy rozszerzenie dotychczasowego Systemu Zarz\u0105dzania Jako\u015bci\u0105 na obszar projektowania.<\/p>\n<p>Kolejnym krokiem doskonalenia Systemu Zarz\u0105dzania Jako\u015bci\u0105, w celu sprostania wymaganiom stawianym przez Klient\u00f3w, by\u0142o uzyskanie w 2003 roku certyfikatu potwierdzaj\u0105cego spe\u0142nianie wymog\u00f3w dyrektywy europejskiej 93\/42\/EEC i rozszerzenie certyfikatu ISO 9001 na urz\u0105dzenia medyczne, czyli spe\u0142nienie wymog\u00f3w normy ISO 13485 oraz uzyskanie znaku CE na produkowane przez nas urz\u0105dzenia.<\/p>\n<p>W roku 2019 zdecydowali\u015bmy o utrzymaniu certyfikacji na zgodno\u015b\u0107 z norm\u0105 ISO 13485 jako w\u0142a\u015bciw\u0105 dla producenta urz\u0105dze\u0144 medycznych.<\/p>\n<\/div><\/div><\/div><\/div><\/div><\/div><\/div><\/section><section class=\"l-section wpb_row height_small\"><div class=\"l-section-h i-cf\"><div class=\"g-cols vc_row via_flex valign_top type_default stacking_default\"><div class=\"vc_col-sm-12 wpb_column vc_column_container\"><div class=\"vc_column-inner\"><div class=\"wpb_wrapper\"><div class=\"w-grid us_grid type_masonry layout_gallery_default cols_1 preload_style_spinner\" id=\"us_grid_1\" style=\"--columns:1;--gap:1.5rem;\" data-filterable=\"true\"><style>.layout_gallery_default .w-grid-item-h{}<\/style><div class=\"w-grid-list\">\t<article class=\"w-grid-item size_1x1 post-2282 attachment type-attachment status-inherit hentry\" data-id=\"2282\">\r\n\t\t<div class=\"w-grid-item-h\">\r\n\t\t\t\t\t\t\t<a ref=\"magnificPopupGrid\" href=\"https:\/\/emtel.pl\/wp-content\/uploads\/2021\/10\/MDD-93_42.jpg\" class=\"w-grid-item-anchor\" aria-label=\"MDD 93\/42\"><\/a>\r\n\t\t\t\t\t\t<div class=\"w-post-elm post_image usg_post_image_1 stretched\"><img loading=\"lazy\" decoding=\"async\" width=\"901\" height=\"1236\" src=\"https:\/\/emtel.pl\/wp-content\/uploads\/2021\/10\/MDD-93_42.jpg\" class=\"attachment-full size-full\" alt=\"MDD 93\/42\" srcset=\"https:\/\/emtel.pl\/wp-content\/uploads\/2021\/10\/MDD-93_42.jpg 901w, https:\/\/emtel.pl\/wp-content\/uploads\/2021\/10\/MDD-93_42-219x300.jpg 219w, https:\/\/emtel.pl\/wp-content\/uploads\/2021\/10\/MDD-93_42-746x1024.jpg 746w, https:\/\/emtel.pl\/wp-content\/uploads\/2021\/10\/MDD-93_42-292x400.jpg 292w\" sizes=\"auto, (max-width: 901px) 100vw, 901px\" \/><\/div>\t\t<\/div>\r\n\t\t\t<\/article>\r\n<\/div>\t<div class=\"w-grid-preloader\">\r\n\t\t<div class=\"g-preloader type_5\">\r\n\t\t\t<div><\/div>\r\n\t\t<\/div>\r\n\t<\/div>\r\n\t\t<div class=\"w-grid-json hidden\" onclick='return {&quot;action&quot;:&quot;us_ajax_grid&quot;,&quot;infinite_scroll&quot;:0,&quot;max_num_pages&quot;:1,&quot;pagination&quot;:&quot;none&quot;,&quot;template_vars&quot;:{&quot;columns&quot;:&quot;1&quot;,&quot;exclude_items&quot;:&quot;none&quot;,&quot;img_size&quot;:&quot;full&quot;,&quot;ignore_items_size&quot;:0,&quot;items_layout&quot;:&quot;gallery_default&quot;,&quot;items_offset&quot;:&quot;1&quot;,&quot;load_animation&quot;:&quot;none&quot;,&quot;overriding_link&quot;:&quot;%7B%22type%22%3A%22popup_image%22%7D&quot;,&quot;post_id&quot;:0,&quot;query_args&quot;:{&quot;post_type&quot;:[&quot;attachment&quot;],&quot;post__in&quot;:[&quot;2282&quot;],&quot;post_status&quot;:&quot;inherit&quot;,&quot;post_mime_type&quot;:&quot;image&quot;,&quot;posts_per_page&quot;:999},&quot;orderby_query_args&quot;:{&quot;orderby&quot;:{&quot;date&quot;:&quot;DESC&quot;}},&quot;type&quot;:&quot;masonry&quot;,&quot;us_grid_post_type&quot;:&quot;attachment&quot;,&quot;us_grid_ajax_index&quot;:1,&quot;us_grid_filter_query_string&quot;:null,&quot;us_grid_index&quot;:1,&quot;page_args&quot;:[]}}'><\/div>\r\n\t<\/div><\/div><\/div><\/div><\/div><\/div><\/section><section class=\"l-section wpb_row height_small\"><div class=\"l-section-h i-cf\"><div class=\"g-cols vc_row via_flex valign_top type_default stacking_default\"><div class=\"vc_col-sm-12 wpb_column vc_column_container\"><div class=\"vc_column-inner\"><div class=\"wpb_wrapper\"><div class=\"wpb_text_column\"><div class=\"wpb_wrapper\"><p>Wa\u017cno\u015b\u0107 powy\u017cszego certyfikatu zosta\u0142a przed\u0142u\u017cona na mocy Rozporz\u0105dzenia Parlamentu Europejskiego i Rady (UE) 2023\/607.<\/p>\n<\/div><\/div><\/div><\/div><\/div><\/div><\/div><\/section>\n","protected":false},"excerpt":{"rendered":"","protected":false},"author":1,"featured_media":0,"parent":13,"menu_order":2,"comment_status":"closed","ping_status":"closed","template":"","meta":{"_jet_sm_ready_style":"","_jet_sm_style":"","_jet_sm_controls_values":"","_jet_sm_fonts_collection":"","_jet_sm_fonts_links":"","footnotes":"","_links_to":"","_links_to_target":""},"class_list":["post-163","page","type-page","status-publish","hentry"],"yoast_head":"<!-- This site is optimized with the Yoast SEO plugin v26.6 - https:\/\/yoast.com\/wordpress\/plugins\/seo\/ -->\n<title>Certyfikaty - EMTEL - kardiomonitory, defibrylatory, profesjonalny serwis producenta<\/title>\n<meta name=\"description\" content=\"Chc\u0105c zapewni\u0107 naszym klientom najwi\u0119ksz\u0105 wiarygodno\u015b\u0107, w roku 1997 nasza firma, jako pierwsza w Polsce produkuj\u0105ca aparatur\u0119 medyczn\u0105, uzyska\u0142a certyfikat ISO 9002.Po trzech latach utrzymywania i doskonalenia Systemu Zarz\u0105dzania Jako\u015bci\u0105 zgodnie z ISO 9002, w maju 2001 roku uzyskali\u015bmy certyfikat ISO 9001 potwierdzaj\u0105cy rozszerzenie dotychczasowego Systemu Zarz\u0105dzania Jako\u015bci\u0105 na obszar projektowania.\" \/>\n<meta name=\"robots\" content=\"index, follow, max-snippet:-1, max-image-preview:large, max-video-preview:-1\" \/>\n<link rel=\"canonical\" href=\"https:\/\/emtel.pl\/index.php\/o-firmie\/certyfikaty\/\" \/>\n<meta property=\"og:locale\" content=\"pl_PL\" \/>\n<meta property=\"og:type\" content=\"article\" \/>\n<meta property=\"og:title\" content=\"Certyfikaty - EMTEL - kardiomonitory, defibrylatory, profesjonalny serwis producenta\" \/>\n<meta property=\"og:description\" content=\"Chc\u0105c zapewni\u0107 naszym klientom najwi\u0119ksz\u0105 wiarygodno\u015b\u0107, w roku 1997 nasza firma, jako pierwsza w Polsce produkuj\u0105ca aparatur\u0119 medyczn\u0105, uzyska\u0142a certyfikat ISO 9002.Po trzech latach utrzymywania i doskonalenia Systemu Zarz\u0105dzania Jako\u015bci\u0105 zgodnie z ISO 9002, w maju 2001 roku uzyskali\u015bmy certyfikat ISO 9001 potwierdzaj\u0105cy rozszerzenie dotychczasowego Systemu Zarz\u0105dzania Jako\u015bci\u0105 na obszar projektowania.\" \/>\n<meta property=\"og:url\" content=\"https:\/\/emtel.pl\/index.php\/o-firmie\/certyfikaty\/\" \/>\n<meta property=\"og:site_name\" content=\"EMTEL - kardiomonitory, defibrylatory, profesjonalny serwis producenta\" \/>\n<meta property=\"article:modified_time\" content=\"2024-03-15T08:01:39+00:00\" \/>\n<meta name=\"twitter:card\" content=\"summary_large_image\" \/>\n<meta name=\"twitter:label1\" content=\"Szacowany czas czytania\" \/>\n\t<meta name=\"twitter:data1\" content=\"1 minuta\" \/>\n<script type=\"application\/ld+json\" class=\"yoast-schema-graph\">{\"@context\":\"https:\/\/schema.org\",\"@graph\":[{\"@type\":\"WebPage\",\"@id\":\"https:\/\/emtel.pl\/index.php\/o-firmie\/certyfikaty\/\",\"url\":\"https:\/\/emtel.pl\/index.php\/o-firmie\/certyfikaty\/\",\"name\":\"Certyfikaty - EMTEL - kardiomonitory, defibrylatory, profesjonalny serwis producenta\",\"isPartOf\":{\"@id\":\"https:\/\/emtel.pl\/#website\"},\"datePublished\":\"2019-03-27T20:20:42+00:00\",\"dateModified\":\"2024-03-15T08:01:39+00:00\",\"description\":\"Chc\u0105c zapewni\u0107 naszym klientom najwi\u0119ksz\u0105 wiarygodno\u015b\u0107, w roku 1997 nasza firma, jako pierwsza w Polsce produkuj\u0105ca aparatur\u0119 medyczn\u0105, uzyska\u0142a certyfikat ISO 9002.Po trzech latach utrzymywania i doskonalenia Systemu Zarz\u0105dzania Jako\u015bci\u0105 zgodnie z ISO 9002, w maju 2001 roku uzyskali\u015bmy certyfikat ISO 9001 potwierdzaj\u0105cy rozszerzenie dotychczasowego Systemu Zarz\u0105dzania Jako\u015bci\u0105 na obszar projektowania.\",\"breadcrumb\":{\"@id\":\"https:\/\/emtel.pl\/index.php\/o-firmie\/certyfikaty\/#breadcrumb\"},\"inLanguage\":\"pl-PL\",\"potentialAction\":[{\"@type\":\"ReadAction\",\"target\":[\"https:\/\/emtel.pl\/index.php\/o-firmie\/certyfikaty\/\"]}]},{\"@type\":\"BreadcrumbList\",\"@id\":\"https:\/\/emtel.pl\/index.php\/o-firmie\/certyfikaty\/#breadcrumb\",\"itemListElement\":[{\"@type\":\"ListItem\",\"position\":1,\"name\":\"Strona g\u0142\u00f3wna\",\"item\":\"https:\/\/emtel.pl\/\"},{\"@type\":\"ListItem\",\"position\":2,\"name\":\"O firmie\",\"item\":\"https:\/\/emtel.pl\/index.php\/o-firmie\/\"},{\"@type\":\"ListItem\",\"position\":3,\"name\":\"Certyfikaty\"}]},{\"@type\":\"WebSite\",\"@id\":\"https:\/\/emtel.pl\/#website\",\"url\":\"https:\/\/emtel.pl\/\",\"name\":\"EMTEL - kardiomonitory, defibrylatory, profesjonalny serwis producenta\",\"description\":\"Technologia od serca\",\"potentialAction\":[{\"@type\":\"SearchAction\",\"target\":{\"@type\":\"EntryPoint\",\"urlTemplate\":\"https:\/\/emtel.pl\/?s={search_term_string}\"},\"query-input\":{\"@type\":\"PropertyValueSpecification\",\"valueRequired\":true,\"valueName\":\"search_term_string\"}}],\"inLanguage\":\"pl-PL\"}]}<\/script>\n<!-- \/ Yoast SEO plugin. -->","yoast_head_json":{"title":"Certyfikaty - EMTEL - kardiomonitory, defibrylatory, profesjonalny serwis producenta","description":"Chc\u0105c zapewni\u0107 naszym klientom najwi\u0119ksz\u0105 wiarygodno\u015b\u0107, w roku 1997 nasza firma, jako pierwsza w Polsce produkuj\u0105ca aparatur\u0119 medyczn\u0105, uzyska\u0142a certyfikat ISO 9002.Po trzech latach utrzymywania i doskonalenia Systemu Zarz\u0105dzania Jako\u015bci\u0105 zgodnie z ISO 9002, w maju 2001 roku uzyskali\u015bmy certyfikat ISO 9001 potwierdzaj\u0105cy rozszerzenie dotychczasowego Systemu Zarz\u0105dzania Jako\u015bci\u0105 na obszar projektowania.","robots":{"index":"index","follow":"follow","max-snippet":"max-snippet:-1","max-image-preview":"max-image-preview:large","max-video-preview":"max-video-preview:-1"},"canonical":"https:\/\/emtel.pl\/index.php\/o-firmie\/certyfikaty\/","og_locale":"pl_PL","og_type":"article","og_title":"Certyfikaty - EMTEL - kardiomonitory, defibrylatory, profesjonalny serwis producenta","og_description":"Chc\u0105c zapewni\u0107 naszym klientom najwi\u0119ksz\u0105 wiarygodno\u015b\u0107, w roku 1997 nasza firma, jako pierwsza w Polsce produkuj\u0105ca aparatur\u0119 medyczn\u0105, uzyska\u0142a certyfikat ISO 9002.Po trzech latach utrzymywania i doskonalenia Systemu Zarz\u0105dzania Jako\u015bci\u0105 zgodnie z ISO 9002, w maju 2001 roku uzyskali\u015bmy certyfikat ISO 9001 potwierdzaj\u0105cy rozszerzenie dotychczasowego Systemu Zarz\u0105dzania Jako\u015bci\u0105 na obszar projektowania.","og_url":"https:\/\/emtel.pl\/index.php\/o-firmie\/certyfikaty\/","og_site_name":"EMTEL - kardiomonitory, defibrylatory, profesjonalny serwis producenta","article_modified_time":"2024-03-15T08:01:39+00:00","twitter_card":"summary_large_image","twitter_misc":{"Szacowany czas czytania":"1 minuta"},"schema":{"@context":"https:\/\/schema.org","@graph":[{"@type":"WebPage","@id":"https:\/\/emtel.pl\/index.php\/o-firmie\/certyfikaty\/","url":"https:\/\/emtel.pl\/index.php\/o-firmie\/certyfikaty\/","name":"Certyfikaty - EMTEL - kardiomonitory, defibrylatory, profesjonalny serwis producenta","isPartOf":{"@id":"https:\/\/emtel.pl\/#website"},"datePublished":"2019-03-27T20:20:42+00:00","dateModified":"2024-03-15T08:01:39+00:00","description":"Chc\u0105c zapewni\u0107 naszym klientom najwi\u0119ksz\u0105 wiarygodno\u015b\u0107, w roku 1997 nasza firma, jako pierwsza w Polsce produkuj\u0105ca aparatur\u0119 medyczn\u0105, uzyska\u0142a certyfikat ISO 9002.Po trzech latach utrzymywania i doskonalenia Systemu Zarz\u0105dzania Jako\u015bci\u0105 zgodnie z ISO 9002, w maju 2001 roku uzyskali\u015bmy certyfikat ISO 9001 potwierdzaj\u0105cy rozszerzenie dotychczasowego Systemu Zarz\u0105dzania Jako\u015bci\u0105 na obszar projektowania.","breadcrumb":{"@id":"https:\/\/emtel.pl\/index.php\/o-firmie\/certyfikaty\/#breadcrumb"},"inLanguage":"pl-PL","potentialAction":[{"@type":"ReadAction","target":["https:\/\/emtel.pl\/index.php\/o-firmie\/certyfikaty\/"]}]},{"@type":"BreadcrumbList","@id":"https:\/\/emtel.pl\/index.php\/o-firmie\/certyfikaty\/#breadcrumb","itemListElement":[{"@type":"ListItem","position":1,"name":"Strona g\u0142\u00f3wna","item":"https:\/\/emtel.pl\/"},{"@type":"ListItem","position":2,"name":"O firmie","item":"https:\/\/emtel.pl\/index.php\/o-firmie\/"},{"@type":"ListItem","position":3,"name":"Certyfikaty"}]},{"@type":"WebSite","@id":"https:\/\/emtel.pl\/#website","url":"https:\/\/emtel.pl\/","name":"EMTEL - kardiomonitory, defibrylatory, profesjonalny serwis producenta","description":"Technologia od serca","potentialAction":[{"@type":"SearchAction","target":{"@type":"EntryPoint","urlTemplate":"https:\/\/emtel.pl\/?s={search_term_string}"},"query-input":{"@type":"PropertyValueSpecification","valueRequired":true,"valueName":"search_term_string"}}],"inLanguage":"pl-PL"}]}},"_links":{"self":[{"href":"https:\/\/emtel.pl\/index.php\/wp-json\/wp\/v2\/pages\/163","targetHints":{"allow":["GET"]}}],"collection":[{"href":"https:\/\/emtel.pl\/index.php\/wp-json\/wp\/v2\/pages"}],"about":[{"href":"https:\/\/emtel.pl\/index.php\/wp-json\/wp\/v2\/types\/page"}],"author":[{"embeddable":true,"href":"https:\/\/emtel.pl\/index.php\/wp-json\/wp\/v2\/users\/1"}],"replies":[{"embeddable":true,"href":"https:\/\/emtel.pl\/index.php\/wp-json\/wp\/v2\/comments?post=163"}],"version-history":[{"count":14,"href":"https:\/\/emtel.pl\/index.php\/wp-json\/wp\/v2\/pages\/163\/revisions"}],"predecessor-version":[{"id":2795,"href":"https:\/\/emtel.pl\/index.php\/wp-json\/wp\/v2\/pages\/163\/revisions\/2795"}],"up":[{"embeddable":true,"href":"https:\/\/emtel.pl\/index.php\/wp-json\/wp\/v2\/pages\/13"}],"wp:attachment":[{"href":"https:\/\/emtel.pl\/index.php\/wp-json\/wp\/v2\/media?parent=163"}],"curies":[{"name":"wp","href":"https:\/\/api.w.org\/{rel}","templated":true}]}}