{"id":17,"date":"2019-03-26T11:49:36","date_gmt":"2019-03-26T10:49:36","guid":{"rendered":"http:\/\/emtel.pl\/?page_id=17"},"modified":"2025-03-21T14:11:48","modified_gmt":"2025-03-21T13:11:48","slug":"serwis","status":"publish","type":"page","link":"https:\/\/emtel.pl\/index.php\/serwis\/","title":{"rendered":"Serwis"},"content":{"rendered":"<section class=\"l-section wpb_row us_custom_b91424ac height_small\"><div class=\"l-section-h i-cf\"><div class=\"g-cols vc_row via_flex valign_top type_default stacking_default\"><div class=\"vc_col-sm-6 wpb_column vc_column_container\"><div class=\"vc_column-inner\"><div class=\"wpb_wrapper\"><div class=\"wpb_text_column\"><div class=\"wpb_wrapper\"><div class=\"ce_text block\">\n<p>Jako producent zaawansowanych urz\u0105dze\u0144 medycznych wiemy jak wa\u017cna jest niezawodna i szybka pomoc techniczna.\u00a0 Aby sprosta\u0107 wymaganiom naszych klient\u00f3w w Polsce i zagranic\u0105 firma rozwin\u0119\u0142a dzia\u0142 serwisowy sk\u0142adaj\u0105cy si\u0119 z do\u015bwiadczonych in\u017cynier\u00f3w elektronik\u00f3w i informatyk\u00f3w.<\/p>\n<p><strong>Wszelkich informacji zwi\u0105zanych z serwisem udzieli:<\/strong><\/p>\n<\/div>\n<\/div><\/div><div class=\"g-cols wpb_row us_custom_e4829de3 via_flex valign_top type_default stacking_default\"><div class=\"vc_col-sm-12 wpb_column vc_column_container\"><div class=\"vc_column-inner\"><div class=\"wpb_wrapper\"><div class=\"wpb_text_column\"><div class=\"wpb_wrapper\"><p><strong>Wojciech Szendzielorz<br \/>\n<\/strong>Informacje techniczne oraz konsultacja serwisowa<\/p>\n<\/div><\/div><\/div><\/div><\/div><\/div><\/div><\/div><\/div><div class=\"vc_col-sm-6 wpb_column vc_column_container\"><div class=\"vc_column-inner\"><div class=\"wpb_wrapper\"><div class=\"wpb_text_column\"><div class=\"wpb_wrapper\"><p><strong>Zapraszamy do kontaktu z serwisem:<\/strong><\/p>\n<table style=\"width: 92.5173%; height: 148px;\">\n<tbody>\n<tr>\n<td class=\"td02\" style=\"width: 31.5574%;\" width=\"150\">Telefonicznie:<\/td>\n<td class=\"td02\" style=\"width: 71.7213%;\">+48 32 271 90 13<\/td>\n<\/tr>\n<tr>\n<td class=\"td02\" style=\"width: 31.5574%;\">Poczt\u0105 elektroniczn\u0105:<\/td>\n<td class=\"td02\" style=\"width: 71.7213%;\"><a href=\"mailto:serwis@emtel.pl\">serwis@emtel.pl<\/a><\/td>\n<\/tr>\n<tr>\n<td class=\"td02\" style=\"width: 31.5574%;\">Listownie:<\/td>\n<td class=\"td02\" style=\"width: 71.7213%;\">EMTEL, 41-807 Zabrze, ul. A. Mickiewicza 66<\/td>\n<\/tr>\n<\/tbody>\n<\/table>\n<\/div><\/div><\/div><\/div><\/div><\/div><\/div><\/section><section class=\"l-section wpb_row height_small\"><div class=\"l-section-h i-cf\"><div class=\"g-cols vc_row via_flex valign_top type_default stacking_default\"><div class=\"vc_col-sm-12 wpb_column vc_column_container\"><div class=\"vc_column-inner\"><div class=\"wpb_wrapper\"><div class=\"wpb_text_column\"><div class=\"wpb_wrapper\"><p>Niezale\u017cnie od formy zg\u0142oszenia prosimy o podanie nast\u0119puj\u0105cych informacji:<\/p>\n<ul>\n<li>numer fabryczny produktu,<\/li>\n<li>kr\u00f3tki opis problemu,<\/li>\n<li>telefon kontaktowy.<\/li>\n<\/ul>\n<p>Naprawy i przegl\u0105dy serwisowe s\u0105 wykonywane bezpo\u015brednio u klienta lub w punkcie serwisowym.<br \/>\nNaprawy gwarancyjne oraz pogwarancyjne wykonywane s\u0105 wy\u0142\u0105cznie przez serwis firmy.<\/p>\n<\/div><\/div><\/div><\/div><\/div><\/div><\/div><\/section>\n","protected":false},"excerpt":{"rendered":"Jako producent zaawansowanych urz\u0105dze\u0144 medycznych wiemy jak wa\u017cna jest niezawodna i szybka pomoc techniczna.\u00a0 Aby sprosta\u0107 wymaganiom naszych klient\u00f3w w Polsce i zagranic\u0105 firma rozwin\u0119\u0142a dzia\u0142 serwisowy sk\u0142adaj\u0105cy si\u0119 z do\u015bwiadczonych in\u017cynier\u00f3w elektronik\u00f3w i informatyk\u00f3w. Wszelkich informacji zwi\u0105zanych z serwisem udzieli: Wojciech Szendzielorz Informacje techniczne oraz konsultacja serwisowa Zapraszamy do kontaktu z serwisem: Telefonicznie: +48...","protected":false},"author":1,"featured_media":0,"parent":0,"menu_order":5,"comment_status":"closed","ping_status":"closed","template":"","meta":{"_jet_sm_ready_style":"","_jet_sm_style":"","_jet_sm_controls_values":"","_jet_sm_fonts_collection":"","_jet_sm_fonts_links":"","footnotes":"","_links_to":"","_links_to_target":""},"class_list":["post-17","page","type-page","status-publish","hentry"],"yoast_head":"<!-- This site is optimized with the Yoast SEO plugin v26.6 - https:\/\/yoast.com\/wordpress\/plugins\/seo\/ -->\n<title>Serwis - EMTEL - kardiomonitory, defibrylatory, profesjonalny serwis producenta<\/title>\n<meta name=\"robots\" content=\"index, follow, max-snippet:-1, max-image-preview:large, max-video-preview:-1\" \/>\n<link rel=\"canonical\" href=\"https:\/\/emtel.pl\/index.php\/serwis\/\" \/>\n<meta property=\"og:locale\" content=\"pl_PL\" \/>\n<meta property=\"og:type\" content=\"article\" \/>\n<meta property=\"og:title\" content=\"Serwis - EMTEL - kardiomonitory, defibrylatory, profesjonalny serwis producenta\" \/>\n<meta property=\"og:url\" content=\"https:\/\/emtel.pl\/index.php\/serwis\/\" \/>\n<meta property=\"og:site_name\" content=\"EMTEL - kardiomonitory, defibrylatory, profesjonalny serwis producenta\" \/>\n<meta property=\"article:modified_time\" content=\"2025-03-21T13:11:48+00:00\" \/>\n<meta name=\"twitter:card\" content=\"summary_large_image\" \/>\n<meta name=\"twitter:label1\" content=\"Szacowany czas czytania\" \/>\n\t<meta name=\"twitter:data1\" content=\"1 minuta\" \/>\n<script type=\"application\/ld+json\" class=\"yoast-schema-graph\">{\"@context\":\"https:\/\/schema.org\",\"@graph\":[{\"@type\":\"WebPage\",\"@id\":\"https:\/\/emtel.pl\/index.php\/serwis\/\",\"url\":\"https:\/\/emtel.pl\/index.php\/serwis\/\",\"name\":\"Serwis - EMTEL - kardiomonitory, defibrylatory, profesjonalny serwis producenta\",\"isPartOf\":{\"@id\":\"https:\/\/emtel.pl\/#website\"},\"datePublished\":\"2019-03-26T10:49:36+00:00\",\"dateModified\":\"2025-03-21T13:11:48+00:00\",\"breadcrumb\":{\"@id\":\"https:\/\/emtel.pl\/index.php\/serwis\/#breadcrumb\"},\"inLanguage\":\"pl-PL\",\"potentialAction\":[{\"@type\":\"ReadAction\",\"target\":[\"https:\/\/emtel.pl\/index.php\/serwis\/\"]}]},{\"@type\":\"BreadcrumbList\",\"@id\":\"https:\/\/emtel.pl\/index.php\/serwis\/#breadcrumb\",\"itemListElement\":[{\"@type\":\"ListItem\",\"position\":1,\"name\":\"Strona g\u0142\u00f3wna\",\"item\":\"https:\/\/emtel.pl\/\"},{\"@type\":\"ListItem\",\"position\":2,\"name\":\"Serwis\"}]},{\"@type\":\"WebSite\",\"@id\":\"https:\/\/emtel.pl\/#website\",\"url\":\"https:\/\/emtel.pl\/\",\"name\":\"EMTEL - kardiomonitory, defibrylatory, profesjonalny serwis producenta\",\"description\":\"Technologia od serca\",\"potentialAction\":[{\"@type\":\"SearchAction\",\"target\":{\"@type\":\"EntryPoint\",\"urlTemplate\":\"https:\/\/emtel.pl\/?s={search_term_string}\"},\"query-input\":{\"@type\":\"PropertyValueSpecification\",\"valueRequired\":true,\"valueName\":\"search_term_string\"}}],\"inLanguage\":\"pl-PL\"}]}<\/script>\n<!-- \/ Yoast SEO plugin. -->","yoast_head_json":{"title":"Serwis - EMTEL - kardiomonitory, defibrylatory, profesjonalny serwis producenta","robots":{"index":"index","follow":"follow","max-snippet":"max-snippet:-1","max-image-preview":"max-image-preview:large","max-video-preview":"max-video-preview:-1"},"canonical":"https:\/\/emtel.pl\/index.php\/serwis\/","og_locale":"pl_PL","og_type":"article","og_title":"Serwis - EMTEL - kardiomonitory, defibrylatory, profesjonalny serwis producenta","og_url":"https:\/\/emtel.pl\/index.php\/serwis\/","og_site_name":"EMTEL - kardiomonitory, defibrylatory, profesjonalny serwis producenta","article_modified_time":"2025-03-21T13:11:48+00:00","twitter_card":"summary_large_image","twitter_misc":{"Szacowany czas czytania":"1 minuta"},"schema":{"@context":"https:\/\/schema.org","@graph":[{"@type":"WebPage","@id":"https:\/\/emtel.pl\/index.php\/serwis\/","url":"https:\/\/emtel.pl\/index.php\/serwis\/","name":"Serwis - EMTEL - kardiomonitory, defibrylatory, profesjonalny serwis producenta","isPartOf":{"@id":"https:\/\/emtel.pl\/#website"},"datePublished":"2019-03-26T10:49:36+00:00","dateModified":"2025-03-21T13:11:48+00:00","breadcrumb":{"@id":"https:\/\/emtel.pl\/index.php\/serwis\/#breadcrumb"},"inLanguage":"pl-PL","potentialAction":[{"@type":"ReadAction","target":["https:\/\/emtel.pl\/index.php\/serwis\/"]}]},{"@type":"BreadcrumbList","@id":"https:\/\/emtel.pl\/index.php\/serwis\/#breadcrumb","itemListElement":[{"@type":"ListItem","position":1,"name":"Strona g\u0142\u00f3wna","item":"https:\/\/emtel.pl\/"},{"@type":"ListItem","position":2,"name":"Serwis"}]},{"@type":"WebSite","@id":"https:\/\/emtel.pl\/#website","url":"https:\/\/emtel.pl\/","name":"EMTEL - kardiomonitory, defibrylatory, profesjonalny serwis producenta","description":"Technologia od serca","potentialAction":[{"@type":"SearchAction","target":{"@type":"EntryPoint","urlTemplate":"https:\/\/emtel.pl\/?s={search_term_string}"},"query-input":{"@type":"PropertyValueSpecification","valueRequired":true,"valueName":"search_term_string"}}],"inLanguage":"pl-PL"}]}},"_links":{"self":[{"href":"https:\/\/emtel.pl\/index.php\/wp-json\/wp\/v2\/pages\/17","targetHints":{"allow":["GET"]}}],"collection":[{"href":"https:\/\/emtel.pl\/index.php\/wp-json\/wp\/v2\/pages"}],"about":[{"href":"https:\/\/emtel.pl\/index.php\/wp-json\/wp\/v2\/types\/page"}],"author":[{"embeddable":true,"href":"https:\/\/emtel.pl\/index.php\/wp-json\/wp\/v2\/users\/1"}],"replies":[{"embeddable":true,"href":"https:\/\/emtel.pl\/index.php\/wp-json\/wp\/v2\/comments?post=17"}],"version-history":[{"count":43,"href":"https:\/\/emtel.pl\/index.php\/wp-json\/wp\/v2\/pages\/17\/revisions"}],"predecessor-version":[{"id":2990,"href":"https:\/\/emtel.pl\/index.php\/wp-json\/wp\/v2\/pages\/17\/revisions\/2990"}],"wp:attachment":[{"href":"https:\/\/emtel.pl\/index.php\/wp-json\/wp\/v2\/media?parent=17"}],"curies":[{"name":"wp","href":"https:\/\/api.w.org\/{rel}","templated":true}]}}