{"id":1840,"date":"2019-09-09T16:15:26","date_gmt":"2019-09-09T14:15:26","guid":{"rendered":"http:\/\/emtel.pl\/?page_id=1840"},"modified":"2022-05-11T12:08:30","modified_gmt":"2022-05-11T10:08:30","slug":"politique-de-confidentialite","status":"publish","type":"page","link":"https:\/\/emtel.pl\/index.php\/politique-de-confidentialite\/?lang=fr","title":{"rendered":"Politique de confidentialit\u00e9 (RGPD)"},"content":{"rendered":"<section class=\"l-section wpb_row height_small\"><div class=\"l-section-h i-cf\"><div class=\"g-cols vc_row via_flex valign_top type_default stacking_default\"><div class=\"vc_col-sm-12 wpb_column vc_column_container\"><div class=\"vc_column-inner\"><div class=\"wpb_wrapper\"><div class=\"wpb_text_column\"><div class=\"wpb_wrapper\"><h2>Politique de confidentialit\u00e9 \u00e0 EMTEL \u015aliwa sp. k.<\/h2>\n<p>EMTEL \u015aliwa sp. k. accorde une attention particuli\u00e8re \u00e0 la protection de la vie priv\u00e9e et au respect de vos donn\u00e9es personnelles. Chaque utilisateur a le droit de savoir quelles donn\u00e9es nous obtenons, o\u00f9 nous les stockons, comment et dans quel but nous les utilisons, ainsi que leur source et leur dur\u00e9e de stockage.<\/p>\n<p>La pr\u00e9sente \u00ab\u00a0Politique de confidentialit\u00e9\u00a0\u00bb a pour objectif de d\u00e9crire de mani\u00e8re compl\u00e8te le processus de collecte et de traitement de vos donn\u00e9es, ainsi que de fournir des informations sur vos droits.<\/p>\n<p>Conform\u00e9ment \u00e0 l&#8217;art. 13 s. 1 et 2 du r\u00e8glement (UE) 2016\/679 du Parlement europ\u00e9en et du Conseil du 27 avril 2016 relatif \u00e0 la protection des personnes physiques \u00e0 l&#8217;\u00e9gard du traitement des donn\u00e9es \u00e0 caract\u00e8re personnel et \u00e0 la libre circulation de ces donn\u00e9es, et abrogeant la directive 95\/46\/CE (r\u00e8glement g\u00e9n\u00e9ral sur la protection des donn\u00e9es), Journal des lois UE.L.2016.119.1 (ci-apr\u00e8s\u00a0: RGPD), nous informons par la pr\u00e9sente que\u00a0:<\/p>\n<p>EMTEL \u015aliwa sp. k. est le responsable du traitement ayant son si\u00e8ge social \u00e0 Mickiewicza 66, 41807 Zabrze.<\/p>\n<p>Les donn\u00e9es sont collect\u00e9es automatiquement lorsque vous acc\u00e9dez au site Web et sont collect\u00e9es \u00e0 des fins de s\u00e9curit\u00e9 et de statistiques.<\/p>\n<p>En acc\u00e9dant au site Web de notre soci\u00e9t\u00e9, les informations sur les cookies apparaissent et la question de consentement \u00e0 leur utilisation appara\u00eet. Les fichiers cookies (appel\u00e9s cookies) sont de petits fichiers texte envoy\u00e9s par un site Internet visit\u00e9 par un internaute vers l&#8217;appareil d&#8217;un internaute (ordinateur, smartphone, tablette, etc.). Les cookies ne contiennent pas de donn\u00e9es personnelles et n&#8217;interf\u00e8rent pas avec le fonctionnement de l&#8217;ordinateur. Ils sont utilis\u00e9s pour identifier le navigateur et sont n\u00e9cessaires pour utiliser certaines des fonctions disponibles sur le site Web.<\/p>\n<p>Le responsable du traitement utilise deux types de cookies :<\/p>\n<ul>\n<li>Cookies de session : ils sont stock\u00e9s sur l&#8217;appareil de l&#8217;Utilisateur et y restent jusqu&#8217;\u00e0 la fin de la session du navigateur. Les informations enregistr\u00e9es sont alors d\u00e9finitivement supprim\u00e9es de la m\u00e9moire de l&#8217;appareil.<\/li>\n<li>Cookies persistants : ils sont stock\u00e9s sur l&#8217;appareil de l&#8217;Utilisateur et y restent jusqu&#8217;\u00e0 leur suppression. Mettre fin \u00e0 une session de navigation ou \u00e9teindre l&#8217;appareil ne les supprime pas de l&#8217;appareil de l&#8217;utilisateur.<\/li>\n<\/ul>\n<p>Lors de la d\u00e9sactivation des cookies, veuillez noter que le site Web peut ne pas fonctionner correctement. La politique en mati\u00e8re de cookies peut \u00eatre consult\u00e9e sur le lien : <a href=\"http:\/\/emtel.pl\/index.php\/politique-de-confidentialite\/?lang=fr\">http:\/\/emtel.pl\/index.php\/politique-de-confidentialite\/?lang=fr<\/a><\/p>\n<p>Ces donn\u00e9es ne sont pas utilis\u00e9es pour le profilage.<\/p>\n<p>La base juridique pour le traitement des donn\u00e9es susmentionn\u00e9es est l&#8217;art. 6 s. 1 point f) GDPR &#8211; &#8222;le traitement est n\u00e9cessaire aux fins des int\u00e9r\u00eats l\u00e9gitimes poursuivis par le responsable du traitement&#8221;. Ces donn\u00e9es sont n\u00e9cessaires \u00e0 EMTEL \u015aliwa sp. k. pour fournir des services au plus haut niveau.<\/p>\n<p>Vos donn\u00e9es collect\u00e9es automatiquement seront stock\u00e9es pendant une p\u00e9riode de 14 mois, et dans le cas des cookies, pendant une heure ou jusqu&#8217;\u00e0 la fermeture de la fen\u00eatre du navigateur.<\/p>\n<p>Vous avez le droit de :<\/p>\n<ol type=\"a\">\n<li>d&#8217;\u00eatre inform\u00e9 des op\u00e9rations de traitement,<\/li>\n<li>acc\u00e9der \u00e0 vos donn\u00e9es personnelles,<\/li>\n<li>de rectifier\/compl\u00e9ter les donn\u00e9es,<\/li>\n<li>supprimer des donn\u00e9es (&#8222;le droit \u00e0 l&#8217;oubli&#8221;),<\/li>\n<li>limiter le traitement des donn\u00e9es,<\/li>\n<li>transf\u00e9rer des donn\u00e9es,<\/li>\n<li>objecter,<\/li>\n<li>ne pas \u00eatre profil\u00e9.<\/li>\n<\/ol>\n<p>Conform\u00e9ment \u00e0 l&#8217;art. 77 GDPR, vous avez le droit de d\u00e9poser une plainte aupr\u00e8s de l&#8217;autorit\u00e9 de contr\u00f4le, qui est le pr\u00e9sident de l&#8217;Office de protection des donn\u00e9es personnelles.<\/p>\n<p>Pour les questions li\u00e9es \u00e0 la protection de vos donn\u00e9es personnelles, vous pouvez \u00e9galement contacter le d\u00e9l\u00e9gu\u00e9 \u00e0 la protection des donn\u00e9es en \u00e9crivant \u00e0 l&#8217;adresse e-mail : <a class=\"mailto-link\" href=\"mailto:medical@emtel.pl\">medical@emtel.pl<\/a><\/p>\n<p>EMTEL \u015aliwa sp. k. utilise \u00e9galement Google Analytics pour analyser le trafic du site Web.<\/p>\n<p>L&#8217;administrateur du service utilise des cookies externes pour collecter des donn\u00e9es statiques g\u00e9n\u00e9rales et anonymes via les outils d&#8217;analyse de Google Analytics (administrateur de cookies externe : Google Inc., bas\u00e9 aux \u00c9tats-Unis).<\/p>\n<p>L&#8217;administrateur du service utilise des cookies externes pour pr\u00e9senter des publicit\u00e9s adapt\u00e9es aux pr\u00e9f\u00e9rences de l&#8217;utilisateur \u00e0 l&#8217;aide de l&#8217;outil de publicit\u00e9 en ligne Google AdSense (administrateur de cookies externe\u00a0: Google Inc. bas\u00e9 aux \u00c9tats-Unis).<\/p>\n<p>Google Analytics utilise les adresses IP pour d\u00e9terminer l&#8217;emplacement g\u00e9ographique des utilisateurs et pour prot\u00e9ger le fonctionnement du service et assurer la s\u00e9curit\u00e9.<\/p>\n<p>Nous nous r\u00e9servons le droit de modifier cette \u00ab\u00a0Politique de confidentialit\u00e9\u00a0\u00bb.<\/p>\n<hr \/>\n<h2>Protection des donn\u00e9es personnelles \u00e0 EMTEL \u015aliwa sp. k.<\/h2>\n<p>EMTEL \u015aliwa sp. k. attache une grande importance \u00e0 la protection des donn\u00e9es personnelles. Nous sommes conscients qu&#8217;elles doivent \u00eatre correctement prot\u00e9g\u00e9es et que vous avez le droit d&#8217;obtenir des informations fiables et compl\u00e8tes sur la mani\u00e8re dont elles sont trait\u00e9s. Seule une information compl\u00e8te vous garantira la possibilit\u00e9 d&#8217;exercer vos droits. L&#8217;objectif primordial est toujours de prot\u00e9ger les droits et les libert\u00e9s des individus.<\/p>\n<p>Le traitement a lieu sur la base des dispositions du r\u00e8glement (UE) 2016\/679 du Parlement europ\u00e9en et du Conseil du 27 avril 2016 relatif \u00e0 la protection des personnes physiques \u00e0 l&#8217;\u00e9gard du traitement des donn\u00e9es \u00e0 caract\u00e8re personnel et \u00e0 la libre circulation de ces donn\u00e9es, et abrogeant la directive 95\/46\/CE (R\u00e8glement g\u00e9n\u00e9ral sur la protection des donn\u00e9es), la loi du 10 mai 2018 relative \u00e0 la protection des donn\u00e9es personnelles et les politiques internes de protection des donn\u00e9es.<\/p>\n<p>Le R\u00e8glement G\u00e9n\u00e9ral sur la Protection des Donn\u00e9es (ci-apr\u00e8s : RGPD) fonde le traitement des donn\u00e9es personnelles sur les principes suivants :<\/p>\n<ul>\n<li>respect de la loi, \u00e9quit\u00e9 et transparence &#8211; fournir la base juridique pour le traitement, traiter de mani\u00e8re diligente et acceptable pour l&#8217;entit\u00e9, en tenant \u00e9galement compte des objectifs commerciaux du responsable du traitement, et enfin, de mani\u00e8re claire pour la personne concern\u00e9e\u00a0;<\/li>\n<li>limitation de la finalit\u00e9 &#8211; indiquez la finalit\u00e9 du traitement ;<\/li>\n<li>minimiser l&#8217;\u00e9tendue des donn\u00e9es &#8211; nous ne collectons que la quantit\u00e9 de donn\u00e9es n\u00e9cessaire ;<\/li>\n<li>limitation du stockage &#8211; nous ne traitons pas plus longtemps que requis par la loi ou les finalit\u00e9s du traitement ;<\/li>\n<li>int\u00e9grit\u00e9 et confidentialit\u00e9 &#8211; les donn\u00e9es ne peuvent \u00eatre ni modifi\u00e9es ni d\u00e9truites et doivent \u00eatre correctement s\u00e9curis\u00e9es ;<\/li>\n<li>responsabilit\u00e9 du traitement des donn\u00e9es personnelles &#8211; le responsable du traitement doit d\u00e9montrer sa conformit\u00e9 aux dispositions du RGPD.<br \/>\nEMTEL \u015aliwa sp. k. est le responsable du traitement ayant son si\u00e8ge social \u00e0 Mickiewicza 66, 41807 Zabrze.<\/li>\n<\/ul>\n<p>En mati\u00e8re de traitement, vous pouvez contacter le D\u00e9l\u00e9gu\u00e9 \u00e0 la Protection des Donn\u00e9es : <a href=\"mailto:medical@emtel.pl\">medical@emtel.pl<\/a><\/p>\n<p>Donn\u00e9es personnelles collect\u00e9es par EMTEL \u015aliwa sp. k. sont trait\u00e9es dans le but de mettre en \u0153uvre des contrats avec des sous-traitants, des processus de gestion des ressources humaines, de l&#8217;emploi, des processus administratifs et de la Sant\u00e9 et s\u00e9curit\u00e9.<\/p>\n<p>Les donn\u00e9es sont trait\u00e9es sur la base de :<\/p>\n<ul>\n<li>consentement de la personne concern\u00e9e ;<\/li>\n<li>contrats ;<\/li>\n<li>le respect de l&#8217;obligation l\u00e9gale incombant au responsable du traitement ;<\/li>\n<li>l&#8217;int\u00e9r\u00eat l\u00e9gitime du responsable du traitement, qui est la bonne ex\u00e9cution des contrats, ainsi que la s\u00e9curisation des \u00e9ventuelles r\u00e9clamations futures.<\/li>\n<\/ul>\n<p>Les destinataires des donn\u00e9es seront les prestataires de services informatiques, les sous-traitants, les entit\u00e9s fournissant des services de sant\u00e9 et de s\u00e9curit\u00e9, les entit\u00e9s fournissant des services de protection de la propri\u00e9t\u00e9, ainsi que les entit\u00e9s offrant des services juridiques.<\/p>\n<p>Les donn\u00e9es personnelles seront conserv\u00e9es pendant la p\u00e9riode r\u00e9sultant d&#8217;actes individuels et, si cela n&#8217;est pas sp\u00e9cifi\u00e9, pendant la p\u00e9riode que le responsable du traitement juge justifi\u00e9e et raisonnable, compte tenu de la finalit\u00e9 du traitement.<\/p>\n<p>Si cela n&#8217;est pas exclu par une r\u00e9glementation sp\u00e9cifique, vous disposez des droits suivants :<\/p>\n<ul>\n<li>le droit de demander au responsable du traitement d&#8217;acc\u00e9der \u00e0 vos donn\u00e9es ;<\/li>\n<li>le droit d&#8217;exiger leur rectification ;<\/li>\n<li>le droit de demander leur suppression ;<\/li>\n<li>le droit de demander la limitation de leur traitement ;<\/li>\n<li>le droit de s&#8217;opposer \u00e0 leur traitement ;<\/li>\n<li>et le droit \u00e0 la portabilit\u00e9 des donn\u00e9es.<\/li>\n<\/ul>\n<p>La source des donn\u00e9es peut \u00eatre aussi bien un accord conclu directement par vous avec l&#8217;entreprise qu&#8217;un accord indirect conclu par votre employeur (dans le cas d&#8217;un sous-traitant). La source des donn\u00e9es peut \u00e9galement \u00eatre d&#8217;autres responsables du traitement qui nous ont confi\u00e9 des donn\u00e9es \u00e0 traiter. Parfois, la source des donn\u00e9es sera des registres accessibles au public, p. ex. KRS (dans le cas de personnes physiques exploitant une entreprise individuelle).<br \/>\nLes donn\u00e9es peuvent donc \u00eatre collect\u00e9es directement ou indirectement.<\/p>\n<p>Vos donn\u00e9es ne seront pas utilis\u00e9es pour le profilage et la prise de d\u00e9cision automatis\u00e9e.<\/p>\n<p>Si le traitement est bas\u00e9 sur votre consentement, vous avez le droit de le retirer \u00e0 tout moment. Cela n&#8217;affecte pas la lic\u00e9it\u00e9 du traitement effectu\u00e9 avant le retrait du consentement.<\/p>\n<p>Dans une situation o\u00f9 la fourniture de donn\u00e9es ne d\u00e9pend pas de votre consentement, leur traitement r\u00e9sulte des dispositions du contrat conclu ou de la disposition l\u00e9gale. Ensuite, le d\u00e9faut de les fournir entra\u00eenera l&#8217;impossibilit\u00e9 d&#8217;ex\u00e9cuter le contrat.<\/p>\n<p>Conform\u00e9ment \u00e0 l&#8217;art. 77 GDPR, vous avez le droit de d\u00e9poser une plainte aupr\u00e8s de l&#8217;autorit\u00e9 de contr\u00f4le, qui est le pr\u00e9sident de l&#8217;Office de protection des donn\u00e9es personnelles.<\/p>\n<\/div><\/div><\/div><\/div><\/div><\/div><\/div><\/section>\n","protected":false},"excerpt":{"rendered":"Politique de confidentialit\u00e9 \u00e0 EMTEL \u015aliwa sp. k. EMTEL \u015aliwa sp. k. accorde une attention particuli\u00e8re \u00e0 la protection de la vie priv\u00e9e et au respect de vos donn\u00e9es personnelles. Chaque utilisateur a le droit de savoir quelles donn\u00e9es nous obtenons, o\u00f9 nous les stockons, comment et dans quel but nous les utilisons, ainsi que...","protected":false},"author":1,"featured_media":0,"parent":0,"menu_order":99,"comment_status":"closed","ping_status":"closed","template":"","meta":{"_jet_sm_ready_style":"","_jet_sm_style":"","_jet_sm_controls_values":"","_jet_sm_fonts_collection":"","_jet_sm_fonts_links":"","footnotes":"","_links_to":"","_links_to_target":""},"class_list":["post-1840","page","type-page","status-publish","hentry"],"yoast_head":"<!-- This site is optimized with the Yoast SEO plugin v26.6 - https:\/\/yoast.com\/wordpress\/plugins\/seo\/ -->\n<title>Politique de confidentialit\u00e9 (RGPD) - EMTEL - kardiomonitory, defibrylatory, profesjonalny serwis producenta<\/title>\n<meta name=\"robots\" content=\"index, follow, max-snippet:-1, max-image-preview:large, max-video-preview:-1\" \/>\n<link rel=\"canonical\" href=\"https:\/\/emtel.pl\/index.php\/politique-de-confidentialite\/\" \/>\n<meta property=\"og:locale\" content=\"pl_PL\" \/>\n<meta property=\"og:type\" content=\"article\" \/>\n<meta property=\"og:title\" content=\"Politique de confidentialit\u00e9 (RGPD) - EMTEL - kardiomonitory, defibrylatory, profesjonalny serwis producenta\" \/>\n<meta property=\"og:url\" content=\"https:\/\/emtel.pl\/index.php\/politique-de-confidentialite\/?lang=fr\" \/>\n<meta property=\"og:site_name\" content=\"EMTEL - kardiomonitory, defibrylatory, profesjonalny serwis producenta\" \/>\n<meta property=\"article:modified_time\" content=\"2022-05-11T10:08:30+00:00\" \/>\n<meta name=\"twitter:card\" content=\"summary_large_image\" \/>\n<meta name=\"twitter:label1\" content=\"Szacowany czas czytania\" \/>\n\t<meta name=\"twitter:data1\" content=\"9 minut\" \/>\n<script type=\"application\/ld+json\" class=\"yoast-schema-graph\">{\"@context\":\"https:\/\/schema.org\",\"@graph\":[{\"@type\":\"WebPage\",\"@id\":\"https:\/\/emtel.pl\/index.php\/politique-de-confidentialite\/?lang=fr\",\"url\":\"https:\/\/emtel.pl\/index.php\/politique-de-confidentialite\/?lang=fr\",\"name\":\"Politique de confidentialit\u00e9 (RGPD) - EMTEL - kardiomonitory, defibrylatory, profesjonalny serwis producenta\",\"isPartOf\":{\"@id\":\"https:\/\/emtel.pl\/#website\"},\"datePublished\":\"2019-09-09T14:15:26+00:00\",\"dateModified\":\"2022-05-11T10:08:30+00:00\",\"breadcrumb\":{\"@id\":\"https:\/\/emtel.pl\/index.php\/politique-de-confidentialite\/?lang=fr#breadcrumb\"},\"inLanguage\":\"pl-PL\",\"potentialAction\":[{\"@type\":\"ReadAction\",\"target\":[\"https:\/\/emtel.pl\/index.php\/politique-de-confidentialite\/?lang=fr\"]}]},{\"@type\":\"BreadcrumbList\",\"@id\":\"https:\/\/emtel.pl\/index.php\/politique-de-confidentialite\/?lang=fr#breadcrumb\",\"itemListElement\":[{\"@type\":\"ListItem\",\"position\":1,\"name\":\"Strona g\u0142\u00f3wna\",\"item\":\"https:\/\/emtel.pl\/\"},{\"@type\":\"ListItem\",\"position\":2,\"name\":\"Politique de confidentialit\u00e9 (RGPD)\"}]},{\"@type\":\"WebSite\",\"@id\":\"https:\/\/emtel.pl\/#website\",\"url\":\"https:\/\/emtel.pl\/\",\"name\":\"EMTEL - kardiomonitory, defibrylatory, profesjonalny serwis producenta\",\"description\":\"Technologia od serca\",\"potentialAction\":[{\"@type\":\"SearchAction\",\"target\":{\"@type\":\"EntryPoint\",\"urlTemplate\":\"https:\/\/emtel.pl\/?s={search_term_string}\"},\"query-input\":{\"@type\":\"PropertyValueSpecification\",\"valueRequired\":true,\"valueName\":\"search_term_string\"}}],\"inLanguage\":\"pl-PL\"}]}<\/script>\n<!-- \/ Yoast SEO plugin. -->","yoast_head_json":{"title":"Politique de confidentialit\u00e9 (RGPD) - EMTEL - kardiomonitory, defibrylatory, profesjonalny serwis producenta","robots":{"index":"index","follow":"follow","max-snippet":"max-snippet:-1","max-image-preview":"max-image-preview:large","max-video-preview":"max-video-preview:-1"},"canonical":"https:\/\/emtel.pl\/index.php\/politique-de-confidentialite\/","og_locale":"pl_PL","og_type":"article","og_title":"Politique de confidentialit\u00e9 (RGPD) - EMTEL - kardiomonitory, defibrylatory, profesjonalny serwis producenta","og_url":"https:\/\/emtel.pl\/index.php\/politique-de-confidentialite\/?lang=fr","og_site_name":"EMTEL - kardiomonitory, defibrylatory, profesjonalny serwis producenta","article_modified_time":"2022-05-11T10:08:30+00:00","twitter_card":"summary_large_image","twitter_misc":{"Szacowany czas czytania":"9 minut"},"schema":{"@context":"https:\/\/schema.org","@graph":[{"@type":"WebPage","@id":"https:\/\/emtel.pl\/index.php\/politique-de-confidentialite\/?lang=fr","url":"https:\/\/emtel.pl\/index.php\/politique-de-confidentialite\/?lang=fr","name":"Politique de confidentialit\u00e9 (RGPD) - EMTEL - kardiomonitory, defibrylatory, profesjonalny serwis producenta","isPartOf":{"@id":"https:\/\/emtel.pl\/#website"},"datePublished":"2019-09-09T14:15:26+00:00","dateModified":"2022-05-11T10:08:30+00:00","breadcrumb":{"@id":"https:\/\/emtel.pl\/index.php\/politique-de-confidentialite\/?lang=fr#breadcrumb"},"inLanguage":"pl-PL","potentialAction":[{"@type":"ReadAction","target":["https:\/\/emtel.pl\/index.php\/politique-de-confidentialite\/?lang=fr"]}]},{"@type":"BreadcrumbList","@id":"https:\/\/emtel.pl\/index.php\/politique-de-confidentialite\/?lang=fr#breadcrumb","itemListElement":[{"@type":"ListItem","position":1,"name":"Strona g\u0142\u00f3wna","item":"https:\/\/emtel.pl\/"},{"@type":"ListItem","position":2,"name":"Politique de confidentialit\u00e9 (RGPD)"}]},{"@type":"WebSite","@id":"https:\/\/emtel.pl\/#website","url":"https:\/\/emtel.pl\/","name":"EMTEL - kardiomonitory, defibrylatory, profesjonalny serwis producenta","description":"Technologia od serca","potentialAction":[{"@type":"SearchAction","target":{"@type":"EntryPoint","urlTemplate":"https:\/\/emtel.pl\/?s={search_term_string}"},"query-input":{"@type":"PropertyValueSpecification","valueRequired":true,"valueName":"search_term_string"}}],"inLanguage":"pl-PL"}]}},"_links":{"self":[{"href":"https:\/\/emtel.pl\/index.php\/wp-json\/wp\/v2\/pages\/1840","targetHints":{"allow":["GET"]}}],"collection":[{"href":"https:\/\/emtel.pl\/index.php\/wp-json\/wp\/v2\/pages"}],"about":[{"href":"https:\/\/emtel.pl\/index.php\/wp-json\/wp\/v2\/types\/page"}],"author":[{"embeddable":true,"href":"https:\/\/emtel.pl\/index.php\/wp-json\/wp\/v2\/users\/1"}],"replies":[{"embeddable":true,"href":"https:\/\/emtel.pl\/index.php\/wp-json\/wp\/v2\/comments?post=1840"}],"version-history":[{"count":4,"href":"https:\/\/emtel.pl\/index.php\/wp-json\/wp\/v2\/pages\/1840\/revisions"}],"predecessor-version":[{"id":2445,"href":"https:\/\/emtel.pl\/index.php\/wp-json\/wp\/v2\/pages\/1840\/revisions\/2445"}],"wp:attachment":[{"href":"https:\/\/emtel.pl\/index.php\/wp-json\/wp\/v2\/media?parent=1840"}],"curies":[{"name":"wp","href":"https:\/\/api.w.org\/{rel}","templated":true}]}}