{"id":3,"date":"2019-03-20T16:46:19","date_gmt":"2019-03-20T15:46:19","guid":{"rendered":"http:\/\/emtel.pl\/?page_id=3"},"modified":"2022-04-11T15:25:45","modified_gmt":"2022-04-11T13:25:45","slug":"polityka-prywatnosci","status":"publish","type":"page","link":"https:\/\/emtel.pl\/index.php\/polityka-prywatnosci\/","title":{"rendered":"Polityka prywatno\u015bci (RODO)"},"content":{"rendered":"<section class=\"l-section wpb_row height_small\"><div class=\"l-section-h i-cf\"><div class=\"g-cols vc_row via_flex valign_top type_default stacking_default\"><div class=\"vc_col-sm-12 wpb_column vc_column_container\"><div class=\"vc_column-inner\"><div class=\"wpb_wrapper\"><div class=\"wpb_text_column\"><div class=\"wpb_wrapper\"><h2>Polityka prywatno\u015bci EMTEL \u015aliwa sp. k.<\/h2>\n<p>EMTEL \u015aliwa sp. k. przywi\u0105zuje szczeg\u00f3ln\u0105 wag\u0119 do ochrony prywatno\u015bci oraz poszanowania Pa\u0144stwa danych osobowych. Ka\u017cdy u\u017cytkownik ma prawo wiedzie\u0107, jakie dane pozyskujemy, gdzie je przechowujemy, w jaki spos\u00f3b i w jakim celu z nich korzystamy, a tak\u017ce jakie jest ich \u017ar\u00f3d\u0142o oraz okres przechowywania.<\/p>\n<p>Celem niniejszej &#8222;Polityki prywatno\u015bci&#8221; jest pe\u0142en opis procesu zbierania i przetwarzania Pa\u0144stwa danych, jak r\u00f3wnie\u017c udzielenie informacji o przys\u0142uguj\u0105cych Pa\u0144stwu prawach.<\/p>\n<p>Zgodnie z art. 13 ust. 1 i 2 rozporz\u0105dzenia Parlamentu Europejskiego i Rady (UE) 2016\/679 z dnia 27 kwietnia 2016 r. w sprawie ochrony os\u00f3b fizycznych w zwi\u0105zku z przetwarzaniem danych osobowych i w sprawie swobodnego przep\u0142ywu takich danych oraz uchylenia dyrektywy 95\/46\/WE (og\u00f3lnego rozporz\u0105dzenia o ochronie danych), Dz.U.UE.L.2016.119.1 (dalej: RODO), niniejszym informujemy, i\u017c:<\/p>\n<p>Administratorem danych jest EMTEL \u015aliwa sp. k. z siedzib\u0105 przy ul. A. Mickiewicza 66, 41-807 Zabrze.<\/p>\n<p>Dane zbierane s\u0105 automatycznie, gdy wchodz\u0105 Pa\u0144stwo na stron\u0119 i zbierane s\u0105 w celach zapewnienia bezpiecze\u0144stwa oraz celach statystycznych.<\/p>\n<p>Wchodz\u0105c na stron\u0119 internetow\u0105 naszej firmy pojawia si\u0119 informacja cookies oraz pytanie o zgod\u0119 na ich u\u017cywanie. Pliki cookies (tzw. ciasteczka) to niewielkie pliki tekstowe wysy\u0142ane przez serwis internetowy, kt\u00f3ry odwiedza internauta, do urz\u0105dzenia internauty (komputer, smartfon, tablet, itp.). Ciasteczka nie zawieraj\u0105 danych osobowych oraz nie ingeruj\u0105 w dzia\u0142anie komputera. S\u0142u\u017c\u0105 do identyfikacji przegl\u0105darki i s\u0105 wymagane do korzystania z niekt\u00f3rych funkcji dost\u0119pnych na stronie.<\/p>\n<p>Administrator wykorzystuje dwa typy plik\u00f3w cookies:<\/p>\n<ul>\n<li>Cookies sesyjne: s\u0105 przechowywane na urz\u0105dzeniu U\u017cytkownika i pozostaj\u0105 tam do momentu zako\u0144czenia sesji danej przegl\u0105darki. Zapisane informacje s\u0105 w\u00f3wczas trwale usuwane z pami\u0119ci urz\u0105dzenia.<\/li>\n<li>Cookies trwa\u0142e: s\u0105 przechowywane na urz\u0105dzeniu U\u017cytkownika i pozostaj\u0105 tam do momentu ich skasowania. Zako\u0144czenie sesji danej przegl\u0105darki lub wy\u0142\u0105czenie urz\u0105dzenia nie powoduje ich usuni\u0119cia z urz\u0105dzenia U\u017cytkownika.<\/li>\n<\/ul>\n<p>Wy\u0142\u0105czaj\u0105c cookies, nale\u017cy mie\u0107 na wzgl\u0119dzie, \u017ce strona mo\u017ce nie dzia\u0142a\u0107 poprawnie. Polityka cookies znajduje si\u0119 pod linkiem: <a href=\"http:\/\/emtel.pl\/index.php\/polityka-prywatnosci\/\">http:\/\/www.emtel.pl\/polityka-prywatnosci\/<\/a><\/p>\n<p>Dane te nie s\u0142u\u017c\u0105 profilowaniu.<\/p>\n<p>Podstaw\u0105 prawn\u0105 przetwarzania ww. danych jest art. 6 ust. 1 pkt f) RODO &#8211; &#8222;przetwarzanie jest niezb\u0119dne do cel\u00f3w wynikaj\u0105cych z prawnie uzasadnionych interes\u00f3w realizowanych przez administratora&#8221;. Dane te niezb\u0119dne s\u0105 do zapewnienia przez EMTEL \u015aliwa sp. k. \u015bwiadczenia us\u0142ug na najwy\u017cszym poziomie.<\/p>\n<p>Pa\u0144stwa dane zbierane automatycznie przechowywane b\u0119d\u0105 przez okres 14 miesi\u0119cy, a w przypadku plik\u00f3w cookies przez godzin\u0119 lub do zamkni\u0119cia okna przegl\u0105darki.<\/p>\n<p>Przys\u0142uguje Pa\u0144stwu prawo:<\/p>\n<ol type=\"a\">\n<li>do bycia poinformowanym o operacjach przetwarzania,<\/li>\n<li>dost\u0119pu do Twoich danych osobowych,<\/li>\n<li>do sprostowania\/uzupe\u0142nienia danych,<\/li>\n<li>do usuni\u0119cia danych (&#8222;prawo do bycia zapomnianym&#8221;),<\/li>\n<li>do ograniczenia przetwarzania danych,<\/li>\n<li>do przenoszenia danych,<\/li>\n<li>do sprzeciwu,<\/li>\n<li>do tego, by nie podlega\u0107 profilowaniu.<\/li>\n<\/ol>\n<p>Zgodnie z art. 77 RODO przys\u0142uguje Pa\u0144stwu prawo wniesienia skargi do organu nadzorczego, kt\u00f3rym jest Prezes Urz\u0119du Ochrony Danych Osobowych.<\/p>\n<p>W sprawach zwi\u0105zanych z ochron\u0105 Pa\u0144stwa danych osobowych mo\u017cna kontaktowa\u0107 si\u0119 r\u00f3wnie\u017c z Inspektorem Ochrony Danych, pisz\u0105c na adres email: <a class=\"mailto-link\" href=\"mailto:medical@emtel.pl\">medical@emtel.pl<\/a><\/p>\n<p>EMTEL \u015aliwa sp. k. ponadto stosuje narz\u0119dzie Google Analytics do analizowania ruchu na stronie internetowej.<\/p>\n<p>Administrator us\u0142ugi wykorzystuje Cookies zewn\u0119trzne w celu zbierania og\u00f3lnych i anonimowych danych statycznych za po\u015brednictwem narz\u0119dzi analitycznych Google Analytics (administrator cookies zewn\u0119trznego: Google Inc z siedzib\u0105 w USA).<\/p>\n<p>Administrator us\u0142ugi wykorzystuje Cookies zewn\u0119trzne w celu prezentowania reklam dostosowanych do preferencji U\u017cytkownika z wykorzystaniem narz\u0119dzia internetowej reklamy Google AdSense (administrator cookies zewn\u0119trznego: Google Inc z siedzib\u0105 w USA).<\/p>\n<p>Google Analytics u\u017cywa adres\u00f3w IP, by ustala\u0107 po\u0142o\u017cenie geograficzne u\u017cytkownik\u00f3w oraz chroni\u0107 dzia\u0142anie us\u0142ugi i zapewnia\u0107 bezpiecze\u0144stwo.<\/p>\n<p>Zastrzegamy sobie prawo zmiany niniejszej &#8222;Polityki prywatno\u015bci&#8221;.<\/p>\n<hr \/>\n<h2>Ochrona danych osobowych w EMTEL \u015aliwa sp. k.<\/h2>\n<p>EMTEL \u015aliwa sp. k. przywi\u0105zuje wielk\u0105 wag\u0119 do ochrony danych osobowych. Zdajemy sobie spraw\u0119 z tego, i\u017c powinny by\u0107 one w\u0142a\u015bciwie chronione, za\u015b Ty powiniene\u015b mie\u0107 prawo do rzetelnej i pe\u0142nej informacji na temat tego, w jaki spos\u00f3b s\u0105 przetwarzane. Tylko pe\u0142na informacja zagwarantuje Ci mo\u017cliwo\u015b\u0107 skorzystania z przys\u0142uguj\u0105cych Ci praw. Zawsze celem nadrz\u0119dnym jest ochrona praw i wolno\u015bci jednostki.<\/p>\n<p>Przetwarzanie odbywa si\u0119 na podstawie przepis\u00f3w rozporz\u0105dzenia Parlamentu Europejskiego i Rady (UE) 2016\/679 z dnia 27 kwietnia 2016 r. w sprawie ochrony os\u00f3b fizycznych w zwi\u0105zku z przetwarzaniem danych osobowych i w sprawie swobodnego przep\u0142ywu takich danych oraz uchylenia dyrektywy 95\/46\/WE (og\u00f3lnego rozporz\u0105dzenia o ochronie danych), ustawy z dnia 10 maja 2018 r. o ochronie danych osobowych oraz wewn\u0119trznych polityk ochrony danych.<\/p>\n<p>Og\u00f3lne rozporz\u0105dzenie o ochronie danych (dalej: RODO) opiera przetwarzanie danych osobowych na nast\u0119puj\u0105cych zasadach:<\/p>\n<ul>\n<li>zgodno\u015b\u0107 z prawem, rzetelno\u015b\u0107 i przejrzysto\u015b\u0107 &#8211; nale\u017cy poda\u0107 podstaw\u0119 prawn\u0105 przetwarzania, przetwarza\u0107 w spos\u00f3b staranny i akceptowalny dla jednostki, bior\u0105c pod uwag\u0119 tak\u017ce cele biznesowe Administratora, wreszcie, w spos\u00f3b jasny dla podmiotu danych;<\/li>\n<li>ograniczenie celu &#8211; nale\u017cy wskaza\u0107 cel przetwarzania;<\/li>\n<li>minimalizacj\u0119 zakresu danych &#8211; zbieramy tylko tyle danych, ile to konieczne;<\/li>\n<li>ograniczenie przechowywania &#8211; nie przetwarzamy d\u0142u\u017cej ni\u017c wynika to z przepis\u00f3w prawa, b\u0105d\u017a cel\u00f3w przetwarzania;<\/li>\n<li>integralno\u015b\u0107 i poufno\u015b\u0107 &#8211; dane nie mog\u0105 by\u0107 modyfikowane ani niszczone, jak r\u00f3wnie\u017c powinny by\u0107 w\u0142a\u015bciwie zabezpieczone;<\/li>\n<li>rozliczalno\u015b\u0107 przetwarzania danych osobowych &#8211; Administrator powinien wykaza\u0107 przestrzeganie przepis\u00f3w RODO.<br \/>\nAdministratorem danych jest EMTEL \u015aliwa sp. k., ul. A. Mickiewicza 66, 41-807 Zabrze<\/li>\n<\/ul>\n<p>W sprawach zwi\u0105zanych z przetwarzaniem mo\u017cesz si\u0119 skontaktowa\u0107 z Inspektorem Ochrony Danych: <a href=\"mailto:medical@emtel.pl\">medical@emtel.pl<\/a><\/p>\n<p>Dane osobowe gromadzone przez EMTEL \u015aliwa sp. k. przetwarzane s\u0105 w celu realizacji um\u00f3w z kontrahentami, proces\u00f3w zarz\u0105dzania zasobami ludzkimi, zatrudnienia, proces\u00f3w administracyjnych oraz BHP.<\/p>\n<p>Dane przetwarzane s\u0105 na podstawie:<\/p>\n<p>&#8211; zgody osoby, kt\u00f3rej dane dotycz\u0105;<br \/>\n&#8211; umowy;<br \/>\n&#8211; realizacji obowi\u0105zku prawnego ci\u0105\u017c\u0105cego na Administratorze;<br \/>\n&#8211; prawnie uzasadnionego interesu Administratora, kt\u00f3rym jest w\u0142a\u015bciwa realizacja um\u00f3w, jak r\u00f3wnie\u017c zabezpieczenie ewentualnych przysz\u0142ych roszcze\u0144.<\/p>\n<p>Odbiorcami danych b\u0119d\u0105 dostawcy us\u0142ug IT, kontrahenci, podmioty \u015bwiadcz\u0105ce us\u0142ugi BHP, podmioty \u015bwiadcz\u0105ce us\u0142ugi ochrony mienia, jak r\u00f3wnie\u017c podmioty oferuj\u0105ce us\u0142ugi prawne.<\/p>\n<p>Dane osobowe przechowywane b\u0119d\u0105 przez okres wynikaj\u0105cy z poszczeg\u00f3lnych ustaw, a je\u015bli nie jest to doprecyzowane, przez okres, kt\u00f3ry Administrator uzna za uzasadniony i rozs\u0105dny, wzi\u0105wszy pod uwag\u0119 cel przetwarzania.<\/p>\n<p>Je\u015bli nie jest to wy\u0142\u0105czone przez przepisy szczeg\u00f3\u0142owe, przys\u0142uguj\u0105 Ci nast\u0119puj\u0105ce prawa:<\/p>\n<p>&#8211; prawo do \u017c\u0105dania od Administratora dost\u0119pu do Twoich danych;<br \/>\n&#8211; prawo do \u017c\u0105dania ich sprostowania;<br \/>\n&#8211; prawo do \u017c\u0105dania ich usuni\u0119cia;<br \/>\n&#8211; prawo do \u017c\u0105dania ograniczenia ich przetwarzania;<br \/>\n&#8211; prawo do wniesienia sprzeciwu wobec ich przetwarzania;<br \/>\n&#8211; oraz prawo do przeniesienia danych.<\/p>\n<p>\u0179r\u00f3d\u0142em pochodzenia danych mo\u017ce by\u0107 zar\u00f3wno umowa zawarta bezpo\u015brednio przez Ciebie z EMTEL \u015aliwa sp. k., jak r\u00f3wnie\u017c po\u015brednio umowa zawarta przez Twojego pracodawc\u0119 (w przypadku podwykonawcy). \u0179r\u00f3d\u0142em danych mog\u0105 by\u0107 tak\u017ce inni administratorzy, kt\u00f3rzy powierzyli nam dane do przetwarzania. Czasami \u017ar\u00f3d\u0142em danych b\u0119d\u0105 rejestry publicznie dost\u0119pne, np. KRS (w przypadku os\u00f3b fizycznych prowadz\u0105cych jednoosobow\u0105 dzia\u0142alno\u015b\u0107 gospodarcz\u0105).<br \/>\nDane mog\u0105 by\u0107 wi\u0119c zbierane bezpo\u015brednio lub po\u015brednio.<\/p>\n<p>Twoje dane nie b\u0119d\u0105 s\u0142u\u017cy\u0142y profilowaniu oraz zautomatyzowanemu podejmowaniu decyzji.<\/p>\n<p>Je\u015bli przetwarzanie odbywa si\u0119 na podstawie Twojej zgody, masz prawo cofn\u0105\u0107 j\u0105 w dowolnym czasie. Nie ma to wp\u0142ywu na zgodno\u015b\u0107 z prawem przetwarzania dokonanego przed cofni\u0119ciem zgody.<\/p>\n<p>W sytuacji, gdy podanie danych nie zale\u017cy od Twojej zgody, ich przetwarzanie wynika z zapis\u00f3w zawartej umowy lub przepisu prawa. W\u00f3wczas ich niepodanie skutkowa\u0107 b\u0119dzie niemo\u017cliwo\u015bci\u0105 realizacji umowy.<\/p>\n<p>Zgodnie z art. 77 RODO przys\u0142uguje Ci prawo wniesienia skargi do organu nadzorczego, kt\u00f3rym jest Prezes Urz\u0119du Ochrony Danych Osobowych.<\/p>\n<\/div><\/div><\/div><\/div><\/div><\/div><\/div><\/section>\n","protected":false},"excerpt":{"rendered":"Polityka prywatno\u015bci EMTEL \u015aliwa sp. k. EMTEL \u015aliwa sp. k. przywi\u0105zuje szczeg\u00f3ln\u0105 wag\u0119 do ochrony prywatno\u015bci oraz poszanowania Pa\u0144stwa danych osobowych. Ka\u017cdy u\u017cytkownik ma prawo wiedzie\u0107, jakie dane pozyskujemy, gdzie je przechowujemy, w jaki spos\u00f3b i w jakim celu z nich korzystamy, a tak\u017ce jakie jest ich \u017ar\u00f3d\u0142o oraz okres przechowywania. Celem niniejszej &#8222;Polityki prywatno\u015bci&#8221;...","protected":false},"author":1,"featured_media":0,"parent":0,"menu_order":99,"comment_status":"closed","ping_status":"closed","template":"","meta":{"_jet_sm_ready_style":"","_jet_sm_style":"","_jet_sm_controls_values":"","_jet_sm_fonts_collection":"","_jet_sm_fonts_links":"","footnotes":"","_links_to":"","_links_to_target":""},"class_list":["post-3","page","type-page","status-publish","hentry"],"yoast_head":"<!-- This site is optimized with the Yoast SEO plugin v26.6 - https:\/\/yoast.com\/wordpress\/plugins\/seo\/ -->\n<title>Polityka prywatno\u015bci (RODO) - EMTEL - kardiomonitory, defibrylatory, profesjonalny serwis producenta<\/title>\n<meta name=\"description\" content=\"Polityka prywatno\u015bci EMTEL \u015aliwa sp. k.\" \/>\n<meta name=\"robots\" content=\"index, follow, max-snippet:-1, max-image-preview:large, max-video-preview:-1\" \/>\n<link rel=\"canonical\" href=\"https:\/\/emtel.pl\/index.php\/polityka-prywatnosci\/\" \/>\n<meta property=\"og:locale\" content=\"pl_PL\" \/>\n<meta property=\"og:type\" content=\"article\" \/>\n<meta property=\"og:title\" content=\"Polityka prywatno\u015bci (RODO) - EMTEL - kardiomonitory, defibrylatory, profesjonalny serwis producenta\" \/>\n<meta property=\"og:description\" content=\"Polityka prywatno\u015bci EMTEL \u015aliwa sp. k.\" \/>\n<meta property=\"og:url\" content=\"https:\/\/emtel.pl\/index.php\/polityka-prywatnosci\/\" \/>\n<meta property=\"og:site_name\" content=\"EMTEL - kardiomonitory, defibrylatory, profesjonalny serwis producenta\" \/>\n<meta property=\"article:modified_time\" content=\"2022-04-11T13:25:45+00:00\" \/>\n<meta name=\"twitter:card\" content=\"summary_large_image\" \/>\n<meta name=\"twitter:label1\" content=\"Szacowany czas czytania\" \/>\n\t<meta name=\"twitter:data1\" content=\"7 minut\" \/>\n<script type=\"application\/ld+json\" class=\"yoast-schema-graph\">{\"@context\":\"https:\/\/schema.org\",\"@graph\":[{\"@type\":\"WebPage\",\"@id\":\"https:\/\/emtel.pl\/index.php\/polityka-prywatnosci\/\",\"url\":\"https:\/\/emtel.pl\/index.php\/polityka-prywatnosci\/\",\"name\":\"Polityka prywatno\u015bci (RODO) - EMTEL - kardiomonitory, defibrylatory, profesjonalny serwis producenta\",\"isPartOf\":{\"@id\":\"https:\/\/emtel.pl\/#website\"},\"datePublished\":\"2019-03-20T15:46:19+00:00\",\"dateModified\":\"2022-04-11T13:25:45+00:00\",\"description\":\"Polityka prywatno\u015bci EMTEL \u015aliwa sp. k.\",\"breadcrumb\":{\"@id\":\"https:\/\/emtel.pl\/index.php\/polityka-prywatnosci\/#breadcrumb\"},\"inLanguage\":\"pl-PL\",\"potentialAction\":[{\"@type\":\"ReadAction\",\"target\":[\"https:\/\/emtel.pl\/index.php\/polityka-prywatnosci\/\"]}]},{\"@type\":\"BreadcrumbList\",\"@id\":\"https:\/\/emtel.pl\/index.php\/polityka-prywatnosci\/#breadcrumb\",\"itemListElement\":[{\"@type\":\"ListItem\",\"position\":1,\"name\":\"Strona g\u0142\u00f3wna\",\"item\":\"https:\/\/emtel.pl\/\"},{\"@type\":\"ListItem\",\"position\":2,\"name\":\"Polityka prywatno\u015bci (RODO)\"}]},{\"@type\":\"WebSite\",\"@id\":\"https:\/\/emtel.pl\/#website\",\"url\":\"https:\/\/emtel.pl\/\",\"name\":\"EMTEL - kardiomonitory, defibrylatory, profesjonalny serwis producenta\",\"description\":\"Technologia od serca\",\"potentialAction\":[{\"@type\":\"SearchAction\",\"target\":{\"@type\":\"EntryPoint\",\"urlTemplate\":\"https:\/\/emtel.pl\/?s={search_term_string}\"},\"query-input\":{\"@type\":\"PropertyValueSpecification\",\"valueRequired\":true,\"valueName\":\"search_term_string\"}}],\"inLanguage\":\"pl-PL\"}]}<\/script>\n<!-- \/ Yoast SEO plugin. -->","yoast_head_json":{"title":"Polityka prywatno\u015bci (RODO) - EMTEL - kardiomonitory, defibrylatory, profesjonalny serwis producenta","description":"Polityka prywatno\u015bci EMTEL \u015aliwa sp. k.","robots":{"index":"index","follow":"follow","max-snippet":"max-snippet:-1","max-image-preview":"max-image-preview:large","max-video-preview":"max-video-preview:-1"},"canonical":"https:\/\/emtel.pl\/index.php\/polityka-prywatnosci\/","og_locale":"pl_PL","og_type":"article","og_title":"Polityka prywatno\u015bci (RODO) - EMTEL - kardiomonitory, defibrylatory, profesjonalny serwis producenta","og_description":"Polityka prywatno\u015bci EMTEL \u015aliwa sp. k.","og_url":"https:\/\/emtel.pl\/index.php\/polityka-prywatnosci\/","og_site_name":"EMTEL - kardiomonitory, defibrylatory, profesjonalny serwis producenta","article_modified_time":"2022-04-11T13:25:45+00:00","twitter_card":"summary_large_image","twitter_misc":{"Szacowany czas czytania":"7 minut"},"schema":{"@context":"https:\/\/schema.org","@graph":[{"@type":"WebPage","@id":"https:\/\/emtel.pl\/index.php\/polityka-prywatnosci\/","url":"https:\/\/emtel.pl\/index.php\/polityka-prywatnosci\/","name":"Polityka prywatno\u015bci (RODO) - EMTEL - kardiomonitory, defibrylatory, profesjonalny serwis producenta","isPartOf":{"@id":"https:\/\/emtel.pl\/#website"},"datePublished":"2019-03-20T15:46:19+00:00","dateModified":"2022-04-11T13:25:45+00:00","description":"Polityka prywatno\u015bci EMTEL \u015aliwa sp. k.","breadcrumb":{"@id":"https:\/\/emtel.pl\/index.php\/polityka-prywatnosci\/#breadcrumb"},"inLanguage":"pl-PL","potentialAction":[{"@type":"ReadAction","target":["https:\/\/emtel.pl\/index.php\/polityka-prywatnosci\/"]}]},{"@type":"BreadcrumbList","@id":"https:\/\/emtel.pl\/index.php\/polityka-prywatnosci\/#breadcrumb","itemListElement":[{"@type":"ListItem","position":1,"name":"Strona g\u0142\u00f3wna","item":"https:\/\/emtel.pl\/"},{"@type":"ListItem","position":2,"name":"Polityka prywatno\u015bci (RODO)"}]},{"@type":"WebSite","@id":"https:\/\/emtel.pl\/#website","url":"https:\/\/emtel.pl\/","name":"EMTEL - kardiomonitory, defibrylatory, profesjonalny serwis producenta","description":"Technologia od serca","potentialAction":[{"@type":"SearchAction","target":{"@type":"EntryPoint","urlTemplate":"https:\/\/emtel.pl\/?s={search_term_string}"},"query-input":{"@type":"PropertyValueSpecification","valueRequired":true,"valueName":"search_term_string"}}],"inLanguage":"pl-PL"}]}},"_links":{"self":[{"href":"https:\/\/emtel.pl\/index.php\/wp-json\/wp\/v2\/pages\/3","targetHints":{"allow":["GET"]}}],"collection":[{"href":"https:\/\/emtel.pl\/index.php\/wp-json\/wp\/v2\/pages"}],"about":[{"href":"https:\/\/emtel.pl\/index.php\/wp-json\/wp\/v2\/types\/page"}],"author":[{"embeddable":true,"href":"https:\/\/emtel.pl\/index.php\/wp-json\/wp\/v2\/users\/1"}],"replies":[{"embeddable":true,"href":"https:\/\/emtel.pl\/index.php\/wp-json\/wp\/v2\/comments?post=3"}],"version-history":[{"count":7,"href":"https:\/\/emtel.pl\/index.php\/wp-json\/wp\/v2\/pages\/3\/revisions"}],"predecessor-version":[{"id":2443,"href":"https:\/\/emtel.pl\/index.php\/wp-json\/wp\/v2\/pages\/3\/revisions\/2443"}],"wp:attachment":[{"href":"https:\/\/emtel.pl\/index.php\/wp-json\/wp\/v2\/media?parent=3"}],"curies":[{"name":"wp","href":"https:\/\/api.w.org\/{rel}","templated":true}]}}