{"id":3426,"date":"2025-12-30T12:52:27","date_gmt":"2025-12-30T11:52:27","guid":{"rendered":"https:\/\/emtel.pl\/?page_id=3426"},"modified":"2025-12-31T11:02:43","modified_gmt":"2025-12-31T10:02:43","slug":"user-manual","status":"publish","type":"page","link":"https:\/\/emtel.pl\/index.php\/user-manual\/?lang=en","title":{"rendered":"User manual"},"content":{"rendered":"<section class=\"l-section wpb_row height_small\"><div class=\"l-section-h i-cf\"><div class=\"g-cols vc_row via_flex valign_top type_default stacking_default\"><div class=\"vc_col-sm-12 wpb_column vc_column_container\"><div class=\"vc_column-inner\"><div class=\"wpb_wrapper\"><div class=\"wpb_text_column us_custom_65253161\"><div class=\"wpb_wrapper\"><p><strong>Please note that user manuals are not publicly available.<\/strong><\/p>\n<p><strong>To receive an electronic version of the manual, please complete the below form. Once your request has been verified, we will send the manual.<\/strong><\/p>\n<\/div><\/div><div class=\"w-separator size_medium\"><\/div><form class=\"w-form  us-field-style_1 layout_ver show_message_after_sending for_cform us_form_1\" action=\"https:\/\/emtel.pl\/index.php\/wp-json\/wp\/v2\/pages\/3426\" method=\"post\"><div class=\"w-form-h\"><div class=\"w-form-row for_text required cols_2\">\r\n\t\t<div class=\"w-form-row-field\">\r\n\t\t\t\t\t\t<input aria-label=\"Name and surname\" type=\"text\" name=\"us_form_1_text_1\" value placeholder=\"Name and surname *\" data-required=\"true\" aria-required=\"true\"\/>\r\n\t\t\t<\/div>\r\n\t\t<div class=\"w-form-row-state\">Wype\u0142nij to pole<\/div>\r\n<\/div>\r\n<div class=\"w-form-row for_text cols_2\">\r\n\t\t<div class=\"w-form-row-field\">\r\n\t\t\t\t\t\t<input aria-label=\"Name of hospital\/company\" type=\"text\" name=\"us_form_1_text_2\" value placeholder=\"Name of hospital\/company\"\/>\r\n\t\t\t<\/div>\r\n\t\t<div class=\"w-form-row-state\">Wype\u0142nij to pole<\/div>\r\n<\/div>\r\n<div class=\"w-form-row for_email required cols_2\">\r\n\t\t<div class=\"w-form-row-field\">\r\n\t\t\t\t\t\t<input aria-label=\"E-mail\" type=\"email\" name=\"us_form_1_email_1\" value placeholder=\"E-mail *\" data-required=\"true\" aria-required=\"true\"\/>\r\n\t\t\t<\/div>\r\n\t\t<div class=\"w-form-row-state\">Prosz\u0119 wpisa\u0107 prawid\u0142owy adres e-mail.<\/div>\r\n<\/div>\r\n<div class=\"w-form-row for_text cols_2\">\r\n\t\t<div class=\"w-form-row-field\">\r\n\t\t\t\t\t\t<input aria-label=\"Phone\" type=\"text\" name=\"us_form_1_text_3\" value placeholder=\"Phone\"\/>\r\n\t\t\t<\/div>\r\n\t\t<div class=\"w-form-row-state\">Wype\u0142nij to pole<\/div>\r\n<\/div>\r\n<div class=\"w-form-row for_textarea\">\r\n\t\t<div class=\"w-form-row-field\">\r\n\t\t\t\t\t\t<textarea aria-label=\"Additional notes\" name=\"us_form_1_textarea_1\" placeholder=\"Additional notes\"><\/textarea>\r\n\t\t\t<\/div>\r\n\t\t<div class=\"w-form-row-state\">Wype\u0142nij to pole<\/div>\r\n<\/div>\r\n<div class=\"w-form-row for_agreement required\">\r\n\t\t<div class=\"w-form-row-field\">\r\n\t\t\t\t<label>\r\n\t\t\t<input type=\"checkbox\" value=\"1\" data-required=\"true\" aria-required=\"true\" name=\"us_form_1_agreement_1\"\/>\r\n\t\t\t<span>I consent to the processing of my personal data by EMTEL for the purpose of processing my inquiry and sending the user manual in accordance with applicable GDPR regulations. Details can be found in the .<a href=\"\/index.php\/polityka-prywatnosci\/\" target=\"_blank\">https:\/\/emtel.pl\/index.php\/privacy-policy\/?lang=en<\/a>.<\/span>\r\n\t\t<\/label>\r\n\t\t\t<\/div>\r\n\t\t<div class=\"w-form-row-state\">Aby kontynuowa\u0107, musisz zaakceptowa\u0107 warunki<\/div>\r\n<\/div>\r\n<input type=\"hidden\" name=\"action\" value=\"us_ajax_cform\" \/>\r\n<input type=\"hidden\" name=\"post_id\" value=\"0\" \/>\r\n<input type=\"hidden\" name=\"form_index\" value=\"1\" \/>\r\n<div class=\"w-form-row for_submit align_none\">\r\n\t<button class=\"w-btn  us-btn-style_1\" aria-label=\"Wy\u015blij formularz\" type=\"submit\">\r\n\t\t<span class=\"g-preloader type_1\"><\/span>\r\n\t\t\t\t<span class=\"w-btn-label\">Wy\u015blij formularz<\/span>\r\n\t\t\t<\/button>\r\n\t<\/div>\r\n<\/div><div class=\"w-form-message\"><\/div><div class=\"w-form-json hidden\" onclick='return {&quot;ajaxurl&quot;:&quot;https:\\\/\\\/emtel.pl\\\/wp-admin\\\/admin-ajax.php&quot;,&quot;messages&quot;:{&quot;err_empty&quot;:&quot;Wype\\u0142nij to pole&quot;,&quot;err_size&quot;:&quot;Rozmiar pliku nie mo\\u017ce przekracza\\u0107 %s MB&quot;,&quot;err_extension&quot;:&quot;Typ pliku %s jest niedozwolony&quot;,&quot;err_recaptcha_keys&quot;:&quot;Klucze reCAPTCHA s\\u0105 nieprawid\\u0142owe&quot;}}'><\/div><\/form><\/div><\/div><\/div><\/div><\/div><\/section>\n","protected":false},"excerpt":{"rendered":"Please note that user manuals are not publicly available. To receive an electronic version of the manual, please complete the below form. Once your request has been verified, we will send the manual. Wype\u0142nij to pole Wype\u0142nij to pole Prosz\u0119 wpisa\u0107 prawid\u0142owy adres e-mail. Wype\u0142nij to pole Wype\u0142nij to pole I consent to the processing...","protected":false},"author":1,"featured_media":0,"parent":0,"menu_order":50,"comment_status":"closed","ping_status":"closed","template":"","meta":{"_jet_sm_ready_style":"","_jet_sm_style":"","_jet_sm_controls_values":"","_jet_sm_fonts_collection":"","_jet_sm_fonts_links":"","footnotes":"","_links_to":"","_links_to_target":""},"class_list":["post-3426","page","type-page","status-publish","hentry"],"yoast_head":"<!-- This site is optimized with the Yoast SEO plugin v27.4 - https:\/\/yoast.com\/product\/yoast-seo-wordpress\/ -->\n<title>User manual - EMTEL - kardiomonitory, defibrylatory, profesjonalny serwis producenta<\/title>\n<meta name=\"robots\" content=\"index, follow, max-snippet:-1, max-image-preview:large, max-video-preview:-1\" \/>\n<link rel=\"canonical\" href=\"https:\/\/emtel.pl\/index.php\/user-manual\/\" \/>\n<meta property=\"og:locale\" content=\"pl_PL\" \/>\n<meta property=\"og:type\" content=\"article\" \/>\n<meta property=\"og:title\" content=\"User manual - EMTEL - kardiomonitory, defibrylatory, profesjonalny serwis producenta\" \/>\n<meta property=\"og:url\" content=\"https:\/\/emtel.pl\/index.php\/user-manual\/?lang=en\" \/>\n<meta property=\"og:site_name\" content=\"EMTEL - kardiomonitory, defibrylatory, profesjonalny serwis producenta\" \/>\n<meta property=\"article:modified_time\" content=\"2025-12-31T10:02:43+00:00\" \/>\n<meta name=\"twitter:card\" content=\"summary_large_image\" \/>\n<meta name=\"twitter:label1\" content=\"Szacowany czas czytania\" \/>\n\t<meta name=\"twitter:data1\" content=\"1 minuta\" \/>\n<script type=\"application\/ld+json\" class=\"yoast-schema-graph\">{\"@context\":\"https:\\\/\\\/schema.org\",\"@graph\":[{\"@type\":\"WebPage\",\"@id\":\"https:\\\/\\\/emtel.pl\\\/index.php\\\/user-manual\\\/?lang=en\",\"url\":\"https:\\\/\\\/emtel.pl\\\/index.php\\\/user-manual\\\/?lang=en\",\"name\":\"User manual - EMTEL - kardiomonitory, defibrylatory, profesjonalny serwis producenta\",\"isPartOf\":{\"@id\":\"https:\\\/\\\/emtel.pl\\\/#website\"},\"datePublished\":\"2025-12-30T11:52:27+00:00\",\"dateModified\":\"2025-12-31T10:02:43+00:00\",\"breadcrumb\":{\"@id\":\"https:\\\/\\\/emtel.pl\\\/index.php\\\/user-manual\\\/?lang=en#breadcrumb\"},\"inLanguage\":\"pl-PL\",\"potentialAction\":[{\"@type\":\"ReadAction\",\"target\":[\"https:\\\/\\\/emtel.pl\\\/index.php\\\/user-manual\\\/?lang=en\"]}]},{\"@type\":\"BreadcrumbList\",\"@id\":\"https:\\\/\\\/emtel.pl\\\/index.php\\\/user-manual\\\/?lang=en#breadcrumb\",\"itemListElement\":[{\"@type\":\"ListItem\",\"position\":1,\"name\":\"Strona g\u0142\u00f3wna\",\"item\":\"https:\\\/\\\/emtel.pl\\\/\"},{\"@type\":\"ListItem\",\"position\":2,\"name\":\"User manual\"}]},{\"@type\":\"WebSite\",\"@id\":\"https:\\\/\\\/emtel.pl\\\/#website\",\"url\":\"https:\\\/\\\/emtel.pl\\\/\",\"name\":\"EMTEL - kardiomonitory, defibrylatory, profesjonalny serwis producenta\",\"description\":\"Technologia od serca\",\"potentialAction\":[{\"@type\":\"SearchAction\",\"target\":{\"@type\":\"EntryPoint\",\"urlTemplate\":\"https:\\\/\\\/emtel.pl\\\/?s={search_term_string}\"},\"query-input\":{\"@type\":\"PropertyValueSpecification\",\"valueRequired\":true,\"valueName\":\"search_term_string\"}}],\"inLanguage\":\"pl-PL\"}]}<\/script>\n<!-- \/ Yoast SEO plugin. -->","yoast_head_json":{"title":"User manual - EMTEL - kardiomonitory, defibrylatory, profesjonalny serwis producenta","robots":{"index":"index","follow":"follow","max-snippet":"max-snippet:-1","max-image-preview":"max-image-preview:large","max-video-preview":"max-video-preview:-1"},"canonical":"https:\/\/emtel.pl\/index.php\/user-manual\/","og_locale":"pl_PL","og_type":"article","og_title":"User manual - EMTEL - kardiomonitory, defibrylatory, profesjonalny serwis producenta","og_url":"https:\/\/emtel.pl\/index.php\/user-manual\/?lang=en","og_site_name":"EMTEL - kardiomonitory, defibrylatory, profesjonalny serwis producenta","article_modified_time":"2025-12-31T10:02:43+00:00","twitter_card":"summary_large_image","twitter_misc":{"Szacowany czas czytania":"1 minuta"},"schema":{"@context":"https:\/\/schema.org","@graph":[{"@type":"WebPage","@id":"https:\/\/emtel.pl\/index.php\/user-manual\/?lang=en","url":"https:\/\/emtel.pl\/index.php\/user-manual\/?lang=en","name":"User manual - EMTEL - kardiomonitory, defibrylatory, profesjonalny serwis producenta","isPartOf":{"@id":"https:\/\/emtel.pl\/#website"},"datePublished":"2025-12-30T11:52:27+00:00","dateModified":"2025-12-31T10:02:43+00:00","breadcrumb":{"@id":"https:\/\/emtel.pl\/index.php\/user-manual\/?lang=en#breadcrumb"},"inLanguage":"pl-PL","potentialAction":[{"@type":"ReadAction","target":["https:\/\/emtel.pl\/index.php\/user-manual\/?lang=en"]}]},{"@type":"BreadcrumbList","@id":"https:\/\/emtel.pl\/index.php\/user-manual\/?lang=en#breadcrumb","itemListElement":[{"@type":"ListItem","position":1,"name":"Strona g\u0142\u00f3wna","item":"https:\/\/emtel.pl\/"},{"@type":"ListItem","position":2,"name":"User manual"}]},{"@type":"WebSite","@id":"https:\/\/emtel.pl\/#website","url":"https:\/\/emtel.pl\/","name":"EMTEL - kardiomonitory, defibrylatory, profesjonalny serwis producenta","description":"Technologia od serca","potentialAction":[{"@type":"SearchAction","target":{"@type":"EntryPoint","urlTemplate":"https:\/\/emtel.pl\/?s={search_term_string}"},"query-input":{"@type":"PropertyValueSpecification","valueRequired":true,"valueName":"search_term_string"}}],"inLanguage":"pl-PL"}]}},"_links":{"self":[{"href":"https:\/\/emtel.pl\/index.php\/wp-json\/wp\/v2\/pages\/3426","targetHints":{"allow":["GET"]}}],"collection":[{"href":"https:\/\/emtel.pl\/index.php\/wp-json\/wp\/v2\/pages"}],"about":[{"href":"https:\/\/emtel.pl\/index.php\/wp-json\/wp\/v2\/types\/page"}],"author":[{"embeddable":true,"href":"https:\/\/emtel.pl\/index.php\/wp-json\/wp\/v2\/users\/1"}],"replies":[{"embeddable":true,"href":"https:\/\/emtel.pl\/index.php\/wp-json\/wp\/v2\/comments?post=3426"}],"version-history":[{"count":6,"href":"https:\/\/emtel.pl\/index.php\/wp-json\/wp\/v2\/pages\/3426\/revisions"}],"predecessor-version":[{"id":3433,"href":"https:\/\/emtel.pl\/index.php\/wp-json\/wp\/v2\/pages\/3426\/revisions\/3433"}],"wp:attachment":[{"href":"https:\/\/emtel.pl\/index.php\/wp-json\/wp\/v2\/media?parent=3426"}],"curies":[{"name":"wp","href":"https:\/\/api.w.org\/{rel}","templated":true}]}}