{"id":810,"date":"2019-05-20T15:08:26","date_gmt":"2019-05-20T13:08:26","guid":{"rendered":"http:\/\/emtel.pl\/?page_id=810"},"modified":"2019-07-16T13:12:16","modified_gmt":"2019-07-16T11:12:16","slug":"news","status":"publish","type":"page","link":"https:\/\/emtel.pl\/index.php\/news\/?lang=en","title":{"rendered":"News"},"content":{"rendered":"<section class=\"l-section wpb_row height_small\"><div class=\"l-section-h i-cf\"><div class=\"g-cols vc_row via_flex valign_top type_default stacking_default\"><div class=\"vc_col-sm-12 wpb_column vc_column_container\"><div class=\"vc_column-inner\"><div class=\"wpb_wrapper\"><div class=\"w-grid us_grid type_grid layout_829 cols_2 pagination_infinite preload_style_spinner\" id=\"us_grid_1\" style=\"--columns:2;--gap:1.5rem;\" data-filterable=\"true\"><style>@media (max-width:600px){#us_grid_1{--columns:1!important}}.layout_829 .w-grid-item-h{}.layout_829 .usg_post_date_1{font-family:var(--font-family)!important;font-weight:700!important}.layout_829 .usg_post_title_1{margin-top:12px!important;margin-bottom:12px!important;font-family:var(--font-family)!important}.layout_829 .usg_post_content_1{font-family:var(--font-family)!important}.layout_829 .usg_btn_1{margin-top:16px!important;font-size:14px!important}<\/style><div class=\"w-grid-list\">\t<article class=\"w-grid-item size_1x1 post-3436 post type-post status-publish format-standard hentry category-aktualnosci\" data-id=\"3436\">\r\n\t\t<div class=\"w-grid-item-h\">\r\n\t\t\t\t\t\t<time class=\"w-post-elm post_date usg_post_date_1 entry-date published\" datetime=\"2026-02-17T14:24:50+01:00\"><i class=\"far fa-calendar\"><\/i>17 lutego 2026<\/time><h3 class=\"w-post-elm post_title usg_post_title_1 entry-title color_link_inherit\"><a href=\"https:\/\/emtel.pl\/index.php\/podsumowanie-targow-whx-w-dubaju\/\">Podsumowanie targ\u00f3w WHX w Dubaju<\/a><\/h3><div class=\"w-post-elm post_content usg_post_content_1\">Bardzo Pa\u0144stwu dzi\u0119kujemy za liczne odwiedziny oraz inspiruj\u0105ce rozmowy na naszym stoisku na targach World Health Expo w Dubaju. To by\u0142a przyjemno\u015b\u0107 dzieli\u0107 si\u0119 z Pa\u0144stwem informacjami na temat produkowanego&hellip;<\/div><a class=\"w-btn us-btn-style_1 usg_btn_1 icon_atright\" href=\"https:\/\/emtel.pl\/index.php\/podsumowanie-targow-whx-w-dubaju\/\"><span class=\"w-btn-label\">Czytaj wi\u0119cej<\/span><i class=\"fas fa-chevron-right\"><\/i><\/a>\t\t<\/div>\r\n\t\t\t<\/article>\r\n\t<article class=\"w-grid-item size_1x1 post-3357 post type-post status-publish format-standard hentry category-aktualnosci\" data-id=\"3357\">\r\n\t\t<div class=\"w-grid-item-h\">\r\n\t\t\t\t\t\t<time class=\"w-post-elm post_date usg_post_date_1 entry-date published\" datetime=\"2025-12-17T15:38:27+01:00\"><i class=\"far fa-calendar\"><\/i>17 grudnia 2025<\/time><h3 class=\"w-post-elm post_title usg_post_title_1 entry-title color_link_inherit\"><a href=\"https:\/\/emtel.pl\/index.php\/zapraszamy-na-targi-world-health-expo-w-dubaju\/\">Zapraszamy na targi World Health Expo w Dubaju<\/a><\/h3><div class=\"w-post-elm post_content usg_post_content_1\">Z ogromn\u0105 przyjemno\u015bci\u0105 informujemy, \u017ce po raz kolejny b\u0119dziemy uczestniczy\u0107 w targach World Health Expo w Dubaju (WHX Dubai), znanych wcze\u015bniej jako Arab Health. S\u0105 to najwi\u0119ksze targi medyczne na&hellip;<\/div><a class=\"w-btn us-btn-style_1 usg_btn_1 icon_atright\" href=\"https:\/\/emtel.pl\/index.php\/zapraszamy-na-targi-world-health-expo-w-dubaju\/\"><span class=\"w-btn-label\">Czytaj wi\u0119cej<\/span><i class=\"fas fa-chevron-right\"><\/i><\/a>\t\t<\/div>\r\n\t\t\t<\/article>\r\n\t<article class=\"w-grid-item size_1x1 post-3283 post type-post status-publish format-standard hentry category-aktualnosci\" data-id=\"3283\">\r\n\t\t<div class=\"w-grid-item-h\">\r\n\t\t\t\t\t\t<time class=\"w-post-elm post_date usg_post_date_1 entry-date published\" datetime=\"2025-11-25T12:20:27+01:00\"><i class=\"far fa-calendar\"><\/i>25 listopada 2025<\/time><h3 class=\"w-post-elm post_title usg_post_title_1 entry-title color_link_inherit\"><a href=\"https:\/\/emtel.pl\/index.php\/dziekujemy-za-odwiedziny-na-targach-medica\/\">Dzi\u0119kujemy za odwiedziny na targach MEDICA<\/a><\/h3><div class=\"w-post-elm post_content usg_post_content_1\">By\u0142o nam niezmiernie mi\u0142o Pa\u0144stwa go\u015bci\u0107 na naszym stoisku na targach Medica w Dusseldorfie. Cieszymy si\u0119, \u017ce nasza oferta by\u0142a dla Pa\u0144stwa interesuj\u0105ca i znale\u017ali Pa\u0144stwo chwil\u0119 na rozmow\u0119 z&hellip;<\/div><a class=\"w-btn us-btn-style_1 usg_btn_1 icon_atright\" href=\"https:\/\/emtel.pl\/index.php\/dziekujemy-za-odwiedziny-na-targach-medica\/\"><span class=\"w-btn-label\">Czytaj wi\u0119cej<\/span><i class=\"fas fa-chevron-right\"><\/i><\/a>\t\t<\/div>\r\n\t\t\t<\/article>\r\n\t<article class=\"w-grid-item size_1x1 post-2999 post type-post status-publish format-standard hentry category-aktualnosci\" data-id=\"2999\">\r\n\t\t<div class=\"w-grid-item-h\">\r\n\t\t\t\t\t\t<time class=\"w-post-elm post_date usg_post_date_1 entry-date published\" datetime=\"2025-10-08T14:41:03+02:00\"><i class=\"far fa-calendar\"><\/i>8 pa\u017adziernika 2025<\/time><h3 class=\"w-post-elm post_title usg_post_title_1 entry-title color_link_inherit\"><a href=\"https:\/\/emtel.pl\/index.php\/targi-medica-w-dusseldorfie\/\">Targi Medica w D\u00fcsseldorfie<\/a><\/h3><div class=\"w-post-elm post_content usg_post_content_1\">W tym roku w dniach 17-20 listopada b\u0119dziemy obecni na jednych z najwi\u0119kszych i najwa\u017cniejszych w bran\u017cy medycznej targach na \u015bwiecie \u2013 MEDICA w D\u00fcsseldorfie.Ka\u017cdego roku wystawcy z ca\u0142ego \u015bwiata&hellip;<\/div><a class=\"w-btn us-btn-style_1 usg_btn_1 icon_atright\" href=\"https:\/\/emtel.pl\/index.php\/targi-medica-w-dusseldorfie\/\"><span class=\"w-btn-label\">Czytaj wi\u0119cej<\/span><i class=\"fas fa-chevron-right\"><\/i><\/a>\t\t<\/div>\r\n\t\t\t<\/article>\r\n\t<article class=\"w-grid-item size_1x1 post-2994 post type-post status-publish format-standard hentry category-aktualnosci\" data-id=\"2994\">\r\n\t\t<div class=\"w-grid-item-h\">\r\n\t\t\t\t\t\t<time class=\"w-post-elm post_date usg_post_date_1 entry-date published\" datetime=\"2025-04-09T16:20:34+02:00\"><i class=\"far fa-calendar\"><\/i>9 kwietnia 2025<\/time><h3 class=\"w-post-elm post_title usg_post_title_1 entry-title color_link_inherit\"><a href=\"https:\/\/emtel.pl\/index.php\/warsztaty-dla-personelu-medycznego\/\">Warsztaty dla personelu medycznego<\/a><\/h3><div class=\"w-post-elm post_content usg_post_content_1\">Mamy przyjemno\u015b\u0107 poinformowa\u0107 o udziale firmy EMTEL w maratonie warsztat\u00f3w &#8222;Intensywna Opieka WORKSHOPS&#8221; dla personelu medycznego OIT, kt\u00f3ry odb\u0119dzie si\u0119 11 kwietnia w Gdyni. W trakcie tego wydarzenia nasz przedstawiciel&hellip;<\/div><a class=\"w-btn us-btn-style_1 usg_btn_1 icon_atright\" href=\"https:\/\/emtel.pl\/index.php\/warsztaty-dla-personelu-medycznego\/\"><span class=\"w-btn-label\">Czytaj wi\u0119cej<\/span><i class=\"fas fa-chevron-right\"><\/i><\/a>\t\t<\/div>\r\n\t\t\t<\/article>\r\n\t<article class=\"w-grid-item size_1x1 post-2975 post type-post status-publish format-standard hentry category-aktualnosci\" data-id=\"2975\">\r\n\t\t<div class=\"w-grid-item-h\">\r\n\t\t\t\t\t\t<time class=\"w-post-elm post_date usg_post_date_1 entry-date published\" datetime=\"2025-02-03T08:00:00+01:00\"><i class=\"far fa-calendar\"><\/i>3 lutego 2025<\/time><h3 class=\"w-post-elm post_title usg_post_title_1 entry-title color_link_inherit\"><a href=\"https:\/\/emtel.pl\/index.php\/podsumowanie-targow-arab-health-2\/\">Podsumowanie targ\u00f3w Arab Health<\/a><\/h3><div class=\"w-post-elm post_content usg_post_content_1\">Pod koniec stycznia 2025 roku uczestniczyli\u015bmy w najwi\u0119kszych targach medycznych na Bliskim Wschodzie. W ci\u0105gu czterech dni mieli\u015bmy przyjemno\u015b\u0107 prezentowa\u0107 kardiomonitory oraz defibrylatory. Przeprowadzili\u015bmy wiele ciekawych rozm\u00f3w i spotka\u0144 z&hellip;<\/div><a class=\"w-btn us-btn-style_1 usg_btn_1 icon_atright\" href=\"https:\/\/emtel.pl\/index.php\/podsumowanie-targow-arab-health-2\/\"><span class=\"w-btn-label\">Czytaj wi\u0119cej<\/span><i class=\"fas fa-chevron-right\"><\/i><\/a>\t\t<\/div>\r\n\t\t\t<\/article>\r\n\t<article class=\"w-grid-item size_1x1 post-2968 post type-post status-publish format-standard hentry category-aktualnosci\" data-id=\"2968\">\r\n\t\t<div class=\"w-grid-item-h\">\r\n\t\t\t\t\t\t<time class=\"w-post-elm post_date usg_post_date_1 entry-date published\" datetime=\"2025-01-08T15:05:39+01:00\"><i class=\"far fa-calendar\"><\/i>8 stycznia 2025<\/time><h3 class=\"w-post-elm post_title usg_post_title_1 entry-title color_link_inherit\"><a href=\"https:\/\/emtel.pl\/index.php\/emtel-na-bliskim-wschodzie-2\/\">EMTEL na Bliskim Wschodzie<\/a><\/h3><div class=\"w-post-elm post_content usg_post_content_1\">Od 27 do 30 stycznia 2025 b\u0119dziemy prezentowa\u0107 nasze urz\u0105dzenia na najwi\u0119kszych targach medycznych organizowanych na Bliskim Wschodzie \u2013 targach Arab Health w Dubaju. Wydarzenie to jest znakomit\u0105 okazj\u0105 do&hellip;<\/div><a class=\"w-btn us-btn-style_1 usg_btn_1 icon_atright\" href=\"https:\/\/emtel.pl\/index.php\/emtel-na-bliskim-wschodzie-2\/\"><span class=\"w-btn-label\">Czytaj wi\u0119cej<\/span><i class=\"fas fa-chevron-right\"><\/i><\/a>\t\t<\/div>\r\n\t\t\t<\/article>\r\n\t<article class=\"w-grid-item size_1x1 post-2907 post type-post status-publish format-standard hentry category-aktualnosci\" data-id=\"2907\">\r\n\t\t<div class=\"w-grid-item-h\">\r\n\t\t\t\t\t\t<time class=\"w-post-elm post_date usg_post_date_1 entry-date published\" datetime=\"2024-11-08T15:35:09+01:00\"><i class=\"far fa-calendar\"><\/i>8 listopada 2024<\/time><h3 class=\"w-post-elm post_title usg_post_title_1 entry-title color_link_inherit\"><a href=\"https:\/\/emtel.pl\/index.php\/zapraszamy-na-targi-medica\/\">Zapraszamy na targi Medica<\/a><\/h3><div class=\"w-post-elm post_content usg_post_content_1\">W dniach od 11-go do 14-go listopada b\u0119dziemy obecni na targach MEDICA w D\u00fcsseldorfie. To \u015bwiatowe forum medycyny, kt\u00f3re obejmuje wszystkie sektory szpitalnej opieki medycznej, a tak\u017ce gwarantuje obszerny przegl\u0105d&hellip;<\/div><a class=\"w-btn us-btn-style_1 usg_btn_1 icon_atright\" href=\"https:\/\/emtel.pl\/index.php\/zapraszamy-na-targi-medica\/\"><span class=\"w-btn-label\">Czytaj wi\u0119cej<\/span><i class=\"fas fa-chevron-right\"><\/i><\/a>\t\t<\/div>\r\n\t\t\t<\/article>\r\n<\/div>\t<div class=\"w-grid-preloader\">\r\n\t\t<div class=\"g-preloader type_5\">\r\n\t\t\t<div><\/div>\r\n\t\t<\/div>\r\n\t<\/div>\r\n\t\t\t\t<div class=\"g-loadmore \">\r\n\t\t\t\t<div class=\"g-preloader type_5\">\r\n\t\t\t\t\t<div><\/div>\r\n\t\t\t\t<\/div>\r\n\t\t\t\t<button class=\"w-btn us-btn-style_1\">\r\n\t\t\t\t\t<span class=\"w-btn-label\">Poka\u017c wi\u0119cej<\/span>\r\n\t\t\t\t<\/button>\r\n\t\t\t<\/div>\r\n\t\t\t\t<div class=\"w-grid-json hidden\" onclick='return {&quot;action&quot;:&quot;us_ajax_grid&quot;,&quot;infinite_scroll&quot;:true,&quot;max_num_pages&quot;:6,&quot;pagination&quot;:&quot;ajax&quot;,&quot;template_vars&quot;:{&quot;columns&quot;:&quot;2&quot;,&quot;exclude_items&quot;:&quot;none&quot;,&quot;img_size&quot;:&quot;default&quot;,&quot;ignore_items_size&quot;:0,&quot;items_layout&quot;:&quot;829&quot;,&quot;items_offset&quot;:&quot;1&quot;,&quot;load_animation&quot;:&quot;none&quot;,&quot;overriding_link&quot;:&quot;{\\&quot;url\\&quot;:\\&quot;\\&quot;}&quot;,&quot;post_id&quot;:0,&quot;query_args&quot;:{&quot;post_type&quot;:[&quot;post&quot;],&quot;post_status&quot;:[&quot;publish&quot;],&quot;posts_per_page&quot;:&quot;8&quot;},&quot;orderby_query_args&quot;:{&quot;orderby&quot;:{&quot;date&quot;:&quot;DESC&quot;}},&quot;type&quot;:&quot;grid&quot;,&quot;us_grid_post_type&quot;:&quot;post&quot;,&quot;us_grid_ajax_index&quot;:1,&quot;us_grid_filter_query_string&quot;:null,&quot;us_grid_index&quot;:1,&quot;page_args&quot;:[]}}'><\/div>\r\n\t<\/div><\/div><\/div><\/div><\/div><\/div><\/section>\n","protected":false},"excerpt":{"rendered":"W dniach od 11-go do 14-go listopada b\u0119dziemy obecni na targach MEDICA w D\u00fcsseldorfie. To \u015bwiatowe forum medycyny, kt\u00f3re obejmuje wszystkie sektory szpitalnej opieki medycznej, a tak\u017ce gwarantuje obszerny przegl\u0105d najnowszych produkt\u00f3w i trend\u00f3w medycznych. Udzia\u0142 w targach MEDICA jest dofinansowany ze \u015brodk\u00f3w unijnych.Wi\u0119cej informacji o dofinansowaniu znajd\u0105 Pa\u0144stwo tutaj. Zapraszamy do odwiedzenia naszego stoiska...","protected":false},"author":1,"featured_media":0,"parent":0,"menu_order":4,"comment_status":"closed","ping_status":"closed","template":"","meta":{"_jet_sm_ready_style":"","_jet_sm_style":"","_jet_sm_controls_values":"","_jet_sm_fonts_collection":"","_jet_sm_fonts_links":"","footnotes":"","_links_to":"","_links_to_target":""},"class_list":["post-810","page","type-page","status-publish","hentry"],"yoast_head":"<!-- This site is optimized with the Yoast SEO plugin v26.6 - https:\/\/yoast.com\/wordpress\/plugins\/seo\/ -->\n<title>News - EMTEL - kardiomonitory, defibrylatory, profesjonalny serwis producenta<\/title>\n<meta name=\"description\" content=\"News from EMTEL\" \/>\n<meta name=\"robots\" content=\"index, follow, max-snippet:-1, max-image-preview:large, max-video-preview:-1\" \/>\n<link rel=\"canonical\" href=\"https:\/\/emtel.pl\/index.php\/news\/\" \/>\n<meta property=\"og:locale\" content=\"pl_PL\" \/>\n<meta property=\"og:type\" content=\"article\" \/>\n<meta property=\"og:title\" content=\"News - EMTEL - kardiomonitory, defibrylatory, profesjonalny serwis producenta\" \/>\n<meta property=\"og:description\" content=\"News from EMTEL\" \/>\n<meta property=\"og:url\" content=\"https:\/\/emtel.pl\/index.php\/news\/?lang=en\" \/>\n<meta property=\"og:site_name\" content=\"EMTEL - kardiomonitory, defibrylatory, profesjonalny serwis producenta\" \/>\n<meta property=\"article:modified_time\" content=\"2019-07-16T11:12:16+00:00\" \/>\n<meta name=\"twitter:card\" content=\"summary_large_image\" \/>\n<script type=\"application\/ld+json\" class=\"yoast-schema-graph\">{\"@context\":\"https:\/\/schema.org\",\"@graph\":[{\"@type\":\"WebPage\",\"@id\":\"https:\/\/emtel.pl\/index.php\/news\/?lang=en\",\"url\":\"https:\/\/emtel.pl\/index.php\/news\/?lang=en\",\"name\":\"News - EMTEL - kardiomonitory, defibrylatory, profesjonalny serwis producenta\",\"isPartOf\":{\"@id\":\"https:\/\/emtel.pl\/#website\"},\"datePublished\":\"2019-05-20T13:08:26+00:00\",\"dateModified\":\"2019-07-16T11:12:16+00:00\",\"description\":\"News from EMTEL\",\"breadcrumb\":{\"@id\":\"https:\/\/emtel.pl\/index.php\/news\/?lang=en#breadcrumb\"},\"inLanguage\":\"pl-PL\",\"potentialAction\":[{\"@type\":\"ReadAction\",\"target\":[\"https:\/\/emtel.pl\/index.php\/news\/?lang=en\"]}]},{\"@type\":\"BreadcrumbList\",\"@id\":\"https:\/\/emtel.pl\/index.php\/news\/?lang=en#breadcrumb\",\"itemListElement\":[{\"@type\":\"ListItem\",\"position\":1,\"name\":\"Strona g\u0142\u00f3wna\",\"item\":\"https:\/\/emtel.pl\/\"},{\"@type\":\"ListItem\",\"position\":2,\"name\":\"News\"}]},{\"@type\":\"WebSite\",\"@id\":\"https:\/\/emtel.pl\/#website\",\"url\":\"https:\/\/emtel.pl\/\",\"name\":\"EMTEL - kardiomonitory, defibrylatory, profesjonalny serwis producenta\",\"description\":\"Technologia od serca\",\"potentialAction\":[{\"@type\":\"SearchAction\",\"target\":{\"@type\":\"EntryPoint\",\"urlTemplate\":\"https:\/\/emtel.pl\/?s={search_term_string}\"},\"query-input\":{\"@type\":\"PropertyValueSpecification\",\"valueRequired\":true,\"valueName\":\"search_term_string\"}}],\"inLanguage\":\"pl-PL\"}]}<\/script>\n<!-- \/ Yoast SEO plugin. -->","yoast_head_json":{"title":"News - EMTEL - kardiomonitory, defibrylatory, profesjonalny serwis producenta","description":"News from EMTEL","robots":{"index":"index","follow":"follow","max-snippet":"max-snippet:-1","max-image-preview":"max-image-preview:large","max-video-preview":"max-video-preview:-1"},"canonical":"https:\/\/emtel.pl\/index.php\/news\/","og_locale":"pl_PL","og_type":"article","og_title":"News - EMTEL - kardiomonitory, defibrylatory, profesjonalny serwis producenta","og_description":"News from EMTEL","og_url":"https:\/\/emtel.pl\/index.php\/news\/?lang=en","og_site_name":"EMTEL - kardiomonitory, defibrylatory, profesjonalny serwis producenta","article_modified_time":"2019-07-16T11:12:16+00:00","twitter_card":"summary_large_image","schema":{"@context":"https:\/\/schema.org","@graph":[{"@type":"WebPage","@id":"https:\/\/emtel.pl\/index.php\/news\/?lang=en","url":"https:\/\/emtel.pl\/index.php\/news\/?lang=en","name":"News - EMTEL - kardiomonitory, defibrylatory, profesjonalny serwis producenta","isPartOf":{"@id":"https:\/\/emtel.pl\/#website"},"datePublished":"2019-05-20T13:08:26+00:00","dateModified":"2019-07-16T11:12:16+00:00","description":"News from EMTEL","breadcrumb":{"@id":"https:\/\/emtel.pl\/index.php\/news\/?lang=en#breadcrumb"},"inLanguage":"pl-PL","potentialAction":[{"@type":"ReadAction","target":["https:\/\/emtel.pl\/index.php\/news\/?lang=en"]}]},{"@type":"BreadcrumbList","@id":"https:\/\/emtel.pl\/index.php\/news\/?lang=en#breadcrumb","itemListElement":[{"@type":"ListItem","position":1,"name":"Strona g\u0142\u00f3wna","item":"https:\/\/emtel.pl\/"},{"@type":"ListItem","position":2,"name":"News"}]},{"@type":"WebSite","@id":"https:\/\/emtel.pl\/#website","url":"https:\/\/emtel.pl\/","name":"EMTEL - kardiomonitory, defibrylatory, profesjonalny serwis producenta","description":"Technologia od serca","potentialAction":[{"@type":"SearchAction","target":{"@type":"EntryPoint","urlTemplate":"https:\/\/emtel.pl\/?s={search_term_string}"},"query-input":{"@type":"PropertyValueSpecification","valueRequired":true,"valueName":"search_term_string"}}],"inLanguage":"pl-PL"}]}},"_links":{"self":[{"href":"https:\/\/emtel.pl\/index.php\/wp-json\/wp\/v2\/pages\/810","targetHints":{"allow":["GET"]}}],"collection":[{"href":"https:\/\/emtel.pl\/index.php\/wp-json\/wp\/v2\/pages"}],"about":[{"href":"https:\/\/emtel.pl\/index.php\/wp-json\/wp\/v2\/types\/page"}],"author":[{"embeddable":true,"href":"https:\/\/emtel.pl\/index.php\/wp-json\/wp\/v2\/users\/1"}],"replies":[{"embeddable":true,"href":"https:\/\/emtel.pl\/index.php\/wp-json\/wp\/v2\/comments?post=810"}],"version-history":[{"count":3,"href":"https:\/\/emtel.pl\/index.php\/wp-json\/wp\/v2\/pages\/810\/revisions"}],"predecessor-version":[{"id":1506,"href":"https:\/\/emtel.pl\/index.php\/wp-json\/wp\/v2\/pages\/810\/revisions\/1506"}],"wp:attachment":[{"href":"https:\/\/emtel.pl\/index.php\/wp-json\/wp\/v2\/media?parent=810"}],"curies":[{"name":"wp","href":"https:\/\/api.w.org\/{rel}","templated":true}]}}