{"id":842,"date":"2019-05-21T13:11:59","date_gmt":"2019-05-21T11:11:59","guid":{"rendered":"http:\/\/emtel.pl\/?page_id=842"},"modified":"2026-02-25T11:32:11","modified_gmt":"2026-02-25T10:32:11","slug":"page-daccueil","status":"publish","type":"page","link":"https:\/\/emtel.pl\/index.php\/page-daccueil\/?lang=fr","title":{"rendered":"Page d&#8217;accueil"},"content":{"rendered":"<section class=\"l-section wpb_row height_auto width_full\"><div class=\"l-section-h i-cf\"><div class=\"g-cols vc_row via_flex valign_top type_default stacking_default\"><div class=\"vc_col-sm-12 wpb_column vc_column_container us_animate_fade\"><div class=\"vc_column-inner\"><div class=\"wpb_wrapper\">\n\t\t\t<!-- START Frontpage  seria FX3000 FR REVOLUTION SLIDER 6.7.40 --><p class=\"rs-p-wp-fix\"><\/p>\n\t\t\t<rs-module-wrap id=\"rev_slider_18_1_wrapper\" data-source=\"gallery\" style=\"visibility:hidden;background:transparent;padding:0;margin:0px auto;margin-top:0;margin-bottom:0;\">\n\t\t\t\t<rs-module id=\"rev_slider_18_1\" style=\"\" data-version=\"6.7.40\">\n\t\t\t\t\t<rs-slides style=\"overflow: hidden; position: absolute;\">\n\t\t\t\t\t\t<rs-slide style=\"position: absolute;\" data-key=\"rs-53\" data-title=\"Slide\" data-anim=\"adpr:false;ms:800;\" data-in=\"o:0;\" data-out=\"a:false;\">\n\t\t\t\t\t\t\t<img decoding=\"async\" src=\"\/\/emtel.pl\/wp-content\/plugins\/revslider\/sr6\/assets\/assets\/dummy.png\" alt=\"\" title=\"background\" width=\"1920\" height=\"450\" class=\"rev-slidebg tp-rs-img rs-lazyload\" data-lazyload=\"\/\/emtel.pl\/wp-content\/uploads\/2019\/06\/background.jpg\" data-bg=\"f:auto;\" data-no-retina>\n<!--\n\t\t\t\t\t\t\t--><a\n\t\t\t\t\t\t\t\tid=\"slider-18-slide-53-layer-2\" \n\t\t\t\t\t\t\t\tclass=\"rs-layer\"\n\t\t\t\t\t\t\t\thref=\"\/index.php\/produits\/?lang=fr#moniteurspatient\" target=\"_self\" rel=\"nofollow\"\n\t\t\t\t\t\t\t\tdata-type=\"image\"\n\t\t\t\t\t\t\t\tdata-rsp_ch=\"on\"\n\t\t\t\t\t\t\t\tdata-xy=\"x:c,c,r,c;xo:0,0,84px,0;y:m,m,b,m;yo:0,10px,40px,-16px;\"\n\t\t\t\t\t\t\t\tdata-text=\"l:22;a:inherit;\"\n\t\t\t\t\t\t\t\tdata-dim=\"w:825px,654px,613px,437px;h:314px,249px,233px,166px;\"\n\t\t\t\t\t\t\t\tdata-frame_1=\"st:410;sp:660;sR:410;\"\n\t\t\t\t\t\t\t\tdata-frame_999=\"o:0;st:w;sR:7930;\"\n\t\t\t\t\t\t\t\tstyle=\"z-index:8;\"\n\t\t\t\t\t\t\t><img decoding=\"async\" src=\"\/\/emtel.pl\/wp-content\/plugins\/revslider\/sr6\/assets\/assets\/dummy.png\" alt=\"EMTEL\" class=\"tp-rs-img rs-lazyload\" width=\"1616\" height=\"615\" data-lazyload=\"\/\/emtel.pl\/wp-content\/uploads\/2025\/12\/Monitory-biale-tlo2.webp\" data-no-retina> \n\t\t\t\t\t\t\t<\/a><!--\n\n\t\t\t\t\t\t\t--><rs-layer\n\t\t\t\t\t\t\t\tid=\"slider-18-slide-53-layer-3\" \n\t\t\t\t\t\t\t\tdata-type=\"image\"\n\t\t\t\t\t\t\t\tdata-rsp_ch=\"on\"\n\t\t\t\t\t\t\t\tdata-xy=\"x:l,l,l,c;xo:999px,820px,628px,0;yo:251px,207px,232px,270px;\"\n\t\t\t\t\t\t\t\tdata-text=\"s:20,16,12,7;l:22,18,13,8;a:inherit;\"\n\t\t\t\t\t\t\t\tdata-dim=\"w:151px,124px,94px,110px;h:151px,124px,94px,110px;\"\n\t\t\t\t\t\t\t\tdata-frame_0=\"y:-50px,-41px,-31px,-19px;\"\n\t\t\t\t\t\t\t\tdata-frame_1=\"e:power4.inOut;st:2230;sp:860;sR:2230;\"\n\t\t\t\t\t\t\t\tdata-frame_999=\"o:0;st:w;sR:5910;\"\n\t\t\t\t\t\t\t\tdata-loop_999=\"sX:1.1;sY:1.1;sp:2000;yym:t;yys:t;yyf:t;\"\n\t\t\t\t\t\t\t\tstyle=\"z-index:9;\"\n\t\t\t\t\t\t\t><img decoding=\"async\" src=\"\/\/emtel.pl\/wp-content\/plugins\/revslider\/sr6\/assets\/assets\/dummy.png\" alt=\"\" class=\"tp-rs-img rs-lazyload\" width=\"950\" height=\"950\" data-lazyload=\"\/\/emtel.pl\/wp-content\/uploads\/2019\/07\/european-produt-fr-1.png\" data-no-retina> \n\t\t\t\t\t\t\t<\/rs-layer><!--\n\n\t\t\t\t\t\t\t--><rs-layer\n\t\t\t\t\t\t\t\tid=\"slider-18-slide-53-layer-5\" \n\t\t\t\t\t\t\t\tdata-type=\"text\"\n\t\t\t\t\t\t\t\tdata-color=\"#136196\"\n\t\t\t\t\t\t\t\tdata-rsp_ch=\"on\"\n\t\t\t\t\t\t\t\tdata-xy=\"x:c;yo:20px,29px,28px,31px;\"\n\t\t\t\t\t\t\t\tdata-text=\"s:40,40,35,27;l:38,38,38,26;fw:700;a:center;\"\n\t\t\t\t\t\t\t\tdata-dim=\"w:687px,687px,687px,434px;\"\n\t\t\t\t\t\t\t\tdata-frame_1=\"x:0,0,0,0px;y:0,0,0,0px;st:1340;sp:890;sR:1340;\"\n\t\t\t\t\t\t\t\tdata-frame_999=\"o:0;st:w;sR:6770;\"\n\t\t\t\t\t\t\t\tstyle=\"z-index:7;font-family:'Montserrat';\"\n\t\t\t\t\t\t\t>Moniteurs patient \u00b7 S\u00e9rie FX 3000 \n\t\t\t\t\t\t\t<\/rs-layer><!--\n\n\t\t\t\t\t\t\t--><rs-layer\n\t\t\t\t\t\t\t\tid=\"slider-18-slide-53-layer-7\" \n\t\t\t\t\t\t\t\tclass=\"rev-btn rev-hiddenicon\"\n\t\t\t\t\t\t\t\tdata-type=\"button\"\n\t\t\t\t\t\t\t\tdata-color=\"rgba(255,255,255,1)\"\n\t\t\t\t\t\t\t\tdata-xy=\"x:c;xo:0,0,0,-47px;y:t,t,m,m;yo:374px,324px,139px,153px;\"\n\t\t\t\t\t\t\t\tdata-text=\"w:nowrap,nowrap,nowrap,normal;s:19,19,15,13;l:19,19,15,16;fw:500;a:inherit,inherit,inherit,center;\"\n\t\t\t\t\t\t\t\tdata-dim=\"w:auto,auto,auto,270px;h:auto,auto,auto,36px;\"\n\t\t\t\t\t\t\t\tdata-vbility=\"t,t,t,f\"\n\t\t\t\t\t\t\t\tdata-rsp_o=\"off\"\n\t\t\t\t\t\t\t\tdata-rsp_bd=\"off\"\n\t\t\t\t\t\t\t\tdata-padding=\"t:13,13,11,9;r:39,39,32,25;b:13,13,11,9;l:39,39,32,25;\"\n\t\t\t\t\t\t\t\tdata-border=\"bor:30px,30px,30px,30px;\"\n\t\t\t\t\t\t\t\tdata-frame_1=\"st:2860;sp:850;sR:2860;\"\n\t\t\t\t\t\t\t\tdata-frame_999=\"o:0;st:w;sR:5290;\"\n\t\t\t\t\t\t\t\tdata-frame_hover=\"bgc:#007aff;boc:#000;bor:30px,30px,30px,30px;bos:solid;oX:50;oY:50;sp:0;\"\n\t\t\t\t\t\t\t\tstyle=\"z-index:10;background-color:#138ac0;font-family:'Montserrat';cursor:pointer;outline:none;box-shadow:none;box-sizing:border-box;-moz-box-sizing:border-box;-webkit-box-sizing:border-box;\"\n\t\t\t\t\t\t\t>Plus\u00a0d'informations <i class=\"fa-chevron-right\"><\/i> \n\t\t\t\t\t\t\t<\/rs-layer><!--\n-->\t\t\t\t\t<\/rs-slide>\n\t\t\t\t\t<\/rs-slides>\n\t\t\t\t\t<rs-static-layers><!--\n\t\t\t\t\t--><\/rs-static-layers>\n\t\t\t\t<\/rs-module>\n\t\t\t\t<script>\n\t\t\t\t\tsetREVStartSize({c: 'rev_slider_18_1',rl:[1240,1024,768,480],el:[450,400,350,400],gw:[1240,1024,778,480],gh:[450,400,350,400],type:'standard',justify:'',layout:'fullwidth',mh:\"0\"});if (window.RS_MODULES!==undefined && window.RS_MODULES.modules!==undefined && window.RS_MODULES.modules[\"revslider181\"]!==undefined) {window.RS_MODULES.modules[\"revslider181\"].once = false;window.revapi18 = undefined;if (window.RS_MODULES.checkMinimal!==undefined) window.RS_MODULES.checkMinimal()}\n\t\t\t\t<\/script>\n\t\t\t<\/rs-module-wrap>\n\t\t\t<!-- END REVOLUTION SLIDER -->\n<\/div><\/div><\/div><\/div><\/div><\/section><!-- Row Backgrounds --><div class=\"upb_color\" data-bg-override=\"0\" data-bg-color=\"\" data-fadeout=\"\" data-fadeout-percentage=\"30\" data-parallax-content=\"\" data-parallax-content-sense=\"30\" data-row-effect-mobile-disable=\"true\" data-img-parallax-mobile-disable=\"true\" data-rtl=\"false\"  data-custom-vc-row=\"\"  data-vc=\"8.7.2\"  data-is_old_vc=\"\"  data-theme-support=\"\"   data-overlay=\"false\" data-overlay-color=\"\" data-overlay-pattern=\"\" data-overlay-pattern-opacity=\"\" data-overlay-pattern-size=\"\"    ><\/div><section class=\"l-section wpb_row frontpage-product-box height_auto\"><div class=\"l-section-h i-cf\"><div class=\"g-cols vc_row via_flex valign_top type_default stacking_default\"><div class=\"vc_col-sm-4 wpb_column vc_column_container has_text_color has_bg_color has-link\"><div class=\"vc_column-inner us_custom_81854e34\"><div class=\"wpb_wrapper\"><div class=\"w-image us_custom_f029a2ba frontpage-product-image align_center\"><div class=\"w-image-h\"><img decoding=\"async\" width=\"200\" height=\"200\" src=\"https:\/\/emtel.pl\/wp-content\/uploads\/2019\/03\/frontpage-box01-200x200.png\" class=\"attachment-us_200_200_crop size-us_200_200_crop\" alt=\"Kardiomonitory\" loading=\"lazy\" srcset=\"https:\/\/emtel.pl\/wp-content\/uploads\/2019\/03\/frontpage-box01-200x200.png 200w, https:\/\/emtel.pl\/wp-content\/uploads\/2019\/03\/frontpage-box01-300x300.png 300w, https:\/\/emtel.pl\/wp-content\/uploads\/2019\/03\/frontpage-box01-150x150.png 150w, https:\/\/emtel.pl\/wp-content\/uploads\/2019\/03\/frontpage-box01-350x350.png 350w, https:\/\/emtel.pl\/wp-content\/uploads\/2019\/03\/frontpage-box01.png 400w\" sizes=\"auto, (max-width: 200px) 100vw, 200px\" \/><\/div><\/div><div id=\"ultimate-heading-556269d9e6f0a113c\" class=\"uvc-heading ult-adjust-bottom-margin ultimate-heading-556269d9e6f0a113c uvc-711 \" data-hspacer=\"line_only\"  data-halign=\"center\" style=\"text-align:center\"><div class=\"uvc-main-heading ult-responsive\"  data-ultimate-target='.uvc-heading.ultimate-heading-556269d9e6f0a113c h3'  data-responsive-json-new='{\"font-size\":\"desktop:24px;\",\"line-height\":\"\"}' ><h3 style=\"font-weight:normal;margin-bottom:20px;\">Moniteurs patient<\/h3><\/div><div class=\"uvc-heading-spacer line_only\" style=\"margin-bottom:20px;height:1px;\"><span class=\"uvc-headings-line\" style=\"border-style:solid;border-bottom-width:1px;border-color:#ffffff;width:30px;\"><\/span><\/div><\/div><div class=\"wpb_text_column\"><div class=\"wpb_wrapper\"><p style=\"text-align: center;\">Conception et production de moniteurs patient hautement sp\u00e9cialis\u00e9s<\/p>\n<\/div><\/div><div class=\"w-iconbox us_custom_b2452879 iconpos_right style_default color_custom align_center no_title\"><div class=\"w-iconbox-meta\"><div class=\"w-iconbox-text\"><p><strong>plus<\/strong><\/p>\n<\/div><\/div><div class=\"w-iconbox-icon\" style=\"font-size:14px;--icon-color:#ffffff;\"><i class=\"fas fa-chevron-right\"><\/i><\/div><\/div><\/div><\/div><a title=\"Moniteurs patient\" href=\"http:\/\/emtel.pl\/index.php\/produits\/?lang=fr\" class=\"vc_column-link smooth-scroll\"><\/a><\/div><div class=\"vc_col-sm-4 wpb_column vc_column_container has_text_color has_bg_color has-link\"><div class=\"vc_column-inner us_custom_63f68f72\"><div class=\"wpb_wrapper\"><div class=\"w-image us_custom_f029a2ba frontpage-product-image align_center\"><div class=\"w-image-h\"><img decoding=\"async\" width=\"200\" height=\"200\" src=\"https:\/\/emtel.pl\/wp-content\/uploads\/2019\/03\/frontpage-box02-200x200.png\" class=\"attachment-us_200_200_crop size-us_200_200_crop\" alt=\"Defibrylatory\" loading=\"lazy\" srcset=\"https:\/\/emtel.pl\/wp-content\/uploads\/2019\/03\/frontpage-box02-200x200.png 200w, https:\/\/emtel.pl\/wp-content\/uploads\/2019\/03\/frontpage-box02-300x300.png 300w, https:\/\/emtel.pl\/wp-content\/uploads\/2019\/03\/frontpage-box02-150x150.png 150w, https:\/\/emtel.pl\/wp-content\/uploads\/2019\/03\/frontpage-box02-350x350.png 350w, https:\/\/emtel.pl\/wp-content\/uploads\/2019\/03\/frontpage-box02.png 400w\" sizes=\"auto, (max-width: 200px) 100vw, 200px\" \/><\/div><\/div><div id=\"ultimate-heading-355469d9e6f0a1f07\" class=\"uvc-heading ult-adjust-bottom-margin ultimate-heading-355469d9e6f0a1f07 uvc-8799 \" data-hspacer=\"line_only\"  data-halign=\"center\" style=\"text-align:center\"><div class=\"uvc-main-heading ult-responsive\"  data-ultimate-target='.uvc-heading.ultimate-heading-355469d9e6f0a1f07 h3'  data-responsive-json-new='{\"font-size\":\"desktop:24px;\",\"line-height\":\"\"}' ><h3 style=\"font-weight:normal;margin-bottom:20px;\">D\u00e9fibrillateurs<\/h3><\/div><div class=\"uvc-heading-spacer line_only\" style=\"margin-bottom:20px;height:1px;\"><span class=\"uvc-headings-line\" style=\"border-style:solid;border-bottom-width:1px;border-color:#ffffff;width:30px;\"><\/span><\/div><\/div><div class=\"wpb_text_column\"><div class=\"wpb_wrapper\"><p style=\"text-align: center;\">D\u00e9fibrillateurs cliniques modernes et professionnels<\/p>\n<\/div><\/div><div class=\"w-iconbox us_custom_b2452879 iconpos_right style_default color_custom align_center no_title\"><div class=\"w-iconbox-meta\"><div class=\"w-iconbox-text\"><p><strong>plus<\/strong><\/p>\n<\/div><\/div><div class=\"w-iconbox-icon\" style=\"font-size:14px;--icon-color:#ffffff;\"><i class=\"fas fa-chevron-right\"><\/i><\/div><\/div><\/div><\/div><a title=\"D\u00e9fibrillateurs\" href=\"http:\/\/emtel.pl\/index.php\/produits\/?lang=fr#d\u00e9fibrillateurs\" class=\"vc_column-link smooth-scroll\"><\/a><\/div><div class=\"vc_col-sm-4 wpb_column vc_column_container has_text_color has_bg_color has-link\"><div class=\"vc_column-inner us_custom_7c34deec\"><div class=\"wpb_wrapper\"><div class=\"w-image us_custom_f029a2ba frontpage-product-image align_center\"><div class=\"w-image-h\"><img decoding=\"async\" width=\"200\" height=\"200\" src=\"https:\/\/emtel.pl\/wp-content\/uploads\/2019\/03\/frontpage-box03-200x200.png\" class=\"attachment-us_200_200_crop size-us_200_200_crop\" alt=\"\" loading=\"lazy\" srcset=\"https:\/\/emtel.pl\/wp-content\/uploads\/2019\/03\/frontpage-box03-200x200.png 200w, https:\/\/emtel.pl\/wp-content\/uploads\/2019\/03\/frontpage-box03-150x150.png 150w, https:\/\/emtel.pl\/wp-content\/uploads\/2019\/03\/frontpage-box03-300x300.png 300w, https:\/\/emtel.pl\/wp-content\/uploads\/2019\/03\/frontpage-box03-350x350.png 350w, https:\/\/emtel.pl\/wp-content\/uploads\/2019\/03\/frontpage-box03.png 400w\" sizes=\"auto, (max-width: 200px) 100vw, 200px\" \/><\/div><\/div><div id=\"ultimate-heading-550969d9e6f0a2bb9\" class=\"uvc-heading ult-adjust-bottom-margin ultimate-heading-550969d9e6f0a2bb9 uvc-581 \" data-hspacer=\"line_only\"  data-halign=\"center\" style=\"text-align:center\"><div class=\"uvc-main-heading ult-responsive\"  data-ultimate-target='.uvc-heading.ultimate-heading-550969d9e6f0a2bb9 h3'  data-responsive-json-new='{\"font-size\":\"desktop:24px;\",\"line-height\":\"\"}' ><h3 style=\"font-weight:normal;margin-bottom:20px;\">Module de t\u00e9l\u00e9m\u00e9trie<\/h3><\/div><div class=\"uvc-heading-spacer line_only\" style=\"margin-bottom:20px;height:1px;\"><span class=\"uvc-headings-line\" style=\"border-style:solid;border-bottom-width:1px;border-color:#ffffff;width:30px;\"><\/span><\/div><\/div><div class=\"wpb_text_column\"><div class=\"wpb_wrapper\"><p style=\"text-align: center;\">Module de t\u00e9l\u00e9m\u00e9trie portable pour la surveillance de l&#8217;ECG du patient<\/p>\n<\/div><\/div><div class=\"w-iconbox us_custom_b2452879 iconpos_right style_default color_custom align_center no_title\"><div class=\"w-iconbox-meta\"><div class=\"w-iconbox-text\"><p><strong>plus<\/strong><\/p>\n<\/div><\/div><div class=\"w-iconbox-icon\" style=\"font-size:14px;--icon-color:#ffffff;\"><i class=\"fas fa-chevron-right\"><\/i><\/div><\/div><\/div><\/div><a title=\"\u00c9metteur ECG EM-01\" href=\"http:\/\/emtel.pl\/index.php\/produits\/?lang=fr#telemetrie\" class=\"vc_column-link smooth-scroll\"><\/a><\/div><\/div><\/div><\/section><section class=\"l-section wpb_row us_custom_d984a24d height_small\"><div class=\"l-section-h i-cf\"><div class=\"g-cols vc_row via_flex valign_top type_default stacking_default\"><div class=\"vc_col-sm-6 wpb_column vc_column_container us_animate_fade\"><div class=\"vc_column-inner\"><div class=\"wpb_wrapper\"><div class=\"wpb_text_column us_custom_50cc7d67\"><div class=\"wpb_wrapper\"><h3>\u00c0 propos de nous<\/h3>\n<\/div><\/div><div class=\"g-cols wpb_row via_flex valign_top type_default stacking_default\"><div class=\"vc_col-sm-4 wpb_column vc_column_container\"><div class=\"vc_column-inner\"><div class=\"wpb_wrapper\"><div class=\"w-image align_none\"><div class=\"w-image-h\"><img decoding=\"async\" width=\"1200\" height=\"865\" src=\"https:\/\/emtel.pl\/wp-content\/uploads\/2019\/03\/kardiomonitory.jpg\" class=\"attachment-full size-full\" alt=\"Kardiomonitory\" loading=\"lazy\" srcset=\"https:\/\/emtel.pl\/wp-content\/uploads\/2019\/03\/kardiomonitory.jpg 1200w, https:\/\/emtel.pl\/wp-content\/uploads\/2019\/03\/kardiomonitory-300x216.jpg 300w, https:\/\/emtel.pl\/wp-content\/uploads\/2019\/03\/kardiomonitory-1024x738.jpg 1024w, https:\/\/emtel.pl\/wp-content\/uploads\/2019\/03\/kardiomonitory-555x400.jpg 555w\" sizes=\"auto, (max-width: 1200px) 100vw, 1200px\" \/><\/div><\/div><\/div><\/div><\/div><div class=\"vc_col-sm-8 wpb_column vc_column_container\"><div class=\"vc_column-inner\"><div class=\"wpb_wrapper\"><div class=\"wpb_text_column\"><div class=\"wpb_wrapper\"><p><strong>EMTEL, cr\u00e9\u00e9 en 1992<\/strong>, est un des principaux fabricants de moniteurs patient et de dispositifs de r\u00e9animation en Pologne.<\/p>\n<p>Le moniteur patient FX 862, cr\u00e9\u00e9 par Waldemar Sliwa &#8211; le fondateur de notre soci\u00e9t\u00e9, et le d\u00e9fibrillateur DEFI CARD Combi ont \u00e9t\u00e9 les premiers produits lanc\u00e9s sur le march\u00e9 par EMTEL.<\/p>\n<\/div><\/div><\/div><\/div><\/div><\/div><\/div><\/div><\/div><div class=\"vc_col-sm-6 wpb_column vc_column_container us_animate_fade\"><div class=\"vc_column-inner\"><div class=\"wpb_wrapper\"><div class=\"wpb_text_column us_custom_50cc7d67\"><div class=\"wpb_wrapper\"><h3>Nos r\u00e9alisations<\/h3>\n<\/div><\/div><div class=\"g-cols wpb_row via_flex valign_top type_default stacking_default\"><div class=\"vc_col-sm-4 wpb_column vc_column_container\"><div class=\"vc_column-inner\"><div class=\"wpb_wrapper\"><div class=\"w-image align_none\"><div class=\"w-image-h\"><img decoding=\"async\" width=\"300\" height=\"300\" src=\"https:\/\/emtel.pl\/wp-content\/uploads\/2022\/08\/30lat_FR.svg\" class=\"attachment-medium size-medium\" alt=\"\" loading=\"lazy\" \/><\/div><\/div><\/div><\/div><\/div><div class=\"vc_col-sm-8 wpb_column vc_column_container\"><div class=\"vc_column-inner\"><div class=\"wpb_wrapper\"><div class=\"wpb_text_column\"><div class=\"wpb_wrapper\"><p>Avec <strong>30 ans d&#8217;exp\u00e9rience<\/strong> dans le march\u00e9 m\u00e9dical, notre soci\u00e9t\u00e9 a gagn\u00e9 la confiance des cliniques, des h\u00f4pitaux r\u00e9gionaux et locaux et des services de secours. Nos dispositifs m\u00e9dicaux sont utilis\u00e9s avec succ\u00e8s en Pologne et dans d&#8217;autres pays d&#8217;Europe, d&#8217;Asie, d&#8217;Am\u00e9rique du Sud et d&#8217;Australie.<\/p>\n<\/div><\/div><\/div><\/div><\/div><\/div><\/div><\/div><\/div><\/div><\/div><\/section>\n","protected":false},"excerpt":{"rendered":"Moniteurs patient \u00b7 S\u00e9rie FX 3000 Plus\u00a0d'informations Moniteurs patientConception et production de moniteurs patient hautement sp\u00e9cialis\u00e9s plus D\u00e9fibrillateursD\u00e9fibrillateurs cliniques modernes et professionnels plus Module de t\u00e9l\u00e9m\u00e9trieModule de t\u00e9l\u00e9m\u00e9trie portable pour la surveillance de l&#8217;ECG du patient plus \u00c0 propos de nous EMTEL, cr\u00e9\u00e9 en 1992, est un des principaux fabricants de moniteurs patient et de...","protected":false},"author":1,"featured_media":681,"parent":0,"menu_order":0,"comment_status":"closed","ping_status":"open","template":"","meta":{"_jet_sm_ready_style":"","_jet_sm_style":"","_jet_sm_controls_values":"","_jet_sm_fonts_collection":"","_jet_sm_fonts_links":"","footnotes":"","_links_to":"","_links_to_target":""},"class_list":["post-842","page","type-page","status-publish","has-post-thumbnail","hentry"],"yoast_head":"<!-- This site is optimized with the Yoast SEO plugin v26.6 - https:\/\/yoast.com\/wordpress\/plugins\/seo\/ -->\n<title>Page d&#039;accueil - EMTEL - kardiomonitory, defibrylatory, profesjonalny serwis producenta<\/title>\n<meta name=\"description\" content=\"EMTEL, cr\u00e9\u00e9 en 1992, est un des principaux fabricants de moniteurs patient et de dispositifs de r\u00e9animation en Pologne.\" \/>\n<meta name=\"robots\" content=\"index, follow, max-snippet:-1, max-image-preview:large, max-video-preview:-1\" \/>\n<link rel=\"canonical\" href=\"https:\/\/emtel.pl\/index.php\/page-daccueil\/\" \/>\n<meta property=\"og:locale\" content=\"pl_PL\" \/>\n<meta property=\"og:type\" content=\"article\" \/>\n<meta property=\"og:title\" content=\"Page d&#039;accueil - EMTEL - kardiomonitory, defibrylatory, profesjonalny serwis producenta\" \/>\n<meta property=\"og:description\" content=\"EMTEL, cr\u00e9\u00e9 en 1992, est un des principaux fabricants de moniteurs patient et de dispositifs de r\u00e9animation en Pologne.\" \/>\n<meta property=\"og:url\" content=\"https:\/\/emtel.pl\/index.php\/page-daccueil\/?lang=fr\" \/>\n<meta property=\"og:site_name\" content=\"EMTEL - kardiomonitory, defibrylatory, profesjonalny serwis producenta\" \/>\n<meta property=\"article:modified_time\" content=\"2026-02-25T10:32:11+00:00\" \/>\n<meta property=\"og:image\" content=\"http:\/\/emtel.pl\/wp-content\/uploads\/2019\/04\/image087.jpg\" \/>\n\t<meta property=\"og:image:width\" content=\"1200\" \/>\n\t<meta property=\"og:image:height\" content=\"800\" \/>\n\t<meta property=\"og:image:type\" content=\"image\/jpeg\" \/>\n<meta name=\"twitter:card\" content=\"summary_large_image\" \/>\n<meta name=\"twitter:label1\" content=\"Szacowany czas czytania\" \/>\n\t<meta name=\"twitter:data1\" content=\"2 minuty\" \/>\n<script type=\"application\/ld+json\" class=\"yoast-schema-graph\">{\"@context\":\"https:\/\/schema.org\",\"@graph\":[{\"@type\":\"WebPage\",\"@id\":\"https:\/\/emtel.pl\/index.php\/page-daccueil\/?lang=fr\",\"url\":\"https:\/\/emtel.pl\/index.php\/page-daccueil\/?lang=fr\",\"name\":\"Page d'accueil - EMTEL - kardiomonitory, defibrylatory, profesjonalny serwis producenta\",\"isPartOf\":{\"@id\":\"https:\/\/emtel.pl\/#website\"},\"primaryImageOfPage\":{\"@id\":\"https:\/\/emtel.pl\/index.php\/page-daccueil\/?lang=fr#primaryimage\"},\"image\":{\"@id\":\"https:\/\/emtel.pl\/index.php\/page-daccueil\/?lang=fr#primaryimage\"},\"thumbnailUrl\":\"https:\/\/emtel.pl\/wp-content\/uploads\/2019\/04\/image087.jpg\",\"datePublished\":\"2019-05-21T11:11:59+00:00\",\"dateModified\":\"2026-02-25T10:32:11+00:00\",\"description\":\"EMTEL, cr\u00e9\u00e9 en 1992, est un des principaux fabricants de moniteurs patient et de dispositifs de r\u00e9animation en Pologne.\",\"breadcrumb\":{\"@id\":\"https:\/\/emtel.pl\/index.php\/page-daccueil\/?lang=fr#breadcrumb\"},\"inLanguage\":\"pl-PL\",\"potentialAction\":[{\"@type\":\"ReadAction\",\"target\":[\"https:\/\/emtel.pl\/index.php\/page-daccueil\/?lang=fr\"]}]},{\"@type\":\"ImageObject\",\"inLanguage\":\"pl-PL\",\"@id\":\"https:\/\/emtel.pl\/index.php\/page-daccueil\/?lang=fr#primaryimage\",\"url\":\"https:\/\/emtel.pl\/wp-content\/uploads\/2019\/04\/image087.jpg\",\"contentUrl\":\"https:\/\/emtel.pl\/wp-content\/uploads\/2019\/04\/image087.jpg\",\"width\":1200,\"height\":800},{\"@type\":\"BreadcrumbList\",\"@id\":\"https:\/\/emtel.pl\/index.php\/page-daccueil\/?lang=fr#breadcrumb\",\"itemListElement\":[{\"@type\":\"ListItem\",\"position\":1,\"name\":\"Strona g\u0142\u00f3wna\",\"item\":\"https:\/\/emtel.pl\/\"},{\"@type\":\"ListItem\",\"position\":2,\"name\":\"Page d&#8217;accueil\"}]},{\"@type\":\"WebSite\",\"@id\":\"https:\/\/emtel.pl\/#website\",\"url\":\"https:\/\/emtel.pl\/\",\"name\":\"EMTEL - kardiomonitory, defibrylatory, profesjonalny serwis producenta\",\"description\":\"Technologia od serca\",\"potentialAction\":[{\"@type\":\"SearchAction\",\"target\":{\"@type\":\"EntryPoint\",\"urlTemplate\":\"https:\/\/emtel.pl\/?s={search_term_string}\"},\"query-input\":{\"@type\":\"PropertyValueSpecification\",\"valueRequired\":true,\"valueName\":\"search_term_string\"}}],\"inLanguage\":\"pl-PL\"}]}<\/script>\n<!-- \/ Yoast SEO plugin. -->","yoast_head_json":{"title":"Page d'accueil - EMTEL - kardiomonitory, defibrylatory, profesjonalny serwis producenta","description":"EMTEL, cr\u00e9\u00e9 en 1992, est un des principaux fabricants de moniteurs patient et de dispositifs de r\u00e9animation en Pologne.","robots":{"index":"index","follow":"follow","max-snippet":"max-snippet:-1","max-image-preview":"max-image-preview:large","max-video-preview":"max-video-preview:-1"},"canonical":"https:\/\/emtel.pl\/index.php\/page-daccueil\/","og_locale":"pl_PL","og_type":"article","og_title":"Page d'accueil - EMTEL - kardiomonitory, defibrylatory, profesjonalny serwis producenta","og_description":"EMTEL, cr\u00e9\u00e9 en 1992, est un des principaux fabricants de moniteurs patient et de dispositifs de r\u00e9animation en Pologne.","og_url":"https:\/\/emtel.pl\/index.php\/page-daccueil\/?lang=fr","og_site_name":"EMTEL - kardiomonitory, defibrylatory, profesjonalny serwis producenta","article_modified_time":"2026-02-25T10:32:11+00:00","og_image":[{"width":1200,"height":800,"url":"http:\/\/emtel.pl\/wp-content\/uploads\/2019\/04\/image087.jpg","type":"image\/jpeg"}],"twitter_card":"summary_large_image","twitter_misc":{"Szacowany czas czytania":"2 minuty"},"schema":{"@context":"https:\/\/schema.org","@graph":[{"@type":"WebPage","@id":"https:\/\/emtel.pl\/index.php\/page-daccueil\/?lang=fr","url":"https:\/\/emtel.pl\/index.php\/page-daccueil\/?lang=fr","name":"Page d'accueil - EMTEL - kardiomonitory, defibrylatory, profesjonalny serwis producenta","isPartOf":{"@id":"https:\/\/emtel.pl\/#website"},"primaryImageOfPage":{"@id":"https:\/\/emtel.pl\/index.php\/page-daccueil\/?lang=fr#primaryimage"},"image":{"@id":"https:\/\/emtel.pl\/index.php\/page-daccueil\/?lang=fr#primaryimage"},"thumbnailUrl":"https:\/\/emtel.pl\/wp-content\/uploads\/2019\/04\/image087.jpg","datePublished":"2019-05-21T11:11:59+00:00","dateModified":"2026-02-25T10:32:11+00:00","description":"EMTEL, cr\u00e9\u00e9 en 1992, est un des principaux fabricants de moniteurs patient et de dispositifs de r\u00e9animation en Pologne.","breadcrumb":{"@id":"https:\/\/emtel.pl\/index.php\/page-daccueil\/?lang=fr#breadcrumb"},"inLanguage":"pl-PL","potentialAction":[{"@type":"ReadAction","target":["https:\/\/emtel.pl\/index.php\/page-daccueil\/?lang=fr"]}]},{"@type":"ImageObject","inLanguage":"pl-PL","@id":"https:\/\/emtel.pl\/index.php\/page-daccueil\/?lang=fr#primaryimage","url":"https:\/\/emtel.pl\/wp-content\/uploads\/2019\/04\/image087.jpg","contentUrl":"https:\/\/emtel.pl\/wp-content\/uploads\/2019\/04\/image087.jpg","width":1200,"height":800},{"@type":"BreadcrumbList","@id":"https:\/\/emtel.pl\/index.php\/page-daccueil\/?lang=fr#breadcrumb","itemListElement":[{"@type":"ListItem","position":1,"name":"Strona g\u0142\u00f3wna","item":"https:\/\/emtel.pl\/"},{"@type":"ListItem","position":2,"name":"Page d&#8217;accueil"}]},{"@type":"WebSite","@id":"https:\/\/emtel.pl\/#website","url":"https:\/\/emtel.pl\/","name":"EMTEL - kardiomonitory, defibrylatory, profesjonalny serwis producenta","description":"Technologia od serca","potentialAction":[{"@type":"SearchAction","target":{"@type":"EntryPoint","urlTemplate":"https:\/\/emtel.pl\/?s={search_term_string}"},"query-input":{"@type":"PropertyValueSpecification","valueRequired":true,"valueName":"search_term_string"}}],"inLanguage":"pl-PL"}]}},"_links":{"self":[{"href":"https:\/\/emtel.pl\/index.php\/wp-json\/wp\/v2\/pages\/842","targetHints":{"allow":["GET"]}}],"collection":[{"href":"https:\/\/emtel.pl\/index.php\/wp-json\/wp\/v2\/pages"}],"about":[{"href":"https:\/\/emtel.pl\/index.php\/wp-json\/wp\/v2\/types\/page"}],"author":[{"embeddable":true,"href":"https:\/\/emtel.pl\/index.php\/wp-json\/wp\/v2\/users\/1"}],"replies":[{"embeddable":true,"href":"https:\/\/emtel.pl\/index.php\/wp-json\/wp\/v2\/comments?post=842"}],"version-history":[{"count":71,"href":"https:\/\/emtel.pl\/index.php\/wp-json\/wp\/v2\/pages\/842\/revisions"}],"predecessor-version":[{"id":3450,"href":"https:\/\/emtel.pl\/index.php\/wp-json\/wp\/v2\/pages\/842\/revisions\/3450"}],"wp:featuredmedia":[{"embeddable":true,"href":"https:\/\/emtel.pl\/index.php\/wp-json\/wp\/v2\/media\/681"}],"wp:attachment":[{"href":"https:\/\/emtel.pl\/index.php\/wp-json\/wp\/v2\/media?parent=842"}],"curies":[{"name":"wp","href":"https:\/\/api.w.org\/{rel}","templated":true}]}}