{"id":861,"date":"2019-05-21T14:55:07","date_gmt":"2019-05-21T12:55:07","guid":{"rendered":"http:\/\/emtel.pl\/?page_id=861"},"modified":"2020-12-01T12:26:35","modified_gmt":"2020-12-01T11:26:35","slug":"moniteur-patient-modulaire-fx-3000md","status":"publish","type":"page","link":"https:\/\/emtel.pl\/index.php\/produits\/moniteur-patient-modulaire-fx-3000md\/?lang=fr","title":{"rendered":"Moniteur patient modulaire FX&nbsp;3000MD"},"content":{"rendered":"<section class=\"l-section wpb_row height_small\"><div class=\"l-section-h i-cf\"><div class=\"g-cols vc_row via_flex valign_top type_default stacking_default\"><div class=\"vc_col-sm-12 wpb_column vc_column_container\"><div class=\"vc_column-inner\"><div class=\"wpb_wrapper\"><div class=\"wpb_text_column\"><div class=\"wpb_wrapper\"><p><strong>Le FX 3000MD est un moniteur patient multifonctionnel qui permet la surveillance des signes vitaux des patients dans les unit\u00e9s de soins intensifs, les salles d&#8217;op\u00e9ration et dans les unit\u00e9s de soins pr\u00e9- et post-op\u00e9ratoires. Il est \u00e9galement con\u00e7u pour fonctionner dans les unit\u00e9s de nouveau-n\u00e9s.<\/strong><\/p>\n<\/div><\/div><\/div><\/div><\/div><\/div><\/div><\/section><section class=\"l-section wpb_row us_custom_84975378 height_small\"><div class=\"l-section-h i-cf\"><div class=\"g-cols vc_row via_flex valign_top type_default stacking_default\"><div class=\"vc_col-sm-12 wpb_column vc_column_container\"><div class=\"vc_column-inner\"><div class=\"wpb_wrapper\">\n\t\t\t<!-- START FX 3000MD REVOLUTION SLIDER 6.7.40 --><p class=\"rs-p-wp-fix\"><\/p>\n\t\t\t<rs-module-wrap id=\"rev_slider_1_1_wrapper\" data-source=\"gallery\" style=\"visibility:hidden;background:transparent;padding:0;margin:0px auto;margin-top:0;margin-bottom:0;\">\n\t\t\t\t<rs-module id=\"rev_slider_1_1\" class=\" rs-ov-hidden\" style=\"\" data-version=\"6.7.40\">\n\t\t\t\t\t<rs-slides style=\"overflow: hidden; position: absolute;\">\n\t\t\t\t\t\t<rs-slide style=\"position: absolute;\" data-key=\"rs-4\" data-title=\"Slide\" data-thumb=\"\/\/emtel.pl\/wp-content\/uploads\/2025\/11\/FX-3000MD-15-DSC02485-PL-125x125.jpg\" data-anim=\"ms:600;\" data-in=\"o:0;\" data-out=\"a:false;\">\n\t\t\t\t\t\t\t<img decoding=\"async\" src=\"\/\/emtel.pl\/wp-content\/plugins\/revslider\/sr6\/assets\/assets\/dummy.png\" alt=\"FX 3000MD\" title=\"FX 3000MD\" width=\"2000\" height=\"1333\" class=\"rev-slidebg tp-rs-img rs-lazyload\" data-lazyload=\"\/\/emtel.pl\/wp-content\/uploads\/2025\/11\/FX-3000MD-15-DSC02485-PL.jpg\" data-bg=\"f:contain;\" data-no-retina>\n<!---->\t\t\t\t\t<\/rs-slide>\n\t\t\t\t\t\t<rs-slide style=\"position: absolute;\" data-key=\"rs-1\" data-title=\"Slide\" data-thumb=\"\/\/emtel.pl\/wp-content\/uploads\/2025\/11\/FX-3000MD-15-DSC02498-PL-125x125.jpg\" data-anim=\"ms:600;\" data-in=\"o:0;\" data-out=\"a:false;\">\n\t\t\t\t\t\t\t<img decoding=\"async\" src=\"\/\/emtel.pl\/wp-content\/plugins\/revslider\/sr6\/assets\/assets\/dummy.png\" alt=\"FX 3000MD\" title=\"FX 3000MD\" width=\"2000\" height=\"1333\" class=\"rev-slidebg tp-rs-img rs-lazyload\" data-lazyload=\"\/\/emtel.pl\/wp-content\/uploads\/2025\/11\/FX-3000MD-15-DSC02498-PL.jpg\" data-bg=\"f:contain;\" data-no-retina>\n<!---->\t\t\t\t\t<\/rs-slide>\n\t\t\t\t\t\t<rs-slide style=\"position: absolute;\" data-key=\"rs-5\" data-title=\"Slide\" data-thumb=\"\/\/emtel.pl\/wp-content\/uploads\/2025\/11\/FX-3000MD-19-DSC02363-PL-125x125.jpg\" data-anim=\"ms:600;\" data-in=\"o:0;\" data-out=\"a:false;\">\n\t\t\t\t\t\t\t<img decoding=\"async\" src=\"\/\/emtel.pl\/wp-content\/plugins\/revslider\/sr6\/assets\/assets\/dummy.png\" alt=\"FX 3000MD\" title=\"FX 3000MD\" width=\"2000\" height=\"1333\" class=\"rev-slidebg tp-rs-img rs-lazyload\" data-lazyload=\"\/\/emtel.pl\/wp-content\/uploads\/2025\/11\/FX-3000MD-19-DSC02363-PL.jpg\" data-bg=\"f:contain;\" data-no-retina>\n<!---->\t\t\t\t\t<\/rs-slide>\n\t\t\t\t\t\t<rs-slide style=\"position: absolute;\" data-key=\"rs-6\" data-title=\"Slide\" data-thumb=\"\/\/emtel.pl\/wp-content\/uploads\/2025\/11\/FX-3000MD-19-DSC02366-PL-125x125.jpg\" data-anim=\"ms:600;\" data-in=\"o:0;\" data-out=\"a:false;\">\n\t\t\t\t\t\t\t<img decoding=\"async\" src=\"\/\/emtel.pl\/wp-content\/plugins\/revslider\/sr6\/assets\/assets\/dummy.png\" alt=\"FX 3000MD\" title=\"FX 3000MD\" width=\"2000\" height=\"1333\" class=\"rev-slidebg tp-rs-img rs-lazyload\" data-lazyload=\"\/\/emtel.pl\/wp-content\/uploads\/2025\/11\/FX-3000MD-19-DSC02366-PL.jpg\" data-bg=\"f:contain;\" data-no-retina>\n<!---->\t\t\t\t\t<\/rs-slide>\n\t\t\t\t\t\t<rs-slide style=\"position: absolute;\" data-key=\"rs-7\" data-title=\"Slide\" data-thumb=\"\/\/emtel.pl\/wp-content\/uploads\/2025\/11\/FX-3000MD-19-DSC02372-PL-125x125.jpg\" data-anim=\"ms:600;\" data-in=\"o:0;\" data-out=\"a:false;\">\n\t\t\t\t\t\t\t<img decoding=\"async\" src=\"\/\/emtel.pl\/wp-content\/plugins\/revslider\/sr6\/assets\/assets\/dummy.png\" alt=\"FX 3000MD\" title=\"FX 3000MD\" width=\"2000\" height=\"1333\" class=\"rev-slidebg tp-rs-img rs-lazyload\" data-lazyload=\"\/\/emtel.pl\/wp-content\/uploads\/2025\/11\/FX-3000MD-19-DSC02372-PL.jpg\" data-bg=\"f:contain;\" data-no-retina>\n<!---->\t\t\t\t\t<\/rs-slide>\n\t\t\t\t\t\t<rs-slide style=\"position: absolute;\" data-key=\"rs-55\" data-title=\"Slide\" data-thumb=\"\/\/emtel.pl\/wp-content\/uploads\/2025\/11\/FX-3000MD-19-DSC02385-PL-125x125.jpg\" data-anim=\"ms:600;\" data-in=\"o:0;\" data-out=\"a:false;\">\n\t\t\t\t\t\t\t<img decoding=\"async\" src=\"\/\/emtel.pl\/wp-content\/plugins\/revslider\/sr6\/assets\/assets\/dummy.png\" alt=\"FX 3000MD\" title=\"FX 3000MD\" width=\"2000\" height=\"1333\" class=\"rev-slidebg tp-rs-img rs-lazyload\" data-lazyload=\"\/\/emtel.pl\/wp-content\/uploads\/2025\/11\/FX-3000MD-19-DSC02385-PL.jpg\" data-bg=\"f:contain;\" data-no-retina>\n<!---->\t\t\t\t\t<\/rs-slide>\n\t\t\t\t\t<\/rs-slides>\n\t\t\t\t\t<rs-static-layers><!--\n\t\t\t\t\t--><\/rs-static-layers>\n\t\t\t\t<\/rs-module>\n\t\t\t\t<script>\n\t\t\t\t\tsetREVStartSize({c: 'rev_slider_1_1',rl:[1240,1024,768,480],el:[800],gw:[1240],gh:[800],type:'standard',justify:'',layout:'fullwidth',thumbh:\"120\",mh:\"0\"});if (window.RS_MODULES!==undefined && window.RS_MODULES.modules!==undefined && window.RS_MODULES.modules[\"revslider11\"]!==undefined) {window.RS_MODULES.modules[\"revslider11\"].once = false;window.revapi1 = undefined;if (window.RS_MODULES.checkMinimal!==undefined) window.RS_MODULES.checkMinimal()}\n\t\t\t\t<\/script>\n\t\t\t<\/rs-module-wrap>\n\t\t\t<!-- END REVOLUTION SLIDER -->\n<\/div><\/div><\/div><\/div><\/div><\/section><section class=\"l-section wpb_row height_small\"><div class=\"l-section-h i-cf\"><div class=\"g-cols vc_row via_flex valign_top type_default stacking_default\"><div class=\"vc_col-sm-12 wpb_column vc_column_container\"><div class=\"vc_column-inner\"><div class=\"wpb_wrapper\"><div class=\"wpb_text_column\"><div class=\"wpb_wrapper\"><p>La caract\u00e9ristique qui distingue ce type de moniteur patient est sa structure modulaire. Les modules de mesure peuvent \u00eatre connect\u00e9s \u00e0 un moniteur par l&#8217;un des connecteurs disponibles et peuvent \u00eatre facilement transf\u00e9r\u00e9s entre les moniteurs de ce type.<\/p>\n<p>Le moniteur peut fonctionner en tant qu&#8217;appareil autonome ou bien faire partie du syst\u00e8me central de surveillance FX 3000.<\/p>\n<\/div><\/div><\/div><\/div><\/div><\/div><\/div><\/section><section class=\"l-section wpb_row us_custom_74af54a7 height_auto\"><div class=\"l-section-h i-cf\"><div class=\"g-cols vc_row via_flex valign_top type_default stacking_default\"><div class=\"vc_col-sm-12 wpb_column vc_column_container\"><div class=\"vc_column-inner\"><div class=\"wpb_wrapper\"><div class=\"wpb_text_column us_custom_a106749e\"><div class=\"wpb_wrapper\"><h3>\u00c0 t\u00e9l\u00e9charger<\/h3>\n<\/div><\/div><div class=\"uavc-list-icon uavc-list-icon-wrapper ult-adjust-bottom-margin   vc_custom_1560498657262  vc_custom_1560498657262\"><ul class=\"uavc-list\"><li><div class=\"uavc-list-content\" id=\"list-icon-wrap-4153\">\n<div class=\"uavc-list-icon margin-bottom:0; \" data-animation=\"\" data-animation-delay=\"03\" style=\"margin-right:10px;\"><div class=\"ult-just-icon-wrapper  \"><div class=\"align-icon\" style=\"text-align:center;\">\n<div class=\"aio-icon-img \" style=\"font-size:35px;display:inline-block;\" >\n\t<img decoding=\"async\" class=\"img-icon\" alt=\"null\" src=\"https:\/\/emtel.pl\/wp-content\/uploads\/2019\/06\/icon-pdf.png\"\/>\n<\/div><\/div><\/div>\n<\/div><span  data-ultimate-target='#list-icon-wrap-4153 .uavc-list-desc'  data-responsive-json-new='{\"font-size\":\"\",\"line-height\":\"\"}'  class=\"uavc-list-desc ult-responsive\" style=\"\"><a href=\"\/download\/FR\/FR FX 3000MD.pdf\" target=\"_blank\" rel=\"noopener noreferrer\">Moniteur patient modulaire FX&nbsp;3000MD &#8211; fiche produit<\/a><\/span><\/div><\/li><\/ul><\/div><\/div><\/div><\/div><\/div><\/div><\/section><!-- Row Backgrounds --><div class=\"upb_color\" data-bg-override=\"0\" data-bg-color=\"#f7f7f7\" data-fadeout=\"\" data-fadeout-percentage=\"30\" data-parallax-content=\"\" data-parallax-content-sense=\"30\" data-row-effect-mobile-disable=\"true\" data-img-parallax-mobile-disable=\"true\" data-rtl=\"false\"  data-custom-vc-row=\"\"  data-vc=\"8.7.2\"  data-is_old_vc=\"\"  data-theme-support=\"\"   data-overlay=\"false\" data-overlay-color=\"\" data-overlay-pattern=\"\" data-overlay-pattern-opacity=\"\" data-overlay-pattern-size=\"\"    ><\/div><section class=\"l-section wpb_row height_small\"><div class=\"l-section-h i-cf\"><div class=\"g-cols vc_row via_flex valign_top type_default stacking_default\"><div class=\"vc_col-sm-12 wpb_column vc_column_container\"><div class=\"vc_column-inner\"><div class=\"wpb_wrapper\"><div class=\"wpb_text_column\"><div class=\"wpb_wrapper\"><h3>FX 3000MD assure la surveillance de param\u00e8tres suivants:<\/h3>\n<ul>\n<li>ECG (d\u00e9rivations frontales et pr\u00e9cordiales),<\/li>\n<li>respiration (m\u00e9thode thoracique),<\/li>\n<li>pression art\u00e9rielle PNI (m\u00e9thode non invasive),<\/li>\n<li>pression art\u00e9rielle, veineuse et autres PI (m\u00e9thode invasive),<\/li>\n<li>oxym\u00e9trie de pouls SpO<sub>2<\/sub> (tol\u00e9rance de faible perfusion et de mouvement),<\/li>\n<li>concentration de dioxyde de carbone ETCO<sub>2<\/sub> dans l&#8217;air expir\u00e9 des patients,<\/li>\n<li>temp\u00e9rature (en deux points de mesure et leur diff\u00e9rence),<\/li>\n<li>le d\u00e9bit cardiaque (avec les calculs h\u00e9modynamiques),<\/li>\n<li>le d\u00e9bit cardiaque (mesure non invasive),<\/li>\n<li>analyse ST (pente et niveau),<\/li>\n<li>analyse de l&#8217;arythmie de l&#8217;ECG,<\/li>\n<li>concentration d&#8217;oxyg\u00e8ne dans un m\u00e9lange gazeux,<\/li>\n<li>concentrations de gaz anesth\u00e9siques : N<sub>2<\/sub>O, ISO, ENF, HAL, SEV, DES,<\/li>\n<li>d\u00e9tection de stimulateur cardiaque.<\/li>\n<\/ul>\n<\/div><\/div><\/div><\/div><\/div><\/div><\/div><\/section><section class=\"l-section wpb_row height_small\"><div class=\"l-section-h i-cf\"><div class=\"g-cols vc_row via_flex valign_top type_default stacking_default\"><div class=\"vc_col-sm-12 wpb_column vc_column_container\"><div class=\"vc_column-inner\"><div class=\"wpb_wrapper\"><div class=\"wpb_text_column\"><div class=\"wpb_wrapper\"><h3>De plus, si requis par le client, les options suivantes sont disponibles:<\/h3>\n<ul>\n<li>calcul de dose de drogue,<\/li>\n<li>imprimante thermique,<\/li>\n<li>diff\u00e9rentes vitesses de balayage des courbes,<\/li>\n<li>stockage des donn\u00e9es,<\/li>\n<li>vue \u00e0 distance des \u00e9crans d&#8217;autres moniteurs connect\u00e9s ensemble au syst\u00e8me,<\/li>\n<li>capacit\u00e9 de transf\u00e9rer et d&#8217;afficher de donn\u00e9es stock\u00e9es sur un PC.<\/li>\n<\/ul>\n<p>Le moniteur FX 3000MD permet la signalisation d&#8217;alarmes dans des situations mettant la vie en danger, apr\u00e8s avoir d\u00e9pass\u00e9 les limites d&#8217;alarme de tous les param\u00e8tres mesur\u00e9s. Il permet \u00e9galement d&#8217;enregistrer tous les signaux surveill\u00e9s.<\/p>\n<p>Gr\u00e2ce \u00e0 la grande m\u00e9moire de stockage, les moniteurs FX 3000MD permettent de stocker et d&#8217;enregistrer des informations sur les patients trait\u00e9s et de les transmettre \u00e0 la station centrale et aux bases de donn\u00e9es d&#8217;autres syst\u00e8mes informatiques.<\/p>\n<\/div><\/div><\/div><\/div><\/div><\/div><\/div><\/section><section class=\"l-section wpb_row us_custom_4615bc44 height_small\"><div class=\"l-section-h i-cf\"><div class=\"g-cols vc_row via_flex valign_top type_default stacking_default\"><div class=\"vc_col-sm-12 wpb_column vc_column_container\"><div class=\"vc_column-inner\"><div class=\"wpb_wrapper\"><div class=\"wpb_text_column\"><div class=\"wpb_wrapper\"><h3 style=\"text-align: center;\">Le produit est marqu\u00e9 <span class=\"st\">\u00ab<\/span> CE <span class=\"st\">\u00bb<\/span><\/h3>\n<\/div><\/div><\/div><\/div><\/div><\/div><\/div><\/section><!-- Row Backgrounds --><div class=\"upb_color\" data-bg-override=\"0\" data-bg-color=\"#f5f5f5\" data-fadeout=\"\" data-fadeout-percentage=\"30\" data-parallax-content=\"\" data-parallax-content-sense=\"30\" data-row-effect-mobile-disable=\"true\" data-img-parallax-mobile-disable=\"true\" data-rtl=\"false\"  data-custom-vc-row=\"\"  data-vc=\"8.7.2\"  data-is_old_vc=\"\"  data-theme-support=\"\"   data-overlay=\"false\" data-overlay-color=\"\" data-overlay-pattern=\"\" data-overlay-pattern-opacity=\"\" data-overlay-pattern-size=\"\"    ><\/div>\n","protected":false},"excerpt":{"rendered":"Le FX 3000MD est un moniteur patient multifonctionnel qui permet la surveillance des signes vitaux des patients dans les unit\u00e9s de soins intensifs, les salles d&#8217;op\u00e9ration et dans les unit\u00e9s de soins pr\u00e9- et post-op\u00e9ratoires. Il est \u00e9galement con\u00e7u pour fonctionner dans les unit\u00e9s de nouveau-n\u00e9s. La caract\u00e9ristique qui distingue ce type de moniteur patient...","protected":false},"author":1,"featured_media":3183,"parent":855,"menu_order":1,"comment_status":"closed","ping_status":"closed","template":"","meta":{"_jet_sm_ready_style":"","_jet_sm_style":"","_jet_sm_controls_values":"","_jet_sm_fonts_collection":"","_jet_sm_fonts_links":"","footnotes":"","_links_to":"","_links_to_target":""},"class_list":["post-861","page","type-page","status-publish","has-post-thumbnail","hentry"],"yoast_head":"<!-- This site is optimized with the Yoast SEO plugin v26.6 - https:\/\/yoast.com\/wordpress\/plugins\/seo\/ -->\n<title>Moniteur patient modulaire FX&nbsp;3000MD - EMTEL - kardiomonitory, defibrylatory, profesjonalny serwis producenta<\/title>\n<meta name=\"description\" content=\"Le FX 3000MD est un moniteur patient multifonctionnel qui permet la surveillance des signes vitaux des patients dans les unit\u00e9s de soins intensifs, les salles d&#039;op\u00e9ration et dans les unit\u00e9s de soins pr\u00e9- et post-op\u00e9ratoires. Il est \u00e9galement con\u00e7u pour fonctionner dans les unit\u00e9s de nouveau-n\u00e9s.\" \/>\n<meta name=\"robots\" content=\"index, follow, max-snippet:-1, max-image-preview:large, max-video-preview:-1\" \/>\n<link rel=\"canonical\" href=\"https:\/\/emtel.pl\/index.php\/produits\/moniteur-patient-modulaire-fx-3000md\/\" \/>\n<meta property=\"og:locale\" content=\"pl_PL\" \/>\n<meta property=\"og:type\" content=\"article\" \/>\n<meta property=\"og:title\" content=\"Moniteur patient modulaire FX&nbsp;3000MD - EMTEL - kardiomonitory, defibrylatory, profesjonalny serwis producenta\" \/>\n<meta property=\"og:description\" content=\"Le FX 3000MD est un moniteur patient multifonctionnel qui permet la surveillance des signes vitaux des patients dans les unit\u00e9s de soins intensifs, les salles d&#039;op\u00e9ration et dans les unit\u00e9s de soins pr\u00e9- et post-op\u00e9ratoires. Il est \u00e9galement con\u00e7u pour fonctionner dans les unit\u00e9s de nouveau-n\u00e9s.\" \/>\n<meta property=\"og:url\" content=\"https:\/\/emtel.pl\/index.php\/produits\/moniteur-patient-modulaire-fx-3000md\/?lang=fr\" \/>\n<meta property=\"og:site_name\" content=\"EMTEL - kardiomonitory, defibrylatory, profesjonalny serwis producenta\" \/>\n<meta property=\"article:modified_time\" content=\"2020-12-01T11:26:35+00:00\" \/>\n<meta property=\"og:image\" content=\"https:\/\/emtel.pl\/wp-content\/uploads\/2019\/03\/FX3000MD-03.jpg\" \/>\n\t<meta property=\"og:image:width\" content=\"1024\" \/>\n\t<meta property=\"og:image:height\" content=\"900\" \/>\n\t<meta property=\"og:image:type\" content=\"image\/jpeg\" \/>\n<meta name=\"twitter:card\" content=\"summary_large_image\" \/>\n<meta name=\"twitter:label1\" content=\"Szacowany czas czytania\" \/>\n\t<meta name=\"twitter:data1\" content=\"3 minuty\" \/>\n<script type=\"application\/ld+json\" class=\"yoast-schema-graph\">{\"@context\":\"https:\/\/schema.org\",\"@graph\":[{\"@type\":\"WebPage\",\"@id\":\"https:\/\/emtel.pl\/index.php\/produits\/moniteur-patient-modulaire-fx-3000md\/?lang=fr\",\"url\":\"https:\/\/emtel.pl\/index.php\/produits\/moniteur-patient-modulaire-fx-3000md\/?lang=fr\",\"name\":\"Moniteur patient modulaire FX&nbsp;3000MD - EMTEL - kardiomonitory, defibrylatory, profesjonalny serwis producenta\",\"isPartOf\":{\"@id\":\"https:\/\/emtel.pl\/#website\"},\"primaryImageOfPage\":{\"@id\":\"https:\/\/emtel.pl\/index.php\/produits\/moniteur-patient-modulaire-fx-3000md\/?lang=fr#primaryimage\"},\"image\":{\"@id\":\"https:\/\/emtel.pl\/index.php\/produits\/moniteur-patient-modulaire-fx-3000md\/?lang=fr#primaryimage\"},\"thumbnailUrl\":\"https:\/\/emtel.pl\/wp-content\/uploads\/2025\/11\/FX-3000MD-15-DSC02485-PL.jpg\",\"datePublished\":\"2019-05-21T12:55:07+00:00\",\"dateModified\":\"2020-12-01T11:26:35+00:00\",\"description\":\"Le FX 3000MD est un moniteur patient multifonctionnel qui permet la surveillance des signes vitaux des patients dans les unit\u00e9s de soins intensifs, les salles d'op\u00e9ration et dans les unit\u00e9s de soins pr\u00e9- et post-op\u00e9ratoires. Il est \u00e9galement con\u00e7u pour fonctionner dans les unit\u00e9s de nouveau-n\u00e9s.\",\"breadcrumb\":{\"@id\":\"https:\/\/emtel.pl\/index.php\/produits\/moniteur-patient-modulaire-fx-3000md\/?lang=fr#breadcrumb\"},\"inLanguage\":\"pl-PL\",\"potentialAction\":[{\"@type\":\"ReadAction\",\"target\":[\"https:\/\/emtel.pl\/index.php\/produits\/moniteur-patient-modulaire-fx-3000md\/?lang=fr\"]}]},{\"@type\":\"ImageObject\",\"inLanguage\":\"pl-PL\",\"@id\":\"https:\/\/emtel.pl\/index.php\/produits\/moniteur-patient-modulaire-fx-3000md\/?lang=fr#primaryimage\",\"url\":\"https:\/\/emtel.pl\/wp-content\/uploads\/2025\/11\/FX-3000MD-15-DSC02485-PL.jpg\",\"contentUrl\":\"https:\/\/emtel.pl\/wp-content\/uploads\/2025\/11\/FX-3000MD-15-DSC02485-PL.jpg\",\"width\":2000,\"height\":1333,\"caption\":\"FX 3000MD\"},{\"@type\":\"BreadcrumbList\",\"@id\":\"https:\/\/emtel.pl\/index.php\/produits\/moniteur-patient-modulaire-fx-3000md\/?lang=fr#breadcrumb\",\"itemListElement\":[{\"@type\":\"ListItem\",\"position\":1,\"name\":\"Strona g\u0142\u00f3wna\",\"item\":\"https:\/\/emtel.pl\/\"},{\"@type\":\"ListItem\",\"position\":2,\"name\":\"Produits\",\"item\":\"https:\/\/emtel.pl\/index.php\/produits\/\"},{\"@type\":\"ListItem\",\"position\":3,\"name\":\"Moniteur patient modulaire FX&nbsp;3000MD\"}]},{\"@type\":\"WebSite\",\"@id\":\"https:\/\/emtel.pl\/#website\",\"url\":\"https:\/\/emtel.pl\/\",\"name\":\"EMTEL - kardiomonitory, defibrylatory, profesjonalny serwis producenta\",\"description\":\"Technologia od serca\",\"potentialAction\":[{\"@type\":\"SearchAction\",\"target\":{\"@type\":\"EntryPoint\",\"urlTemplate\":\"https:\/\/emtel.pl\/?s={search_term_string}\"},\"query-input\":{\"@type\":\"PropertyValueSpecification\",\"valueRequired\":true,\"valueName\":\"search_term_string\"}}],\"inLanguage\":\"pl-PL\"}]}<\/script>\n<!-- \/ Yoast SEO plugin. -->","yoast_head_json":{"title":"Moniteur patient modulaire FX&nbsp;3000MD - EMTEL - kardiomonitory, defibrylatory, profesjonalny serwis producenta","description":"Le FX 3000MD est un moniteur patient multifonctionnel qui permet la surveillance des signes vitaux des patients dans les unit\u00e9s de soins intensifs, les salles d'op\u00e9ration et dans les unit\u00e9s de soins pr\u00e9- et post-op\u00e9ratoires. Il est \u00e9galement con\u00e7u pour fonctionner dans les unit\u00e9s de nouveau-n\u00e9s.","robots":{"index":"index","follow":"follow","max-snippet":"max-snippet:-1","max-image-preview":"max-image-preview:large","max-video-preview":"max-video-preview:-1"},"canonical":"https:\/\/emtel.pl\/index.php\/produits\/moniteur-patient-modulaire-fx-3000md\/","og_locale":"pl_PL","og_type":"article","og_title":"Moniteur patient modulaire FX&nbsp;3000MD - EMTEL - kardiomonitory, defibrylatory, profesjonalny serwis producenta","og_description":"Le FX 3000MD est un moniteur patient multifonctionnel qui permet la surveillance des signes vitaux des patients dans les unit\u00e9s de soins intensifs, les salles d'op\u00e9ration et dans les unit\u00e9s de soins pr\u00e9- et post-op\u00e9ratoires. Il est \u00e9galement con\u00e7u pour fonctionner dans les unit\u00e9s de nouveau-n\u00e9s.","og_url":"https:\/\/emtel.pl\/index.php\/produits\/moniteur-patient-modulaire-fx-3000md\/?lang=fr","og_site_name":"EMTEL - kardiomonitory, defibrylatory, profesjonalny serwis producenta","article_modified_time":"2020-12-01T11:26:35+00:00","og_image":[{"width":1024,"height":900,"url":"https:\/\/emtel.pl\/wp-content\/uploads\/2019\/03\/FX3000MD-03.jpg","type":"image\/jpeg"}],"twitter_card":"summary_large_image","twitter_misc":{"Szacowany czas czytania":"3 minuty"},"schema":{"@context":"https:\/\/schema.org","@graph":[{"@type":"WebPage","@id":"https:\/\/emtel.pl\/index.php\/produits\/moniteur-patient-modulaire-fx-3000md\/?lang=fr","url":"https:\/\/emtel.pl\/index.php\/produits\/moniteur-patient-modulaire-fx-3000md\/?lang=fr","name":"Moniteur patient modulaire FX&nbsp;3000MD - EMTEL - kardiomonitory, defibrylatory, profesjonalny serwis producenta","isPartOf":{"@id":"https:\/\/emtel.pl\/#website"},"primaryImageOfPage":{"@id":"https:\/\/emtel.pl\/index.php\/produits\/moniteur-patient-modulaire-fx-3000md\/?lang=fr#primaryimage"},"image":{"@id":"https:\/\/emtel.pl\/index.php\/produits\/moniteur-patient-modulaire-fx-3000md\/?lang=fr#primaryimage"},"thumbnailUrl":"https:\/\/emtel.pl\/wp-content\/uploads\/2025\/11\/FX-3000MD-15-DSC02485-PL.jpg","datePublished":"2019-05-21T12:55:07+00:00","dateModified":"2020-12-01T11:26:35+00:00","description":"Le FX 3000MD est un moniteur patient multifonctionnel qui permet la surveillance des signes vitaux des patients dans les unit\u00e9s de soins intensifs, les salles d'op\u00e9ration et dans les unit\u00e9s de soins pr\u00e9- et post-op\u00e9ratoires. Il est \u00e9galement con\u00e7u pour fonctionner dans les unit\u00e9s de nouveau-n\u00e9s.","breadcrumb":{"@id":"https:\/\/emtel.pl\/index.php\/produits\/moniteur-patient-modulaire-fx-3000md\/?lang=fr#breadcrumb"},"inLanguage":"pl-PL","potentialAction":[{"@type":"ReadAction","target":["https:\/\/emtel.pl\/index.php\/produits\/moniteur-patient-modulaire-fx-3000md\/?lang=fr"]}]},{"@type":"ImageObject","inLanguage":"pl-PL","@id":"https:\/\/emtel.pl\/index.php\/produits\/moniteur-patient-modulaire-fx-3000md\/?lang=fr#primaryimage","url":"https:\/\/emtel.pl\/wp-content\/uploads\/2025\/11\/FX-3000MD-15-DSC02485-PL.jpg","contentUrl":"https:\/\/emtel.pl\/wp-content\/uploads\/2025\/11\/FX-3000MD-15-DSC02485-PL.jpg","width":2000,"height":1333,"caption":"FX 3000MD"},{"@type":"BreadcrumbList","@id":"https:\/\/emtel.pl\/index.php\/produits\/moniteur-patient-modulaire-fx-3000md\/?lang=fr#breadcrumb","itemListElement":[{"@type":"ListItem","position":1,"name":"Strona g\u0142\u00f3wna","item":"https:\/\/emtel.pl\/"},{"@type":"ListItem","position":2,"name":"Produits","item":"https:\/\/emtel.pl\/index.php\/produits\/"},{"@type":"ListItem","position":3,"name":"Moniteur patient modulaire FX&nbsp;3000MD"}]},{"@type":"WebSite","@id":"https:\/\/emtel.pl\/#website","url":"https:\/\/emtel.pl\/","name":"EMTEL - kardiomonitory, defibrylatory, profesjonalny serwis producenta","description":"Technologia od serca","potentialAction":[{"@type":"SearchAction","target":{"@type":"EntryPoint","urlTemplate":"https:\/\/emtel.pl\/?s={search_term_string}"},"query-input":{"@type":"PropertyValueSpecification","valueRequired":true,"valueName":"search_term_string"}}],"inLanguage":"pl-PL"}]}},"_links":{"self":[{"href":"https:\/\/emtel.pl\/index.php\/wp-json\/wp\/v2\/pages\/861","targetHints":{"allow":["GET"]}}],"collection":[{"href":"https:\/\/emtel.pl\/index.php\/wp-json\/wp\/v2\/pages"}],"about":[{"href":"https:\/\/emtel.pl\/index.php\/wp-json\/wp\/v2\/types\/page"}],"author":[{"embeddable":true,"href":"https:\/\/emtel.pl\/index.php\/wp-json\/wp\/v2\/users\/1"}],"replies":[{"embeddable":true,"href":"https:\/\/emtel.pl\/index.php\/wp-json\/wp\/v2\/comments?post=861"}],"version-history":[{"count":24,"href":"https:\/\/emtel.pl\/index.php\/wp-json\/wp\/v2\/pages\/861\/revisions"}],"predecessor-version":[{"id":2132,"href":"https:\/\/emtel.pl\/index.php\/wp-json\/wp\/v2\/pages\/861\/revisions\/2132"}],"up":[{"embeddable":true,"href":"https:\/\/emtel.pl\/index.php\/wp-json\/wp\/v2\/pages\/855"}],"wp:featuredmedia":[{"embeddable":true,"href":"https:\/\/emtel.pl\/index.php\/wp-json\/wp\/v2\/media\/3183"}],"wp:attachment":[{"href":"https:\/\/emtel.pl\/index.php\/wp-json\/wp\/v2\/media?parent=861"}],"curies":[{"name":"wp","href":"https:\/\/api.w.org\/{rel}","templated":true}]}}