{"id":879,"date":"2019-05-22T12:44:21","date_gmt":"2019-05-22T10:44:21","guid":{"rendered":"http:\/\/emtel.pl\/?page_id=879"},"modified":"2020-12-01T12:26:37","modified_gmt":"2020-12-01T11:26:37","slug":"defibrillateur-cliniquement-avance-defimax-plus","status":"publish","type":"page","link":"https:\/\/emtel.pl\/index.php\/produits\/defibrillateur-cliniquement-avance-defimax-plus\/?lang=fr","title":{"rendered":"D\u00e9fibrillateur cliniquement avanc\u00e9 DefiMax Plus"},"content":{"rendered":"<section class=\"l-section wpb_row us_custom_7f8189f4 height_small\"><div class=\"l-section-h i-cf\"><div class=\"g-cols vc_row via_flex valign_top type_default stacking_default\"><div class=\"vc_col-sm-12 wpb_column vc_column_container\"><div class=\"vc_column-inner\"><div class=\"wpb_wrapper\"><div class=\"wpb_text_column\"><div class=\"wpb_wrapper\"><p><strong>Le DefiMax Plus est un d\u00e9fibrillateur clinique professionnel dot\u00e9 d&#8217;une fonction avanc\u00e9e de surveillance des patients.<\/strong><\/p>\n<p>Le d\u00e9fibrillateur permet la surveillance de l&#8217;ECG, de la pression art\u00e9rielle mesur\u00e9e de fa\u00e7on non invasive (PNI) et invasive (PI), de la saturation (SpO<sub>2<\/sub>), de la temp\u00e9rature et le dioxyde de carbone (CO<sub>2<\/sub>).<\/p>\n<\/div><\/div><\/div><\/div><\/div><\/div><\/div><\/section><section class=\"l-section wpb_row us_custom_84975378 height_small\"><div class=\"l-section-h i-cf\"><div class=\"g-cols vc_row via_flex valign_top type_default stacking_default\"><div class=\"vc_col-sm-12 wpb_column vc_column_container\"><div class=\"vc_column-inner\"><div class=\"wpb_wrapper\">\n\t\t\t<!-- START DefiMax Plus REVOLUTION SLIDER 6.7.40 --><p class=\"rs-p-wp-fix\"><\/p>\n\t\t\t<rs-module-wrap id=\"rev_slider_6_1_wrapper\" data-source=\"gallery\" style=\"visibility:hidden;background:transparent;padding:0;margin:0px auto;margin-top:0;margin-bottom:0;\">\n\t\t\t\t<rs-module id=\"rev_slider_6_1\" class=\" rs-ov-hidden\" style=\"\" data-version=\"6.7.40\">\n\t\t\t\t\t<rs-slides style=\"overflow: hidden; position: absolute;\">\n\t\t\t\t\t\t<rs-slide style=\"position: absolute;\" data-key=\"rs-31\" data-title=\"Slide\" data-thumb=\"\/\/emtel.pl\/wp-content\/uploads\/2019\/04\/DefiMax-plus-02-125x125.jpg\" data-anim=\"ms:600;r:0;\" data-in=\"o:0;\" data-out=\"a:false;\">\n\t\t\t\t\t\t\t<img decoding=\"async\" src=\"\/\/emtel.pl\/wp-content\/plugins\/revslider\/sr6\/assets\/assets\/dummy.png\" alt=\"Zaawansowany defibrylator kliniczny DefiMax Plus\" title=\"Zaawansowany defibrylator kliniczny DefiMax Plus\" width=\"560\" height=\"600\" class=\"rev-slidebg tp-rs-img rs-lazyload\" data-lazyload=\"\/\/emtel.pl\/wp-content\/uploads\/2019\/04\/DefiMax-plus-02.jpg\" data-bg=\"f:contain;\" data-no-retina>\n<!---->\t\t\t\t\t<\/rs-slide>\n\t\t\t\t\t\t<rs-slide style=\"position: absolute;\" data-key=\"rs-32\" data-title=\"Slide\" data-thumb=\"\/\/emtel.pl\/wp-content\/uploads\/2019\/04\/DefiMax-plus-01-125x125.jpg\" data-anim=\"ms:600;r:0;\" data-in=\"o:0;\" data-out=\"a:false;\">\n\t\t\t\t\t\t\t<img decoding=\"async\" src=\"\/\/emtel.pl\/wp-content\/plugins\/revslider\/sr6\/assets\/assets\/dummy.png\" alt=\"Zaawansowany defibrylator kliniczny DefiMax Plus\" title=\"Zaawansowany defibrylator kliniczny DefiMax Plus\" width=\"560\" height=\"600\" class=\"rev-slidebg tp-rs-img rs-lazyload\" data-lazyload=\"\/\/emtel.pl\/wp-content\/uploads\/2019\/04\/DefiMax-plus-01.jpg\" data-bg=\"f:contain;\" data-no-retina>\n<!---->\t\t\t\t\t<\/rs-slide>\n\t\t\t\t\t\t<rs-slide style=\"position: absolute;\" data-key=\"rs-33\" data-title=\"Slide\" data-thumb=\"\/\/emtel.pl\/wp-content\/uploads\/2019\/04\/DefiMax-plus-00-125x125.jpg\" data-anim=\"ms:600;r:0;\" data-in=\"o:0;\" data-out=\"a:false;\">\n\t\t\t\t\t\t\t<img decoding=\"async\" src=\"\/\/emtel.pl\/wp-content\/plugins\/revslider\/sr6\/assets\/assets\/dummy.png\" alt=\"Zaawansowany defibrylator kliniczny DefiMax Plus\" title=\"Zaawansowany defibrylator kliniczny DefiMax Plus\" width=\"560\" height=\"600\" class=\"rev-slidebg tp-rs-img rs-lazyload\" data-lazyload=\"\/\/emtel.pl\/wp-content\/uploads\/2019\/04\/DefiMax-plus-00.jpg\" data-bg=\"f:contain;\" data-no-retina>\n<!---->\t\t\t\t\t<\/rs-slide>\n\t\t\t\t\t<\/rs-slides>\n\t\t\t\t<\/rs-module>\n\t\t\t\t<script>\n\t\t\t\t\tsetREVStartSize({c: 'rev_slider_6_1',rl:[1240,1024,768,480],el:[800],gw:[1240],gh:[800],type:'standard',justify:'',layout:'fullwidth',thumbh:\"125\",mh:\"0\"});if (window.RS_MODULES!==undefined && window.RS_MODULES.modules!==undefined && window.RS_MODULES.modules[\"revslider61\"]!==undefined) {window.RS_MODULES.modules[\"revslider61\"].once = false;window.revapi6 = undefined;if (window.RS_MODULES.checkMinimal!==undefined) window.RS_MODULES.checkMinimal()}\n\t\t\t\t<\/script>\n\t\t\t<\/rs-module-wrap>\n\t\t\t<!-- END REVOLUTION SLIDER -->\n<\/div><\/div><\/div><\/div><\/div><\/section><section class=\"l-section wpb_row height_small\"><div class=\"l-section-h i-cf\"><div class=\"g-cols vc_row via_flex valign_top type_default stacking_default\"><div class=\"vc_col-sm-12 wpb_column vc_column_container\"><div class=\"vc_column-inner\"><div class=\"wpb_wrapper\"><div class=\"wpb_text_column\"><div class=\"wpb_wrapper\"><p>La technologie utilis\u00e9e dans le d\u00e9fibrillateur rend l&#8217;impulsion \u00e9lectrique \u00e9mise (de 1 \u00e0 300 J) exactement adapt\u00e9e aux param\u00e8tres physiques du patient, en minimisant ainsi le dommage au muscle cardiaque.<\/p>\n<p>Le d\u00e9fibrillateur peut fonctionner en mode manuel ou automatique (AED). Il a \u00e9galement la capacit\u00e9 d&#8217;effectuer une cardioversion, une stimulation\u00a0percutan\u00e9e en mode asynchrone ou synchrone.<\/p>\n<\/div><\/div><\/div><\/div><\/div><\/div><\/div><\/section><section class=\"l-section wpb_row us_custom_74af54a7 height_auto\"><div class=\"l-section-h i-cf\"><div class=\"g-cols vc_row via_flex valign_top type_default stacking_default\"><div class=\"vc_col-sm-12 wpb_column vc_column_container\"><div class=\"vc_column-inner\"><div class=\"wpb_wrapper\"><div class=\"wpb_text_column us_custom_a106749e\"><div class=\"wpb_wrapper\"><h3>\u00c0 t\u00e9l\u00e9charger<\/h3>\n<\/div><\/div><div class=\"uavc-list-icon uavc-list-icon-wrapper ult-adjust-bottom-margin   vc_custom_1560498657262  vc_custom_1560498657262\"><ul class=\"uavc-list\"><li><div class=\"uavc-list-content\" id=\"list-icon-wrap-8492\">\n<div class=\"uavc-list-icon margin-bottom:0; \" data-animation=\"\" data-animation-delay=\"03\" style=\"margin-right:10px;\"><div class=\"ult-just-icon-wrapper  \"><div class=\"align-icon\" style=\"text-align:center;\">\n<div class=\"aio-icon-img \" style=\"font-size:35px;display:inline-block;\" >\n\t<img decoding=\"async\" class=\"img-icon\" alt=\"null\" src=\"https:\/\/emtel.pl\/wp-content\/uploads\/2019\/06\/icon-pdf.png\"\/>\n<\/div><\/div><\/div>\n<\/div><span  data-ultimate-target='#list-icon-wrap-8492 .uavc-list-desc'  data-responsive-json-new='{\"font-size\":\"\",\"line-height\":\"\"}'  class=\"uavc-list-desc ult-responsive\" style=\"\"><a href=\"\/download\/FR\/FR DefiMax Plus.pdf\" target=\"_blank\" rel=\"noopener noreferrer\">D\u00e9fibrillateur cliniquement avanc\u00e9 DefiMax Plus &#8211; fiche produit<\/a><\/p>\n<p>&nbsp;<\/span><\/div><\/li><\/ul><\/div><\/div><\/div><\/div><\/div><\/div><\/section><!-- Row Backgrounds --><div class=\"upb_color\" data-bg-override=\"0\" data-bg-color=\"#f7f7f7\" data-fadeout=\"\" data-fadeout-percentage=\"30\" data-parallax-content=\"\" data-parallax-content-sense=\"30\" data-row-effect-mobile-disable=\"true\" data-img-parallax-mobile-disable=\"true\" data-rtl=\"false\"  data-custom-vc-row=\"\"  data-vc=\"8.7.2\"  data-is_old_vc=\"\"  data-theme-support=\"\"   data-overlay=\"false\" data-overlay-color=\"\" data-overlay-pattern=\"\" data-overlay-pattern-opacity=\"\" data-overlay-pattern-size=\"\"    ><\/div><section class=\"l-section wpb_row height_small\"><div class=\"l-section-h i-cf\"><div class=\"g-cols vc_row via_flex valign_top type_default stacking_default\"><div class=\"vc_col-sm-12 wpb_column vc_column_container\"><div class=\"vc_column-inner\"><div class=\"wpb_wrapper\"><div class=\"wpb_text_column\"><div class=\"wpb_wrapper\"><p>La d\u00e9fibrillation adulte et p\u00e9diatrique est r\u00e9alis\u00e9e \u00e0 l&#8217;aide de palettes dures et d&#8217;\u00e9lectrodes jetables. Un d\u00e9fibrillateur peut \u00eatre achet\u00e9 avec un chariot mobile ou un sac sp\u00e9cial qui facilite son transport.<\/p>\n<\/div><\/div><\/div><\/div><\/div><\/div><\/div><\/section><!-- Row Backgrounds --><div class=\"upb_color\" data-bg-override=\"0\" data-bg-color=\"#ffffff\" data-fadeout=\"\" data-fadeout-percentage=\"30\" data-parallax-content=\"\" data-parallax-content-sense=\"30\" data-row-effect-mobile-disable=\"true\" data-img-parallax-mobile-disable=\"true\" data-rtl=\"false\"  data-custom-vc-row=\"\"  data-vc=\"8.7.2\"  data-is_old_vc=\"\"  data-theme-support=\"\"   data-overlay=\"false\" data-overlay-color=\"\" data-overlay-pattern=\"\" data-overlay-pattern-opacity=\"\" data-overlay-pattern-size=\"\"    ><\/div><section class=\"l-section wpb_row us_custom_4615bc44 height_small\"><div class=\"l-section-h i-cf\"><div class=\"g-cols vc_row via_flex valign_top type_default stacking_default\"><div class=\"vc_col-sm-12 wpb_column vc_column_container\"><div class=\"vc_column-inner\"><div class=\"wpb_wrapper\"><div class=\"wpb_text_column\"><div class=\"wpb_wrapper\"><h3 style=\"text-align: center;\">Le produit est marqu\u00e9 \u00ab CE \u00bb<\/h3>\n<\/div><\/div><\/div><\/div><\/div><\/div><\/div><\/section><!-- Row Backgrounds --><div class=\"upb_color\" data-bg-override=\"0\" data-bg-color=\"#f5f5f5\" data-fadeout=\"\" data-fadeout-percentage=\"30\" data-parallax-content=\"\" data-parallax-content-sense=\"30\" data-row-effect-mobile-disable=\"true\" data-img-parallax-mobile-disable=\"true\" data-rtl=\"false\"  data-custom-vc-row=\"\"  data-vc=\"8.7.2\"  data-is_old_vc=\"\"  data-theme-support=\"\"   data-overlay=\"false\" data-overlay-color=\"\" data-overlay-pattern=\"\" data-overlay-pattern-opacity=\"\" data-overlay-pattern-size=\"\"    ><\/div>\n","protected":false},"excerpt":{"rendered":"Le DefiMax Plus est un d\u00e9fibrillateur clinique professionnel dot\u00e9 d&#8217;une fonction avanc\u00e9e de surveillance des patients. Le d\u00e9fibrillateur permet la surveillance de l&#8217;ECG, de la pression art\u00e9rielle mesur\u00e9e de fa\u00e7on non invasive (PNI) et invasive (PI), de la saturation (SpO2), de la temp\u00e9rature et le dioxyde de carbone (CO2). La technologie utilis\u00e9e dans le d\u00e9fibrillateur...","protected":false},"author":1,"featured_media":621,"parent":855,"menu_order":7,"comment_status":"closed","ping_status":"closed","template":"","meta":{"_jet_sm_ready_style":"","_jet_sm_style":"","_jet_sm_controls_values":"","_jet_sm_fonts_collection":"","_jet_sm_fonts_links":"","footnotes":"","_links_to":"","_links_to_target":""},"class_list":["post-879","page","type-page","status-publish","has-post-thumbnail","hentry"],"yoast_head":"<!-- This site is optimized with the Yoast SEO plugin v26.6 - https:\/\/yoast.com\/wordpress\/plugins\/seo\/ -->\n<title>D\u00e9fibrillateur cliniquement avanc\u00e9 DefiMax Plus - EMTEL - kardiomonitory, defibrylatory, profesjonalny serwis producenta<\/title>\n<meta name=\"description\" content=\"Le DefiMax plus est un d\u00e9fibrillateur clinique professionnel dot\u00e9 d&#039;une fonction avanc\u00e9e de surveillance des patients.\" \/>\n<meta name=\"robots\" content=\"index, follow, max-snippet:-1, max-image-preview:large, max-video-preview:-1\" \/>\n<link rel=\"canonical\" href=\"https:\/\/emtel.pl\/index.php\/produits\/defibrillateur-cliniquement-avance-defimax-plus\/\" \/>\n<meta property=\"og:locale\" content=\"pl_PL\" \/>\n<meta property=\"og:type\" content=\"article\" \/>\n<meta property=\"og:title\" content=\"D\u00e9fibrillateur cliniquement avanc\u00e9 DefiMax Plus - EMTEL - kardiomonitory, defibrylatory, profesjonalny serwis producenta\" \/>\n<meta property=\"og:description\" content=\"Le DefiMax plus est un d\u00e9fibrillateur clinique professionnel dot\u00e9 d&#039;une fonction avanc\u00e9e de surveillance des patients.\" \/>\n<meta property=\"og:url\" content=\"https:\/\/emtel.pl\/index.php\/produits\/defibrillateur-cliniquement-avance-defimax-plus\/?lang=fr\" \/>\n<meta property=\"og:site_name\" content=\"EMTEL - kardiomonitory, defibrylatory, profesjonalny serwis producenta\" \/>\n<meta property=\"article:modified_time\" content=\"2020-12-01T11:26:37+00:00\" \/>\n<meta property=\"og:image\" content=\"https:\/\/emtel.pl\/wp-content\/uploads\/2019\/04\/DefiMax-Plus.jpg\" \/>\n\t<meta property=\"og:image:width\" content=\"754\" \/>\n\t<meta property=\"og:image:height\" content=\"600\" \/>\n\t<meta property=\"og:image:type\" content=\"image\/jpeg\" \/>\n<meta name=\"twitter:card\" content=\"summary_large_image\" \/>\n<meta name=\"twitter:label1\" content=\"Szacowany czas czytania\" \/>\n\t<meta name=\"twitter:data1\" content=\"2 minuty\" \/>\n<script type=\"application\/ld+json\" class=\"yoast-schema-graph\">{\"@context\":\"https:\/\/schema.org\",\"@graph\":[{\"@type\":\"WebPage\",\"@id\":\"https:\/\/emtel.pl\/index.php\/produits\/defibrillateur-cliniquement-avance-defimax-plus\/?lang=fr\",\"url\":\"https:\/\/emtel.pl\/index.php\/produits\/defibrillateur-cliniquement-avance-defimax-plus\/?lang=fr\",\"name\":\"D\u00e9fibrillateur cliniquement avanc\u00e9 DefiMax Plus - EMTEL - kardiomonitory, defibrylatory, profesjonalny serwis producenta\",\"isPartOf\":{\"@id\":\"https:\/\/emtel.pl\/#website\"},\"primaryImageOfPage\":{\"@id\":\"https:\/\/emtel.pl\/index.php\/produits\/defibrillateur-cliniquement-avance-defimax-plus\/?lang=fr#primaryimage\"},\"image\":{\"@id\":\"https:\/\/emtel.pl\/index.php\/produits\/defibrillateur-cliniquement-avance-defimax-plus\/?lang=fr#primaryimage\"},\"thumbnailUrl\":\"https:\/\/emtel.pl\/wp-content\/uploads\/2019\/04\/DefiMax-Plus.jpg\",\"datePublished\":\"2019-05-22T10:44:21+00:00\",\"dateModified\":\"2020-12-01T11:26:37+00:00\",\"description\":\"Le DefiMax plus est un d\u00e9fibrillateur clinique professionnel dot\u00e9 d'une fonction avanc\u00e9e de surveillance des patients.\",\"breadcrumb\":{\"@id\":\"https:\/\/emtel.pl\/index.php\/produits\/defibrillateur-cliniquement-avance-defimax-plus\/?lang=fr#breadcrumb\"},\"inLanguage\":\"pl-PL\",\"potentialAction\":[{\"@type\":\"ReadAction\",\"target\":[\"https:\/\/emtel.pl\/index.php\/produits\/defibrillateur-cliniquement-avance-defimax-plus\/?lang=fr\"]}]},{\"@type\":\"ImageObject\",\"inLanguage\":\"pl-PL\",\"@id\":\"https:\/\/emtel.pl\/index.php\/produits\/defibrillateur-cliniquement-avance-defimax-plus\/?lang=fr#primaryimage\",\"url\":\"https:\/\/emtel.pl\/wp-content\/uploads\/2019\/04\/DefiMax-Plus.jpg\",\"contentUrl\":\"https:\/\/emtel.pl\/wp-content\/uploads\/2019\/04\/DefiMax-Plus.jpg\",\"width\":754,\"height\":600},{\"@type\":\"BreadcrumbList\",\"@id\":\"https:\/\/emtel.pl\/index.php\/produits\/defibrillateur-cliniquement-avance-defimax-plus\/?lang=fr#breadcrumb\",\"itemListElement\":[{\"@type\":\"ListItem\",\"position\":1,\"name\":\"Strona g\u0142\u00f3wna\",\"item\":\"https:\/\/emtel.pl\/\"},{\"@type\":\"ListItem\",\"position\":2,\"name\":\"Produits\",\"item\":\"https:\/\/emtel.pl\/index.php\/produits\/\"},{\"@type\":\"ListItem\",\"position\":3,\"name\":\"D\u00e9fibrillateur cliniquement avanc\u00e9 DefiMax Plus\"}]},{\"@type\":\"WebSite\",\"@id\":\"https:\/\/emtel.pl\/#website\",\"url\":\"https:\/\/emtel.pl\/\",\"name\":\"EMTEL - kardiomonitory, defibrylatory, profesjonalny serwis producenta\",\"description\":\"Technologia od serca\",\"potentialAction\":[{\"@type\":\"SearchAction\",\"target\":{\"@type\":\"EntryPoint\",\"urlTemplate\":\"https:\/\/emtel.pl\/?s={search_term_string}\"},\"query-input\":{\"@type\":\"PropertyValueSpecification\",\"valueRequired\":true,\"valueName\":\"search_term_string\"}}],\"inLanguage\":\"pl-PL\"}]}<\/script>\n<!-- \/ Yoast SEO plugin. -->","yoast_head_json":{"title":"D\u00e9fibrillateur cliniquement avanc\u00e9 DefiMax Plus - EMTEL - kardiomonitory, defibrylatory, profesjonalny serwis producenta","description":"Le DefiMax plus est un d\u00e9fibrillateur clinique professionnel dot\u00e9 d'une fonction avanc\u00e9e de surveillance des patients.","robots":{"index":"index","follow":"follow","max-snippet":"max-snippet:-1","max-image-preview":"max-image-preview:large","max-video-preview":"max-video-preview:-1"},"canonical":"https:\/\/emtel.pl\/index.php\/produits\/defibrillateur-cliniquement-avance-defimax-plus\/","og_locale":"pl_PL","og_type":"article","og_title":"D\u00e9fibrillateur cliniquement avanc\u00e9 DefiMax Plus - EMTEL - kardiomonitory, defibrylatory, profesjonalny serwis producenta","og_description":"Le DefiMax plus est un d\u00e9fibrillateur clinique professionnel dot\u00e9 d'une fonction avanc\u00e9e de surveillance des patients.","og_url":"https:\/\/emtel.pl\/index.php\/produits\/defibrillateur-cliniquement-avance-defimax-plus\/?lang=fr","og_site_name":"EMTEL - kardiomonitory, defibrylatory, profesjonalny serwis producenta","article_modified_time":"2020-12-01T11:26:37+00:00","og_image":[{"width":754,"height":600,"url":"https:\/\/emtel.pl\/wp-content\/uploads\/2019\/04\/DefiMax-Plus.jpg","type":"image\/jpeg"}],"twitter_card":"summary_large_image","twitter_misc":{"Szacowany czas czytania":"2 minuty"},"schema":{"@context":"https:\/\/schema.org","@graph":[{"@type":"WebPage","@id":"https:\/\/emtel.pl\/index.php\/produits\/defibrillateur-cliniquement-avance-defimax-plus\/?lang=fr","url":"https:\/\/emtel.pl\/index.php\/produits\/defibrillateur-cliniquement-avance-defimax-plus\/?lang=fr","name":"D\u00e9fibrillateur cliniquement avanc\u00e9 DefiMax Plus - EMTEL - kardiomonitory, defibrylatory, profesjonalny serwis producenta","isPartOf":{"@id":"https:\/\/emtel.pl\/#website"},"primaryImageOfPage":{"@id":"https:\/\/emtel.pl\/index.php\/produits\/defibrillateur-cliniquement-avance-defimax-plus\/?lang=fr#primaryimage"},"image":{"@id":"https:\/\/emtel.pl\/index.php\/produits\/defibrillateur-cliniquement-avance-defimax-plus\/?lang=fr#primaryimage"},"thumbnailUrl":"https:\/\/emtel.pl\/wp-content\/uploads\/2019\/04\/DefiMax-Plus.jpg","datePublished":"2019-05-22T10:44:21+00:00","dateModified":"2020-12-01T11:26:37+00:00","description":"Le DefiMax plus est un d\u00e9fibrillateur clinique professionnel dot\u00e9 d'une fonction avanc\u00e9e de surveillance des patients.","breadcrumb":{"@id":"https:\/\/emtel.pl\/index.php\/produits\/defibrillateur-cliniquement-avance-defimax-plus\/?lang=fr#breadcrumb"},"inLanguage":"pl-PL","potentialAction":[{"@type":"ReadAction","target":["https:\/\/emtel.pl\/index.php\/produits\/defibrillateur-cliniquement-avance-defimax-plus\/?lang=fr"]}]},{"@type":"ImageObject","inLanguage":"pl-PL","@id":"https:\/\/emtel.pl\/index.php\/produits\/defibrillateur-cliniquement-avance-defimax-plus\/?lang=fr#primaryimage","url":"https:\/\/emtel.pl\/wp-content\/uploads\/2019\/04\/DefiMax-Plus.jpg","contentUrl":"https:\/\/emtel.pl\/wp-content\/uploads\/2019\/04\/DefiMax-Plus.jpg","width":754,"height":600},{"@type":"BreadcrumbList","@id":"https:\/\/emtel.pl\/index.php\/produits\/defibrillateur-cliniquement-avance-defimax-plus\/?lang=fr#breadcrumb","itemListElement":[{"@type":"ListItem","position":1,"name":"Strona g\u0142\u00f3wna","item":"https:\/\/emtel.pl\/"},{"@type":"ListItem","position":2,"name":"Produits","item":"https:\/\/emtel.pl\/index.php\/produits\/"},{"@type":"ListItem","position":3,"name":"D\u00e9fibrillateur cliniquement avanc\u00e9 DefiMax Plus"}]},{"@type":"WebSite","@id":"https:\/\/emtel.pl\/#website","url":"https:\/\/emtel.pl\/","name":"EMTEL - kardiomonitory, defibrylatory, profesjonalny serwis producenta","description":"Technologia od serca","potentialAction":[{"@type":"SearchAction","target":{"@type":"EntryPoint","urlTemplate":"https:\/\/emtel.pl\/?s={search_term_string}"},"query-input":{"@type":"PropertyValueSpecification","valueRequired":true,"valueName":"search_term_string"}}],"inLanguage":"pl-PL"}]}},"_links":{"self":[{"href":"https:\/\/emtel.pl\/index.php\/wp-json\/wp\/v2\/pages\/879","targetHints":{"allow":["GET"]}}],"collection":[{"href":"https:\/\/emtel.pl\/index.php\/wp-json\/wp\/v2\/pages"}],"about":[{"href":"https:\/\/emtel.pl\/index.php\/wp-json\/wp\/v2\/types\/page"}],"author":[{"embeddable":true,"href":"https:\/\/emtel.pl\/index.php\/wp-json\/wp\/v2\/users\/1"}],"replies":[{"embeddable":true,"href":"https:\/\/emtel.pl\/index.php\/wp-json\/wp\/v2\/comments?post=879"}],"version-history":[{"count":13,"href":"https:\/\/emtel.pl\/index.php\/wp-json\/wp\/v2\/pages\/879\/revisions"}],"predecessor-version":[{"id":2137,"href":"https:\/\/emtel.pl\/index.php\/wp-json\/wp\/v2\/pages\/879\/revisions\/2137"}],"up":[{"embeddable":true,"href":"https:\/\/emtel.pl\/index.php\/wp-json\/wp\/v2\/pages\/855"}],"wp:featuredmedia":[{"embeddable":true,"href":"https:\/\/emtel.pl\/index.php\/wp-json\/wp\/v2\/media\/621"}],"wp:attachment":[{"href":"https:\/\/emtel.pl\/index.php\/wp-json\/wp\/v2\/media?parent=879"}],"curies":[{"name":"wp","href":"https:\/\/api.w.org\/{rel}","templated":true}]}}