{"id":885,"date":"2019-05-22T12:54:31","date_gmt":"2019-05-22T10:54:31","guid":{"rendered":"http:\/\/emtel.pl\/?page_id=885"},"modified":"2025-12-08T14:27:34","modified_gmt":"2025-12-08T13:27:34","slug":"solutions-fr","status":"publish","type":"page","link":"https:\/\/emtel.pl\/index.php\/solutions-fr\/?lang=fr","title":{"rendered":"Solutions"},"content":{"rendered":"<section class=\"l-section wpb_row height_small\"><div class=\"l-section-h i-cf\"><div class=\"g-cols vc_row via_flex valign_top type_default stacking_default\"><div class=\"vc_col-sm-4 wpb_column vc_column_container service-box has-link\"><div class=\"vc_column-inner\"><div class=\"wpb_wrapper\"><div class=\"wpb_text_column\"><div class=\"wpb_wrapper\"><h3>Anesth\u00e9siologie, USI<\/h3>\n<p>Le moniteur <strong>FX 3000MD<\/strong>, \u00e9quip\u00e9 d&#8217;un \u00e9cran de 19&#8243;, avec la station centrale <strong>FX 3000C<\/strong>, est une solution typique et la plus souvent choisie pour les besoins de l&#8217;anesth\u00e9siologie. Outre les param?tres de base (ECG, respiration, SpO<sub>2<\/sub> et NIBP), les moniteurs permettent de surveiller&#8230;<\/p>\n<\/div><\/div><\/div><\/div><a title=\"Anesth\u00e9siologie, USI\" href=\"http:\/\/emtel.pl\/index.php\/solutions\/anesthesiologie-usi\/?lang=fr\" class=\"vc_column-link smooth-scroll\"><\/a><\/div><div class=\"vc_col-sm-4 wpb_column vc_column_container has-link\"><div class=\"vc_column-inner\"><div class=\"wpb_wrapper\"><div class=\"wpb_text_column\"><div class=\"wpb_wrapper\"><h3>Bloc op\u00e9ratoire<\/h3>\n<p>Les moniteurs compacts <strong>FX 3000<\/strong> \u00e9quip\u00e9s d&#8217;un \u00e9cran de 15&#8243; ou 17&#8243; sont la solution la plus souvent choisie pour les besoins d&#8217;une salle d&#8217;op\u00e9ration. Outre les param?tres de base (ECG, respiration, SpO<sub>2<\/sub> et NIBP), le moniteur permet de mesurer &#8230;<\/p>\n<\/div><\/div><\/div><\/div><a title=\"Bloc op\u00e9ratoire\" href=\"http:\/\/emtel.pl\/index.php\/solutions\/bloc-operatoire\/?lang=fr\" class=\"vc_column-link smooth-scroll\"><\/a><\/div><div class=\"vc_col-sm-4 wpb_column vc_column_container has-link\"><div class=\"vc_column-inner\"><div class=\"wpb_wrapper\"><div class=\"wpb_text_column\"><div class=\"wpb_wrapper\"><h3>Chirurgie d&#8217;un jour<\/h3>\n<p>Le moniteur patient compact <strong>FX 3000<\/strong> \u00e9quip\u00e9 d&#8217;un \u00e9cran de 17&#8243; ou 19&#8243; est une solution typique et la plus souvent choisie pour les besoins de ?chirurgie d&#8217;un jour?. Outre les param?tres de base (ECG, respiration, SpO<sub>2<\/sub> et NIBP), le moniteur permet de surveiller <strong>&#8230;<\/strong><\/p>\n<\/div><\/div><\/div><\/div><a title=\"Chirurgie d\u2019un jour\" href=\"http:\/\/emtel.pl\/index.php\/solutions\/chirurgie-dun-jour\/?lang=fr\" class=\"vc_column-link smooth-scroll\"><\/a><\/div><\/div><\/div><\/section><section class=\"l-section wpb_row height_small\"><div class=\"l-section-h i-cf\"><div class=\"g-cols vc_row via_flex valign_top type_default stacking_default\"><div class=\"vc_col-sm-6 wpb_column vc_column_container\"><div class=\"vc_column-inner\"><div class=\"wpb_wrapper\"><div class=\"w-image us_custom_821ea863 align_none\"><div class=\"w-image-h\"><img decoding=\"async\" width=\"1024\" height=\"677\" src=\"https:\/\/emtel.pl\/wp-content\/uploads\/2025\/12\/EMTEL-03-1024x677.jpg\" class=\"attachment-large size-large\" alt=\"EMTEL\" loading=\"lazy\" srcset=\"https:\/\/emtel.pl\/wp-content\/uploads\/2025\/12\/EMTEL-03-1024x677.jpg 1024w, https:\/\/emtel.pl\/wp-content\/uploads\/2025\/12\/EMTEL-03-300x198.jpg 300w, https:\/\/emtel.pl\/wp-content\/uploads\/2025\/12\/EMTEL-03-605x400.jpg 605w, https:\/\/emtel.pl\/wp-content\/uploads\/2025\/12\/EMTEL-03.jpg 1500w\" sizes=\"auto, (max-width: 1024px) 100vw, 1024px\" \/><\/div><\/div><\/div><\/div><\/div><div class=\"vc_col-sm-6 wpb_column vc_column_container\"><div class=\"vc_column-inner\"><div class=\"wpb_wrapper\"><div class=\"w-image align_none\"><div class=\"w-image-h\"><img decoding=\"async\" width=\"1024\" height=\"677\" src=\"https:\/\/emtel.pl\/wp-content\/uploads\/2025\/12\/EMTEL-02-1024x677.jpg\" class=\"attachment-large size-large\" alt=\"EMTEL\" loading=\"lazy\" srcset=\"https:\/\/emtel.pl\/wp-content\/uploads\/2025\/12\/EMTEL-02-1024x677.jpg 1024w, https:\/\/emtel.pl\/wp-content\/uploads\/2025\/12\/EMTEL-02-300x198.jpg 300w, https:\/\/emtel.pl\/wp-content\/uploads\/2025\/12\/EMTEL-02-605x400.jpg 605w, https:\/\/emtel.pl\/wp-content\/uploads\/2025\/12\/EMTEL-02.jpg 1500w\" sizes=\"auto, (max-width: 1024px) 100vw, 1024px\" \/><\/div><\/div><\/div><\/div><\/div><\/div><\/div><\/section><section class=\"l-section wpb_row height_small\"><div class=\"l-section-h i-cf\"><div class=\"g-cols vc_row via_flex valign_top type_default stacking_default\"><div class=\"vc_col-sm-4 wpb_column vc_column_container service-box has-link\"><div class=\"vc_column-inner\"><div class=\"wpb_wrapper\"><div class=\"wpb_text_column\"><div class=\"wpb_wrapper\"><h3>P\u00e9diatrique, n\u00e9onatal<\/h3>\n<p>L&#8217;\u00e9quipement utilis\u00e9 dans les services p\u00e9diatriques et n\u00e9onatals doit \u00eatre adapt\u00e9 aux besoins particuliers des enfants et des nouveau-n\u00e9s. Les moniteurs <strong>FX 3000MD<\/strong>, \u00e9quip\u00e9s d&#8217;un \u00e9cran de 15&#8243; ou 17&#8243;, sont la solution la plus souvent choisie pour les besoins de ces services. Un chariot, livr\u00e9 avec des moniteurs, facilite le transport entre les lits des patients. Outre les param?tres de base (ECG, respiration, SpO<sub>2<\/sub> et NIBP), le moniteur permet de surveiller et de superviser&#8230;<\/p>\n<\/div><\/div><\/div><\/div><a title=\"P\u00e9diatrique, n\u00e9onatal\" href=\"http:\/\/emtel.pl\/index.php\/solutions\/pediatrique-neonatal\/?lang=fr\" class=\"vc_column-link smooth-scroll\"><\/a><\/div><div class=\"vc_col-sm-4 wpb_column vc_column_container has-link\"><div class=\"vc_column-inner\"><div class=\"wpb_wrapper\"><div class=\"wpb_text_column\"><div class=\"wpb_wrapper\"><h3>Cardiologie<\/h3>\n<p>Les moniteurs <strong>FX 3000MD<\/strong>, \u00e9quip\u00e9s d&#8217;un \u00e9cran de 19&#8243; connect\u00e9s ? la station centrale <strong>FX 3000C<\/strong>, sont la solution typique et la plus souvent choisie pour les besoins des services de cardiologie. Outre les param?tres de base (ECG, respiration, SpO<sub>2<\/sub> et NIBP), le moniteur permet de surveiller&#8230;<\/p>\n<\/div><\/div><\/div><\/div><a title=\"Cardiologie\" href=\"http:\/\/emtel.pl\/index.php\/solutions\/cardiologie\/?lang=fr\" class=\"vc_column-link smooth-scroll\"><\/a><\/div><div class=\"vc_col-sm-4 wpb_column vc_column_container has-link\"><div class=\"vc_column-inner\"><div class=\"wpb_wrapper\"><div class=\"wpb_text_column\"><div class=\"wpb_wrapper\"><h3>Neurologie, m\u00e9decine interne<\/h3>\n<p>Le moniteur patient compact <strong>FX 3000<\/strong> \u00e9quip\u00e9 d&#8217;un \u00e9cran de 19&#8243; est une solution typique et la plus souvent choisie pour les besoins de la neurologie et des services internes. Outre les param?tres de base (ECG, respiration, SpO<sub>2<\/sub> et NIBP), le moniteur permet de surveiller&#8230;<\/p>\n<\/div><\/div><\/div><\/div><a title=\"Neurologie, m\u00e9decine interne\" href=\"http:\/\/emtel.pl\/index.php\/solutions\/neurologie-medecine-interne\/?lang=fr\" class=\"vc_column-link smooth-scroll\"><\/a><\/div><\/div><\/div><\/section><section class=\"l-section wpb_row height_small\"><div class=\"l-section-h i-cf\"><div class=\"g-cols vc_row via_flex valign_top type_default stacking_default\"><div class=\"vc_col-sm-6 wpb_column vc_column_container\"><div class=\"vc_column-inner\"><div class=\"wpb_wrapper\"><div class=\"w-image us_custom_821ea863 align_none\"><div class=\"w-image-h\"><img decoding=\"async\" width=\"1024\" height=\"677\" src=\"https:\/\/emtel.pl\/wp-content\/uploads\/2025\/12\/EMTEL-01-1024x677.jpg\" class=\"attachment-large size-large\" alt=\"EMTEL\" loading=\"lazy\" srcset=\"https:\/\/emtel.pl\/wp-content\/uploads\/2025\/12\/EMTEL-01-1024x677.jpg 1024w, https:\/\/emtel.pl\/wp-content\/uploads\/2025\/12\/EMTEL-01-300x198.jpg 300w, https:\/\/emtel.pl\/wp-content\/uploads\/2025\/12\/EMTEL-01-605x400.jpg 605w, https:\/\/emtel.pl\/wp-content\/uploads\/2025\/12\/EMTEL-01.jpg 1500w\" sizes=\"auto, (max-width: 1024px) 100vw, 1024px\" \/><\/div><\/div><\/div><\/div><\/div><div class=\"vc_col-sm-6 wpb_column vc_column_container\"><div class=\"vc_column-inner\"><div class=\"wpb_wrapper\"><div class=\"w-image align_none\"><div class=\"w-image-h\"><img decoding=\"async\" width=\"1024\" height=\"677\" src=\"https:\/\/emtel.pl\/wp-content\/uploads\/2025\/12\/EMTEL-04-1024x677.jpg\" class=\"attachment-large size-large\" alt=\"EMTEL\" loading=\"lazy\" srcset=\"https:\/\/emtel.pl\/wp-content\/uploads\/2025\/12\/EMTEL-04-1024x677.jpg 1024w, https:\/\/emtel.pl\/wp-content\/uploads\/2025\/12\/EMTEL-04-300x198.jpg 300w, https:\/\/emtel.pl\/wp-content\/uploads\/2025\/12\/EMTEL-04-605x400.jpg 605w, https:\/\/emtel.pl\/wp-content\/uploads\/2025\/12\/EMTEL-04.jpg 1500w\" sizes=\"auto, (max-width: 1024px) 100vw, 1024px\" \/><\/div><\/div><\/div><\/div><\/div><\/div><\/div><\/section><section class=\"l-section wpb_row height_small\"><div class=\"l-section-h i-cf\"><div class=\"g-cols vc_row via_flex valign_top type_default stacking_default\"><div class=\"vc_col-sm-4 wpb_column vc_column_container service-box has-link\"><div class=\"vc_column-inner\"><div class=\"wpb_wrapper\"><div class=\"wpb_text_column\"><div class=\"wpb_wrapper\"><h3>Service d&#8217;urgence de l&#8217;h\u00f4pital<\/h3>\n<p>Le moniteur patient compact <strong>FX 3000 <\/strong>\u00e9quip\u00e9 d&#8217;un \u00e9cran de 19&#8243; est une solution typique et la plus souvent choisie pour les besoins des services d&#8217;urgence hospitaliers. Un chariot, livr\u00e9 avec des moniteurs, facilite leur transport. Outre les param?tres de base (ECG, respiration, SpO<sub>2<\/sub> et NIBP), le moniteur permet de surveiller&#8230;<\/p>\n<\/div><\/div><\/div><\/div><a title=\"Service d\u2019urgence de l\u2019h\u00f4pital\" href=\"http:\/\/emtel.pl\/index.php\/solutions\/service-durgence-de-lhopital\/?lang=fr\" class=\"vc_column-link smooth-scroll\"><\/a><\/div><div class=\"vc_col-sm-8 wpb_column vc_column_container has-link\"><div class=\"vc_column-inner\"><div class=\"wpb_wrapper\"><\/div><\/div><a title=\"Kardiologia\" href=\"http:\/\/emtel.pl\/index.php\/rozwiazania\/kardiologia\/\" class=\"vc_column-link smooth-scroll\"><\/a><\/div><\/div><\/div><\/section>\n","protected":false},"excerpt":{"rendered":"Anesth\u00e9siologie, USI Le moniteur FX 3000MD, \u00e9quip\u00e9 d&#8217;un \u00e9cran de 19&#8243;, avec la station centrale FX 3000C, est une solution typique et la plus souvent choisie pour les besoins de l&#8217;anesth\u00e9siologie. Outre les param?tres de base (ECG, respiration, SpO2 et NIBP), les moniteurs permettent de surveiller&#8230; Bloc op\u00e9ratoire Les moniteurs compacts FX 3000 \u00e9quip\u00e9s d&#8217;un...","protected":false},"author":1,"featured_media":514,"parent":0,"menu_order":2,"comment_status":"closed","ping_status":"closed","template":"","meta":{"_jet_sm_ready_style":"","_jet_sm_style":"","_jet_sm_controls_values":"","_jet_sm_fonts_collection":"","_jet_sm_fonts_links":"","footnotes":"","_links_to":"","_links_to_target":""},"class_list":["post-885","page","type-page","status-publish","has-post-thumbnail","hentry"],"yoast_head":"<!-- This site is optimized with the Yoast SEO plugin v27.4 - https:\/\/yoast.com\/product\/yoast-seo-wordpress\/ -->\n<title>Solutions - EMTEL - kardiomonitory, defibrylatory, profesjonalny serwis producenta<\/title>\n<meta name=\"description\" content=\"Solutions\" \/>\n<meta name=\"robots\" content=\"index, follow, max-snippet:-1, max-image-preview:large, max-video-preview:-1\" \/>\n<link rel=\"canonical\" href=\"https:\/\/emtel.pl\/index.php\/solutions-fr\/\" \/>\n<meta property=\"og:locale\" content=\"pl_PL\" \/>\n<meta property=\"og:type\" content=\"article\" \/>\n<meta property=\"og:title\" content=\"Solutions - EMTEL - kardiomonitory, defibrylatory, profesjonalny serwis producenta\" \/>\n<meta property=\"og:description\" content=\"Solutions\" \/>\n<meta property=\"og:url\" content=\"https:\/\/emtel.pl\/index.php\/solutions-fr\/?lang=fr\" \/>\n<meta property=\"og:site_name\" content=\"EMTEL - kardiomonitory, defibrylatory, profesjonalny serwis producenta\" \/>\n<meta property=\"article:modified_time\" content=\"2025-12-08T13:27:34+00:00\" \/>\n<meta property=\"og:image\" content=\"http:\/\/emtel.pl\/wp-content\/uploads\/2019\/04\/image002.jpg\" \/>\n\t<meta property=\"og:image:width\" content=\"1200\" \/>\n\t<meta property=\"og:image:height\" content=\"800\" \/>\n\t<meta property=\"og:image:type\" content=\"image\/jpeg\" \/>\n<meta name=\"twitter:card\" content=\"summary_large_image\" \/>\n<meta name=\"twitter:label1\" content=\"Szacowany czas czytania\" \/>\n\t<meta name=\"twitter:data1\" content=\"3 minuty\" \/>\n<script type=\"application\/ld+json\" class=\"yoast-schema-graph\">{\"@context\":\"https:\\\/\\\/schema.org\",\"@graph\":[{\"@type\":\"WebPage\",\"@id\":\"https:\\\/\\\/emtel.pl\\\/index.php\\\/solutions-fr\\\/?lang=fr\",\"url\":\"https:\\\/\\\/emtel.pl\\\/index.php\\\/solutions-fr\\\/?lang=fr\",\"name\":\"Solutions - EMTEL - kardiomonitory, defibrylatory, profesjonalny serwis producenta\",\"isPartOf\":{\"@id\":\"https:\\\/\\\/emtel.pl\\\/#website\"},\"primaryImageOfPage\":{\"@id\":\"https:\\\/\\\/emtel.pl\\\/index.php\\\/solutions-fr\\\/?lang=fr#primaryimage\"},\"image\":{\"@id\":\"https:\\\/\\\/emtel.pl\\\/index.php\\\/solutions-fr\\\/?lang=fr#primaryimage\"},\"thumbnailUrl\":\"https:\\\/\\\/emtel.pl\\\/wp-content\\\/uploads\\\/2019\\\/04\\\/image002.jpg\",\"datePublished\":\"2019-05-22T10:54:31+00:00\",\"dateModified\":\"2025-12-08T13:27:34+00:00\",\"description\":\"Solutions\",\"breadcrumb\":{\"@id\":\"https:\\\/\\\/emtel.pl\\\/index.php\\\/solutions-fr\\\/?lang=fr#breadcrumb\"},\"inLanguage\":\"pl-PL\",\"potentialAction\":[{\"@type\":\"ReadAction\",\"target\":[\"https:\\\/\\\/emtel.pl\\\/index.php\\\/solutions-fr\\\/?lang=fr\"]}]},{\"@type\":\"ImageObject\",\"inLanguage\":\"pl-PL\",\"@id\":\"https:\\\/\\\/emtel.pl\\\/index.php\\\/solutions-fr\\\/?lang=fr#primaryimage\",\"url\":\"https:\\\/\\\/emtel.pl\\\/wp-content\\\/uploads\\\/2019\\\/04\\\/image002.jpg\",\"contentUrl\":\"https:\\\/\\\/emtel.pl\\\/wp-content\\\/uploads\\\/2019\\\/04\\\/image002.jpg\",\"width\":1200,\"height\":800,\"caption\":\"EMTEL\"},{\"@type\":\"BreadcrumbList\",\"@id\":\"https:\\\/\\\/emtel.pl\\\/index.php\\\/solutions-fr\\\/?lang=fr#breadcrumb\",\"itemListElement\":[{\"@type\":\"ListItem\",\"position\":1,\"name\":\"Strona g\u0142\u00f3wna\",\"item\":\"https:\\\/\\\/emtel.pl\\\/\"},{\"@type\":\"ListItem\",\"position\":2,\"name\":\"Solutions\"}]},{\"@type\":\"WebSite\",\"@id\":\"https:\\\/\\\/emtel.pl\\\/#website\",\"url\":\"https:\\\/\\\/emtel.pl\\\/\",\"name\":\"EMTEL - kardiomonitory, defibrylatory, profesjonalny serwis producenta\",\"description\":\"Technologia od serca\",\"potentialAction\":[{\"@type\":\"SearchAction\",\"target\":{\"@type\":\"EntryPoint\",\"urlTemplate\":\"https:\\\/\\\/emtel.pl\\\/?s={search_term_string}\"},\"query-input\":{\"@type\":\"PropertyValueSpecification\",\"valueRequired\":true,\"valueName\":\"search_term_string\"}}],\"inLanguage\":\"pl-PL\"}]}<\/script>\n<!-- \/ Yoast SEO plugin. -->","yoast_head_json":{"title":"Solutions - EMTEL - kardiomonitory, defibrylatory, profesjonalny serwis producenta","description":"Solutions","robots":{"index":"index","follow":"follow","max-snippet":"max-snippet:-1","max-image-preview":"max-image-preview:large","max-video-preview":"max-video-preview:-1"},"canonical":"https:\/\/emtel.pl\/index.php\/solutions-fr\/","og_locale":"pl_PL","og_type":"article","og_title":"Solutions - EMTEL - kardiomonitory, defibrylatory, profesjonalny serwis producenta","og_description":"Solutions","og_url":"https:\/\/emtel.pl\/index.php\/solutions-fr\/?lang=fr","og_site_name":"EMTEL - kardiomonitory, defibrylatory, profesjonalny serwis producenta","article_modified_time":"2025-12-08T13:27:34+00:00","og_image":[{"width":1200,"height":800,"url":"http:\/\/emtel.pl\/wp-content\/uploads\/2019\/04\/image002.jpg","type":"image\/jpeg"}],"twitter_card":"summary_large_image","twitter_misc":{"Szacowany czas czytania":"3 minuty"},"schema":{"@context":"https:\/\/schema.org","@graph":[{"@type":"WebPage","@id":"https:\/\/emtel.pl\/index.php\/solutions-fr\/?lang=fr","url":"https:\/\/emtel.pl\/index.php\/solutions-fr\/?lang=fr","name":"Solutions - EMTEL - kardiomonitory, defibrylatory, profesjonalny serwis producenta","isPartOf":{"@id":"https:\/\/emtel.pl\/#website"},"primaryImageOfPage":{"@id":"https:\/\/emtel.pl\/index.php\/solutions-fr\/?lang=fr#primaryimage"},"image":{"@id":"https:\/\/emtel.pl\/index.php\/solutions-fr\/?lang=fr#primaryimage"},"thumbnailUrl":"https:\/\/emtel.pl\/wp-content\/uploads\/2019\/04\/image002.jpg","datePublished":"2019-05-22T10:54:31+00:00","dateModified":"2025-12-08T13:27:34+00:00","description":"Solutions","breadcrumb":{"@id":"https:\/\/emtel.pl\/index.php\/solutions-fr\/?lang=fr#breadcrumb"},"inLanguage":"pl-PL","potentialAction":[{"@type":"ReadAction","target":["https:\/\/emtel.pl\/index.php\/solutions-fr\/?lang=fr"]}]},{"@type":"ImageObject","inLanguage":"pl-PL","@id":"https:\/\/emtel.pl\/index.php\/solutions-fr\/?lang=fr#primaryimage","url":"https:\/\/emtel.pl\/wp-content\/uploads\/2019\/04\/image002.jpg","contentUrl":"https:\/\/emtel.pl\/wp-content\/uploads\/2019\/04\/image002.jpg","width":1200,"height":800,"caption":"EMTEL"},{"@type":"BreadcrumbList","@id":"https:\/\/emtel.pl\/index.php\/solutions-fr\/?lang=fr#breadcrumb","itemListElement":[{"@type":"ListItem","position":1,"name":"Strona g\u0142\u00f3wna","item":"https:\/\/emtel.pl\/"},{"@type":"ListItem","position":2,"name":"Solutions"}]},{"@type":"WebSite","@id":"https:\/\/emtel.pl\/#website","url":"https:\/\/emtel.pl\/","name":"EMTEL - kardiomonitory, defibrylatory, profesjonalny serwis producenta","description":"Technologia od serca","potentialAction":[{"@type":"SearchAction","target":{"@type":"EntryPoint","urlTemplate":"https:\/\/emtel.pl\/?s={search_term_string}"},"query-input":{"@type":"PropertyValueSpecification","valueRequired":true,"valueName":"search_term_string"}}],"inLanguage":"pl-PL"}]}},"_links":{"self":[{"href":"https:\/\/emtel.pl\/index.php\/wp-json\/wp\/v2\/pages\/885","targetHints":{"allow":["GET"]}}],"collection":[{"href":"https:\/\/emtel.pl\/index.php\/wp-json\/wp\/v2\/pages"}],"about":[{"href":"https:\/\/emtel.pl\/index.php\/wp-json\/wp\/v2\/types\/page"}],"author":[{"embeddable":true,"href":"https:\/\/emtel.pl\/index.php\/wp-json\/wp\/v2\/users\/1"}],"replies":[{"embeddable":true,"href":"https:\/\/emtel.pl\/index.php\/wp-json\/wp\/v2\/comments?post=885"}],"version-history":[{"count":8,"href":"https:\/\/emtel.pl\/index.php\/wp-json\/wp\/v2\/pages\/885\/revisions"}],"predecessor-version":[{"id":3317,"href":"https:\/\/emtel.pl\/index.php\/wp-json\/wp\/v2\/pages\/885\/revisions\/3317"}],"wp:featuredmedia":[{"embeddable":true,"href":"https:\/\/emtel.pl\/index.php\/wp-json\/wp\/v2\/media\/514"}],"wp:attachment":[{"href":"https:\/\/emtel.pl\/index.php\/wp-json\/wp\/v2\/media?parent=885"}],"curies":[{"name":"wp","href":"https:\/\/api.w.org\/{rel}","templated":true}]}}