{"id":890,"date":"2019-05-08T14:33:55","date_gmt":"2019-05-08T12:33:55","guid":{"rendered":"http:\/\/emtel.pl\/index.php\/solutions\/anesthesiology-icu\/"},"modified":"2019-10-18T10:21:22","modified_gmt":"2019-10-18T08:21:22","slug":"anesthesiologie-usi","status":"publish","type":"page","link":"https:\/\/emtel.pl\/index.php\/solutions-fr\/anesthesiologie-usi\/?lang=fr","title":{"rendered":"Anesth\u00e9siologie, USI"},"content":{"rendered":"<section class=\"l-section wpb_row height_small\"><div class=\"l-section-h i-cf\"><div class=\"g-cols vc_row via_flex valign_top type_default stacking_default\"><div class=\"vc_col-sm-12 wpb_column vc_column_container\"><div class=\"vc_column-inner\"><div class=\"wpb_wrapper\"><div class=\"wpb_text_column\"><div class=\"wpb_wrapper\"><p>Le moniteur <a title=\"FX 3000MD\" href=\"http:\/\/emtel.pl\/index.php\/des-produits\/moniteur-patient-modulaire-fx-3000md\/?lang=fr\">FX 3000MD<\/a>, \u00e9quip\u00e9 d&#8217;un \u00e9cran de 19&#8243;, avec la station centrale <a title=\"FX 3000C\" href=\"http:\/\/emtel.pl\/index.php\/des-produits\/systeme-central-de-surveillance-fx-3000c\/?lang=fr\">FX 3000C<\/a>, est une solution typique et la plus souvent choisie pour les besoins de l&#8217;anesth\u00e9siologie. Outre les param\u00e8tres de base (ECG, respiration, SpO<sub>2<\/sub> et NIBP), les moniteurs permettent de surveiller :<\/p>\n<ul>\n<li>concentration de dioxyde de carbone ETCO<sub>2<\/sub> dans l&#8217;air expir\u00e9 des patients,<\/li>\n<li>temp\u00e9rature (en deux points de mesure et leur diff\u00e9rence),<\/li>\n<li>pression art\u00e9rielle (intra-art\u00e9rielle) invasive (IBP) mesur\u00e9e en deux points, par exemple la pression veineuse centrale (PVC) et la pression capillaire pulmonaire bloqu\u00e9e (PCP),<\/li>\n<li>le d\u00e9bit cardiaque avec les calculs h\u00e9modynamiques (ICG).<\/li>\n<\/ul>\n<p>&nbsp;<\/p>\n<p>La station centrale <a title=\"FX 3000C\" href=\"http:\/\/emtel.pl\/index.php\/des-produits\/systeme-central-de-surveillance-fx-3000c\/?lang=fr\">FX 3000C<\/a> qui rassemble les informations des moniteurs connect\u00e9s assure :<\/p>\n<ul>\n<li>visualisation de tous les param\u00e8tres surveill\u00e9s,<\/li>\n<li>transmission interactive qui permet la revue \u00e0 distance de tous les moniteurs ou des moniteurs s\u00e9lectionn\u00e9s, et le changement de leurs param\u00e8tres,<\/li>\n<li>stockage complet des donn\u00e9es,<\/li>\n<li>impression des donn\u00e9es actuelles ou archiv\u00e9es.<\/li>\n<\/ul>\n<p title=\"FX 3000C \">En outre, les salles d&#8217;anesth\u00e9siologie sont \u00e9quip\u00e9es de d\u00e9fibrillateurs biphasiques <a title=\"DefiMax biphasic\" href=\"http:\/\/emtel.pl\/index.php\/des-produits\/defibrillateur-clinique-defimax-biphasic\/?lang=fr\">DefiMax biphasic<\/a> avec une option de cardioversion. Le d\u00e9fibrillateur peut \u00e9galement \u00eatre \u00e9quip\u00e9 d&#8217;une oxym\u00e9trie de pouls, d&#8217;une stimulation percutan\u00e9e, d&#8217;un mode semi-automatique AED et d&#8217;une mesure de pression art\u00e9rielle non invasive.<\/p>\n<\/div><\/div><\/div><\/div><\/div><\/div><\/div><\/section>\n","protected":false},"excerpt":{"rendered":"Le moniteur FX 3000MD, \u00e9quip\u00e9 d&#8217;un \u00e9cran de 19&#8243;, avec la station centrale FX 3000C, est une solution typique et la plus souvent choisie pour les besoins de l&#8217;anesth\u00e9siologie. Outre les param\u00e8tres de base (ECG, respiration, SpO2 et NIBP), les moniteurs permettent de surveiller : concentration de dioxyde de carbone ETCO2 dans l&#8217;air expir\u00e9 des...","protected":false},"author":1,"featured_media":523,"parent":885,"menu_order":1,"comment_status":"closed","ping_status":"closed","template":"","meta":{"_jet_sm_ready_style":"","_jet_sm_style":"","_jet_sm_controls_values":"","_jet_sm_fonts_collection":"","_jet_sm_fonts_links":"","footnotes":"","_links_to":"","_links_to_target":""},"class_list":["post-890","page","type-page","status-publish","has-post-thumbnail","hentry"],"yoast_head":"<!-- This site is optimized with the Yoast SEO plugin v26.6 - https:\/\/yoast.com\/wordpress\/plugins\/seo\/ -->\n<title>Anesth\u00e9siologie, USI - EMTEL - kardiomonitory, defibrylatory, profesjonalny serwis producenta<\/title>\n<meta name=\"description\" content=\"Le moniteur FX 3000MD, \u00e9quip\u00e9 d&#039;un \u00e9cran de 19&quot;, avec la station centrale FX 3000C, est une solution typique et la plus souvent choisie pour les besoins de l&#039;anesth\u00e9siologie. Outre les param?tres de base (ECG, respiration, SpO2 et NIBP), les moniteurs permettent de surveiller...\" \/>\n<meta name=\"robots\" content=\"index, follow, max-snippet:-1, max-image-preview:large, max-video-preview:-1\" \/>\n<link rel=\"canonical\" href=\"https:\/\/emtel.pl\/index.php\/solutions-fr\/anesthesiologie-usi\/\" \/>\n<meta property=\"og:locale\" content=\"pl_PL\" \/>\n<meta property=\"og:type\" content=\"article\" \/>\n<meta property=\"og:title\" content=\"Anesth\u00e9siologie, USI - EMTEL - kardiomonitory, defibrylatory, profesjonalny serwis producenta\" \/>\n<meta property=\"og:description\" content=\"Le moniteur FX 3000MD, \u00e9quip\u00e9 d&#039;un \u00e9cran de 19&quot;, avec la station centrale FX 3000C, est une solution typique et la plus souvent choisie pour les besoins de l&#039;anesth\u00e9siologie. Outre les param?tres de base (ECG, respiration, SpO2 et NIBP), les moniteurs permettent de surveiller...\" \/>\n<meta property=\"og:url\" content=\"https:\/\/emtel.pl\/index.php\/solutions-fr\/anesthesiologie-usi\/?lang=fr\" \/>\n<meta property=\"og:site_name\" content=\"EMTEL - kardiomonitory, defibrylatory, profesjonalny serwis producenta\" \/>\n<meta property=\"article:modified_time\" content=\"2019-10-18T08:21:22+00:00\" \/>\n<meta property=\"og:image\" content=\"https:\/\/emtel.pl\/wp-content\/uploads\/2019\/04\/image053.jpg\" \/>\n\t<meta property=\"og:image:width\" content=\"1200\" \/>\n\t<meta property=\"og:image:height\" content=\"800\" \/>\n\t<meta property=\"og:image:type\" content=\"image\/jpeg\" \/>\n<meta name=\"twitter:card\" content=\"summary_large_image\" \/>\n<meta name=\"twitter:label1\" content=\"Szacowany czas czytania\" \/>\n\t<meta name=\"twitter:data1\" content=\"1 minuta\" \/>\n<script type=\"application\/ld+json\" class=\"yoast-schema-graph\">{\"@context\":\"https:\/\/schema.org\",\"@graph\":[{\"@type\":\"WebPage\",\"@id\":\"https:\/\/emtel.pl\/index.php\/solutions-fr\/anesthesiologie-usi\/?lang=fr\",\"url\":\"https:\/\/emtel.pl\/index.php\/solutions-fr\/anesthesiologie-usi\/?lang=fr\",\"name\":\"Anesth\u00e9siologie, USI - EMTEL - kardiomonitory, defibrylatory, profesjonalny serwis producenta\",\"isPartOf\":{\"@id\":\"https:\/\/emtel.pl\/#website\"},\"primaryImageOfPage\":{\"@id\":\"https:\/\/emtel.pl\/index.php\/solutions-fr\/anesthesiologie-usi\/?lang=fr#primaryimage\"},\"image\":{\"@id\":\"https:\/\/emtel.pl\/index.php\/solutions-fr\/anesthesiologie-usi\/?lang=fr#primaryimage\"},\"thumbnailUrl\":\"https:\/\/emtel.pl\/wp-content\/uploads\/2019\/04\/image053.jpg\",\"datePublished\":\"2019-05-08T12:33:55+00:00\",\"dateModified\":\"2019-10-18T08:21:22+00:00\",\"description\":\"Le moniteur FX 3000MD, \u00e9quip\u00e9 d'un \u00e9cran de 19\\\", avec la station centrale FX 3000C, est une solution typique et la plus souvent choisie pour les besoins de l'anesth\u00e9siologie. Outre les param?tres de base (ECG, respiration, SpO2 et NIBP), les moniteurs permettent de surveiller...\",\"breadcrumb\":{\"@id\":\"https:\/\/emtel.pl\/index.php\/solutions-fr\/anesthesiologie-usi\/?lang=fr#breadcrumb\"},\"inLanguage\":\"pl-PL\",\"potentialAction\":[{\"@type\":\"ReadAction\",\"target\":[\"https:\/\/emtel.pl\/index.php\/solutions-fr\/anesthesiologie-usi\/?lang=fr\"]}]},{\"@type\":\"ImageObject\",\"inLanguage\":\"pl-PL\",\"@id\":\"https:\/\/emtel.pl\/index.php\/solutions-fr\/anesthesiologie-usi\/?lang=fr#primaryimage\",\"url\":\"https:\/\/emtel.pl\/wp-content\/uploads\/2019\/04\/image053.jpg\",\"contentUrl\":\"https:\/\/emtel.pl\/wp-content\/uploads\/2019\/04\/image053.jpg\",\"width\":1200,\"height\":800,\"caption\":\"EMTEL\"},{\"@type\":\"BreadcrumbList\",\"@id\":\"https:\/\/emtel.pl\/index.php\/solutions-fr\/anesthesiologie-usi\/?lang=fr#breadcrumb\",\"itemListElement\":[{\"@type\":\"ListItem\",\"position\":1,\"name\":\"Strona g\u0142\u00f3wna\",\"item\":\"https:\/\/emtel.pl\/\"},{\"@type\":\"ListItem\",\"position\":2,\"name\":\"Solutions\",\"item\":\"https:\/\/emtel.pl\/index.php\/solutions-fr\/\"},{\"@type\":\"ListItem\",\"position\":3,\"name\":\"Anesth\u00e9siologie, USI\"}]},{\"@type\":\"WebSite\",\"@id\":\"https:\/\/emtel.pl\/#website\",\"url\":\"https:\/\/emtel.pl\/\",\"name\":\"EMTEL - kardiomonitory, defibrylatory, profesjonalny serwis producenta\",\"description\":\"Technologia od serca\",\"potentialAction\":[{\"@type\":\"SearchAction\",\"target\":{\"@type\":\"EntryPoint\",\"urlTemplate\":\"https:\/\/emtel.pl\/?s={search_term_string}\"},\"query-input\":{\"@type\":\"PropertyValueSpecification\",\"valueRequired\":true,\"valueName\":\"search_term_string\"}}],\"inLanguage\":\"pl-PL\"}]}<\/script>\n<!-- \/ Yoast SEO plugin. -->","yoast_head_json":{"title":"Anesth\u00e9siologie, USI - EMTEL - kardiomonitory, defibrylatory, profesjonalny serwis producenta","description":"Le moniteur FX 3000MD, \u00e9quip\u00e9 d'un \u00e9cran de 19\", avec la station centrale FX 3000C, est une solution typique et la plus souvent choisie pour les besoins de l'anesth\u00e9siologie. Outre les param?tres de base (ECG, respiration, SpO2 et NIBP), les moniteurs permettent de surveiller...","robots":{"index":"index","follow":"follow","max-snippet":"max-snippet:-1","max-image-preview":"max-image-preview:large","max-video-preview":"max-video-preview:-1"},"canonical":"https:\/\/emtel.pl\/index.php\/solutions-fr\/anesthesiologie-usi\/","og_locale":"pl_PL","og_type":"article","og_title":"Anesth\u00e9siologie, USI - EMTEL - kardiomonitory, defibrylatory, profesjonalny serwis producenta","og_description":"Le moniteur FX 3000MD, \u00e9quip\u00e9 d'un \u00e9cran de 19\", avec la station centrale FX 3000C, est une solution typique et la plus souvent choisie pour les besoins de l'anesth\u00e9siologie. Outre les param?tres de base (ECG, respiration, SpO2 et NIBP), les moniteurs permettent de surveiller...","og_url":"https:\/\/emtel.pl\/index.php\/solutions-fr\/anesthesiologie-usi\/?lang=fr","og_site_name":"EMTEL - kardiomonitory, defibrylatory, profesjonalny serwis producenta","article_modified_time":"2019-10-18T08:21:22+00:00","og_image":[{"width":1200,"height":800,"url":"https:\/\/emtel.pl\/wp-content\/uploads\/2019\/04\/image053.jpg","type":"image\/jpeg"}],"twitter_card":"summary_large_image","twitter_misc":{"Szacowany czas czytania":"1 minuta"},"schema":{"@context":"https:\/\/schema.org","@graph":[{"@type":"WebPage","@id":"https:\/\/emtel.pl\/index.php\/solutions-fr\/anesthesiologie-usi\/?lang=fr","url":"https:\/\/emtel.pl\/index.php\/solutions-fr\/anesthesiologie-usi\/?lang=fr","name":"Anesth\u00e9siologie, USI - EMTEL - kardiomonitory, defibrylatory, profesjonalny serwis producenta","isPartOf":{"@id":"https:\/\/emtel.pl\/#website"},"primaryImageOfPage":{"@id":"https:\/\/emtel.pl\/index.php\/solutions-fr\/anesthesiologie-usi\/?lang=fr#primaryimage"},"image":{"@id":"https:\/\/emtel.pl\/index.php\/solutions-fr\/anesthesiologie-usi\/?lang=fr#primaryimage"},"thumbnailUrl":"https:\/\/emtel.pl\/wp-content\/uploads\/2019\/04\/image053.jpg","datePublished":"2019-05-08T12:33:55+00:00","dateModified":"2019-10-18T08:21:22+00:00","description":"Le moniteur FX 3000MD, \u00e9quip\u00e9 d'un \u00e9cran de 19\", avec la station centrale FX 3000C, est une solution typique et la plus souvent choisie pour les besoins de l'anesth\u00e9siologie. Outre les param?tres de base (ECG, respiration, SpO2 et NIBP), les moniteurs permettent de surveiller...","breadcrumb":{"@id":"https:\/\/emtel.pl\/index.php\/solutions-fr\/anesthesiologie-usi\/?lang=fr#breadcrumb"},"inLanguage":"pl-PL","potentialAction":[{"@type":"ReadAction","target":["https:\/\/emtel.pl\/index.php\/solutions-fr\/anesthesiologie-usi\/?lang=fr"]}]},{"@type":"ImageObject","inLanguage":"pl-PL","@id":"https:\/\/emtel.pl\/index.php\/solutions-fr\/anesthesiologie-usi\/?lang=fr#primaryimage","url":"https:\/\/emtel.pl\/wp-content\/uploads\/2019\/04\/image053.jpg","contentUrl":"https:\/\/emtel.pl\/wp-content\/uploads\/2019\/04\/image053.jpg","width":1200,"height":800,"caption":"EMTEL"},{"@type":"BreadcrumbList","@id":"https:\/\/emtel.pl\/index.php\/solutions-fr\/anesthesiologie-usi\/?lang=fr#breadcrumb","itemListElement":[{"@type":"ListItem","position":1,"name":"Strona g\u0142\u00f3wna","item":"https:\/\/emtel.pl\/"},{"@type":"ListItem","position":2,"name":"Solutions","item":"https:\/\/emtel.pl\/index.php\/solutions-fr\/"},{"@type":"ListItem","position":3,"name":"Anesth\u00e9siologie, USI"}]},{"@type":"WebSite","@id":"https:\/\/emtel.pl\/#website","url":"https:\/\/emtel.pl\/","name":"EMTEL - kardiomonitory, defibrylatory, profesjonalny serwis producenta","description":"Technologia od serca","potentialAction":[{"@type":"SearchAction","target":{"@type":"EntryPoint","urlTemplate":"https:\/\/emtel.pl\/?s={search_term_string}"},"query-input":{"@type":"PropertyValueSpecification","valueRequired":true,"valueName":"search_term_string"}}],"inLanguage":"pl-PL"}]}},"_links":{"self":[{"href":"https:\/\/emtel.pl\/index.php\/wp-json\/wp\/v2\/pages\/890","targetHints":{"allow":["GET"]}}],"collection":[{"href":"https:\/\/emtel.pl\/index.php\/wp-json\/wp\/v2\/pages"}],"about":[{"href":"https:\/\/emtel.pl\/index.php\/wp-json\/wp\/v2\/types\/page"}],"author":[{"embeddable":true,"href":"https:\/\/emtel.pl\/index.php\/wp-json\/wp\/v2\/users\/1"}],"replies":[{"embeddable":true,"href":"https:\/\/emtel.pl\/index.php\/wp-json\/wp\/v2\/comments?post=890"}],"version-history":[{"count":5,"href":"https:\/\/emtel.pl\/index.php\/wp-json\/wp\/v2\/pages\/890\/revisions"}],"predecessor-version":[{"id":1893,"href":"https:\/\/emtel.pl\/index.php\/wp-json\/wp\/v2\/pages\/890\/revisions\/1893"}],"up":[{"embeddable":true,"href":"https:\/\/emtel.pl\/index.php\/wp-json\/wp\/v2\/pages\/885"}],"wp:featuredmedia":[{"embeddable":true,"href":"https:\/\/emtel.pl\/index.php\/wp-json\/wp\/v2\/media\/523"}],"wp:attachment":[{"href":"https:\/\/emtel.pl\/index.php\/wp-json\/wp\/v2\/media?parent=890"}],"curies":[{"name":"wp","href":"https:\/\/api.w.org\/{rel}","templated":true}]}}