{"id":895,"date":"2019-05-27T17:52:21","date_gmt":"2019-05-27T15:52:21","guid":{"rendered":"http:\/\/emtel.pl\/?page_id=895"},"modified":"2019-10-18T10:22:23","modified_gmt":"2019-10-18T08:22:23","slug":"bloc-operatoire","status":"publish","type":"page","link":"https:\/\/emtel.pl\/index.php\/solutions-fr\/bloc-operatoire\/?lang=fr","title":{"rendered":"Bloc op\u00e9ratoire"},"content":{"rendered":"<section class=\"l-section wpb_row height_small\"><div class=\"l-section-h i-cf\"><div class=\"g-cols vc_row via_flex valign_top type_default stacking_default\"><div class=\"vc_col-sm-12 wpb_column vc_column_container\"><div class=\"vc_column-inner\"><div class=\"wpb_wrapper\"><div class=\"wpb_text_column\"><div class=\"wpb_wrapper\"><p>Les moniteurs compacts <a title=\"FX 3000\" href=\"http:\/\/emtel.pl\/index.php\/des-produits\/moniteur-patient-compact-fx-3000\/?lang=fr\">FX 3000<\/a> \u00e9quip\u00e9s d&#8217;un \u00e9cran de 15&#8243; ou 17&#8243; sont la solution la plus souvent choisie pour les besoins d&#8217;une salle d&#8217;op\u00e9ration. Outre les param\u00e8tres de base (ECG, respiration, SpO<sub>2<\/sub> et NIBP), le moniteur permet de mesurer:<\/p>\n<ul>\n<li>concentration de CO<sub>2<\/sub>, N<sub>2<\/sub>O, O<sub>2<\/sub> et de gaz anesth\u00e9siques: ISO, ENF, HAL, SEV, DES,<\/li>\n<li>temp\u00e9rature corporelle,<\/li>\n<li>pression art\u00e9rielle (IBP) &#8211; m\u00e9thode invasive,<\/li>\n<li>flaccidit\u00e9 musculaire.<\/li>\n<\/ul>\n<\/div><\/div><\/div><\/div><\/div><\/div><\/div><\/section>\n","protected":false},"excerpt":{"rendered":"Les moniteurs compacts FX 3000 \u00e9quip\u00e9s d&#8217;un \u00e9cran de 15&#8243; ou 17&#8243; sont la solution la plus souvent choisie pour les besoins d&#8217;une salle d&#8217;op\u00e9ration. Outre les param\u00e8tres de base (ECG, respiration, SpO2 et NIBP), le moniteur permet de mesurer: concentration de CO2, N2O, O2 et de gaz anesth\u00e9siques: ISO, ENF, HAL, SEV, DES, temp\u00e9rature...","protected":false},"author":1,"featured_media":524,"parent":885,"menu_order":2,"comment_status":"closed","ping_status":"closed","template":"","meta":{"_jet_sm_ready_style":"","_jet_sm_style":"","_jet_sm_controls_values":"","_jet_sm_fonts_collection":"","_jet_sm_fonts_links":"","footnotes":"","_links_to":"","_links_to_target":""},"class_list":["post-895","page","type-page","status-publish","has-post-thumbnail","hentry"],"yoast_head":"<!-- This site is optimized with the Yoast SEO plugin v26.6 - https:\/\/yoast.com\/wordpress\/plugins\/seo\/ -->\n<title>Bloc op\u00e9ratoire - EMTEL - kardiomonitory, defibrylatory, profesjonalny serwis producenta<\/title>\n<meta name=\"description\" content=\"Les moniteurs compacts FX 3000 \u00e9quip\u00e9s d&#039;un \u00e9cran de 15&quot; ou 17&quot; sont la solution la plus souvent choisie pour les besoins d&#039;une salle d&#039;op\u00e9ration. Outre les param?tres de base (ECG, respiration, SpO2 et NIBP), le moniteur permet de mesurer:\" \/>\n<meta name=\"robots\" content=\"index, follow, max-snippet:-1, max-image-preview:large, max-video-preview:-1\" \/>\n<link rel=\"canonical\" href=\"https:\/\/emtel.pl\/index.php\/solutions-fr\/bloc-operatoire\/\" \/>\n<meta property=\"og:locale\" content=\"pl_PL\" \/>\n<meta property=\"og:type\" content=\"article\" \/>\n<meta property=\"og:title\" content=\"Bloc op\u00e9ratoire - EMTEL - kardiomonitory, defibrylatory, profesjonalny serwis producenta\" \/>\n<meta property=\"og:description\" content=\"Les moniteurs compacts FX 3000 \u00e9quip\u00e9s d&#039;un \u00e9cran de 15&quot; ou 17&quot; sont la solution la plus souvent choisie pour les besoins d&#039;une salle d&#039;op\u00e9ration. Outre les param?tres de base (ECG, respiration, SpO2 et NIBP), le moniteur permet de mesurer:\" \/>\n<meta property=\"og:url\" content=\"https:\/\/emtel.pl\/index.php\/solutions-fr\/bloc-operatoire\/?lang=fr\" \/>\n<meta property=\"og:site_name\" content=\"EMTEL - kardiomonitory, defibrylatory, profesjonalny serwis producenta\" \/>\n<meta property=\"article:modified_time\" content=\"2019-10-18T08:22:23+00:00\" \/>\n<meta property=\"og:image\" content=\"https:\/\/emtel.pl\/wp-content\/uploads\/2019\/04\/image061.jpg\" \/>\n\t<meta property=\"og:image:width\" content=\"1200\" \/>\n\t<meta property=\"og:image:height\" content=\"800\" \/>\n\t<meta property=\"og:image:type\" content=\"image\/jpeg\" \/>\n<meta name=\"twitter:card\" content=\"summary_large_image\" \/>\n<script type=\"application\/ld+json\" class=\"yoast-schema-graph\">{\"@context\":\"https:\/\/schema.org\",\"@graph\":[{\"@type\":\"WebPage\",\"@id\":\"https:\/\/emtel.pl\/index.php\/solutions-fr\/bloc-operatoire\/?lang=fr\",\"url\":\"https:\/\/emtel.pl\/index.php\/solutions-fr\/bloc-operatoire\/?lang=fr\",\"name\":\"Bloc op\u00e9ratoire - EMTEL - kardiomonitory, defibrylatory, profesjonalny serwis producenta\",\"isPartOf\":{\"@id\":\"https:\/\/emtel.pl\/#website\"},\"primaryImageOfPage\":{\"@id\":\"https:\/\/emtel.pl\/index.php\/solutions-fr\/bloc-operatoire\/?lang=fr#primaryimage\"},\"image\":{\"@id\":\"https:\/\/emtel.pl\/index.php\/solutions-fr\/bloc-operatoire\/?lang=fr#primaryimage\"},\"thumbnailUrl\":\"https:\/\/emtel.pl\/wp-content\/uploads\/2019\/04\/image061.jpg\",\"datePublished\":\"2019-05-27T15:52:21+00:00\",\"dateModified\":\"2019-10-18T08:22:23+00:00\",\"description\":\"Les moniteurs compacts FX 3000 \u00e9quip\u00e9s d'un \u00e9cran de 15\\\" ou 17\\\" sont la solution la plus souvent choisie pour les besoins d'une salle d'op\u00e9ration. Outre les param?tres de base (ECG, respiration, SpO2 et NIBP), le moniteur permet de mesurer:\",\"breadcrumb\":{\"@id\":\"https:\/\/emtel.pl\/index.php\/solutions-fr\/bloc-operatoire\/?lang=fr#breadcrumb\"},\"inLanguage\":\"pl-PL\",\"potentialAction\":[{\"@type\":\"ReadAction\",\"target\":[\"https:\/\/emtel.pl\/index.php\/solutions-fr\/bloc-operatoire\/?lang=fr\"]}]},{\"@type\":\"ImageObject\",\"inLanguage\":\"pl-PL\",\"@id\":\"https:\/\/emtel.pl\/index.php\/solutions-fr\/bloc-operatoire\/?lang=fr#primaryimage\",\"url\":\"https:\/\/emtel.pl\/wp-content\/uploads\/2019\/04\/image061.jpg\",\"contentUrl\":\"https:\/\/emtel.pl\/wp-content\/uploads\/2019\/04\/image061.jpg\",\"width\":1200,\"height\":800,\"caption\":\"EMTEL\"},{\"@type\":\"BreadcrumbList\",\"@id\":\"https:\/\/emtel.pl\/index.php\/solutions-fr\/bloc-operatoire\/?lang=fr#breadcrumb\",\"itemListElement\":[{\"@type\":\"ListItem\",\"position\":1,\"name\":\"Strona g\u0142\u00f3wna\",\"item\":\"https:\/\/emtel.pl\/\"},{\"@type\":\"ListItem\",\"position\":2,\"name\":\"Solutions\",\"item\":\"https:\/\/emtel.pl\/index.php\/solutions-fr\/\"},{\"@type\":\"ListItem\",\"position\":3,\"name\":\"Bloc op\u00e9ratoire\"}]},{\"@type\":\"WebSite\",\"@id\":\"https:\/\/emtel.pl\/#website\",\"url\":\"https:\/\/emtel.pl\/\",\"name\":\"EMTEL - kardiomonitory, defibrylatory, profesjonalny serwis producenta\",\"description\":\"Technologia od serca\",\"potentialAction\":[{\"@type\":\"SearchAction\",\"target\":{\"@type\":\"EntryPoint\",\"urlTemplate\":\"https:\/\/emtel.pl\/?s={search_term_string}\"},\"query-input\":{\"@type\":\"PropertyValueSpecification\",\"valueRequired\":true,\"valueName\":\"search_term_string\"}}],\"inLanguage\":\"pl-PL\"}]}<\/script>\n<!-- \/ Yoast SEO plugin. -->","yoast_head_json":{"title":"Bloc op\u00e9ratoire - EMTEL - kardiomonitory, defibrylatory, profesjonalny serwis producenta","description":"Les moniteurs compacts FX 3000 \u00e9quip\u00e9s d'un \u00e9cran de 15\" ou 17\" sont la solution la plus souvent choisie pour les besoins d'une salle d'op\u00e9ration. Outre les param?tres de base (ECG, respiration, SpO2 et NIBP), le moniteur permet de mesurer:","robots":{"index":"index","follow":"follow","max-snippet":"max-snippet:-1","max-image-preview":"max-image-preview:large","max-video-preview":"max-video-preview:-1"},"canonical":"https:\/\/emtel.pl\/index.php\/solutions-fr\/bloc-operatoire\/","og_locale":"pl_PL","og_type":"article","og_title":"Bloc op\u00e9ratoire - EMTEL - kardiomonitory, defibrylatory, profesjonalny serwis producenta","og_description":"Les moniteurs compacts FX 3000 \u00e9quip\u00e9s d'un \u00e9cran de 15\" ou 17\" sont la solution la plus souvent choisie pour les besoins d'une salle d'op\u00e9ration. Outre les param?tres de base (ECG, respiration, SpO2 et NIBP), le moniteur permet de mesurer:","og_url":"https:\/\/emtel.pl\/index.php\/solutions-fr\/bloc-operatoire\/?lang=fr","og_site_name":"EMTEL - kardiomonitory, defibrylatory, profesjonalny serwis producenta","article_modified_time":"2019-10-18T08:22:23+00:00","og_image":[{"width":1200,"height":800,"url":"https:\/\/emtel.pl\/wp-content\/uploads\/2019\/04\/image061.jpg","type":"image\/jpeg"}],"twitter_card":"summary_large_image","schema":{"@context":"https:\/\/schema.org","@graph":[{"@type":"WebPage","@id":"https:\/\/emtel.pl\/index.php\/solutions-fr\/bloc-operatoire\/?lang=fr","url":"https:\/\/emtel.pl\/index.php\/solutions-fr\/bloc-operatoire\/?lang=fr","name":"Bloc op\u00e9ratoire - EMTEL - kardiomonitory, defibrylatory, profesjonalny serwis producenta","isPartOf":{"@id":"https:\/\/emtel.pl\/#website"},"primaryImageOfPage":{"@id":"https:\/\/emtel.pl\/index.php\/solutions-fr\/bloc-operatoire\/?lang=fr#primaryimage"},"image":{"@id":"https:\/\/emtel.pl\/index.php\/solutions-fr\/bloc-operatoire\/?lang=fr#primaryimage"},"thumbnailUrl":"https:\/\/emtel.pl\/wp-content\/uploads\/2019\/04\/image061.jpg","datePublished":"2019-05-27T15:52:21+00:00","dateModified":"2019-10-18T08:22:23+00:00","description":"Les moniteurs compacts FX 3000 \u00e9quip\u00e9s d'un \u00e9cran de 15\" ou 17\" sont la solution la plus souvent choisie pour les besoins d'une salle d'op\u00e9ration. Outre les param?tres de base (ECG, respiration, SpO2 et NIBP), le moniteur permet de mesurer:","breadcrumb":{"@id":"https:\/\/emtel.pl\/index.php\/solutions-fr\/bloc-operatoire\/?lang=fr#breadcrumb"},"inLanguage":"pl-PL","potentialAction":[{"@type":"ReadAction","target":["https:\/\/emtel.pl\/index.php\/solutions-fr\/bloc-operatoire\/?lang=fr"]}]},{"@type":"ImageObject","inLanguage":"pl-PL","@id":"https:\/\/emtel.pl\/index.php\/solutions-fr\/bloc-operatoire\/?lang=fr#primaryimage","url":"https:\/\/emtel.pl\/wp-content\/uploads\/2019\/04\/image061.jpg","contentUrl":"https:\/\/emtel.pl\/wp-content\/uploads\/2019\/04\/image061.jpg","width":1200,"height":800,"caption":"EMTEL"},{"@type":"BreadcrumbList","@id":"https:\/\/emtel.pl\/index.php\/solutions-fr\/bloc-operatoire\/?lang=fr#breadcrumb","itemListElement":[{"@type":"ListItem","position":1,"name":"Strona g\u0142\u00f3wna","item":"https:\/\/emtel.pl\/"},{"@type":"ListItem","position":2,"name":"Solutions","item":"https:\/\/emtel.pl\/index.php\/solutions-fr\/"},{"@type":"ListItem","position":3,"name":"Bloc op\u00e9ratoire"}]},{"@type":"WebSite","@id":"https:\/\/emtel.pl\/#website","url":"https:\/\/emtel.pl\/","name":"EMTEL - kardiomonitory, defibrylatory, profesjonalny serwis producenta","description":"Technologia od serca","potentialAction":[{"@type":"SearchAction","target":{"@type":"EntryPoint","urlTemplate":"https:\/\/emtel.pl\/?s={search_term_string}"},"query-input":{"@type":"PropertyValueSpecification","valueRequired":true,"valueName":"search_term_string"}}],"inLanguage":"pl-PL"}]}},"_links":{"self":[{"href":"https:\/\/emtel.pl\/index.php\/wp-json\/wp\/v2\/pages\/895","targetHints":{"allow":["GET"]}}],"collection":[{"href":"https:\/\/emtel.pl\/index.php\/wp-json\/wp\/v2\/pages"}],"about":[{"href":"https:\/\/emtel.pl\/index.php\/wp-json\/wp\/v2\/types\/page"}],"author":[{"embeddable":true,"href":"https:\/\/emtel.pl\/index.php\/wp-json\/wp\/v2\/users\/1"}],"replies":[{"embeddable":true,"href":"https:\/\/emtel.pl\/index.php\/wp-json\/wp\/v2\/comments?post=895"}],"version-history":[{"count":3,"href":"https:\/\/emtel.pl\/index.php\/wp-json\/wp\/v2\/pages\/895\/revisions"}],"predecessor-version":[{"id":1894,"href":"https:\/\/emtel.pl\/index.php\/wp-json\/wp\/v2\/pages\/895\/revisions\/1894"}],"up":[{"embeddable":true,"href":"https:\/\/emtel.pl\/index.php\/wp-json\/wp\/v2\/pages\/885"}],"wp:featuredmedia":[{"embeddable":true,"href":"https:\/\/emtel.pl\/index.php\/wp-json\/wp\/v2\/media\/524"}],"wp:attachment":[{"href":"https:\/\/emtel.pl\/index.php\/wp-json\/wp\/v2\/media?parent=895"}],"curies":[{"name":"wp","href":"https:\/\/api.w.org\/{rel}","templated":true}]}}