{"id":901,"date":"2019-05-29T12:29:54","date_gmt":"2019-05-29T10:29:54","guid":{"rendered":"http:\/\/emtel.pl\/?page_id=901"},"modified":"2019-10-18T10:56:03","modified_gmt":"2019-10-18T08:56:03","slug":"pediatrique-neonatal","status":"publish","type":"page","link":"https:\/\/emtel.pl\/index.php\/solutions-fr\/pediatrique-neonatal\/?lang=fr","title":{"rendered":"P\u00e9diatrique, n\u00e9onatal"},"content":{"rendered":"<section class=\"l-section wpb_row height_small\"><div class=\"l-section-h i-cf\"><div class=\"g-cols vc_row via_flex valign_top type_default stacking_default\"><div class=\"vc_col-sm-12 wpb_column vc_column_container\"><div class=\"vc_column-inner\"><div class=\"wpb_wrapper\"><div class=\"wpb_text_column\"><div class=\"wpb_wrapper\"><p>L&#8217;\u00e9quipement utilis\u00e9 dans les services p\u00e9diatriques et n\u00e9onatals doit \u00eatre adapt\u00e9 aux besoins particuliers des enfants et des nouveau-n\u00e9s. Les moniteurs<a title=\"FX 3000MD\" href=\"http:\/\/emtel.pl\/index.php\/des-produits\/moniteur-patient-modulaire-fx-3000md\/?lang=fr\"> FX 3000MD<\/a>, \u00e9quip\u00e9s d&#8217;un \u00e9cran de 15&#8243; ou 17&#8243;, sont la solution la plus souvent choisie pour les besoins de ces services. Un chariot, livr\u00e9 avec des moniteurs, facilite le transport entre les lits des patients. Outre les param\u00e8tres de base (ECG, respiration, SpO<sub>2<\/sub> et NIBP), le moniteur permet de surveiller et de superviser:<\/p>\n<ul>\n<li>respiration avec surveillance d&#8217;apn\u00e9es,<\/li>\n<li>pr\u00e9sentation d&#8217;OxyCardioRespirogramme,<\/li>\n<li>temp\u00e9rature corporelle.<\/li>\n<\/ul>\n<p>Les moniteurs sont \u00e9quip\u00e9s d&#8217;accessoires pour les nouveau-n\u00e9s et les enfants.<\/p>\n<p>De plus, les salles p\u00e9diatriques et n\u00e9onatales sont \u00e9quip\u00e9es de d\u00e9fibrillateurs biphasiques <a title=\"DefiMax biphasic\" href=\"http:\/\/emtel.pl\/index.php\/des-produits\/defibrillateur-clinique-defimax-biphasic\/?lang=fr\">DefiMax biphasic<\/a> qui poss\u00e8dent de petites palettes dures et \u00e9lectrodes jetables.<\/p>\n<\/div><\/div><\/div><\/div><\/div><\/div><\/div><\/section>\n","protected":false},"excerpt":{"rendered":"L&#8217;\u00e9quipement utilis\u00e9 dans les services p\u00e9diatriques et n\u00e9onatals doit \u00eatre adapt\u00e9 aux besoins particuliers des enfants et des nouveau-n\u00e9s. Les moniteurs FX 3000MD, \u00e9quip\u00e9s d&#8217;un \u00e9cran de 15&#8243; ou 17&#8243;, sont la solution la plus souvent choisie pour les besoins de ces services. Un chariot, livr\u00e9 avec des moniteurs, facilite le transport entre les lits...","protected":false},"author":1,"featured_media":527,"parent":885,"menu_order":4,"comment_status":"closed","ping_status":"closed","template":"","meta":{"_jet_sm_ready_style":"","_jet_sm_style":"","_jet_sm_controls_values":"","_jet_sm_fonts_collection":"","_jet_sm_fonts_links":"","footnotes":"","_links_to":"","_links_to_target":""},"class_list":["post-901","page","type-page","status-publish","has-post-thumbnail","hentry"],"yoast_head":"<!-- This site is optimized with the Yoast SEO plugin v26.6 - https:\/\/yoast.com\/wordpress\/plugins\/seo\/ -->\n<title>P\u00e9diatrique, n\u00e9onatal - EMTEL - kardiomonitory, defibrylatory, profesjonalny serwis producenta<\/title>\n<meta name=\"description\" content=\"L&#039;\u00e9quipement utilis\u00e9 dans les services p\u00e9diatriques et n\u00e9onatals doit \u00eatre adapt\u00e9 aux besoins particuliers des enfants et des nouveau-n\u00e9s. Les moniteurs FX 3000MD, \u00e9quip\u00e9s d&#039;un \u00e9cran de 15&quot; ou 17&quot;, sont la solution la plus souvent choisie pour les besoins de ces services.\" \/>\n<meta name=\"robots\" content=\"index, follow, max-snippet:-1, max-image-preview:large, max-video-preview:-1\" \/>\n<link rel=\"canonical\" href=\"https:\/\/emtel.pl\/index.php\/solutions-fr\/pediatrique-neonatal\/\" \/>\n<meta property=\"og:locale\" content=\"pl_PL\" \/>\n<meta property=\"og:type\" content=\"article\" \/>\n<meta property=\"og:title\" content=\"P\u00e9diatrique, n\u00e9onatal - EMTEL - kardiomonitory, defibrylatory, profesjonalny serwis producenta\" \/>\n<meta property=\"og:description\" content=\"L&#039;\u00e9quipement utilis\u00e9 dans les services p\u00e9diatriques et n\u00e9onatals doit \u00eatre adapt\u00e9 aux besoins particuliers des enfants et des nouveau-n\u00e9s. Les moniteurs FX 3000MD, \u00e9quip\u00e9s d&#039;un \u00e9cran de 15&quot; ou 17&quot;, sont la solution la plus souvent choisie pour les besoins de ces services.\" \/>\n<meta property=\"og:url\" content=\"https:\/\/emtel.pl\/index.php\/solutions-fr\/pediatrique-neonatal\/?lang=fr\" \/>\n<meta property=\"og:site_name\" content=\"EMTEL - kardiomonitory, defibrylatory, profesjonalny serwis producenta\" \/>\n<meta property=\"article:modified_time\" content=\"2019-10-18T08:56:03+00:00\" \/>\n<meta property=\"og:image\" content=\"https:\/\/emtel.pl\/wp-content\/uploads\/2019\/04\/image080.jpg\" \/>\n\t<meta property=\"og:image:width\" content=\"1200\" \/>\n\t<meta property=\"og:image:height\" content=\"800\" \/>\n\t<meta property=\"og:image:type\" content=\"image\/jpeg\" \/>\n<meta name=\"twitter:card\" content=\"summary_large_image\" \/>\n<meta name=\"twitter:label1\" content=\"Szacowany czas czytania\" \/>\n\t<meta name=\"twitter:data1\" content=\"1 minuta\" \/>\n<script type=\"application\/ld+json\" class=\"yoast-schema-graph\">{\"@context\":\"https:\/\/schema.org\",\"@graph\":[{\"@type\":\"WebPage\",\"@id\":\"https:\/\/emtel.pl\/index.php\/solutions-fr\/pediatrique-neonatal\/?lang=fr\",\"url\":\"https:\/\/emtel.pl\/index.php\/solutions-fr\/pediatrique-neonatal\/?lang=fr\",\"name\":\"P\u00e9diatrique, n\u00e9onatal - EMTEL - kardiomonitory, defibrylatory, profesjonalny serwis producenta\",\"isPartOf\":{\"@id\":\"https:\/\/emtel.pl\/#website\"},\"primaryImageOfPage\":{\"@id\":\"https:\/\/emtel.pl\/index.php\/solutions-fr\/pediatrique-neonatal\/?lang=fr#primaryimage\"},\"image\":{\"@id\":\"https:\/\/emtel.pl\/index.php\/solutions-fr\/pediatrique-neonatal\/?lang=fr#primaryimage\"},\"thumbnailUrl\":\"https:\/\/emtel.pl\/wp-content\/uploads\/2019\/04\/image080.jpg\",\"datePublished\":\"2019-05-29T10:29:54+00:00\",\"dateModified\":\"2019-10-18T08:56:03+00:00\",\"description\":\"L'\u00e9quipement utilis\u00e9 dans les services p\u00e9diatriques et n\u00e9onatals doit \u00eatre adapt\u00e9 aux besoins particuliers des enfants et des nouveau-n\u00e9s. Les moniteurs FX 3000MD, \u00e9quip\u00e9s d'un \u00e9cran de 15\\\" ou 17\\\", sont la solution la plus souvent choisie pour les besoins de ces services.\",\"breadcrumb\":{\"@id\":\"https:\/\/emtel.pl\/index.php\/solutions-fr\/pediatrique-neonatal\/?lang=fr#breadcrumb\"},\"inLanguage\":\"pl-PL\",\"potentialAction\":[{\"@type\":\"ReadAction\",\"target\":[\"https:\/\/emtel.pl\/index.php\/solutions-fr\/pediatrique-neonatal\/?lang=fr\"]}]},{\"@type\":\"ImageObject\",\"inLanguage\":\"pl-PL\",\"@id\":\"https:\/\/emtel.pl\/index.php\/solutions-fr\/pediatrique-neonatal\/?lang=fr#primaryimage\",\"url\":\"https:\/\/emtel.pl\/wp-content\/uploads\/2019\/04\/image080.jpg\",\"contentUrl\":\"https:\/\/emtel.pl\/wp-content\/uploads\/2019\/04\/image080.jpg\",\"width\":1200,\"height\":800,\"caption\":\"EMTEL\"},{\"@type\":\"BreadcrumbList\",\"@id\":\"https:\/\/emtel.pl\/index.php\/solutions-fr\/pediatrique-neonatal\/?lang=fr#breadcrumb\",\"itemListElement\":[{\"@type\":\"ListItem\",\"position\":1,\"name\":\"Strona g\u0142\u00f3wna\",\"item\":\"https:\/\/emtel.pl\/\"},{\"@type\":\"ListItem\",\"position\":2,\"name\":\"Solutions\",\"item\":\"https:\/\/emtel.pl\/index.php\/solutions-fr\/\"},{\"@type\":\"ListItem\",\"position\":3,\"name\":\"P\u00e9diatrique, n\u00e9onatal\"}]},{\"@type\":\"WebSite\",\"@id\":\"https:\/\/emtel.pl\/#website\",\"url\":\"https:\/\/emtel.pl\/\",\"name\":\"EMTEL - kardiomonitory, defibrylatory, profesjonalny serwis producenta\",\"description\":\"Technologia od serca\",\"potentialAction\":[{\"@type\":\"SearchAction\",\"target\":{\"@type\":\"EntryPoint\",\"urlTemplate\":\"https:\/\/emtel.pl\/?s={search_term_string}\"},\"query-input\":{\"@type\":\"PropertyValueSpecification\",\"valueRequired\":true,\"valueName\":\"search_term_string\"}}],\"inLanguage\":\"pl-PL\"}]}<\/script>\n<!-- \/ Yoast SEO plugin. -->","yoast_head_json":{"title":"P\u00e9diatrique, n\u00e9onatal - EMTEL - kardiomonitory, defibrylatory, profesjonalny serwis producenta","description":"L'\u00e9quipement utilis\u00e9 dans les services p\u00e9diatriques et n\u00e9onatals doit \u00eatre adapt\u00e9 aux besoins particuliers des enfants et des nouveau-n\u00e9s. Les moniteurs FX 3000MD, \u00e9quip\u00e9s d'un \u00e9cran de 15\" ou 17\", sont la solution la plus souvent choisie pour les besoins de ces services.","robots":{"index":"index","follow":"follow","max-snippet":"max-snippet:-1","max-image-preview":"max-image-preview:large","max-video-preview":"max-video-preview:-1"},"canonical":"https:\/\/emtel.pl\/index.php\/solutions-fr\/pediatrique-neonatal\/","og_locale":"pl_PL","og_type":"article","og_title":"P\u00e9diatrique, n\u00e9onatal - EMTEL - kardiomonitory, defibrylatory, profesjonalny serwis producenta","og_description":"L'\u00e9quipement utilis\u00e9 dans les services p\u00e9diatriques et n\u00e9onatals doit \u00eatre adapt\u00e9 aux besoins particuliers des enfants et des nouveau-n\u00e9s. Les moniteurs FX 3000MD, \u00e9quip\u00e9s d'un \u00e9cran de 15\" ou 17\", sont la solution la plus souvent choisie pour les besoins de ces services.","og_url":"https:\/\/emtel.pl\/index.php\/solutions-fr\/pediatrique-neonatal\/?lang=fr","og_site_name":"EMTEL - kardiomonitory, defibrylatory, profesjonalny serwis producenta","article_modified_time":"2019-10-18T08:56:03+00:00","og_image":[{"width":1200,"height":800,"url":"https:\/\/emtel.pl\/wp-content\/uploads\/2019\/04\/image080.jpg","type":"image\/jpeg"}],"twitter_card":"summary_large_image","twitter_misc":{"Szacowany czas czytania":"1 minuta"},"schema":{"@context":"https:\/\/schema.org","@graph":[{"@type":"WebPage","@id":"https:\/\/emtel.pl\/index.php\/solutions-fr\/pediatrique-neonatal\/?lang=fr","url":"https:\/\/emtel.pl\/index.php\/solutions-fr\/pediatrique-neonatal\/?lang=fr","name":"P\u00e9diatrique, n\u00e9onatal - EMTEL - kardiomonitory, defibrylatory, profesjonalny serwis producenta","isPartOf":{"@id":"https:\/\/emtel.pl\/#website"},"primaryImageOfPage":{"@id":"https:\/\/emtel.pl\/index.php\/solutions-fr\/pediatrique-neonatal\/?lang=fr#primaryimage"},"image":{"@id":"https:\/\/emtel.pl\/index.php\/solutions-fr\/pediatrique-neonatal\/?lang=fr#primaryimage"},"thumbnailUrl":"https:\/\/emtel.pl\/wp-content\/uploads\/2019\/04\/image080.jpg","datePublished":"2019-05-29T10:29:54+00:00","dateModified":"2019-10-18T08:56:03+00:00","description":"L'\u00e9quipement utilis\u00e9 dans les services p\u00e9diatriques et n\u00e9onatals doit \u00eatre adapt\u00e9 aux besoins particuliers des enfants et des nouveau-n\u00e9s. Les moniteurs FX 3000MD, \u00e9quip\u00e9s d'un \u00e9cran de 15\" ou 17\", sont la solution la plus souvent choisie pour les besoins de ces services.","breadcrumb":{"@id":"https:\/\/emtel.pl\/index.php\/solutions-fr\/pediatrique-neonatal\/?lang=fr#breadcrumb"},"inLanguage":"pl-PL","potentialAction":[{"@type":"ReadAction","target":["https:\/\/emtel.pl\/index.php\/solutions-fr\/pediatrique-neonatal\/?lang=fr"]}]},{"@type":"ImageObject","inLanguage":"pl-PL","@id":"https:\/\/emtel.pl\/index.php\/solutions-fr\/pediatrique-neonatal\/?lang=fr#primaryimage","url":"https:\/\/emtel.pl\/wp-content\/uploads\/2019\/04\/image080.jpg","contentUrl":"https:\/\/emtel.pl\/wp-content\/uploads\/2019\/04\/image080.jpg","width":1200,"height":800,"caption":"EMTEL"},{"@type":"BreadcrumbList","@id":"https:\/\/emtel.pl\/index.php\/solutions-fr\/pediatrique-neonatal\/?lang=fr#breadcrumb","itemListElement":[{"@type":"ListItem","position":1,"name":"Strona g\u0142\u00f3wna","item":"https:\/\/emtel.pl\/"},{"@type":"ListItem","position":2,"name":"Solutions","item":"https:\/\/emtel.pl\/index.php\/solutions-fr\/"},{"@type":"ListItem","position":3,"name":"P\u00e9diatrique, n\u00e9onatal"}]},{"@type":"WebSite","@id":"https:\/\/emtel.pl\/#website","url":"https:\/\/emtel.pl\/","name":"EMTEL - kardiomonitory, defibrylatory, profesjonalny serwis producenta","description":"Technologia od serca","potentialAction":[{"@type":"SearchAction","target":{"@type":"EntryPoint","urlTemplate":"https:\/\/emtel.pl\/?s={search_term_string}"},"query-input":{"@type":"PropertyValueSpecification","valueRequired":true,"valueName":"search_term_string"}}],"inLanguage":"pl-PL"}]}},"_links":{"self":[{"href":"https:\/\/emtel.pl\/index.php\/wp-json\/wp\/v2\/pages\/901","targetHints":{"allow":["GET"]}}],"collection":[{"href":"https:\/\/emtel.pl\/index.php\/wp-json\/wp\/v2\/pages"}],"about":[{"href":"https:\/\/emtel.pl\/index.php\/wp-json\/wp\/v2\/types\/page"}],"author":[{"embeddable":true,"href":"https:\/\/emtel.pl\/index.php\/wp-json\/wp\/v2\/users\/1"}],"replies":[{"embeddable":true,"href":"https:\/\/emtel.pl\/index.php\/wp-json\/wp\/v2\/comments?post=901"}],"version-history":[{"count":3,"href":"https:\/\/emtel.pl\/index.php\/wp-json\/wp\/v2\/pages\/901\/revisions"}],"predecessor-version":[{"id":1896,"href":"https:\/\/emtel.pl\/index.php\/wp-json\/wp\/v2\/pages\/901\/revisions\/1896"}],"up":[{"embeddable":true,"href":"https:\/\/emtel.pl\/index.php\/wp-json\/wp\/v2\/pages\/885"}],"wp:featuredmedia":[{"embeddable":true,"href":"https:\/\/emtel.pl\/index.php\/wp-json\/wp\/v2\/media\/527"}],"wp:attachment":[{"href":"https:\/\/emtel.pl\/index.php\/wp-json\/wp\/v2\/media?parent=901"}],"curies":[{"name":"wp","href":"https:\/\/api.w.org\/{rel}","templated":true}]}}