{"id":904,"date":"2019-05-29T12:38:31","date_gmt":"2019-05-29T10:38:31","guid":{"rendered":"http:\/\/emtel.pl\/?page_id=904"},"modified":"2019-10-18T10:57:47","modified_gmt":"2019-10-18T08:57:47","slug":"cardiologie","status":"publish","type":"page","link":"https:\/\/emtel.pl\/index.php\/solutions-fr\/cardiologie\/?lang=fr","title":{"rendered":"Cardiologie"},"content":{"rendered":"<section class=\"l-section wpb_row height_small\"><div class=\"l-section-h i-cf\"><div class=\"g-cols vc_row via_flex valign_top type_default stacking_default\"><div class=\"vc_col-sm-12 wpb_column vc_column_container\"><div class=\"vc_column-inner\"><div class=\"wpb_wrapper\"><div class=\"wpb_text_column\"><div class=\"wpb_wrapper\"><p>Les moniteurs <a title=\"FX 3000MD\" href=\"http:\/\/emtel.pl\/index.php\/des-produits\/moniteur-patient-modulaire-fx-3000md\/?lang=fr\">FX 3000MD<\/a>, \u00e9quip\u00e9s d&#8217;un \u00e9cran de 19&#8243; connect\u00e9s \u00e0 la station centrale <a title=\"FX 3000C\" href=\"http:\/\/emtel.pl\/index.php\/des-produits\/systeme-central-de-surveillance-fx-3000c\/?lang=fr\">FX 3000C<\/a>, sont la solution typique et la plus souvent choisie pour les besoins des services de cardiologie. Outre les param\u00e8tres de base (ECG, respiration, SpO<sub>2<\/sub> et NIBP), le moniteur permet de surveiller:<\/p>\n<ul>\n<li>arythmie,<\/li>\n<li>analyse ST,<\/li>\n<li>le d\u00e9bit cardiaque avec des calculs h\u00e9modynamiques: la cardiographie d&#8217;imp\u00e9dance &#8211; m\u00e9thode non-invasive (ICG) ou m\u00e9thode de thermodilution<strong>,<\/strong><\/li>\n<li>pression art\u00e9rielle (intra-art\u00e9rielle) invasive (IBP) mesur\u00e9e en deux points, par exemple la pression veineuse centrale (PVC) et la pression capillaire pulmonaire bloqu\u00e9e (PCP),<\/li>\n<li>temp\u00e9rature (en deux points de mesure et leur diff\u00e9rence),<\/li>\n<li>concentration de dioxyde de carbone ETCO<sub>2<\/sub> dans l&#8217;air expir\u00e9 des patients,<\/li>\n<li>d\u00e9tection de stimulateur cardiaque.<\/li>\n<\/ul>\n<p><strong>\u00a0<\/strong>La station centrale <a title=\"FX 3000C\" href=\"http:\/\/emtel.pl\/index.php\/des-produits\/systeme-central-de-surveillance-fx-3000c\/?lang=fr\">FX 3000C<\/a> qui rassemble les informations des moniteurs connect\u00e9s assure :<\/p>\n<ul>\n<li>visualisation de tous les param\u00e8tres surveill\u00e9s depuis des moniteurs connect\u00e9s d&#8217;un endroit (par exemple d&#8217;une infirmerie),<\/li>\n<li>transmission interactive qui permet la revue \u00e0 distance de tous les moniteurs ou des moniteurs s\u00e9lectionn\u00e9s, et le changement de leurs param\u00e8tres,<\/li>\n<li>stockage complet des donn\u00e9es,<\/li>\n<li>impression des donn\u00e9es actuelles ou archiv\u00e9es.<\/li>\n<\/ul>\n<p>En outre, les salles de cardiologie sont \u00e9quip\u00e9es de d\u00e9fibrillateurs biphasiques <a title=\"DefiMax biphasic\" href=\"http:\/\/emtel.pl\/index.php\/des-produits\/defibrillateur-clinique-defimax-biphasic\/?lang=fr\">DefiMax biphasic<\/a> avec une option de stimulation. Le stimulateur (pacemaker) peut fonctionner en mode asynchrone (fixe) ou synchrone (\u00e0 la demande).<\/p>\n<\/div><\/div><\/div><\/div><\/div><\/div><\/div><\/section>\n","protected":false},"excerpt":{"rendered":"Les moniteurs FX 3000MD, \u00e9quip\u00e9s d&#8217;un \u00e9cran de 19&#8243; connect\u00e9s \u00e0 la station centrale FX 3000C, sont la solution typique et la plus souvent choisie pour les besoins des services de cardiologie. Outre les param\u00e8tres de base (ECG, respiration, SpO2 et NIBP), le moniteur permet de surveiller: arythmie, analyse ST, le d\u00e9bit cardiaque avec des...","protected":false},"author":1,"featured_media":524,"parent":885,"menu_order":5,"comment_status":"closed","ping_status":"closed","template":"","meta":{"_jet_sm_ready_style":"","_jet_sm_style":"","_jet_sm_controls_values":"","_jet_sm_fonts_collection":"","_jet_sm_fonts_links":"","footnotes":"","_links_to":"","_links_to_target":""},"class_list":["post-904","page","type-page","status-publish","has-post-thumbnail","hentry"],"yoast_head":"<!-- This site is optimized with the Yoast SEO plugin v26.6 - https:\/\/yoast.com\/wordpress\/plugins\/seo\/ -->\n<title>Cardiologie - EMTEL - kardiomonitory, defibrylatory, profesjonalny serwis producenta<\/title>\n<meta name=\"description\" content=\"Les moniteurs FX 3000MD, \u00e9quip\u00e9s d&#039;un \u00e9cran de 19&quot; connect\u00e9s ? la station centrale FX 3000C, sont la solution typique et la plus souvent choisie pour les besoins des services de cardiologie. Outre les param?tres de base (ECG, respiration, SpO2 et NIBP), le moniteur permet de surveiller...\" \/>\n<meta name=\"robots\" content=\"index, follow, max-snippet:-1, max-image-preview:large, max-video-preview:-1\" \/>\n<link rel=\"canonical\" href=\"https:\/\/emtel.pl\/index.php\/solutions-fr\/cardiologie\/\" \/>\n<meta property=\"og:locale\" content=\"pl_PL\" \/>\n<meta property=\"og:type\" content=\"article\" \/>\n<meta property=\"og:title\" content=\"Cardiologie - EMTEL - kardiomonitory, defibrylatory, profesjonalny serwis producenta\" \/>\n<meta property=\"og:description\" content=\"Les moniteurs FX 3000MD, \u00e9quip\u00e9s d&#039;un \u00e9cran de 19&quot; connect\u00e9s ? la station centrale FX 3000C, sont la solution typique et la plus souvent choisie pour les besoins des services de cardiologie. Outre les param?tres de base (ECG, respiration, SpO2 et NIBP), le moniteur permet de surveiller...\" \/>\n<meta property=\"og:url\" content=\"https:\/\/emtel.pl\/index.php\/solutions-fr\/cardiologie\/?lang=fr\" \/>\n<meta property=\"og:site_name\" content=\"EMTEL - kardiomonitory, defibrylatory, profesjonalny serwis producenta\" \/>\n<meta property=\"article:modified_time\" content=\"2019-10-18T08:57:47+00:00\" \/>\n<meta property=\"og:image\" content=\"https:\/\/emtel.pl\/wp-content\/uploads\/2019\/04\/image061.jpg\" \/>\n\t<meta property=\"og:image:width\" content=\"1200\" \/>\n\t<meta property=\"og:image:height\" content=\"800\" \/>\n\t<meta property=\"og:image:type\" content=\"image\/jpeg\" \/>\n<meta name=\"twitter:card\" content=\"summary_large_image\" \/>\n<meta name=\"twitter:label1\" content=\"Szacowany czas czytania\" \/>\n\t<meta name=\"twitter:data1\" content=\"1 minuta\" \/>\n<script type=\"application\/ld+json\" class=\"yoast-schema-graph\">{\"@context\":\"https:\/\/schema.org\",\"@graph\":[{\"@type\":\"WebPage\",\"@id\":\"https:\/\/emtel.pl\/index.php\/solutions-fr\/cardiologie\/?lang=fr\",\"url\":\"https:\/\/emtel.pl\/index.php\/solutions-fr\/cardiologie\/?lang=fr\",\"name\":\"Cardiologie - EMTEL - kardiomonitory, defibrylatory, profesjonalny serwis producenta\",\"isPartOf\":{\"@id\":\"https:\/\/emtel.pl\/#website\"},\"primaryImageOfPage\":{\"@id\":\"https:\/\/emtel.pl\/index.php\/solutions-fr\/cardiologie\/?lang=fr#primaryimage\"},\"image\":{\"@id\":\"https:\/\/emtel.pl\/index.php\/solutions-fr\/cardiologie\/?lang=fr#primaryimage\"},\"thumbnailUrl\":\"https:\/\/emtel.pl\/wp-content\/uploads\/2019\/04\/image061.jpg\",\"datePublished\":\"2019-05-29T10:38:31+00:00\",\"dateModified\":\"2019-10-18T08:57:47+00:00\",\"description\":\"Les moniteurs FX 3000MD, \u00e9quip\u00e9s d'un \u00e9cran de 19\\\" connect\u00e9s ? la station centrale FX 3000C, sont la solution typique et la plus souvent choisie pour les besoins des services de cardiologie. Outre les param?tres de base (ECG, respiration, SpO2 et NIBP), le moniteur permet de surveiller...\",\"breadcrumb\":{\"@id\":\"https:\/\/emtel.pl\/index.php\/solutions-fr\/cardiologie\/?lang=fr#breadcrumb\"},\"inLanguage\":\"pl-PL\",\"potentialAction\":[{\"@type\":\"ReadAction\",\"target\":[\"https:\/\/emtel.pl\/index.php\/solutions-fr\/cardiologie\/?lang=fr\"]}]},{\"@type\":\"ImageObject\",\"inLanguage\":\"pl-PL\",\"@id\":\"https:\/\/emtel.pl\/index.php\/solutions-fr\/cardiologie\/?lang=fr#primaryimage\",\"url\":\"https:\/\/emtel.pl\/wp-content\/uploads\/2019\/04\/image061.jpg\",\"contentUrl\":\"https:\/\/emtel.pl\/wp-content\/uploads\/2019\/04\/image061.jpg\",\"width\":1200,\"height\":800,\"caption\":\"EMTEL\"},{\"@type\":\"BreadcrumbList\",\"@id\":\"https:\/\/emtel.pl\/index.php\/solutions-fr\/cardiologie\/?lang=fr#breadcrumb\",\"itemListElement\":[{\"@type\":\"ListItem\",\"position\":1,\"name\":\"Strona g\u0142\u00f3wna\",\"item\":\"https:\/\/emtel.pl\/\"},{\"@type\":\"ListItem\",\"position\":2,\"name\":\"Solutions\",\"item\":\"https:\/\/emtel.pl\/index.php\/solutions-fr\/\"},{\"@type\":\"ListItem\",\"position\":3,\"name\":\"Cardiologie\"}]},{\"@type\":\"WebSite\",\"@id\":\"https:\/\/emtel.pl\/#website\",\"url\":\"https:\/\/emtel.pl\/\",\"name\":\"EMTEL - kardiomonitory, defibrylatory, profesjonalny serwis producenta\",\"description\":\"Technologia od serca\",\"potentialAction\":[{\"@type\":\"SearchAction\",\"target\":{\"@type\":\"EntryPoint\",\"urlTemplate\":\"https:\/\/emtel.pl\/?s={search_term_string}\"},\"query-input\":{\"@type\":\"PropertyValueSpecification\",\"valueRequired\":true,\"valueName\":\"search_term_string\"}}],\"inLanguage\":\"pl-PL\"}]}<\/script>\n<!-- \/ Yoast SEO plugin. -->","yoast_head_json":{"title":"Cardiologie - EMTEL - kardiomonitory, defibrylatory, profesjonalny serwis producenta","description":"Les moniteurs FX 3000MD, \u00e9quip\u00e9s d'un \u00e9cran de 19\" connect\u00e9s ? la station centrale FX 3000C, sont la solution typique et la plus souvent choisie pour les besoins des services de cardiologie. Outre les param?tres de base (ECG, respiration, SpO2 et NIBP), le moniteur permet de surveiller...","robots":{"index":"index","follow":"follow","max-snippet":"max-snippet:-1","max-image-preview":"max-image-preview:large","max-video-preview":"max-video-preview:-1"},"canonical":"https:\/\/emtel.pl\/index.php\/solutions-fr\/cardiologie\/","og_locale":"pl_PL","og_type":"article","og_title":"Cardiologie - EMTEL - kardiomonitory, defibrylatory, profesjonalny serwis producenta","og_description":"Les moniteurs FX 3000MD, \u00e9quip\u00e9s d'un \u00e9cran de 19\" connect\u00e9s ? la station centrale FX 3000C, sont la solution typique et la plus souvent choisie pour les besoins des services de cardiologie. Outre les param?tres de base (ECG, respiration, SpO2 et NIBP), le moniteur permet de surveiller...","og_url":"https:\/\/emtel.pl\/index.php\/solutions-fr\/cardiologie\/?lang=fr","og_site_name":"EMTEL - kardiomonitory, defibrylatory, profesjonalny serwis producenta","article_modified_time":"2019-10-18T08:57:47+00:00","og_image":[{"width":1200,"height":800,"url":"https:\/\/emtel.pl\/wp-content\/uploads\/2019\/04\/image061.jpg","type":"image\/jpeg"}],"twitter_card":"summary_large_image","twitter_misc":{"Szacowany czas czytania":"1 minuta"},"schema":{"@context":"https:\/\/schema.org","@graph":[{"@type":"WebPage","@id":"https:\/\/emtel.pl\/index.php\/solutions-fr\/cardiologie\/?lang=fr","url":"https:\/\/emtel.pl\/index.php\/solutions-fr\/cardiologie\/?lang=fr","name":"Cardiologie - EMTEL - kardiomonitory, defibrylatory, profesjonalny serwis producenta","isPartOf":{"@id":"https:\/\/emtel.pl\/#website"},"primaryImageOfPage":{"@id":"https:\/\/emtel.pl\/index.php\/solutions-fr\/cardiologie\/?lang=fr#primaryimage"},"image":{"@id":"https:\/\/emtel.pl\/index.php\/solutions-fr\/cardiologie\/?lang=fr#primaryimage"},"thumbnailUrl":"https:\/\/emtel.pl\/wp-content\/uploads\/2019\/04\/image061.jpg","datePublished":"2019-05-29T10:38:31+00:00","dateModified":"2019-10-18T08:57:47+00:00","description":"Les moniteurs FX 3000MD, \u00e9quip\u00e9s d'un \u00e9cran de 19\" connect\u00e9s ? la station centrale FX 3000C, sont la solution typique et la plus souvent choisie pour les besoins des services de cardiologie. Outre les param?tres de base (ECG, respiration, SpO2 et NIBP), le moniteur permet de surveiller...","breadcrumb":{"@id":"https:\/\/emtel.pl\/index.php\/solutions-fr\/cardiologie\/?lang=fr#breadcrumb"},"inLanguage":"pl-PL","potentialAction":[{"@type":"ReadAction","target":["https:\/\/emtel.pl\/index.php\/solutions-fr\/cardiologie\/?lang=fr"]}]},{"@type":"ImageObject","inLanguage":"pl-PL","@id":"https:\/\/emtel.pl\/index.php\/solutions-fr\/cardiologie\/?lang=fr#primaryimage","url":"https:\/\/emtel.pl\/wp-content\/uploads\/2019\/04\/image061.jpg","contentUrl":"https:\/\/emtel.pl\/wp-content\/uploads\/2019\/04\/image061.jpg","width":1200,"height":800,"caption":"EMTEL"},{"@type":"BreadcrumbList","@id":"https:\/\/emtel.pl\/index.php\/solutions-fr\/cardiologie\/?lang=fr#breadcrumb","itemListElement":[{"@type":"ListItem","position":1,"name":"Strona g\u0142\u00f3wna","item":"https:\/\/emtel.pl\/"},{"@type":"ListItem","position":2,"name":"Solutions","item":"https:\/\/emtel.pl\/index.php\/solutions-fr\/"},{"@type":"ListItem","position":3,"name":"Cardiologie"}]},{"@type":"WebSite","@id":"https:\/\/emtel.pl\/#website","url":"https:\/\/emtel.pl\/","name":"EMTEL - kardiomonitory, defibrylatory, profesjonalny serwis producenta","description":"Technologia od serca","potentialAction":[{"@type":"SearchAction","target":{"@type":"EntryPoint","urlTemplate":"https:\/\/emtel.pl\/?s={search_term_string}"},"query-input":{"@type":"PropertyValueSpecification","valueRequired":true,"valueName":"search_term_string"}}],"inLanguage":"pl-PL"}]}},"_links":{"self":[{"href":"https:\/\/emtel.pl\/index.php\/wp-json\/wp\/v2\/pages\/904","targetHints":{"allow":["GET"]}}],"collection":[{"href":"https:\/\/emtel.pl\/index.php\/wp-json\/wp\/v2\/pages"}],"about":[{"href":"https:\/\/emtel.pl\/index.php\/wp-json\/wp\/v2\/types\/page"}],"author":[{"embeddable":true,"href":"https:\/\/emtel.pl\/index.php\/wp-json\/wp\/v2\/users\/1"}],"replies":[{"embeddable":true,"href":"https:\/\/emtel.pl\/index.php\/wp-json\/wp\/v2\/comments?post=904"}],"version-history":[{"count":3,"href":"https:\/\/emtel.pl\/index.php\/wp-json\/wp\/v2\/pages\/904\/revisions"}],"predecessor-version":[{"id":1897,"href":"https:\/\/emtel.pl\/index.php\/wp-json\/wp\/v2\/pages\/904\/revisions\/1897"}],"up":[{"embeddable":true,"href":"https:\/\/emtel.pl\/index.php\/wp-json\/wp\/v2\/pages\/885"}],"wp:featuredmedia":[{"embeddable":true,"href":"https:\/\/emtel.pl\/index.php\/wp-json\/wp\/v2\/media\/524"}],"wp:attachment":[{"href":"https:\/\/emtel.pl\/index.php\/wp-json\/wp\/v2\/media?parent=904"}],"curies":[{"name":"wp","href":"https:\/\/api.w.org\/{rel}","templated":true}]}}