{"id":906,"date":"2019-05-29T12:41:17","date_gmt":"2019-05-29T10:41:17","guid":{"rendered":"http:\/\/emtel.pl\/?page_id=906"},"modified":"2019-10-23T09:19:26","modified_gmt":"2019-10-23T07:19:26","slug":"neurologie-medecine-interne","status":"publish","type":"page","link":"https:\/\/emtel.pl\/index.php\/solutions-fr\/neurologie-medecine-interne\/?lang=fr","title":{"rendered":"Neurologie, m\u00e9decine interne"},"content":{"rendered":"<section class=\"l-section wpb_row height_small\"><div class=\"l-section-h i-cf\"><div class=\"g-cols vc_row via_flex valign_top type_default stacking_default\"><div class=\"vc_col-sm-12 wpb_column vc_column_container\"><div class=\"vc_column-inner\"><div class=\"wpb_wrapper\"><div class=\"wpb_text_column\"><div class=\"wpb_wrapper\"><p>Le moniteur patient compact <a title=\"FX 3000\" href=\"http:\/\/emtel.pl\/index.php\/des-produits\/moniteur-patient-compact-fx-3000\/?lang=fr\">FX 3000<\/a> \u00e9quip\u00e9 d&#8217;un \u00e9cran de 19&#8243; est une solution typique et la plus souvent choisie pour les besoins de la neurologie et des services internes. Outre les param\u00e8tres de base (ECG, respiration, SpO<sub>2<\/sub> et PNI), le moniteur permet de surveiller:<\/p>\n<ul>\n<li>temp\u00e9rature (en deux points de mesure et leur diff\u00e9rence),<\/li>\n<li>pression art\u00e9rielle (intra-art\u00e9rielle) invasive (PI).<\/li>\n<\/ul>\n<p>En outre, la neurologie et les services internes sont \u00e9quip\u00e9s d&#8217;un d\u00e9fibrillateur biphasique <a title=\"DefiMax biphasic\" href=\"http:\/\/emtel.pl\/index.php\/des-produits\/defibrillateur-clinique-defimax-biphasic\/?lang=fr\">DefiMax biphasic<\/a> avec des options de:<\/p>\n<ul>\n<li>stimulateur (pacemaker) fonctionnant en mode asynchrone (fixe) ou synchrone (\u00e0 la demande),<\/li>\n<li>surveillance de la saturation (SpO<sub>2<\/sub>).<\/li>\n<\/ul>\n<\/div><\/div><\/div><\/div><\/div><\/div><\/div><\/section>\n","protected":false},"excerpt":{"rendered":"Le moniteur patient compact FX 3000 \u00e9quip\u00e9 d&#8217;un \u00e9cran de 19&#8243; est une solution typique et la plus souvent choisie pour les besoins de la neurologie et des services internes. Outre les param\u00e8tres de base (ECG, respiration, SpO2 et PNI), le moniteur permet de surveiller: temp\u00e9rature (en deux points de mesure et leur diff\u00e9rence), pression...","protected":false},"author":1,"featured_media":665,"parent":885,"menu_order":6,"comment_status":"closed","ping_status":"closed","template":"","meta":{"_jet_sm_ready_style":"","_jet_sm_style":"","_jet_sm_controls_values":"","_jet_sm_fonts_collection":"","_jet_sm_fonts_links":"","footnotes":"","_links_to":"","_links_to_target":""},"class_list":["post-906","page","type-page","status-publish","has-post-thumbnail","hentry"],"yoast_head":"<!-- This site is optimized with the Yoast SEO plugin v26.6 - https:\/\/yoast.com\/wordpress\/plugins\/seo\/ -->\n<title>Neurologie, m\u00e9decine interne - EMTEL - kardiomonitory, defibrylatory, profesjonalny serwis producenta<\/title>\n<meta name=\"description\" content=\"Le moniteur patient compact FX 3000 \u00e9quip\u00e9 d&#039;un \u00e9cran de 19&quot; est une solution typique et la plus souvent choisie pour les besoins de la neurologie et des services internes. Outre les param?tres de base (ECG, respiration, SpO2 et NIBP), le moniteur permet de surveiller...\" \/>\n<meta name=\"robots\" content=\"index, follow, max-snippet:-1, max-image-preview:large, max-video-preview:-1\" \/>\n<link rel=\"canonical\" href=\"https:\/\/emtel.pl\/index.php\/solutions-fr\/neurologie-medecine-interne\/\" \/>\n<meta property=\"og:locale\" content=\"pl_PL\" \/>\n<meta property=\"og:type\" content=\"article\" \/>\n<meta property=\"og:title\" content=\"Neurologie, m\u00e9decine interne - EMTEL - kardiomonitory, defibrylatory, profesjonalny serwis producenta\" \/>\n<meta property=\"og:description\" content=\"Le moniteur patient compact FX 3000 \u00e9quip\u00e9 d&#039;un \u00e9cran de 19&quot; est une solution typique et la plus souvent choisie pour les besoins de la neurologie et des services internes. Outre les param?tres de base (ECG, respiration, SpO2 et NIBP), le moniteur permet de surveiller...\" \/>\n<meta property=\"og:url\" content=\"https:\/\/emtel.pl\/index.php\/solutions-fr\/neurologie-medecine-interne\/?lang=fr\" \/>\n<meta property=\"og:site_name\" content=\"EMTEL - kardiomonitory, defibrylatory, profesjonalny serwis producenta\" \/>\n<meta property=\"article:modified_time\" content=\"2019-10-23T07:19:26+00:00\" \/>\n<meta property=\"og:image\" content=\"https:\/\/emtel.pl\/wp-content\/uploads\/2019\/04\/image048.jpg\" \/>\n\t<meta property=\"og:image:width\" content=\"1200\" \/>\n\t<meta property=\"og:image:height\" content=\"800\" \/>\n\t<meta property=\"og:image:type\" content=\"image\/jpeg\" \/>\n<meta name=\"twitter:card\" content=\"summary_large_image\" \/>\n<meta name=\"twitter:label1\" content=\"Szacowany czas czytania\" \/>\n\t<meta name=\"twitter:data1\" content=\"1 minuta\" \/>\n<script type=\"application\/ld+json\" class=\"yoast-schema-graph\">{\"@context\":\"https:\/\/schema.org\",\"@graph\":[{\"@type\":\"WebPage\",\"@id\":\"https:\/\/emtel.pl\/index.php\/solutions-fr\/neurologie-medecine-interne\/?lang=fr\",\"url\":\"https:\/\/emtel.pl\/index.php\/solutions-fr\/neurologie-medecine-interne\/?lang=fr\",\"name\":\"Neurologie, m\u00e9decine interne - EMTEL - kardiomonitory, defibrylatory, profesjonalny serwis producenta\",\"isPartOf\":{\"@id\":\"https:\/\/emtel.pl\/#website\"},\"primaryImageOfPage\":{\"@id\":\"https:\/\/emtel.pl\/index.php\/solutions-fr\/neurologie-medecine-interne\/?lang=fr#primaryimage\"},\"image\":{\"@id\":\"https:\/\/emtel.pl\/index.php\/solutions-fr\/neurologie-medecine-interne\/?lang=fr#primaryimage\"},\"thumbnailUrl\":\"https:\/\/emtel.pl\/wp-content\/uploads\/2019\/04\/image048.jpg\",\"datePublished\":\"2019-05-29T10:41:17+00:00\",\"dateModified\":\"2019-10-23T07:19:26+00:00\",\"description\":\"Le moniteur patient compact FX 3000 \u00e9quip\u00e9 d'un \u00e9cran de 19\\\" est une solution typique et la plus souvent choisie pour les besoins de la neurologie et des services internes. Outre les param?tres de base (ECG, respiration, SpO2 et NIBP), le moniteur permet de surveiller...\",\"breadcrumb\":{\"@id\":\"https:\/\/emtel.pl\/index.php\/solutions-fr\/neurologie-medecine-interne\/?lang=fr#breadcrumb\"},\"inLanguage\":\"pl-PL\",\"potentialAction\":[{\"@type\":\"ReadAction\",\"target\":[\"https:\/\/emtel.pl\/index.php\/solutions-fr\/neurologie-medecine-interne\/?lang=fr\"]}]},{\"@type\":\"ImageObject\",\"inLanguage\":\"pl-PL\",\"@id\":\"https:\/\/emtel.pl\/index.php\/solutions-fr\/neurologie-medecine-interne\/?lang=fr#primaryimage\",\"url\":\"https:\/\/emtel.pl\/wp-content\/uploads\/2019\/04\/image048.jpg\",\"contentUrl\":\"https:\/\/emtel.pl\/wp-content\/uploads\/2019\/04\/image048.jpg\",\"width\":1200,\"height\":800},{\"@type\":\"BreadcrumbList\",\"@id\":\"https:\/\/emtel.pl\/index.php\/solutions-fr\/neurologie-medecine-interne\/?lang=fr#breadcrumb\",\"itemListElement\":[{\"@type\":\"ListItem\",\"position\":1,\"name\":\"Strona g\u0142\u00f3wna\",\"item\":\"https:\/\/emtel.pl\/\"},{\"@type\":\"ListItem\",\"position\":2,\"name\":\"Solutions\",\"item\":\"https:\/\/emtel.pl\/index.php\/solutions-fr\/\"},{\"@type\":\"ListItem\",\"position\":3,\"name\":\"Neurologie, m\u00e9decine interne\"}]},{\"@type\":\"WebSite\",\"@id\":\"https:\/\/emtel.pl\/#website\",\"url\":\"https:\/\/emtel.pl\/\",\"name\":\"EMTEL - kardiomonitory, defibrylatory, profesjonalny serwis producenta\",\"description\":\"Technologia od serca\",\"potentialAction\":[{\"@type\":\"SearchAction\",\"target\":{\"@type\":\"EntryPoint\",\"urlTemplate\":\"https:\/\/emtel.pl\/?s={search_term_string}\"},\"query-input\":{\"@type\":\"PropertyValueSpecification\",\"valueRequired\":true,\"valueName\":\"search_term_string\"}}],\"inLanguage\":\"pl-PL\"}]}<\/script>\n<!-- \/ Yoast SEO plugin. -->","yoast_head_json":{"title":"Neurologie, m\u00e9decine interne - EMTEL - kardiomonitory, defibrylatory, profesjonalny serwis producenta","description":"Le moniteur patient compact FX 3000 \u00e9quip\u00e9 d'un \u00e9cran de 19\" est une solution typique et la plus souvent choisie pour les besoins de la neurologie et des services internes. Outre les param?tres de base (ECG, respiration, SpO2 et NIBP), le moniteur permet de surveiller...","robots":{"index":"index","follow":"follow","max-snippet":"max-snippet:-1","max-image-preview":"max-image-preview:large","max-video-preview":"max-video-preview:-1"},"canonical":"https:\/\/emtel.pl\/index.php\/solutions-fr\/neurologie-medecine-interne\/","og_locale":"pl_PL","og_type":"article","og_title":"Neurologie, m\u00e9decine interne - EMTEL - kardiomonitory, defibrylatory, profesjonalny serwis producenta","og_description":"Le moniteur patient compact FX 3000 \u00e9quip\u00e9 d'un \u00e9cran de 19\" est une solution typique et la plus souvent choisie pour les besoins de la neurologie et des services internes. Outre les param?tres de base (ECG, respiration, SpO2 et NIBP), le moniteur permet de surveiller...","og_url":"https:\/\/emtel.pl\/index.php\/solutions-fr\/neurologie-medecine-interne\/?lang=fr","og_site_name":"EMTEL - kardiomonitory, defibrylatory, profesjonalny serwis producenta","article_modified_time":"2019-10-23T07:19:26+00:00","og_image":[{"width":1200,"height":800,"url":"https:\/\/emtel.pl\/wp-content\/uploads\/2019\/04\/image048.jpg","type":"image\/jpeg"}],"twitter_card":"summary_large_image","twitter_misc":{"Szacowany czas czytania":"1 minuta"},"schema":{"@context":"https:\/\/schema.org","@graph":[{"@type":"WebPage","@id":"https:\/\/emtel.pl\/index.php\/solutions-fr\/neurologie-medecine-interne\/?lang=fr","url":"https:\/\/emtel.pl\/index.php\/solutions-fr\/neurologie-medecine-interne\/?lang=fr","name":"Neurologie, m\u00e9decine interne - EMTEL - kardiomonitory, defibrylatory, profesjonalny serwis producenta","isPartOf":{"@id":"https:\/\/emtel.pl\/#website"},"primaryImageOfPage":{"@id":"https:\/\/emtel.pl\/index.php\/solutions-fr\/neurologie-medecine-interne\/?lang=fr#primaryimage"},"image":{"@id":"https:\/\/emtel.pl\/index.php\/solutions-fr\/neurologie-medecine-interne\/?lang=fr#primaryimage"},"thumbnailUrl":"https:\/\/emtel.pl\/wp-content\/uploads\/2019\/04\/image048.jpg","datePublished":"2019-05-29T10:41:17+00:00","dateModified":"2019-10-23T07:19:26+00:00","description":"Le moniteur patient compact FX 3000 \u00e9quip\u00e9 d'un \u00e9cran de 19\" est une solution typique et la plus souvent choisie pour les besoins de la neurologie et des services internes. Outre les param?tres de base (ECG, respiration, SpO2 et NIBP), le moniteur permet de surveiller...","breadcrumb":{"@id":"https:\/\/emtel.pl\/index.php\/solutions-fr\/neurologie-medecine-interne\/?lang=fr#breadcrumb"},"inLanguage":"pl-PL","potentialAction":[{"@type":"ReadAction","target":["https:\/\/emtel.pl\/index.php\/solutions-fr\/neurologie-medecine-interne\/?lang=fr"]}]},{"@type":"ImageObject","inLanguage":"pl-PL","@id":"https:\/\/emtel.pl\/index.php\/solutions-fr\/neurologie-medecine-interne\/?lang=fr#primaryimage","url":"https:\/\/emtel.pl\/wp-content\/uploads\/2019\/04\/image048.jpg","contentUrl":"https:\/\/emtel.pl\/wp-content\/uploads\/2019\/04\/image048.jpg","width":1200,"height":800},{"@type":"BreadcrumbList","@id":"https:\/\/emtel.pl\/index.php\/solutions-fr\/neurologie-medecine-interne\/?lang=fr#breadcrumb","itemListElement":[{"@type":"ListItem","position":1,"name":"Strona g\u0142\u00f3wna","item":"https:\/\/emtel.pl\/"},{"@type":"ListItem","position":2,"name":"Solutions","item":"https:\/\/emtel.pl\/index.php\/solutions-fr\/"},{"@type":"ListItem","position":3,"name":"Neurologie, m\u00e9decine interne"}]},{"@type":"WebSite","@id":"https:\/\/emtel.pl\/#website","url":"https:\/\/emtel.pl\/","name":"EMTEL - kardiomonitory, defibrylatory, profesjonalny serwis producenta","description":"Technologia od serca","potentialAction":[{"@type":"SearchAction","target":{"@type":"EntryPoint","urlTemplate":"https:\/\/emtel.pl\/?s={search_term_string}"},"query-input":{"@type":"PropertyValueSpecification","valueRequired":true,"valueName":"search_term_string"}}],"inLanguage":"pl-PL"}]}},"_links":{"self":[{"href":"https:\/\/emtel.pl\/index.php\/wp-json\/wp\/v2\/pages\/906","targetHints":{"allow":["GET"]}}],"collection":[{"href":"https:\/\/emtel.pl\/index.php\/wp-json\/wp\/v2\/pages"}],"about":[{"href":"https:\/\/emtel.pl\/index.php\/wp-json\/wp\/v2\/types\/page"}],"author":[{"embeddable":true,"href":"https:\/\/emtel.pl\/index.php\/wp-json\/wp\/v2\/users\/1"}],"replies":[{"embeddable":true,"href":"https:\/\/emtel.pl\/index.php\/wp-json\/wp\/v2\/comments?post=906"}],"version-history":[{"count":4,"href":"https:\/\/emtel.pl\/index.php\/wp-json\/wp\/v2\/pages\/906\/revisions"}],"predecessor-version":[{"id":1991,"href":"https:\/\/emtel.pl\/index.php\/wp-json\/wp\/v2\/pages\/906\/revisions\/1991"}],"up":[{"embeddable":true,"href":"https:\/\/emtel.pl\/index.php\/wp-json\/wp\/v2\/pages\/885"}],"wp:featuredmedia":[{"embeddable":true,"href":"https:\/\/emtel.pl\/index.php\/wp-json\/wp\/v2\/media\/665"}],"wp:attachment":[{"href":"https:\/\/emtel.pl\/index.php\/wp-json\/wp\/v2\/media?parent=906"}],"curies":[{"name":"wp","href":"https:\/\/api.w.org\/{rel}","templated":true}]}}