{"id":908,"date":"2019-05-29T12:43:19","date_gmt":"2019-05-29T10:43:19","guid":{"rendered":"http:\/\/emtel.pl\/?page_id=908"},"modified":"2019-10-23T09:24:27","modified_gmt":"2019-10-23T07:24:27","slug":"service-durgence-de-lhopital","status":"publish","type":"page","link":"https:\/\/emtel.pl\/index.php\/solutions-fr\/service-durgence-de-lhopital\/?lang=fr","title":{"rendered":"Service d&#8217;urgence de l&#8217;h\u00f4pital"},"content":{"rendered":"<section class=\"l-section wpb_row height_small\"><div class=\"l-section-h i-cf\"><div class=\"g-cols vc_row via_flex valign_top type_default stacking_default\"><div class=\"vc_col-sm-12 wpb_column vc_column_container\"><div class=\"vc_column-inner\"><div class=\"wpb_wrapper\"><div class=\"wpb_text_column\"><div class=\"wpb_wrapper\"><p>Le moniteur patient compact <a title=\"FX 3000\" href=\"http:\/\/emtel.pl\/index.php\/des-produits\/moniteur-patient-compact-fx-3000\/?lang=fr\">FX 3000<\/a> \u00e9quip\u00e9 d&#8217;un \u00e9cran de 19&#8243; est une solution typique et la plus souvent choisie pour les besoins des services d&#8217;urgence hospitaliers. Un chariot, livr\u00e9 avec des moniteurs, facilite leur transport.<\/p>\n<p>Outre les param\u00e8tres de base (ECG, respiration, SpO<sub>2<\/sub> et PNI), le moniteur permet de surveiller:<\/p>\n<ul>\n<li>concentration de dioxyde de carbone ETCO<sub>2<\/sub> dans l&#8217;air expir\u00e9 des patients,<\/li>\n<li>temp\u00e9rature mesur\u00e9e dans n&#8217;importe quel point de mesure.<\/li>\n<\/ul>\n<p>Le d\u00e9fibrillateur biphasique <a title=\"DefiMax biphasic\" href=\"http:\/\/emtel.pl\/index.php\/des-produits\/defibrillateur-clinique-defimax-biphasic\/?lang=fr\">DefiMax biphasic<\/a> est un \u00e9l\u00e9ment particuli\u00e8rement important de l&#8217;\u00e9quipement de service d&#8217;urgence. Le d\u00e9fibrillateur fonctionne dans les modes suivants:<\/p>\n<ul>\n<li>manuel &#8211; l&#8217;\u00e9nergie pour la d\u00e9fibrillation est d\u00e9finie par un utilisateur,<\/li>\n<li>AED &#8211; d\u00e9fibrillation semi-automatique apr\u00e8s d\u00e9tection d&#8217;un rythme FV\/TV.<\/li>\n<\/ul>\n<p>De plus, le d\u00e9fibrillateur poss\u00e8de une option de cardioversion (d\u00e9fibrillation synchronis\u00e9e) et un stimulateur cardiaque fonctionnant en mode asynchrone (fixe) ou synchrone (\u00e0 la demande). Le dispositif surveille aussi les param\u00e8tres de base tels que l&#8217;ECG, la saturation (SpO<sub>2<\/sub>) et la pression art\u00e9rielle (PNI).<\/p>\n<\/div><\/div><\/div><\/div><\/div><\/div><\/div><\/section>\n","protected":false},"excerpt":{"rendered":"Le moniteur patient compact FX 3000 \u00e9quip\u00e9 d&#8217;un \u00e9cran de 19&#8243; est une solution typique et la plus souvent choisie pour les besoins des services d&#8217;urgence hospitaliers. Un chariot, livr\u00e9 avec des moniteurs, facilite leur transport. Outre les param\u00e8tres de base (ECG, respiration, SpO2 et PNI), le moniteur permet de surveiller: concentration de dioxyde de...","protected":false},"author":1,"featured_media":0,"parent":885,"menu_order":7,"comment_status":"closed","ping_status":"closed","template":"","meta":{"_jet_sm_ready_style":"","_jet_sm_style":"","_jet_sm_controls_values":"","_jet_sm_fonts_collection":"","_jet_sm_fonts_links":"","footnotes":"","_links_to":"","_links_to_target":""},"class_list":["post-908","page","type-page","status-publish","hentry"],"yoast_head":"<!-- This site is optimized with the Yoast SEO plugin v26.6 - https:\/\/yoast.com\/wordpress\/plugins\/seo\/ -->\n<title>Service d&#039;urgence de l&#039;h\u00f4pital - EMTEL - kardiomonitory, defibrylatory, profesjonalny serwis producenta<\/title>\n<meta name=\"description\" content=\"Le moniteur patient compact FX 3000 \u00e9quip\u00e9 d&#039;un \u00e9cran de 19&quot; est une solution typique et la plus souvent choisie pour les besoins des services d&#039;urgence hospitaliers. Un chariot, livr\u00e9 avec des moniteurs, facilite leur transport.\" \/>\n<meta name=\"robots\" content=\"index, follow, max-snippet:-1, max-image-preview:large, max-video-preview:-1\" \/>\n<link rel=\"canonical\" href=\"https:\/\/emtel.pl\/index.php\/solutions-fr\/service-durgence-de-lhopital\/\" \/>\n<meta property=\"og:locale\" content=\"pl_PL\" \/>\n<meta property=\"og:type\" content=\"article\" \/>\n<meta property=\"og:title\" content=\"Service d&#039;urgence de l&#039;h\u00f4pital - EMTEL - kardiomonitory, defibrylatory, profesjonalny serwis producenta\" \/>\n<meta property=\"og:description\" content=\"Le moniteur patient compact FX 3000 \u00e9quip\u00e9 d&#039;un \u00e9cran de 19&quot; est une solution typique et la plus souvent choisie pour les besoins des services d&#039;urgence hospitaliers. Un chariot, livr\u00e9 avec des moniteurs, facilite leur transport.\" \/>\n<meta property=\"og:url\" content=\"https:\/\/emtel.pl\/index.php\/solutions-fr\/service-durgence-de-lhopital\/?lang=fr\" \/>\n<meta property=\"og:site_name\" content=\"EMTEL - kardiomonitory, defibrylatory, profesjonalny serwis producenta\" \/>\n<meta property=\"article:modified_time\" content=\"2019-10-23T07:24:27+00:00\" \/>\n<meta name=\"twitter:card\" content=\"summary_large_image\" \/>\n<meta name=\"twitter:label1\" content=\"Szacowany czas czytania\" \/>\n\t<meta name=\"twitter:data1\" content=\"1 minuta\" \/>\n<script type=\"application\/ld+json\" class=\"yoast-schema-graph\">{\"@context\":\"https:\/\/schema.org\",\"@graph\":[{\"@type\":\"WebPage\",\"@id\":\"https:\/\/emtel.pl\/index.php\/solutions-fr\/service-durgence-de-lhopital\/?lang=fr\",\"url\":\"https:\/\/emtel.pl\/index.php\/solutions-fr\/service-durgence-de-lhopital\/?lang=fr\",\"name\":\"Service d'urgence de l'h\u00f4pital - EMTEL - kardiomonitory, defibrylatory, profesjonalny serwis producenta\",\"isPartOf\":{\"@id\":\"https:\/\/emtel.pl\/#website\"},\"datePublished\":\"2019-05-29T10:43:19+00:00\",\"dateModified\":\"2019-10-23T07:24:27+00:00\",\"description\":\"Le moniteur patient compact FX 3000 \u00e9quip\u00e9 d'un \u00e9cran de 19\\\" est une solution typique et la plus souvent choisie pour les besoins des services d'urgence hospitaliers. Un chariot, livr\u00e9 avec des moniteurs, facilite leur transport.\",\"breadcrumb\":{\"@id\":\"https:\/\/emtel.pl\/index.php\/solutions-fr\/service-durgence-de-lhopital\/?lang=fr#breadcrumb\"},\"inLanguage\":\"pl-PL\",\"potentialAction\":[{\"@type\":\"ReadAction\",\"target\":[\"https:\/\/emtel.pl\/index.php\/solutions-fr\/service-durgence-de-lhopital\/?lang=fr\"]}]},{\"@type\":\"BreadcrumbList\",\"@id\":\"https:\/\/emtel.pl\/index.php\/solutions-fr\/service-durgence-de-lhopital\/?lang=fr#breadcrumb\",\"itemListElement\":[{\"@type\":\"ListItem\",\"position\":1,\"name\":\"Strona g\u0142\u00f3wna\",\"item\":\"https:\/\/emtel.pl\/\"},{\"@type\":\"ListItem\",\"position\":2,\"name\":\"Solutions\",\"item\":\"https:\/\/emtel.pl\/index.php\/solutions-fr\/\"},{\"@type\":\"ListItem\",\"position\":3,\"name\":\"Service d&rsquo;urgence de l&rsquo;h\u00f4pital\"}]},{\"@type\":\"WebSite\",\"@id\":\"https:\/\/emtel.pl\/#website\",\"url\":\"https:\/\/emtel.pl\/\",\"name\":\"EMTEL - kardiomonitory, defibrylatory, profesjonalny serwis producenta\",\"description\":\"Technologia od serca\",\"potentialAction\":[{\"@type\":\"SearchAction\",\"target\":{\"@type\":\"EntryPoint\",\"urlTemplate\":\"https:\/\/emtel.pl\/?s={search_term_string}\"},\"query-input\":{\"@type\":\"PropertyValueSpecification\",\"valueRequired\":true,\"valueName\":\"search_term_string\"}}],\"inLanguage\":\"pl-PL\"}]}<\/script>\n<!-- \/ Yoast SEO plugin. -->","yoast_head_json":{"title":"Service d'urgence de l'h\u00f4pital - EMTEL - kardiomonitory, defibrylatory, profesjonalny serwis producenta","description":"Le moniteur patient compact FX 3000 \u00e9quip\u00e9 d'un \u00e9cran de 19\" est une solution typique et la plus souvent choisie pour les besoins des services d'urgence hospitaliers. Un chariot, livr\u00e9 avec des moniteurs, facilite leur transport.","robots":{"index":"index","follow":"follow","max-snippet":"max-snippet:-1","max-image-preview":"max-image-preview:large","max-video-preview":"max-video-preview:-1"},"canonical":"https:\/\/emtel.pl\/index.php\/solutions-fr\/service-durgence-de-lhopital\/","og_locale":"pl_PL","og_type":"article","og_title":"Service d'urgence de l'h\u00f4pital - EMTEL - kardiomonitory, defibrylatory, profesjonalny serwis producenta","og_description":"Le moniteur patient compact FX 3000 \u00e9quip\u00e9 d'un \u00e9cran de 19\" est une solution typique et la plus souvent choisie pour les besoins des services d'urgence hospitaliers. Un chariot, livr\u00e9 avec des moniteurs, facilite leur transport.","og_url":"https:\/\/emtel.pl\/index.php\/solutions-fr\/service-durgence-de-lhopital\/?lang=fr","og_site_name":"EMTEL - kardiomonitory, defibrylatory, profesjonalny serwis producenta","article_modified_time":"2019-10-23T07:24:27+00:00","twitter_card":"summary_large_image","twitter_misc":{"Szacowany czas czytania":"1 minuta"},"schema":{"@context":"https:\/\/schema.org","@graph":[{"@type":"WebPage","@id":"https:\/\/emtel.pl\/index.php\/solutions-fr\/service-durgence-de-lhopital\/?lang=fr","url":"https:\/\/emtel.pl\/index.php\/solutions-fr\/service-durgence-de-lhopital\/?lang=fr","name":"Service d'urgence de l'h\u00f4pital - EMTEL - kardiomonitory, defibrylatory, profesjonalny serwis producenta","isPartOf":{"@id":"https:\/\/emtel.pl\/#website"},"datePublished":"2019-05-29T10:43:19+00:00","dateModified":"2019-10-23T07:24:27+00:00","description":"Le moniteur patient compact FX 3000 \u00e9quip\u00e9 d'un \u00e9cran de 19\" est une solution typique et la plus souvent choisie pour les besoins des services d'urgence hospitaliers. Un chariot, livr\u00e9 avec des moniteurs, facilite leur transport.","breadcrumb":{"@id":"https:\/\/emtel.pl\/index.php\/solutions-fr\/service-durgence-de-lhopital\/?lang=fr#breadcrumb"},"inLanguage":"pl-PL","potentialAction":[{"@type":"ReadAction","target":["https:\/\/emtel.pl\/index.php\/solutions-fr\/service-durgence-de-lhopital\/?lang=fr"]}]},{"@type":"BreadcrumbList","@id":"https:\/\/emtel.pl\/index.php\/solutions-fr\/service-durgence-de-lhopital\/?lang=fr#breadcrumb","itemListElement":[{"@type":"ListItem","position":1,"name":"Strona g\u0142\u00f3wna","item":"https:\/\/emtel.pl\/"},{"@type":"ListItem","position":2,"name":"Solutions","item":"https:\/\/emtel.pl\/index.php\/solutions-fr\/"},{"@type":"ListItem","position":3,"name":"Service d&rsquo;urgence de l&rsquo;h\u00f4pital"}]},{"@type":"WebSite","@id":"https:\/\/emtel.pl\/#website","url":"https:\/\/emtel.pl\/","name":"EMTEL - kardiomonitory, defibrylatory, profesjonalny serwis producenta","description":"Technologia od serca","potentialAction":[{"@type":"SearchAction","target":{"@type":"EntryPoint","urlTemplate":"https:\/\/emtel.pl\/?s={search_term_string}"},"query-input":{"@type":"PropertyValueSpecification","valueRequired":true,"valueName":"search_term_string"}}],"inLanguage":"pl-PL"}]}},"_links":{"self":[{"href":"https:\/\/emtel.pl\/index.php\/wp-json\/wp\/v2\/pages\/908","targetHints":{"allow":["GET"]}}],"collection":[{"href":"https:\/\/emtel.pl\/index.php\/wp-json\/wp\/v2\/pages"}],"about":[{"href":"https:\/\/emtel.pl\/index.php\/wp-json\/wp\/v2\/types\/page"}],"author":[{"embeddable":true,"href":"https:\/\/emtel.pl\/index.php\/wp-json\/wp\/v2\/users\/1"}],"replies":[{"embeddable":true,"href":"https:\/\/emtel.pl\/index.php\/wp-json\/wp\/v2\/comments?post=908"}],"version-history":[{"count":5,"href":"https:\/\/emtel.pl\/index.php\/wp-json\/wp\/v2\/pages\/908\/revisions"}],"predecessor-version":[{"id":1992,"href":"https:\/\/emtel.pl\/index.php\/wp-json\/wp\/v2\/pages\/908\/revisions\/1992"}],"up":[{"embeddable":true,"href":"https:\/\/emtel.pl\/index.php\/wp-json\/wp\/v2\/pages\/885"}],"wp:attachment":[{"href":"https:\/\/emtel.pl\/index.php\/wp-json\/wp\/v2\/media?parent=908"}],"curies":[{"name":"wp","href":"https:\/\/api.w.org\/{rel}","templated":true}]}}