{"id":917,"date":"2019-05-29T13:01:51","date_gmt":"2019-05-29T11:01:51","guid":{"rendered":"http:\/\/emtel.pl\/?page_id=917"},"modified":"2019-10-18T11:02:22","modified_gmt":"2019-10-18T09:02:22","slug":"entreprise","status":"publish","type":"page","link":"https:\/\/emtel.pl\/index.php\/entreprise\/?lang=fr","title":{"rendered":"Entreprise"},"content":{"rendered":"<section class=\"l-section wpb_row height_small\"><div class=\"l-section-h i-cf\"><div class=\"g-cols vc_row via_flex valign_top type_default stacking_default\"><div class=\"vc_col-sm-12 wpb_column vc_column_container\"><div class=\"vc_column-inner\"><div class=\"wpb_wrapper\"><div class=\"wpb_text_column\"><div class=\"wpb_wrapper\"><p><strong>EMTEL, cr\u00e9\u00e9 en 1992, est un des principaux fabricants de moniteurs patient et de dispositifs de r\u00e9animation en Pologne.<\/strong><\/p>\n<p>Le moniteur patient FX 862, cr\u00e9\u00e9 par Waldemar Sliwa &#8211; le fondateur de notre soci\u00e9t\u00e9, et le d\u00e9fibrillateur DEFI CARD Combi ont \u00e9t\u00e9 les premiers produits lanc\u00e9s sur le march\u00e9 par EMTEL.<\/p>\n<p>Avec plus de 25 ans d&#8217;exp\u00e9rience dans le march\u00e9 m\u00e9dical, notre soci\u00e9t\u00e9 a gagn\u00e9 la confiance des cliniques, des h\u00f4pitaux r\u00e9gionaux et locaux et des services de secours. Nos dispositifs m\u00e9dicaux sont utilis\u00e9s avec succ\u00e8s en Pologne et dans d&#8217;autres pays d&#8217;Europe, d&#8217;Asie, d&#8217;Am\u00e9rique du Sud et d&#8217;Australie.<\/p>\n<p>Les produits d&#8217;EMTEL sont reconnus dans les plus grands salons de la foire m\u00e9dicale, tels que Arab Health \u00e0 Duba\u00ef et Medica \u00e0 D\u00fcsseldorf.<\/p>\n<\/div><\/div><\/div><\/div><\/div><\/div><\/div><\/section><section class=\"l-section wpb_row height_small\"><div class=\"l-section-h i-cf\"><div class=\"g-cols vc_row via_flex valign_top type_default stacking_default\"><div class=\"vc_col-sm-12 wpb_column vc_column_container\"><div class=\"vc_column-inner\"><div class=\"wpb_wrapper\"><div class=\"wpb_text_column\"><div class=\"wpb_wrapper\"><h2>Technologies<\/h2>\n<p><strong>Les moniteurs patient<\/strong> : modulaires, compacts, portables ainsi que les syst\u00e8mes de surveillance permettent la transmission de donn\u00e9es entre les moniteurs et une station centrale.<\/p>\n<p>Leurs grands \u00e9crans tactiles LCD de 19&#8243; et leurs interfaces lisibles et conviviales, d\u00e9velopp\u00e9es sur la base d&#8217;une coop\u00e9ration \u00e0 long terme avec le personnel hospitalier, sont les caract\u00e9ristiques qui distinguent nos produits.<\/p>\n<p><strong>Les d\u00e9fibrillateurs<\/strong> cliniques avec cardioversion permettent de surveiller l&#8217;ECG, l&#8217;arythmie, la pression art\u00e9rielle et la SpO<sub>2<\/sub>. L&#8217;appareil a re\u00e7u un avis positif du Conseil Polonais de R\u00e9animation.<\/p>\n<p>Les d\u00e9fibrillateurs sont con\u00e7us pour fonctionner avec les adultes, les enfants et les nouveau-n\u00e9s. La qualit\u00e9 de nos produits est garantie par nos sous-traitants: CAS Medical Systems (CASMED), Nellcor\/Covidien, Respironics et PhaseIn.<\/p>\n<\/div><\/div><\/div><\/div><\/div><\/div><\/div><\/section><section class=\"l-section wpb_row height_small\"><div class=\"l-section-h i-cf\"><div class=\"g-cols vc_row via_flex valign_top type_default stacking_default\"><div class=\"vc_col-sm-12 wpb_column vc_column_container\"><div class=\"vc_column-inner\"><div class=\"wpb_wrapper\"><div class=\"wpb_text_column\"><div class=\"wpb_wrapper\"><h2>Engagement social<\/h2>\n<p>Notre entreprise est fi\u00e8re de son engagement dans les actions sociales. Nous avons coop\u00e9r\u00e9 avec le Grand Orchestre de Charit\u00e9 de No\u00ebl et la Fondation Polsat.<\/p>\n<\/div><\/div><\/div><\/div><\/div><\/div><\/div><\/section>\n","protected":false},"excerpt":{"rendered":"EMTEL, cr\u00e9\u00e9 en 1992, est un des principaux fabricants de moniteurs patient et de dispositifs de r\u00e9animation en Pologne. Le moniteur patient FX 862, cr\u00e9\u00e9 par Waldemar Sliwa &#8211; le fondateur de notre soci\u00e9t\u00e9, et le d\u00e9fibrillateur DEFI CARD Combi ont \u00e9t\u00e9 les premiers produits lanc\u00e9s sur le march\u00e9 par EMTEL. Avec plus de 25...","protected":false},"author":1,"featured_media":0,"parent":0,"menu_order":3,"comment_status":"closed","ping_status":"closed","template":"","meta":{"_jet_sm_ready_style":"","_jet_sm_style":"","_jet_sm_controls_values":"","_jet_sm_fonts_collection":"","_jet_sm_fonts_links":"","footnotes":"","_links_to":"","_links_to_target":""},"class_list":["post-917","page","type-page","status-publish","hentry"],"yoast_head":"<!-- This site is optimized with the Yoast SEO plugin v27.4 - https:\/\/yoast.com\/product\/yoast-seo-wordpress\/ -->\n<title>Entreprise - EMTEL - kardiomonitory, defibrylatory, profesjonalny serwis producenta<\/title>\n<meta name=\"description\" content=\"EMTEL, cr\u00e9\u00e9 en 1992, est un des principaux fabricants de moniteurs patient et de dispositifs de r\u00e9animation en Pologne.Le moniteur patient FX 862, cr\u00e9\u00e9 par Waldemar Sliwa - le fondateur de notre soci\u00e9t\u00e9, et le d\u00e9fibrillateur DEFI CARD Combi ont \u00e9t\u00e9 les premiers produits lanc\u00e9s sur le march\u00e9 par EMTEL.\" \/>\n<meta name=\"robots\" content=\"index, follow, max-snippet:-1, max-image-preview:large, max-video-preview:-1\" \/>\n<link rel=\"canonical\" href=\"https:\/\/emtel.pl\/index.php\/entreprise\/\" \/>\n<meta property=\"og:locale\" content=\"pl_PL\" \/>\n<meta property=\"og:type\" content=\"article\" \/>\n<meta property=\"og:title\" content=\"Entreprise - EMTEL - kardiomonitory, defibrylatory, profesjonalny serwis producenta\" \/>\n<meta property=\"og:description\" content=\"EMTEL, cr\u00e9\u00e9 en 1992, est un des principaux fabricants de moniteurs patient et de dispositifs de r\u00e9animation en Pologne.Le moniteur patient FX 862, cr\u00e9\u00e9 par Waldemar Sliwa - le fondateur de notre soci\u00e9t\u00e9, et le d\u00e9fibrillateur DEFI CARD Combi ont \u00e9t\u00e9 les premiers produits lanc\u00e9s sur le march\u00e9 par EMTEL.\" \/>\n<meta property=\"og:url\" content=\"https:\/\/emtel.pl\/index.php\/entreprise\/?lang=fr\" \/>\n<meta property=\"og:site_name\" content=\"EMTEL - kardiomonitory, defibrylatory, profesjonalny serwis producenta\" \/>\n<meta property=\"article:modified_time\" content=\"2019-10-18T09:02:22+00:00\" \/>\n<meta name=\"twitter:card\" content=\"summary_large_image\" \/>\n<meta name=\"twitter:label1\" content=\"Szacowany czas czytania\" \/>\n\t<meta name=\"twitter:data1\" content=\"2 minuty\" \/>\n<script type=\"application\/ld+json\" class=\"yoast-schema-graph\">{\"@context\":\"https:\\\/\\\/schema.org\",\"@graph\":[{\"@type\":\"WebPage\",\"@id\":\"https:\\\/\\\/emtel.pl\\\/index.php\\\/entreprise\\\/?lang=fr\",\"url\":\"https:\\\/\\\/emtel.pl\\\/index.php\\\/entreprise\\\/?lang=fr\",\"name\":\"Entreprise - EMTEL - kardiomonitory, defibrylatory, profesjonalny serwis producenta\",\"isPartOf\":{\"@id\":\"https:\\\/\\\/emtel.pl\\\/#website\"},\"datePublished\":\"2019-05-29T11:01:51+00:00\",\"dateModified\":\"2019-10-18T09:02:22+00:00\",\"description\":\"EMTEL, cr\u00e9\u00e9 en 1992, est un des principaux fabricants de moniteurs patient et de dispositifs de r\u00e9animation en Pologne.Le moniteur patient FX 862, cr\u00e9\u00e9 par Waldemar Sliwa - le fondateur de notre soci\u00e9t\u00e9, et le d\u00e9fibrillateur DEFI CARD Combi ont \u00e9t\u00e9 les premiers produits lanc\u00e9s sur le march\u00e9 par EMTEL.\",\"breadcrumb\":{\"@id\":\"https:\\\/\\\/emtel.pl\\\/index.php\\\/entreprise\\\/?lang=fr#breadcrumb\"},\"inLanguage\":\"pl-PL\",\"potentialAction\":[{\"@type\":\"ReadAction\",\"target\":[\"https:\\\/\\\/emtel.pl\\\/index.php\\\/entreprise\\\/?lang=fr\"]}]},{\"@type\":\"BreadcrumbList\",\"@id\":\"https:\\\/\\\/emtel.pl\\\/index.php\\\/entreprise\\\/?lang=fr#breadcrumb\",\"itemListElement\":[{\"@type\":\"ListItem\",\"position\":1,\"name\":\"Strona g\u0142\u00f3wna\",\"item\":\"https:\\\/\\\/emtel.pl\\\/\"},{\"@type\":\"ListItem\",\"position\":2,\"name\":\"Entreprise\"}]},{\"@type\":\"WebSite\",\"@id\":\"https:\\\/\\\/emtel.pl\\\/#website\",\"url\":\"https:\\\/\\\/emtel.pl\\\/\",\"name\":\"EMTEL - kardiomonitory, defibrylatory, profesjonalny serwis producenta\",\"description\":\"Technologia od serca\",\"potentialAction\":[{\"@type\":\"SearchAction\",\"target\":{\"@type\":\"EntryPoint\",\"urlTemplate\":\"https:\\\/\\\/emtel.pl\\\/?s={search_term_string}\"},\"query-input\":{\"@type\":\"PropertyValueSpecification\",\"valueRequired\":true,\"valueName\":\"search_term_string\"}}],\"inLanguage\":\"pl-PL\"}]}<\/script>\n<!-- \/ Yoast SEO plugin. -->","yoast_head_json":{"title":"Entreprise - EMTEL - kardiomonitory, defibrylatory, profesjonalny serwis producenta","description":"EMTEL, cr\u00e9\u00e9 en 1992, est un des principaux fabricants de moniteurs patient et de dispositifs de r\u00e9animation en Pologne.Le moniteur patient FX 862, cr\u00e9\u00e9 par Waldemar Sliwa - le fondateur de notre soci\u00e9t\u00e9, et le d\u00e9fibrillateur DEFI CARD Combi ont \u00e9t\u00e9 les premiers produits lanc\u00e9s sur le march\u00e9 par EMTEL.","robots":{"index":"index","follow":"follow","max-snippet":"max-snippet:-1","max-image-preview":"max-image-preview:large","max-video-preview":"max-video-preview:-1"},"canonical":"https:\/\/emtel.pl\/index.php\/entreprise\/","og_locale":"pl_PL","og_type":"article","og_title":"Entreprise - EMTEL - kardiomonitory, defibrylatory, profesjonalny serwis producenta","og_description":"EMTEL, cr\u00e9\u00e9 en 1992, est un des principaux fabricants de moniteurs patient et de dispositifs de r\u00e9animation en Pologne.Le moniteur patient FX 862, cr\u00e9\u00e9 par Waldemar Sliwa - le fondateur de notre soci\u00e9t\u00e9, et le d\u00e9fibrillateur DEFI CARD Combi ont \u00e9t\u00e9 les premiers produits lanc\u00e9s sur le march\u00e9 par EMTEL.","og_url":"https:\/\/emtel.pl\/index.php\/entreprise\/?lang=fr","og_site_name":"EMTEL - kardiomonitory, defibrylatory, profesjonalny serwis producenta","article_modified_time":"2019-10-18T09:02:22+00:00","twitter_card":"summary_large_image","twitter_misc":{"Szacowany czas czytania":"2 minuty"},"schema":{"@context":"https:\/\/schema.org","@graph":[{"@type":"WebPage","@id":"https:\/\/emtel.pl\/index.php\/entreprise\/?lang=fr","url":"https:\/\/emtel.pl\/index.php\/entreprise\/?lang=fr","name":"Entreprise - EMTEL - kardiomonitory, defibrylatory, profesjonalny serwis producenta","isPartOf":{"@id":"https:\/\/emtel.pl\/#website"},"datePublished":"2019-05-29T11:01:51+00:00","dateModified":"2019-10-18T09:02:22+00:00","description":"EMTEL, cr\u00e9\u00e9 en 1992, est un des principaux fabricants de moniteurs patient et de dispositifs de r\u00e9animation en Pologne.Le moniteur patient FX 862, cr\u00e9\u00e9 par Waldemar Sliwa - le fondateur de notre soci\u00e9t\u00e9, et le d\u00e9fibrillateur DEFI CARD Combi ont \u00e9t\u00e9 les premiers produits lanc\u00e9s sur le march\u00e9 par EMTEL.","breadcrumb":{"@id":"https:\/\/emtel.pl\/index.php\/entreprise\/?lang=fr#breadcrumb"},"inLanguage":"pl-PL","potentialAction":[{"@type":"ReadAction","target":["https:\/\/emtel.pl\/index.php\/entreprise\/?lang=fr"]}]},{"@type":"BreadcrumbList","@id":"https:\/\/emtel.pl\/index.php\/entreprise\/?lang=fr#breadcrumb","itemListElement":[{"@type":"ListItem","position":1,"name":"Strona g\u0142\u00f3wna","item":"https:\/\/emtel.pl\/"},{"@type":"ListItem","position":2,"name":"Entreprise"}]},{"@type":"WebSite","@id":"https:\/\/emtel.pl\/#website","url":"https:\/\/emtel.pl\/","name":"EMTEL - kardiomonitory, defibrylatory, profesjonalny serwis producenta","description":"Technologia od serca","potentialAction":[{"@type":"SearchAction","target":{"@type":"EntryPoint","urlTemplate":"https:\/\/emtel.pl\/?s={search_term_string}"},"query-input":{"@type":"PropertyValueSpecification","valueRequired":true,"valueName":"search_term_string"}}],"inLanguage":"pl-PL"}]}},"_links":{"self":[{"href":"https:\/\/emtel.pl\/index.php\/wp-json\/wp\/v2\/pages\/917","targetHints":{"allow":["GET"]}}],"collection":[{"href":"https:\/\/emtel.pl\/index.php\/wp-json\/wp\/v2\/pages"}],"about":[{"href":"https:\/\/emtel.pl\/index.php\/wp-json\/wp\/v2\/types\/page"}],"author":[{"embeddable":true,"href":"https:\/\/emtel.pl\/index.php\/wp-json\/wp\/v2\/users\/1"}],"replies":[{"embeddable":true,"href":"https:\/\/emtel.pl\/index.php\/wp-json\/wp\/v2\/comments?post=917"}],"version-history":[{"count":4,"href":"https:\/\/emtel.pl\/index.php\/wp-json\/wp\/v2\/pages\/917\/revisions"}],"predecessor-version":[{"id":1900,"href":"https:\/\/emtel.pl\/index.php\/wp-json\/wp\/v2\/pages\/917\/revisions\/1900"}],"wp:attachment":[{"href":"https:\/\/emtel.pl\/index.php\/wp-json\/wp\/v2\/media?parent=917"}],"curies":[{"name":"wp","href":"https:\/\/api.w.org\/{rel}","templated":true}]}}