{"id":920,"date":"2019-05-29T13:13:48","date_gmt":"2019-05-29T11:13:48","guid":{"rendered":"http:\/\/emtel.pl\/?page_id=920"},"modified":"2021-11-29T12:26:48","modified_gmt":"2021-11-29T11:26:48","slug":"certificates","status":"publish","type":"page","link":"https:\/\/emtel.pl\/index.php\/entreprise\/certificates\/?lang=fr","title":{"rendered":"Certificates"},"content":{"rendered":"<section class=\"l-section wpb_row height_small\"><div class=\"l-section-h i-cf\"><div class=\"g-cols vc_row via_flex valign_top type_default stacking_default\"><div class=\"vc_col-sm-12 wpb_column vc_column_container\"><div class=\"vc_column-inner\"><div class=\"wpb_wrapper\"><div class=\"wpb_text_column\"><div class=\"wpb_wrapper\"><p>Afin de garantir la plus grande fiabilit\u00e9 de nos produits, notre soci\u00e9t\u00e9 a obtenu le certificat ISO9002. C&#8217;\u00e9tait le premier certificat re\u00e7u par un fabricant de mat\u00e9riel m\u00e9dical en Pologne.<\/p>\n<p>Apr\u00e8s trois ans de maintenance et d&#8217;am\u00e9lioration du syst\u00e8me de gestion de la qualit\u00e9 selon le certificat ISO 9002, en mai 2001 EMTEL a obtenu le certificat ISO 9001. Ce certificat a prouv\u00e9 que nos d\u00e9partements de production et de d\u00e9veloppement r\u00e9pondent aux exigences du syst\u00e8me de gestion de la qualit\u00e9.<\/p>\n<p>En 2003, nous avons obtenu les certificats confirmant le respect des exigences de la directive europ\u00e9enne 93\/42\/CEE et des normes: EN ISO 9001 et EN ISO13485. C&#8217;\u00e9tait une \u00e9tape importante dans l&#8217;am\u00e9lioration du syst\u00e8me de gestion de la qualit\u00e9 qui a permis de recevoir un certificat CE pour tous nos produits.<\/p>\n<p>Nous maintenons un haut niveau de moniteurs et de d\u00e9fibrillateurs et ils r\u00e9pondent syst\u00e9matiquement aux exigences des directives 93\/42\/CEE. Ceci est confirm\u00e9 par des audits annuels effectu\u00e9s par le TUV NORD Polska, qui renouvelle le certificat CE pour tous les produits.<\/p>\n<p>En 2019, nous avons d\u00e9cid\u00e9 de maintenir la certification de la norme ISO 13485 en tant que syst\u00e8me de gestion de la qualit\u00e9 appropri\u00e9 pour le fabricant de l&#8217;\u00e9quipement m\u00e9dical.<\/p>\n<\/div><\/div><\/div><\/div><\/div><\/div><\/div><\/section><section class=\"l-section wpb_row height_small\"><div class=\"l-section-h i-cf\"><div class=\"g-cols vc_row via_flex valign_top type_default stacking_default\"><div class=\"vc_col-sm-12 wpb_column vc_column_container\"><div class=\"vc_column-inner\"><div class=\"wpb_wrapper\"><div class=\"w-grid us_grid type_masonry layout_gallery_default hidden cols_2 preload_style_spinner with_isotope\" id=\"us_grid_1\" style=\"--columns:2;--gap:1.5rem;\" data-filterable=\"true\"><style>@media (max-width:600px){#us_grid_1{--columns:1!important}}.layout_gallery_default .w-grid-item-h{}<\/style><div class=\"w-grid-list\"><\/div>\t<div class=\"w-grid-preloader\">\r\n\t\t<div class=\"g-preloader type_5\">\r\n\t\t\t<div><\/div>\r\n\t\t<\/div>\r\n\t<\/div>\r\n\t\t<div class=\"w-grid-json hidden\" onclick='return {&quot;action&quot;:&quot;us_ajax_grid&quot;,&quot;infinite_scroll&quot;:0,&quot;max_num_pages&quot;:0,&quot;pagination&quot;:&quot;none&quot;,&quot;template_vars&quot;:{&quot;columns&quot;:&quot;2&quot;,&quot;exclude_items&quot;:&quot;none&quot;,&quot;img_size&quot;:&quot;large&quot;,&quot;ignore_items_size&quot;:0,&quot;items_layout&quot;:&quot;gallery_default&quot;,&quot;items_offset&quot;:&quot;1&quot;,&quot;load_animation&quot;:&quot;none&quot;,&quot;overriding_link&quot;:&quot;%7B%22type%22%3A%22popup_image%22%7D&quot;,&quot;post_id&quot;:0,&quot;query_args&quot;:{&quot;post_type&quot;:[&quot;attachment&quot;],&quot;post__in&quot;:[&quot;2281&quot;,&quot;1657&quot;],&quot;post_status&quot;:&quot;inherit&quot;,&quot;post_mime_type&quot;:&quot;image&quot;,&quot;posts_per_page&quot;:999},&quot;orderby_query_args&quot;:{&quot;orderby&quot;:{&quot;date&quot;:&quot;DESC&quot;}},&quot;type&quot;:&quot;masonry&quot;,&quot;us_grid_post_type&quot;:&quot;attachment&quot;,&quot;us_grid_ajax_index&quot;:1,&quot;us_grid_filter_query_string&quot;:null,&quot;us_grid_index&quot;:1,&quot;page_args&quot;:[]}}'><\/div>\r\n\t<\/div><div class=\"w-grid-none type_message\">Brak wynik\u00f3w.<\/div><\/div><\/div><\/div><\/div><\/div><\/section>\n","protected":false},"excerpt":{"rendered":"Afin de garantir la plus grande fiabilit\u00e9 de nos produits, notre soci\u00e9t\u00e9 a obtenu le certificat ISO9002. C&#8217;\u00e9tait le premier certificat re\u00e7u par un fabricant de mat\u00e9riel m\u00e9dical en Pologne. Apr\u00e8s trois ans de maintenance et d&#8217;am\u00e9lioration du syst\u00e8me de gestion de la qualit\u00e9 selon le certificat ISO 9002, en mai 2001 EMTEL a obtenu...","protected":false},"author":1,"featured_media":0,"parent":917,"menu_order":2,"comment_status":"closed","ping_status":"closed","template":"","meta":{"_jet_sm_ready_style":"","_jet_sm_style":"","_jet_sm_controls_values":"","_jet_sm_fonts_collection":"","_jet_sm_fonts_links":"","footnotes":"","_links_to":"","_links_to_target":""},"class_list":["post-920","page","type-page","status-publish","hentry"],"yoast_head":"<!-- This site is optimized with the Yoast SEO plugin v26.6 - https:\/\/yoast.com\/wordpress\/plugins\/seo\/ -->\n<title>Certificates - EMTEL - kardiomonitory, defibrylatory, profesjonalny serwis producenta<\/title>\n<meta name=\"description\" content=\"Afin de garantir la plus grande fiabilit\u00e9 de nos produits, notre soci\u00e9t\u00e9 a obtenu le certificat ISO9002. C&#039;\u00e9tait le premier certificat re\u00e7u par un fabricant de mat\u00e9riel m\u00e9dical en Pologne.\" \/>\n<meta name=\"robots\" content=\"index, follow, max-snippet:-1, max-image-preview:large, max-video-preview:-1\" \/>\n<link rel=\"canonical\" href=\"https:\/\/emtel.pl\/index.php\/entreprise\/certificates\/\" \/>\n<meta property=\"og:locale\" content=\"pl_PL\" \/>\n<meta property=\"og:type\" content=\"article\" \/>\n<meta property=\"og:title\" content=\"Certificates - EMTEL - kardiomonitory, defibrylatory, profesjonalny serwis producenta\" \/>\n<meta property=\"og:description\" content=\"Afin de garantir la plus grande fiabilit\u00e9 de nos produits, notre soci\u00e9t\u00e9 a obtenu le certificat ISO9002. C&#039;\u00e9tait le premier certificat re\u00e7u par un fabricant de mat\u00e9riel m\u00e9dical en Pologne.\" \/>\n<meta property=\"og:url\" content=\"https:\/\/emtel.pl\/index.php\/entreprise\/certificates\/?lang=fr\" \/>\n<meta property=\"og:site_name\" content=\"EMTEL - kardiomonitory, defibrylatory, profesjonalny serwis producenta\" \/>\n<meta property=\"article:modified_time\" content=\"2021-11-29T11:26:48+00:00\" \/>\n<meta name=\"twitter:card\" content=\"summary_large_image\" \/>\n<meta name=\"twitter:label1\" content=\"Szacowany czas czytania\" \/>\n\t<meta name=\"twitter:data1\" content=\"1 minuta\" \/>\n<script type=\"application\/ld+json\" class=\"yoast-schema-graph\">{\"@context\":\"https:\/\/schema.org\",\"@graph\":[{\"@type\":\"WebPage\",\"@id\":\"https:\/\/emtel.pl\/index.php\/entreprise\/certificates\/?lang=fr\",\"url\":\"https:\/\/emtel.pl\/index.php\/entreprise\/certificates\/?lang=fr\",\"name\":\"Certificates - EMTEL - kardiomonitory, defibrylatory, profesjonalny serwis producenta\",\"isPartOf\":{\"@id\":\"https:\/\/emtel.pl\/#website\"},\"datePublished\":\"2019-05-29T11:13:48+00:00\",\"dateModified\":\"2021-11-29T11:26:48+00:00\",\"description\":\"Afin de garantir la plus grande fiabilit\u00e9 de nos produits, notre soci\u00e9t\u00e9 a obtenu le certificat ISO9002. C'\u00e9tait le premier certificat re\u00e7u par un fabricant de mat\u00e9riel m\u00e9dical en Pologne.\",\"breadcrumb\":{\"@id\":\"https:\/\/emtel.pl\/index.php\/entreprise\/certificates\/?lang=fr#breadcrumb\"},\"inLanguage\":\"pl-PL\",\"potentialAction\":[{\"@type\":\"ReadAction\",\"target\":[\"https:\/\/emtel.pl\/index.php\/entreprise\/certificates\/?lang=fr\"]}]},{\"@type\":\"BreadcrumbList\",\"@id\":\"https:\/\/emtel.pl\/index.php\/entreprise\/certificates\/?lang=fr#breadcrumb\",\"itemListElement\":[{\"@type\":\"ListItem\",\"position\":1,\"name\":\"Strona g\u0142\u00f3wna\",\"item\":\"https:\/\/emtel.pl\/\"},{\"@type\":\"ListItem\",\"position\":2,\"name\":\"Entreprise\",\"item\":\"https:\/\/emtel.pl\/index.php\/entreprise\/\"},{\"@type\":\"ListItem\",\"position\":3,\"name\":\"Certificates\"}]},{\"@type\":\"WebSite\",\"@id\":\"https:\/\/emtel.pl\/#website\",\"url\":\"https:\/\/emtel.pl\/\",\"name\":\"EMTEL - kardiomonitory, defibrylatory, profesjonalny serwis producenta\",\"description\":\"Technologia od serca\",\"potentialAction\":[{\"@type\":\"SearchAction\",\"target\":{\"@type\":\"EntryPoint\",\"urlTemplate\":\"https:\/\/emtel.pl\/?s={search_term_string}\"},\"query-input\":{\"@type\":\"PropertyValueSpecification\",\"valueRequired\":true,\"valueName\":\"search_term_string\"}}],\"inLanguage\":\"pl-PL\"}]}<\/script>\n<!-- \/ Yoast SEO plugin. -->","yoast_head_json":{"title":"Certificates - EMTEL - kardiomonitory, defibrylatory, profesjonalny serwis producenta","description":"Afin de garantir la plus grande fiabilit\u00e9 de nos produits, notre soci\u00e9t\u00e9 a obtenu le certificat ISO9002. C'\u00e9tait le premier certificat re\u00e7u par un fabricant de mat\u00e9riel m\u00e9dical en Pologne.","robots":{"index":"index","follow":"follow","max-snippet":"max-snippet:-1","max-image-preview":"max-image-preview:large","max-video-preview":"max-video-preview:-1"},"canonical":"https:\/\/emtel.pl\/index.php\/entreprise\/certificates\/","og_locale":"pl_PL","og_type":"article","og_title":"Certificates - EMTEL - kardiomonitory, defibrylatory, profesjonalny serwis producenta","og_description":"Afin de garantir la plus grande fiabilit\u00e9 de nos produits, notre soci\u00e9t\u00e9 a obtenu le certificat ISO9002. C'\u00e9tait le premier certificat re\u00e7u par un fabricant de mat\u00e9riel m\u00e9dical en Pologne.","og_url":"https:\/\/emtel.pl\/index.php\/entreprise\/certificates\/?lang=fr","og_site_name":"EMTEL - kardiomonitory, defibrylatory, profesjonalny serwis producenta","article_modified_time":"2021-11-29T11:26:48+00:00","twitter_card":"summary_large_image","twitter_misc":{"Szacowany czas czytania":"1 minuta"},"schema":{"@context":"https:\/\/schema.org","@graph":[{"@type":"WebPage","@id":"https:\/\/emtel.pl\/index.php\/entreprise\/certificates\/?lang=fr","url":"https:\/\/emtel.pl\/index.php\/entreprise\/certificates\/?lang=fr","name":"Certificates - EMTEL - kardiomonitory, defibrylatory, profesjonalny serwis producenta","isPartOf":{"@id":"https:\/\/emtel.pl\/#website"},"datePublished":"2019-05-29T11:13:48+00:00","dateModified":"2021-11-29T11:26:48+00:00","description":"Afin de garantir la plus grande fiabilit\u00e9 de nos produits, notre soci\u00e9t\u00e9 a obtenu le certificat ISO9002. C'\u00e9tait le premier certificat re\u00e7u par un fabricant de mat\u00e9riel m\u00e9dical en Pologne.","breadcrumb":{"@id":"https:\/\/emtel.pl\/index.php\/entreprise\/certificates\/?lang=fr#breadcrumb"},"inLanguage":"pl-PL","potentialAction":[{"@type":"ReadAction","target":["https:\/\/emtel.pl\/index.php\/entreprise\/certificates\/?lang=fr"]}]},{"@type":"BreadcrumbList","@id":"https:\/\/emtel.pl\/index.php\/entreprise\/certificates\/?lang=fr#breadcrumb","itemListElement":[{"@type":"ListItem","position":1,"name":"Strona g\u0142\u00f3wna","item":"https:\/\/emtel.pl\/"},{"@type":"ListItem","position":2,"name":"Entreprise","item":"https:\/\/emtel.pl\/index.php\/entreprise\/"},{"@type":"ListItem","position":3,"name":"Certificates"}]},{"@type":"WebSite","@id":"https:\/\/emtel.pl\/#website","url":"https:\/\/emtel.pl\/","name":"EMTEL - kardiomonitory, defibrylatory, profesjonalny serwis producenta","description":"Technologia od serca","potentialAction":[{"@type":"SearchAction","target":{"@type":"EntryPoint","urlTemplate":"https:\/\/emtel.pl\/?s={search_term_string}"},"query-input":{"@type":"PropertyValueSpecification","valueRequired":true,"valueName":"search_term_string"}}],"inLanguage":"pl-PL"}]}},"_links":{"self":[{"href":"https:\/\/emtel.pl\/index.php\/wp-json\/wp\/v2\/pages\/920","targetHints":{"allow":["GET"]}}],"collection":[{"href":"https:\/\/emtel.pl\/index.php\/wp-json\/wp\/v2\/pages"}],"about":[{"href":"https:\/\/emtel.pl\/index.php\/wp-json\/wp\/v2\/types\/page"}],"author":[{"embeddable":true,"href":"https:\/\/emtel.pl\/index.php\/wp-json\/wp\/v2\/users\/1"}],"replies":[{"embeddable":true,"href":"https:\/\/emtel.pl\/index.php\/wp-json\/wp\/v2\/comments?post=920"}],"version-history":[{"count":5,"href":"https:\/\/emtel.pl\/index.php\/wp-json\/wp\/v2\/pages\/920\/revisions"}],"predecessor-version":[{"id":2400,"href":"https:\/\/emtel.pl\/index.php\/wp-json\/wp\/v2\/pages\/920\/revisions\/2400"}],"up":[{"embeddable":true,"href":"https:\/\/emtel.pl\/index.php\/wp-json\/wp\/v2\/pages\/917"}],"wp:attachment":[{"href":"https:\/\/emtel.pl\/index.php\/wp-json\/wp\/v2\/media?parent=920"}],"curies":[{"name":"wp","href":"https:\/\/api.w.org\/{rel}","templated":true}]}}