{"id":95,"date":"2019-03-27T15:09:18","date_gmt":"2019-03-27T14:09:18","guid":{"rendered":"http:\/\/emtel.pl\/?page_id=95"},"modified":"2025-11-17T16:36:23","modified_gmt":"2025-11-17T15:36:23","slug":"kardiomonitor-przenosny-fx-3000p","status":"publish","type":"page","link":"https:\/\/emtel.pl\/index.php\/produkty\/kardiomonitor-przenosny-fx-3000p\/","title":{"rendered":"Kardiomonitor przeno\u015bny FX&nbsp;3000P"},"content":{"rendered":"<section class=\"l-section wpb_row us_custom_7f8189f4 height_small\"><div class=\"l-section-h i-cf\"><div class=\"g-cols vc_row via_flex valign_top type_default stacking_default\"><div class=\"vc_col-sm-12 wpb_column vc_column_container\"><div class=\"vc_column-inner\"><div class=\"wpb_wrapper\"><div class=\"wpb_text_column\"><div class=\"wpb_wrapper\"><p><strong> FX 3000P jest przeno\u015bnym, wielofunkcyjnym kardiomonitorem umo\u017cliwiaj\u0105cym monitorowanie oraz nadz\u00f3r istotnych dla \u017cycia parametr\u00f3w biologicznych pacjenta na sali intensywnej terapii, w trakcie zabiegu na sali operacyjnej i oddziale wybudze\u0144, jak r\u00f3wnie\u017c na oddziale intensywnej opieki internistycznej. Przeznaczony jest tak\u017ce do monitorowania noworodk\u00f3w. <\/strong><\/p>\n<\/div><\/div><\/div><\/div><\/div><\/div><\/div><\/section><section class=\"l-section wpb_row us_custom_84975378 height_small\"><div class=\"l-section-h i-cf\"><div class=\"g-cols vc_row via_flex valign_top type_default stacking_default\"><div class=\"vc_col-sm-12 wpb_column vc_column_container us_animate_fade\" style=\"animation-delay:0.3s\"><div class=\"vc_column-inner\"><div class=\"wpb_wrapper\"><div class=\"wpb_text_column\"><div class=\"wpb_wrapper\">\n\t\t\t<!-- START FX 3000P REVOLUTION SLIDER 6.7.40 --><p class=\"rs-p-wp-fix\"><\/p>\n\t\t\t<rs-module-wrap id=\"rev_slider_4_1_wrapper\" data-source=\"gallery\" style=\"visibility:hidden;background:transparent;padding:0;margin:0px auto;margin-top:0;margin-bottom:0;\">\n\t\t\t\t<rs-module id=\"rev_slider_4_1\" class=\" rs-ov-hidden\" style=\"\" data-version=\"6.7.40\">\n\t\t\t\t\t<rs-slides style=\"overflow: hidden; position: absolute;\">\n\t\t\t\t\t\t<rs-slide style=\"position: absolute;\" data-key=\"rs-22\" data-title=\"Slide\" data-thumb=\"\/\/emtel.pl\/wp-content\/uploads\/2025\/11\/DSC02396-PL-125x125.jpg\" data-anim=\"ms:600;\" data-in=\"o:0;\" data-out=\"a:false;\">\n\t\t\t\t\t\t\t<img decoding=\"async\" src=\"\/\/emtel.pl\/wp-content\/plugins\/revslider\/sr6\/assets\/assets\/dummy.png\" alt=\"FX 3000P\" title=\"DSC02396 PL\" width=\"2000\" height=\"1333\" class=\"rev-slidebg tp-rs-img rs-lazyload\" data-lazyload=\"\/\/emtel.pl\/wp-content\/uploads\/2025\/11\/DSC02396-PL.jpg\" data-bg=\"f:contain;\" data-no-retina>\n<!---->\t\t\t\t\t<\/rs-slide>\n\t\t\t\t\t\t<rs-slide style=\"position: absolute;\" data-key=\"rs-59\" data-title=\"Slide\" data-thumb=\"\/\/emtel.pl\/wp-content\/uploads\/2025\/11\/DSC02398-PL-125x125.jpg\" data-anim=\"ms:600;\" data-in=\"o:0;\" data-out=\"a:false;\">\n\t\t\t\t\t\t\t<img decoding=\"async\" src=\"\/\/emtel.pl\/wp-content\/plugins\/revslider\/sr6\/assets\/assets\/dummy.png\" alt=\"FX 3000P\" title=\"FX 3000P\" width=\"2000\" height=\"1333\" class=\"rev-slidebg tp-rs-img rs-lazyload\" data-lazyload=\"\/\/emtel.pl\/wp-content\/uploads\/2025\/11\/DSC02398-PL.jpg\" data-bg=\"f:contain;\" data-no-retina>\n<!---->\t\t\t\t\t<\/rs-slide>\n\t\t\t\t\t\t<rs-slide style=\"position: absolute;\" data-key=\"rs-60\" data-title=\"Slide\" data-thumb=\"\/\/emtel.pl\/wp-content\/uploads\/2025\/11\/DSC02416-PL-125x125.jpg\" data-anim=\"ms:600;\" data-in=\"o:0;\" data-out=\"a:false;\">\n\t\t\t\t\t\t\t<img decoding=\"async\" src=\"\/\/emtel.pl\/wp-content\/plugins\/revslider\/sr6\/assets\/assets\/dummy.png\" alt=\"FX 3000P\" title=\"FX 3000P\" width=\"2000\" height=\"1333\" class=\"rev-slidebg tp-rs-img rs-lazyload\" data-lazyload=\"\/\/emtel.pl\/wp-content\/uploads\/2025\/11\/DSC02416-PL.jpg\" data-bg=\"f:contain;\" data-no-retina>\n<!---->\t\t\t\t\t<\/rs-slide>\n\t\t\t\t\t\t<rs-slide style=\"position: absolute;\" data-key=\"rs-61\" data-title=\"Slide\" data-thumb=\"\/\/emtel.pl\/wp-content\/uploads\/2025\/11\/DSC02394-PL-125x125.jpg\" data-anim=\"ms:600;\" data-in=\"o:0;\" data-out=\"a:false;\">\n\t\t\t\t\t\t\t<img decoding=\"async\" src=\"\/\/emtel.pl\/wp-content\/plugins\/revslider\/sr6\/assets\/assets\/dummy.png\" alt=\"FX 3000P\" title=\"DSC02394 PL\" width=\"2000\" height=\"1333\" class=\"rev-slidebg tp-rs-img rs-lazyload\" data-lazyload=\"\/\/emtel.pl\/wp-content\/uploads\/2025\/11\/DSC02394-PL.jpg\" data-bg=\"f:contain;\" data-no-retina>\n<!---->\t\t\t\t\t<\/rs-slide>\n\t\t\t\t\t<\/rs-slides>\n\t\t\t\t<\/rs-module>\n\t\t\t\t<script>\n\t\t\t\t\tsetREVStartSize({c: 'rev_slider_4_1',rl:[1240,1024,768,480],el:[800],gw:[1240],gh:[800],type:'standard',justify:'',layout:'fullwidth',thumbh:\"125\",mh:\"0\"});if (window.RS_MODULES!==undefined && window.RS_MODULES.modules!==undefined && window.RS_MODULES.modules[\"revslider41\"]!==undefined) {window.RS_MODULES.modules[\"revslider41\"].once = false;window.revapi4 = undefined;if (window.RS_MODULES.checkMinimal!==undefined) window.RS_MODULES.checkMinimal()}\n\t\t\t\t<\/script>\n\t\t\t<\/rs-module-wrap>\n\t\t\t<!-- END REVOLUTION SLIDER -->\n\n<\/div><\/div><\/div><\/div><\/div><\/div><\/div><\/section><section class=\"l-section wpb_row height_small\"><div class=\"l-section-h i-cf\"><div class=\"g-cols vc_row via_flex valign_top type_default stacking_default\"><div class=\"vc_col-sm-12 wpb_column vc_column_container\"><div class=\"vc_column-inner\"><div class=\"wpb_wrapper\"><div class=\"wpb_text_column\"><div class=\"wpb_wrapper\"><p>Kardiomonitor mo\u017ce pracowa\u0107 samodzielnie lub stanowi\u0107 element systemu nadzoru FX\u00a02000.<\/p>\n<p>Dzi\u0119ki zwartej konstrukcji i wbudowanym akumulatorom, kardiomonitor przystosowany jest r\u00f3wnie\u017c do pracy jako urz\u0105dzenie przeno\u015bne wewn\u0105trz szpitala.<\/p>\n<\/div><\/div><\/div><\/div><\/div><\/div><\/div><\/section><section class=\"l-section wpb_row us_custom_74af54a7 height_auto\"><div class=\"l-section-h i-cf\"><div class=\"g-cols vc_row via_flex valign_top type_default stacking_default\"><div class=\"vc_col-sm-12 wpb_column vc_column_container\"><div class=\"vc_column-inner\"><div class=\"wpb_wrapper\"><div class=\"wpb_text_column us_custom_a106749e\"><div class=\"wpb_wrapper\"><h3>Do pobrania:<\/h3>\n<\/div><\/div><div class=\"uavc-list-icon uavc-list-icon-wrapper ult-adjust-bottom-margin   vc_custom_1560498657262  vc_custom_1560498657262\"><ul class=\"uavc-list\"><li><div class=\"uavc-list-content\" id=\"list-icon-wrap-8618\">\n<div class=\"uavc-list-icon margin-bottom:0; \" data-animation=\"\" data-animation-delay=\"03\" style=\"margin-right:10px;\"><div class=\"ult-just-icon-wrapper  \"><div class=\"align-icon\" style=\"text-align:center;\">\n<div class=\"aio-icon-img \" style=\"font-size:35px;display:inline-block;\" >\n\t<img decoding=\"async\" class=\"img-icon\" alt=\"null\" src=\"https:\/\/emtel.pl\/wp-content\/uploads\/2019\/06\/icon-pdf.png\"\/>\n<\/div><\/div><\/div>\n<\/div><span  data-ultimate-target='#list-icon-wrap-8618 .uavc-list-desc'  data-responsive-json-new='{\"font-size\":\"\",\"line-height\":\"\"}'  class=\"uavc-list-desc ult-responsive\" style=\"\"><a href=\"\/wp-content\/uploads\/2021\/11\/FX-3000P.pdf\" target=\"_blank\" rel=\"noopener noreferrer\">Kardiomonitor przeno\u015bny FX&nbsp;3000P &#8211; katalog<\/a><\/p>\n<\/span><\/div><\/li><\/ul><\/div><\/div><\/div><\/div><\/div><\/div><\/section><!-- Row Backgrounds --><div class=\"upb_color\" data-bg-override=\"0\" data-bg-color=\"#f7f7f7\" data-fadeout=\"\" data-fadeout-percentage=\"30\" data-parallax-content=\"\" data-parallax-content-sense=\"30\" data-row-effect-mobile-disable=\"true\" data-img-parallax-mobile-disable=\"true\" data-rtl=\"false\"  data-custom-vc-row=\"\"  data-vc=\"8.7.2\"  data-is_old_vc=\"\"  data-theme-support=\"\"   data-overlay=\"false\" data-overlay-color=\"\" data-overlay-pattern=\"\" data-overlay-pattern-opacity=\"\" data-overlay-pattern-size=\"\"    ><\/div><section class=\"l-section wpb_row height_small\"><div class=\"l-section-h i-cf\"><div class=\"g-cols vc_row via_flex valign_top type_default stacking_default\"><div class=\"vc_col-sm-12 wpb_column vc_column_container\"><div class=\"vc_column-inner\"><div class=\"wpb_wrapper\"><div class=\"wpb_text_column\"><div class=\"wpb_wrapper\"><h3>Kardiomonitor FX 3000P zapewnia monitorowanie i nadz\u00f3r:<\/h3>\n<ul>\n<li>EKG (odprowadzenia ko\u0144czynowe oraz przedsercowe)<\/li>\n<li>oddechu (metoda reograficzna)<\/li>\n<li>ci\u015bnienia t\u0119tniczego NIBP (metod\u0105 nieinwazyjn\u0105)<\/li>\n<li>ci\u015bnienia t\u0119tniczego, \u017cylnego i innych IBP (metod\u0105 inwazyjn\u0105)<\/li>\n<li>saturacji SpO2\u00a0(modu\u0142 odporny na ruchy oraz nisk\u0105 perfuzj\u0119 &#8211; Nellcor OxiMax)<\/li>\n<li>zawarto\u015bci dwutlenku w\u0119gla etCO2\u00a0w powietrzu wydychanym pacjenta<\/li>\n<li>temperatury (w dw\u00f3ch punktach pomiarowych i ich r\u00f3\u017cnic\u0119)<\/li>\n<li>rzutu minutowego serca metod\u0105 termodylucji (wraz z obliczeniami hemodynamicznymi)<\/li>\n<li>rzutu minutowego serca metod\u0105 nieinwazyjn\u0105<\/li>\n<li>analiz\u0119 odcinka ST (poziom i nachylenie)<\/li>\n<li>analiz\u0119 arytmii sygna\u0142u EKG<\/li>\n<li>zawarto\u015bci tlenu<\/li>\n<li>zawarto\u015bci gaz\u00f3w anestetycznych: N2O, ISO, ENF, HAL, SEV, DES<\/li>\n<li>wykrywanie stymulatora serca<\/li>\n<\/ul>\n<\/div><\/div><\/div><\/div><\/div><\/div><\/div><\/section><section class=\"l-section wpb_row height_small\"><div class=\"l-section-h i-cf\"><div class=\"g-cols vc_row via_flex valign_top type_default stacking_default\"><div class=\"vc_col-sm-12 wpb_column vc_column_container\"><div class=\"vc_column-inner\"><div class=\"wpb_wrapper\"><div class=\"wpb_text_column\"><div class=\"wpb_wrapper\"><h3>Dodatkowo na \u017cyczenie dost\u0119pne s\u0105 opcje<\/h3>\n<ul>\n<li>kalkulatora lek\u00f3w<\/li>\n<li>rejestrator termiczny<\/li>\n<li>inne pr\u0119dko\u015bci przesuwu krzywych<\/li>\n<li>archiwum<\/li>\n<li>zdalny pogl\u0105d ekran\u00f3w innych kardiomonitor\u00f3w po\u0142\u0105czonych w system<\/li>\n<li>mo\u017cliwo\u015b\u0107 przenoszenia oraz przegl\u0105dania archiwum na komputerach PC<\/li>\n<\/ul>\n<p>FX 2000P zapewnia sygnalizacj\u0119 alarmow\u0105 w stanach zagro\u017cenia po przekroczeniu zadanych granic alarmowych wszystkich mierzonych parametr\u00f3w oraz rejestracj\u0119 wszystkich monitorowanych sygna\u0142\u00f3w.<\/p>\n<p>Zastosowanie du\u017cej pami\u0119ci elektronicznej umo\u017cliwia zaawansowane gromadzenie, rejestracj\u0119 oraz zapami\u0119tywanie informacji o leczonych pacjentach oraz przekazywanie ich do centrali systemu oraz baz danych w innych systemach informatycznych.<\/p>\n<\/div><\/div><\/div><\/div><\/div><\/div><\/div><\/section><section class=\"l-section wpb_row us_custom_5b1892f8 height_small\"><div class=\"l-section-h i-cf\"><div class=\"g-cols vc_row via_flex valign_top type_default stacking_default\"><div class=\"vc_col-sm-12 wpb_column vc_column_container\"><div class=\"vc_column-inner\"><div class=\"wpb_wrapper\"><div class=\"wpb_text_column\"><div class=\"wpb_wrapper\"><h3 style=\"text-align: center;\">Aparat posiada certyfikat CE i zarejestrowany jest w Urz\u0119dzie Rejestracji Wyrob\u00f3w Medycznych.<\/h3>\n<\/div><\/div><\/div><\/div><\/div><\/div><\/div><\/section><!-- Row Backgrounds --><div class=\"upb_color\" data-bg-override=\"0\" data-bg-color=\"#f5f5f5\" data-fadeout=\"\" data-fadeout-percentage=\"30\" data-parallax-content=\"\" data-parallax-content-sense=\"30\" data-row-effect-mobile-disable=\"true\" data-img-parallax-mobile-disable=\"true\" data-rtl=\"false\"  data-custom-vc-row=\"\"  data-vc=\"8.7.2\"  data-is_old_vc=\"\"  data-theme-support=\"\"   data-overlay=\"false\" data-overlay-color=\"\" data-overlay-pattern=\"\" data-overlay-pattern-opacity=\"\" data-overlay-pattern-size=\"\"    ><\/div>\n","protected":false},"excerpt":{"rendered":"FX 3000P jest przeno\u015bnym, wielofunkcyjnym kardiomonitorem umo\u017cliwiaj\u0105cym monitorowanie oraz nadz\u00f3r istotnych dla \u017cycia parametr\u00f3w biologicznych pacjenta na sali intensywnej terapii, w trakcie zabiegu na sali operacyjnej i oddziale wybudze\u0144, jak r\u00f3wnie\u017c na oddziale intensywnej opieki internistycznej. Przeznaczony jest tak\u017ce do monitorowania noworodk\u00f3w. Kardiomonitor mo\u017ce pracowa\u0107 samodzielnie lub stanowi\u0107 element systemu nadzoru FX\u00a02000. Dzi\u0119ki zwartej konstrukcji...","protected":false},"author":1,"featured_media":3223,"parent":9,"menu_order":3,"comment_status":"closed","ping_status":"closed","template":"","meta":{"_jet_sm_ready_style":"","_jet_sm_style":"","_jet_sm_controls_values":"","_jet_sm_fonts_collection":"","_jet_sm_fonts_links":"","footnotes":"","_links_to":"","_links_to_target":""},"class_list":["post-95","page","type-page","status-publish","has-post-thumbnail","hentry"],"yoast_head":"<!-- This site is optimized with the Yoast SEO plugin v26.6 - https:\/\/yoast.com\/wordpress\/plugins\/seo\/ -->\n<title>Kardiomonitor przeno\u015bny FX&nbsp;3000P - EMTEL - kardiomonitory, defibrylatory, profesjonalny serwis producenta<\/title>\n<meta name=\"description\" content=\"FX 3000P jest przeno\u015bnym, wielofunkcyjnym kardiomonitorem umo\u017cliwiaj\u0105cym monitorowanie oraz nadz\u00f3r istotnych dla \u017cycia parametr\u00f3w biologicznych pacjenta na sali intensywnej terapii, w trakcie zabiegu na sali operacyjnej i oddziale wybudze\u0144, jak r\u00f3wnie\u017c na oddziale intensywnej opieki internistycznej. Przeznaczony jest tak\u017ce do monitorowania noworodk\u00f3w.\" \/>\n<meta name=\"robots\" content=\"index, follow, max-snippet:-1, max-image-preview:large, max-video-preview:-1\" \/>\n<link rel=\"canonical\" href=\"https:\/\/emtel.pl\/index.php\/produkty\/kardiomonitor-przenosny-fx-3000p\/\" \/>\n<meta property=\"og:locale\" content=\"pl_PL\" \/>\n<meta property=\"og:type\" content=\"article\" \/>\n<meta property=\"og:title\" content=\"Kardiomonitor przeno\u015bny FX&nbsp;3000P - EMTEL - kardiomonitory, defibrylatory, profesjonalny serwis producenta\" \/>\n<meta property=\"og:description\" content=\"FX 3000P jest przeno\u015bnym, wielofunkcyjnym kardiomonitorem umo\u017cliwiaj\u0105cym monitorowanie oraz nadz\u00f3r istotnych dla \u017cycia parametr\u00f3w biologicznych pacjenta na sali intensywnej terapii, w trakcie zabiegu na sali operacyjnej i oddziale wybudze\u0144, jak r\u00f3wnie\u017c na oddziale intensywnej opieki internistycznej. Przeznaczony jest tak\u017ce do monitorowania noworodk\u00f3w.\" \/>\n<meta property=\"og:url\" content=\"https:\/\/emtel.pl\/index.php\/produkty\/kardiomonitor-przenosny-fx-3000p\/\" \/>\n<meta property=\"og:site_name\" content=\"EMTEL - kardiomonitory, defibrylatory, profesjonalny serwis producenta\" \/>\n<meta property=\"article:modified_time\" content=\"2025-11-17T15:36:23+00:00\" \/>\n<meta property=\"og:image\" content=\"http:\/\/emtel.pl\/wp-content\/uploads\/2025\/11\/DSC02396-PL.jpg\" \/>\n\t<meta property=\"og:image:width\" content=\"2000\" \/>\n\t<meta property=\"og:image:height\" content=\"1333\" \/>\n\t<meta property=\"og:image:type\" content=\"image\/jpeg\" \/>\n<meta name=\"twitter:card\" content=\"summary_large_image\" \/>\n<meta name=\"twitter:label1\" content=\"Szacowany czas czytania\" \/>\n\t<meta name=\"twitter:data1\" content=\"2 minuty\" \/>\n<script type=\"application\/ld+json\" class=\"yoast-schema-graph\">{\"@context\":\"https:\/\/schema.org\",\"@graph\":[{\"@type\":\"WebPage\",\"@id\":\"https:\/\/emtel.pl\/index.php\/produkty\/kardiomonitor-przenosny-fx-3000p\/\",\"url\":\"https:\/\/emtel.pl\/index.php\/produkty\/kardiomonitor-przenosny-fx-3000p\/\",\"name\":\"Kardiomonitor przeno\u015bny FX&nbsp;3000P - EMTEL - kardiomonitory, defibrylatory, profesjonalny serwis producenta\",\"isPartOf\":{\"@id\":\"https:\/\/emtel.pl\/#website\"},\"primaryImageOfPage\":{\"@id\":\"https:\/\/emtel.pl\/index.php\/produkty\/kardiomonitor-przenosny-fx-3000p\/#primaryimage\"},\"image\":{\"@id\":\"https:\/\/emtel.pl\/index.php\/produkty\/kardiomonitor-przenosny-fx-3000p\/#primaryimage\"},\"thumbnailUrl\":\"https:\/\/emtel.pl\/wp-content\/uploads\/2025\/11\/DSC02396-PL.jpg\",\"datePublished\":\"2019-03-27T14:09:18+00:00\",\"dateModified\":\"2025-11-17T15:36:23+00:00\",\"description\":\"FX 3000P jest przeno\u015bnym, wielofunkcyjnym kardiomonitorem umo\u017cliwiaj\u0105cym monitorowanie oraz nadz\u00f3r istotnych dla \u017cycia parametr\u00f3w biologicznych pacjenta na sali intensywnej terapii, w trakcie zabiegu na sali operacyjnej i oddziale wybudze\u0144, jak r\u00f3wnie\u017c na oddziale intensywnej opieki internistycznej. Przeznaczony jest tak\u017ce do monitorowania noworodk\u00f3w.\",\"breadcrumb\":{\"@id\":\"https:\/\/emtel.pl\/index.php\/produkty\/kardiomonitor-przenosny-fx-3000p\/#breadcrumb\"},\"inLanguage\":\"pl-PL\",\"potentialAction\":[{\"@type\":\"ReadAction\",\"target\":[\"https:\/\/emtel.pl\/index.php\/produkty\/kardiomonitor-przenosny-fx-3000p\/\"]}]},{\"@type\":\"ImageObject\",\"inLanguage\":\"pl-PL\",\"@id\":\"https:\/\/emtel.pl\/index.php\/produkty\/kardiomonitor-przenosny-fx-3000p\/#primaryimage\",\"url\":\"https:\/\/emtel.pl\/wp-content\/uploads\/2025\/11\/DSC02396-PL.jpg\",\"contentUrl\":\"https:\/\/emtel.pl\/wp-content\/uploads\/2025\/11\/DSC02396-PL.jpg\",\"width\":2000,\"height\":1333,\"caption\":\"FX 3000P\"},{\"@type\":\"BreadcrumbList\",\"@id\":\"https:\/\/emtel.pl\/index.php\/produkty\/kardiomonitor-przenosny-fx-3000p\/#breadcrumb\",\"itemListElement\":[{\"@type\":\"ListItem\",\"position\":1,\"name\":\"Strona g\u0142\u00f3wna\",\"item\":\"https:\/\/emtel.pl\/\"},{\"@type\":\"ListItem\",\"position\":2,\"name\":\"Produkty\",\"item\":\"https:\/\/emtel.pl\/index.php\/produkty\/\"},{\"@type\":\"ListItem\",\"position\":3,\"name\":\"Kardiomonitor przeno\u015bny FX&nbsp;3000P\"}]},{\"@type\":\"WebSite\",\"@id\":\"https:\/\/emtel.pl\/#website\",\"url\":\"https:\/\/emtel.pl\/\",\"name\":\"EMTEL - kardiomonitory, defibrylatory, profesjonalny serwis producenta\",\"description\":\"Technologia od serca\",\"potentialAction\":[{\"@type\":\"SearchAction\",\"target\":{\"@type\":\"EntryPoint\",\"urlTemplate\":\"https:\/\/emtel.pl\/?s={search_term_string}\"},\"query-input\":{\"@type\":\"PropertyValueSpecification\",\"valueRequired\":true,\"valueName\":\"search_term_string\"}}],\"inLanguage\":\"pl-PL\"}]}<\/script>\n<!-- \/ Yoast SEO plugin. -->","yoast_head_json":{"title":"Kardiomonitor przeno\u015bny FX&nbsp;3000P - EMTEL - kardiomonitory, defibrylatory, profesjonalny serwis producenta","description":"FX 3000P jest przeno\u015bnym, wielofunkcyjnym kardiomonitorem umo\u017cliwiaj\u0105cym monitorowanie oraz nadz\u00f3r istotnych dla \u017cycia parametr\u00f3w biologicznych pacjenta na sali intensywnej terapii, w trakcie zabiegu na sali operacyjnej i oddziale wybudze\u0144, jak r\u00f3wnie\u017c na oddziale intensywnej opieki internistycznej. Przeznaczony jest tak\u017ce do monitorowania noworodk\u00f3w.","robots":{"index":"index","follow":"follow","max-snippet":"max-snippet:-1","max-image-preview":"max-image-preview:large","max-video-preview":"max-video-preview:-1"},"canonical":"https:\/\/emtel.pl\/index.php\/produkty\/kardiomonitor-przenosny-fx-3000p\/","og_locale":"pl_PL","og_type":"article","og_title":"Kardiomonitor przeno\u015bny FX&nbsp;3000P - EMTEL - kardiomonitory, defibrylatory, profesjonalny serwis producenta","og_description":"FX 3000P jest przeno\u015bnym, wielofunkcyjnym kardiomonitorem umo\u017cliwiaj\u0105cym monitorowanie oraz nadz\u00f3r istotnych dla \u017cycia parametr\u00f3w biologicznych pacjenta na sali intensywnej terapii, w trakcie zabiegu na sali operacyjnej i oddziale wybudze\u0144, jak r\u00f3wnie\u017c na oddziale intensywnej opieki internistycznej. Przeznaczony jest tak\u017ce do monitorowania noworodk\u00f3w.","og_url":"https:\/\/emtel.pl\/index.php\/produkty\/kardiomonitor-przenosny-fx-3000p\/","og_site_name":"EMTEL - kardiomonitory, defibrylatory, profesjonalny serwis producenta","article_modified_time":"2025-11-17T15:36:23+00:00","og_image":[{"width":2000,"height":1333,"url":"http:\/\/emtel.pl\/wp-content\/uploads\/2025\/11\/DSC02396-PL.jpg","type":"image\/jpeg"}],"twitter_card":"summary_large_image","twitter_misc":{"Szacowany czas czytania":"2 minuty"},"schema":{"@context":"https:\/\/schema.org","@graph":[{"@type":"WebPage","@id":"https:\/\/emtel.pl\/index.php\/produkty\/kardiomonitor-przenosny-fx-3000p\/","url":"https:\/\/emtel.pl\/index.php\/produkty\/kardiomonitor-przenosny-fx-3000p\/","name":"Kardiomonitor przeno\u015bny FX&nbsp;3000P - EMTEL - kardiomonitory, defibrylatory, profesjonalny serwis producenta","isPartOf":{"@id":"https:\/\/emtel.pl\/#website"},"primaryImageOfPage":{"@id":"https:\/\/emtel.pl\/index.php\/produkty\/kardiomonitor-przenosny-fx-3000p\/#primaryimage"},"image":{"@id":"https:\/\/emtel.pl\/index.php\/produkty\/kardiomonitor-przenosny-fx-3000p\/#primaryimage"},"thumbnailUrl":"https:\/\/emtel.pl\/wp-content\/uploads\/2025\/11\/DSC02396-PL.jpg","datePublished":"2019-03-27T14:09:18+00:00","dateModified":"2025-11-17T15:36:23+00:00","description":"FX 3000P jest przeno\u015bnym, wielofunkcyjnym kardiomonitorem umo\u017cliwiaj\u0105cym monitorowanie oraz nadz\u00f3r istotnych dla \u017cycia parametr\u00f3w biologicznych pacjenta na sali intensywnej terapii, w trakcie zabiegu na sali operacyjnej i oddziale wybudze\u0144, jak r\u00f3wnie\u017c na oddziale intensywnej opieki internistycznej. Przeznaczony jest tak\u017ce do monitorowania noworodk\u00f3w.","breadcrumb":{"@id":"https:\/\/emtel.pl\/index.php\/produkty\/kardiomonitor-przenosny-fx-3000p\/#breadcrumb"},"inLanguage":"pl-PL","potentialAction":[{"@type":"ReadAction","target":["https:\/\/emtel.pl\/index.php\/produkty\/kardiomonitor-przenosny-fx-3000p\/"]}]},{"@type":"ImageObject","inLanguage":"pl-PL","@id":"https:\/\/emtel.pl\/index.php\/produkty\/kardiomonitor-przenosny-fx-3000p\/#primaryimage","url":"https:\/\/emtel.pl\/wp-content\/uploads\/2025\/11\/DSC02396-PL.jpg","contentUrl":"https:\/\/emtel.pl\/wp-content\/uploads\/2025\/11\/DSC02396-PL.jpg","width":2000,"height":1333,"caption":"FX 3000P"},{"@type":"BreadcrumbList","@id":"https:\/\/emtel.pl\/index.php\/produkty\/kardiomonitor-przenosny-fx-3000p\/#breadcrumb","itemListElement":[{"@type":"ListItem","position":1,"name":"Strona g\u0142\u00f3wna","item":"https:\/\/emtel.pl\/"},{"@type":"ListItem","position":2,"name":"Produkty","item":"https:\/\/emtel.pl\/index.php\/produkty\/"},{"@type":"ListItem","position":3,"name":"Kardiomonitor przeno\u015bny FX&nbsp;3000P"}]},{"@type":"WebSite","@id":"https:\/\/emtel.pl\/#website","url":"https:\/\/emtel.pl\/","name":"EMTEL - kardiomonitory, defibrylatory, profesjonalny serwis producenta","description":"Technologia od serca","potentialAction":[{"@type":"SearchAction","target":{"@type":"EntryPoint","urlTemplate":"https:\/\/emtel.pl\/?s={search_term_string}"},"query-input":{"@type":"PropertyValueSpecification","valueRequired":true,"valueName":"search_term_string"}}],"inLanguage":"pl-PL"}]}},"_links":{"self":[{"href":"https:\/\/emtel.pl\/index.php\/wp-json\/wp\/v2\/pages\/95","targetHints":{"allow":["GET"]}}],"collection":[{"href":"https:\/\/emtel.pl\/index.php\/wp-json\/wp\/v2\/pages"}],"about":[{"href":"https:\/\/emtel.pl\/index.php\/wp-json\/wp\/v2\/types\/page"}],"author":[{"embeddable":true,"href":"https:\/\/emtel.pl\/index.php\/wp-json\/wp\/v2\/users\/1"}],"replies":[{"embeddable":true,"href":"https:\/\/emtel.pl\/index.php\/wp-json\/wp\/v2\/comments?post=95"}],"version-history":[{"count":34,"href":"https:\/\/emtel.pl\/index.php\/wp-json\/wp\/v2\/pages\/95\/revisions"}],"predecessor-version":[{"id":3275,"href":"https:\/\/emtel.pl\/index.php\/wp-json\/wp\/v2\/pages\/95\/revisions\/3275"}],"up":[{"embeddable":true,"href":"https:\/\/emtel.pl\/index.php\/wp-json\/wp\/v2\/pages\/9"}],"wp:featuredmedia":[{"embeddable":true,"href":"https:\/\/emtel.pl\/index.php\/wp-json\/wp\/v2\/media\/3223"}],"wp:attachment":[{"href":"https:\/\/emtel.pl\/index.php\/wp-json\/wp\/v2\/media?parent=95"}],"curies":[{"name":"wp","href":"https:\/\/api.w.org\/{rel}","templated":true}]}}